
{"id":32673,"date":"2022-08-05T13:00:32","date_gmt":"2022-08-05T11:00:32","guid":{"rendered":"https:\/\/www.sporting-women.de\/womens-bike-camp\/?page_id=32673"},"modified":"2024-12-04T14:10:07","modified_gmt":"2024-12-04T13:10:07","slug":"hotel","status":"publish","type":"page","link":"https:\/\/www.sporting-women.de\/womens-bike-camp\/hotel\/","title":{"rendered":"Hotel Reschenpass"},"content":{"rendered":"\t\t<div data-elementor-type=\"wp-page\" data-elementor-id=\"32673\" class=\"elementor elementor-32673\" data-elementor-post-type=\"page\">\n\t\t\t\t\t\t<section class=\"elementor-section elementor-top-section elementor-element elementor-element-e92c0ce elementor-section-boxed elementor-section-height-default elementor-section-height-default\" data-id=\"e92c0ce\" data-element_type=\"section\" data-e-type=\"section\">\n\t\t\t\t\t\t<div class=\"elementor-container elementor-column-gap-default\">\n\t\t\t\t\t<div class=\"elementor-column elementor-col-100 elementor-top-column elementor-element elementor-element-7060915\" data-id=\"7060915\" data-element_type=\"column\" data-e-type=\"column\">\n\t\t\t<div class=\"elementor-widget-wrap elementor-element-populated\">\n\t\t\t\t\t\t<div class=\"elementor-element elementor-element-d528da3 elementor-widget elementor-widget-heading\" data-id=\"d528da3\" data-element_type=\"widget\" data-e-type=\"widget\" data-widget_type=\"heading.default\">\n\t\t\t\t<div class=\"elementor-widget-container\">\n\t\t\t\t\t<h2 class=\"elementor-heading-title elementor-size-default\">Unterkunft<\/h2>\t\t\t\t<\/div>\n\t\t\t\t<\/div>\n\t\t\t\t\t<\/div>\n\t\t<\/div>\n\t\t\t\t\t<\/div>\n\t\t<\/section>\n\t\t\t\t<section class=\"elementor-section elementor-top-section elementor-element elementor-element-d366338 elementor-section-boxed elementor-section-height-default elementor-section-height-default\" data-id=\"d366338\" data-element_type=\"section\" data-e-type=\"section\">\n\t\t\t\t\t\t<div class=\"elementor-container elementor-column-gap-default\">\n\t\t\t\t\t<div class=\"elementor-column elementor-col-50 elementor-top-column elementor-element elementor-element-70de1b3\" data-id=\"70de1b3\" data-element_type=\"column\" data-e-type=\"column\">\n\t\t\t<div class=\"elementor-widget-wrap elementor-element-populated\">\n\t\t\t\t\t\t<div class=\"elementor-element elementor-element-d6366d5 elementor-widget elementor-widget-heading\" data-id=\"d6366d5\" data-element_type=\"widget\" data-e-type=\"widget\" data-widget_type=\"heading.default\">\n\t\t\t\t<div class=\"elementor-widget-container\">\n\t\t\t\t\t<h2 class=\"elementor-heading-title elementor-size-default\">Hotel Edelweiss<\/h2>\t\t\t\t<\/div>\n\t\t\t\t<\/div>\n\t\t\t\t<div class=\"elementor-element elementor-element-de04c1b elementor-widget elementor-widget-text-editor\" data-id=\"de04c1b\" data-element_type=\"widget\" data-e-type=\"widget\" data-widget_type=\"text-editor.default\">\n\t\t\t\t<div class=\"elementor-widget-container\">\n\t\t\t\t\t\t\t\t\t<p>Seit \u00fcber 40 Jahren begr\u00fc\u00dft Familie Raffeiner in ihrem familiengef\u00fchrten <span style=\"color: #49abaf;\"><a style=\"color: #49abaf;\" href=\"https:\/\/www.edelweiss-reschen.it\/de\/\" target=\"_blank\" rel=\"noopener\">Hotel<\/a><\/span> am Reschenpass ihre G\u00e4ste. Die Liebe zum Detail, zum Raffinierten, zum Besonderen, Geschichte und Tradition, das Festhalten an Bew\u00e4hrtem ohne sich dem Neuen zu verschlie\u00dfen, der beeindruckende Facettenreichtum einer ganzen Ferienregion:<\/p><p>All dies spiegelt sich in den <span style=\"color: #49abaf;\"><a style=\"color: #49abaf;\" href=\"https:\/\/www.edelweiss-reschen.it\/de\/euch-nicht-stoeren\/zimmer\/\" target=\"_blank\" rel=\"noopener\">Zimmern und Suiten<\/a><\/span> ihres Hauses wider. Einladend, lichtdurchflutet, exklusiv. Wohlf\u00fchlgenuss, der zum <span style=\"color: #49abaf;\"><a style=\"color: #49abaf;\" href=\"https:\/\/www.edelweiss-reschen.it\/de\/euch-verwoehnen\/\" target=\"_blank\" rel=\"noopener\">Erholen<\/a><\/span> und Erleben l\u00e4dt.<\/p>\t\t\t\t\t\t\t\t<\/div>\n\t\t\t\t<\/div>\n\t\t\t\t\t<\/div>\n\t\t<\/div>\n\t\t\t\t<div class=\"elementor-column elementor-col-50 elementor-top-column elementor-element elementor-element-98f455e\" data-id=\"98f455e\" data-element_type=\"column\" data-e-type=\"column\">\n\t\t\t<div class=\"elementor-widget-wrap elementor-element-populated\">\n\t\t\t\t\t\t<div class=\"elementor-element elementor-element-1e270c8 elementor-widget elementor-widget-image\" data-id=\"1e270c8\" data-element_type=\"widget\" data-e-type=\"widget\" data-widget_type=\"image.default\">\n\t\t\t\t<div class=\"elementor-widget-container\">\n\t\t\t\t\t\t\t\t\t\t\t\t\t\t\t<img fetchpriority=\"high\" decoding=\"async\" width=\"800\" height=\"534\" src=\"https:\/\/www.sporting-women.de\/womens-bike-camp\/wp-content\/uploads\/sites\/15\/2022\/11\/Aktiv-Hotel-Edelweiss-1024x683.jpg\" class=\"attachment-large size-large wp-image-32720\" alt=\"hotel-edelweiss-Bike-Camp\" srcset=\"https:\/\/www.sporting-women.de\/womens-bike-camp\/wp-content\/uploads\/sites\/15\/2022\/11\/Aktiv-Hotel-Edelweiss-1024x683.jpg 1024w, https:\/\/www.sporting-women.de\/womens-bike-camp\/wp-content\/uploads\/sites\/15\/2022\/11\/Aktiv-Hotel-Edelweiss-300x200.jpg 300w, https:\/\/www.sporting-women.de\/womens-bike-camp\/wp-content\/uploads\/sites\/15\/2022\/11\/Aktiv-Hotel-Edelweiss-768x512.jpg 768w, https:\/\/www.sporting-women.de\/womens-bike-camp\/wp-content\/uploads\/sites\/15\/2022\/11\/Aktiv-Hotel-Edelweiss-391x260.jpg 391w, https:\/\/www.sporting-women.de\/womens-bike-camp\/wp-content\/uploads\/sites\/15\/2022\/11\/Aktiv-Hotel-Edelweiss-1536x1024.jpg 1536w, https:\/\/www.sporting-women.de\/womens-bike-camp\/wp-content\/uploads\/sites\/15\/2022\/11\/Aktiv-Hotel-Edelweiss-2048x1365.jpg 2048w, https:\/\/www.sporting-women.de\/womens-bike-camp\/wp-content\/uploads\/sites\/15\/2022\/11\/Aktiv-Hotel-Edelweiss-600x400.jpg 600w\" sizes=\"(max-width: 800px) 100vw, 800px\" \/>\t\t\t\t\t\t\t\t\t\t\t\t\t\t\t<\/div>\n\t\t\t\t<\/div>\n\t\t\t\t\t<\/div>\n\t\t<\/div>\n\t\t\t\t\t<\/div>\n\t\t<\/section>\n\t\t\t\t<section class=\"elementor-section elementor-top-section elementor-element elementor-element-248fe9f elementor-section-boxed elementor-section-height-default elementor-section-height-default\" data-id=\"248fe9f\" data-element_type=\"section\" data-e-type=\"section\">\n\t\t\t\t\t\t<div class=\"elementor-container elementor-column-gap-default\">\n\t\t\t\t\t<div class=\"elementor-column elementor-col-100 elementor-top-column elementor-element elementor-element-7780e55\" data-id=\"7780e55\" data-element_type=\"column\" data-e-type=\"column\">\n\t\t\t<div class=\"elementor-widget-wrap elementor-element-populated\">\n\t\t\t\t\t\t<div class=\"elementor-element elementor-element-44388c4 gallery-spacing-custom elementor-widget elementor-widget-image-gallery\" data-id=\"44388c4\" data-element_type=\"widget\" data-e-type=\"widget\" data-widget_type=\"image-gallery.default\">\n\t\t\t\t<div class=\"elementor-widget-container\">\n\t\t\t\t\t\t\t<div class=\"elementor-image-gallery\">\n\t\t\t<div id='gallery-1' class='gallery galleryid-32673 gallery-columns-7 gallery-size-thumblist'><figure class='gallery-item'>\r\n\t\t\t<div class='gallery-icon landscape'>\r\n\t\t\t\t<a data-elementor-open-lightbox=\"yes\" data-elementor-lightbox-slideshow=\"44388c4\" data-e-action-hash=\"#elementor-action%3Aaction%3Dlightbox%26settings%3DeyJpZCI6MzI3MjksInVybCI6Imh0dHBzOlwvXC93d3cuc3BvcnRpbmctd29tZW4uZGVcL3dvbWVucy1iaWtlLWNhbXBcL3dwLWNvbnRlbnRcL3VwbG9hZHNcL3NpdGVzXC8xNVwvMjAyMlwvMTFcL2hvdGVsLWVkZWx3ZWlzcy1XRUItMTE4LXNjYWxlZC5qcGciLCJzbGlkZXNob3ciOiI0NDM4OGM0In0%3D\" href='https:\/\/www.sporting-women.de\/womens-bike-camp\/wp-content\/uploads\/sites\/15\/2022\/11\/hotel-edelweiss-WEB-118-scaled.jpg'><img decoding=\"async\" width=\"300\" height=\"300\" src=\"https:\/\/www.sporting-women.de\/womens-bike-camp\/wp-content\/uploads\/sites\/15\/2022\/11\/hotel-edelweiss-WEB-118-300x300.jpg\" class=\"attachment-thumblist size-thumblist\" alt=\"\" srcset=\"https:\/\/www.sporting-women.de\/womens-bike-camp\/wp-content\/uploads\/sites\/15\/2022\/11\/hotel-edelweiss-WEB-118-300x300.jpg 300w, https:\/\/www.sporting-women.de\/womens-bike-camp\/wp-content\/uploads\/sites\/15\/2022\/11\/hotel-edelweiss-WEB-118-150x150.jpg 150w, https:\/\/www.sporting-women.de\/womens-bike-camp\/wp-content\/uploads\/sites\/15\/2022\/11\/hotel-edelweiss-WEB-118-100x100.jpg 100w\" sizes=\"(max-width: 300px) 100vw, 300px\" \/><\/a>\r\n\t\t\t<\/div><\/figure><figure class='gallery-item'>\r\n\t\t\t<div class='gallery-icon landscape'>\r\n\t\t\t\t<a data-elementor-open-lightbox=\"yes\" data-elementor-lightbox-slideshow=\"44388c4\" data-e-action-hash=\"#elementor-action%3Aaction%3Dlightbox%26settings%3DeyJpZCI6MzI3MjgsInVybCI6Imh0dHBzOlwvXC93d3cuc3BvcnRpbmctd29tZW4uZGVcL3dvbWVucy1iaWtlLWNhbXBcL3dwLWNvbnRlbnRcL3VwbG9hZHNcL3NpdGVzXC8xNVwvMjAyMlwvMTFcL2hvdGVsLWVkZWx3ZWlzcy1XRUItODgtc2NhbGVkLmpwZyIsInNsaWRlc2hvdyI6IjQ0Mzg4YzQifQ%3D%3D\" href='https:\/\/www.sporting-women.de\/womens-bike-camp\/wp-content\/uploads\/sites\/15\/2022\/11\/hotel-edelweiss-WEB-88-scaled.jpg'><img decoding=\"async\" width=\"300\" height=\"300\" src=\"https:\/\/www.sporting-women.de\/womens-bike-camp\/wp-content\/uploads\/sites\/15\/2022\/11\/hotel-edelweiss-WEB-88-300x300.jpg\" class=\"attachment-thumblist size-thumblist\" alt=\"\" srcset=\"https:\/\/www.sporting-women.de\/womens-bike-camp\/wp-content\/uploads\/sites\/15\/2022\/11\/hotel-edelweiss-WEB-88-300x300.jpg 300w, https:\/\/www.sporting-women.de\/womens-bike-camp\/wp-content\/uploads\/sites\/15\/2022\/11\/hotel-edelweiss-WEB-88-150x150.jpg 150w, https:\/\/www.sporting-women.de\/womens-bike-camp\/wp-content\/uploads\/sites\/15\/2022\/11\/hotel-edelweiss-WEB-88-100x100.jpg 100w\" sizes=\"(max-width: 300px) 100vw, 300px\" \/><\/a>\r\n\t\t\t<\/div><\/figure><figure class='gallery-item'>\r\n\t\t\t<div class='gallery-icon landscape'>\r\n\t\t\t\t<a data-elementor-open-lightbox=\"yes\" data-elementor-lightbox-slideshow=\"44388c4\" data-e-action-hash=\"#elementor-action%3Aaction%3Dlightbox%26settings%3DeyJpZCI6MzI3MjQsInVybCI6Imh0dHBzOlwvXC93d3cuc3BvcnRpbmctd29tZW4uZGVcL3dvbWVucy1iaWtlLWNhbXBcL3dwLWNvbnRlbnRcL3VwbG9hZHNcL3NpdGVzXC8xNVwvMjAyMlwvMTFcL2hvdGVsLWVkZWx3ZWlzcy1XRUItMTctc2NhbGVkLmpwZyIsInNsaWRlc2hvdyI6IjQ0Mzg4YzQifQ%3D%3D\" href='https:\/\/www.sporting-women.de\/womens-bike-camp\/wp-content\/uploads\/sites\/15\/2022\/11\/hotel-edelweiss-WEB-17-scaled.jpg'><img loading=\"lazy\" decoding=\"async\" width=\"300\" height=\"300\" src=\"https:\/\/www.sporting-women.de\/womens-bike-camp\/wp-content\/uploads\/sites\/15\/2022\/11\/hotel-edelweiss-WEB-17-300x300.jpg\" class=\"attachment-thumblist size-thumblist\" alt=\"\" srcset=\"https:\/\/www.sporting-women.de\/womens-bike-camp\/wp-content\/uploads\/sites\/15\/2022\/11\/hotel-edelweiss-WEB-17-300x300.jpg 300w, https:\/\/www.sporting-women.de\/womens-bike-camp\/wp-content\/uploads\/sites\/15\/2022\/11\/hotel-edelweiss-WEB-17-150x150.jpg 150w, https:\/\/www.sporting-women.de\/womens-bike-camp\/wp-content\/uploads\/sites\/15\/2022\/11\/hotel-edelweiss-WEB-17-100x100.jpg 100w\" sizes=\"(max-width: 300px) 100vw, 300px\" \/><\/a>\r\n\t\t\t<\/div><\/figure><figure class='gallery-item'>\r\n\t\t\t<div class='gallery-icon landscape'>\r\n\t\t\t\t<a data-elementor-open-lightbox=\"yes\" data-elementor-lightbox-slideshow=\"44388c4\" data-e-action-hash=\"#elementor-action%3Aaction%3Dlightbox%26settings%3DeyJpZCI6MzI3MjIsInVybCI6Imh0dHBzOlwvXC93d3cuc3BvcnRpbmctd29tZW4uZGVcL3dvbWVucy1iaWtlLWNhbXBcL3dwLWNvbnRlbnRcL3VwbG9hZHNcL3NpdGVzXC8xNVwvMjAyMlwvMTFcL2hvdGVsLWVkZWx3ZWlzcy1XRUItMS1zY2FsZWQuanBnIiwic2xpZGVzaG93IjoiNDQzODhjNCJ9\" href='https:\/\/www.sporting-women.de\/womens-bike-camp\/wp-content\/uploads\/sites\/15\/2022\/11\/hotel-edelweiss-WEB-1-scaled.jpg'><img loading=\"lazy\" decoding=\"async\" width=\"300\" height=\"300\" src=\"https:\/\/www.sporting-women.de\/womens-bike-camp\/wp-content\/uploads\/sites\/15\/2022\/11\/hotel-edelweiss-WEB-1-300x300.jpg\" class=\"attachment-thumblist size-thumblist\" alt=\"\" srcset=\"https:\/\/www.sporting-women.de\/womens-bike-camp\/wp-content\/uploads\/sites\/15\/2022\/11\/hotel-edelweiss-WEB-1-300x300.jpg 300w, https:\/\/www.sporting-women.de\/womens-bike-camp\/wp-content\/uploads\/sites\/15\/2022\/11\/hotel-edelweiss-WEB-1-150x150.jpg 150w, https:\/\/www.sporting-women.de\/womens-bike-camp\/wp-content\/uploads\/sites\/15\/2022\/11\/hotel-edelweiss-WEB-1-100x100.jpg 100w\" sizes=\"(max-width: 300px) 100vw, 300px\" \/><\/a>\r\n\t\t\t<\/div><\/figure><figure class='gallery-item'>\r\n\t\t\t<div class='gallery-icon landscape'>\r\n\t\t\t\t<a data-elementor-open-lightbox=\"yes\" data-elementor-lightbox-slideshow=\"44388c4\" data-e-action-hash=\"#elementor-action%3Aaction%3Dlightbox%26settings%3DeyJpZCI6MzI3MjYsInVybCI6Imh0dHBzOlwvXC93d3cuc3BvcnRpbmctd29tZW4uZGVcL3dvbWVucy1iaWtlLWNhbXBcL3dwLWNvbnRlbnRcL3VwbG9hZHNcL3NpdGVzXC8xNVwvMjAyMlwvMTFcL2hvdGVsLWVkZWx3ZWlzcy1XRUItNzItc2NhbGVkLmpwZyIsInNsaWRlc2hvdyI6IjQ0Mzg4YzQifQ%3D%3D\" href='https:\/\/www.sporting-women.de\/womens-bike-camp\/wp-content\/uploads\/sites\/15\/2022\/11\/hotel-edelweiss-WEB-72-scaled.jpg'><img loading=\"lazy\" decoding=\"async\" width=\"300\" height=\"300\" src=\"https:\/\/www.sporting-women.de\/womens-bike-camp\/wp-content\/uploads\/sites\/15\/2022\/11\/hotel-edelweiss-WEB-72-300x300.jpg\" class=\"attachment-thumblist size-thumblist\" alt=\"\" srcset=\"https:\/\/www.sporting-women.de\/womens-bike-camp\/wp-content\/uploads\/sites\/15\/2022\/11\/hotel-edelweiss-WEB-72-300x300.jpg 300w, https:\/\/www.sporting-women.de\/womens-bike-camp\/wp-content\/uploads\/sites\/15\/2022\/11\/hotel-edelweiss-WEB-72-150x150.jpg 150w, https:\/\/www.sporting-women.de\/womens-bike-camp\/wp-content\/uploads\/sites\/15\/2022\/11\/hotel-edelweiss-WEB-72-100x100.jpg 100w\" sizes=\"(max-width: 300px) 100vw, 300px\" \/><\/a>\r\n\t\t\t<\/div><\/figure><figure class='gallery-item'>\r\n\t\t\t<div class='gallery-icon landscape'>\r\n\t\t\t\t<a data-elementor-open-lightbox=\"yes\" data-elementor-lightbox-slideshow=\"44388c4\" data-e-action-hash=\"#elementor-action%3Aaction%3Dlightbox%26settings%3DeyJpZCI6MzI3MjcsInVybCI6Imh0dHBzOlwvXC93d3cuc3BvcnRpbmctd29tZW4uZGVcL3dvbWVucy1iaWtlLWNhbXBcL3dwLWNvbnRlbnRcL3VwbG9hZHNcL3NpdGVzXC8xNVwvMjAyMlwvMTFcL2hvdGVsLWVkZWx3ZWlzcy1XRUItODQtc2NhbGVkLmpwZyIsInNsaWRlc2hvdyI6IjQ0Mzg4YzQifQ%3D%3D\" href='https:\/\/www.sporting-women.de\/womens-bike-camp\/wp-content\/uploads\/sites\/15\/2022\/11\/hotel-edelweiss-WEB-84-scaled.jpg'><img loading=\"lazy\" decoding=\"async\" width=\"300\" height=\"300\" src=\"https:\/\/www.sporting-women.de\/womens-bike-camp\/wp-content\/uploads\/sites\/15\/2022\/11\/hotel-edelweiss-WEB-84-300x300.jpg\" class=\"attachment-thumblist size-thumblist\" alt=\"\" srcset=\"https:\/\/www.sporting-women.de\/womens-bike-camp\/wp-content\/uploads\/sites\/15\/2022\/11\/hotel-edelweiss-WEB-84-300x300.jpg 300w, https:\/\/www.sporting-women.de\/womens-bike-camp\/wp-content\/uploads\/sites\/15\/2022\/11\/hotel-edelweiss-WEB-84-150x150.jpg 150w, https:\/\/www.sporting-women.de\/womens-bike-camp\/wp-content\/uploads\/sites\/15\/2022\/11\/hotel-edelweiss-WEB-84-100x100.jpg 100w\" sizes=\"(max-width: 300px) 100vw, 300px\" \/><\/a>\r\n\t\t\t<\/div><\/figure><figure class='gallery-item'>\r\n\t\t\t<div class='gallery-icon landscape'>\r\n\t\t\t\t<a data-elementor-open-lightbox=\"yes\" data-elementor-lightbox-slideshow=\"44388c4\" data-e-action-hash=\"#elementor-action%3Aaction%3Dlightbox%26settings%3DeyJpZCI6MzI3MjUsInVybCI6Imh0dHBzOlwvXC93d3cuc3BvcnRpbmctd29tZW4uZGVcL3dvbWVucy1iaWtlLWNhbXBcL3dwLWNvbnRlbnRcL3VwbG9hZHNcL3NpdGVzXC8xNVwvMjAyMlwvMTFcL2hvdGVsLWVkZWx3ZWlzcy1XRUItMjYtc2NhbGVkLmpwZyIsInNsaWRlc2hvdyI6IjQ0Mzg4YzQifQ%3D%3D\" href='https:\/\/www.sporting-women.de\/womens-bike-camp\/wp-content\/uploads\/sites\/15\/2022\/11\/hotel-edelweiss-WEB-26-scaled.jpg'><img loading=\"lazy\" decoding=\"async\" width=\"300\" height=\"300\" src=\"https:\/\/www.sporting-women.de\/womens-bike-camp\/wp-content\/uploads\/sites\/15\/2022\/11\/hotel-edelweiss-WEB-26-300x300.jpg\" class=\"attachment-thumblist size-thumblist\" alt=\"\" srcset=\"https:\/\/www.sporting-women.de\/womens-bike-camp\/wp-content\/uploads\/sites\/15\/2022\/11\/hotel-edelweiss-WEB-26-300x300.jpg 300w, https:\/\/www.sporting-women.de\/womens-bike-camp\/wp-content\/uploads\/sites\/15\/2022\/11\/hotel-edelweiss-WEB-26-150x150.jpg 150w, https:\/\/www.sporting-women.de\/womens-bike-camp\/wp-content\/uploads\/sites\/15\/2022\/11\/hotel-edelweiss-WEB-26-100x100.jpg 100w\" sizes=\"(max-width: 300px) 100vw, 300px\" \/><\/a>\r\n\t\t\t<\/div><\/figure>\r\n\t\t<\/div>\n\t\t<\/div>\n\t\t\t\t\t\t<\/div>\n\t\t\t\t<\/div>\n\t\t\t\t<div class=\"elementor-element elementor-element-380bd7f elementor-widget-divider--separator-type-pattern elementor-widget-divider--view-line elementor-widget elementor-widget-divider\" data-id=\"380bd7f\" data-element_type=\"widget\" data-e-type=\"widget\" data-widget_type=\"divider.default\">\n\t\t\t\t<div class=\"elementor-widget-container\">\n\t\t\t\t\t\t\t<div class=\"elementor-divider\" style=\"--divider-pattern-url: url(&quot;data:image\/svg+xml,%3Csvg xmlns=&#039;http:\/\/www.w3.org\/2000\/svg&#039; preserveAspectRatio=&#039;none&#039; overflow=&#039;visible&#039; height=&#039;100%&#039; viewBox=&#039;0 0 24 24&#039; fill=&#039;none&#039; stroke=&#039;black&#039; stroke-width=&#039;1&#039; stroke-linecap=&#039;square&#039; stroke-miterlimit=&#039;10&#039;%3E%3Cpath d=&#039;M0,6c6,0,0.9,11.1,6.9,11.1S18,6,24,6&#039;\/%3E%3C\/svg%3E&quot;);\">\n\t\t\t<span class=\"elementor-divider-separator\">\n\t\t\t\t\t\t<\/span>\n\t\t<\/div>\n\t\t\t\t\t\t<\/div>\n\t\t\t\t<\/div>\n\t\t\t\t\t<\/div>\n\t\t<\/div>\n\t\t\t\t\t<\/div>\n\t\t<\/section>\n\t\t\t\t<section class=\"elementor-section elementor-top-section elementor-element elementor-element-a09094d elementor-section-boxed elementor-section-height-default elementor-section-height-default\" data-id=\"a09094d\" data-element_type=\"section\" data-e-type=\"section\" data-settings=\"{&quot;background_background&quot;:&quot;classic&quot;}\">\n\t\t\t\t\t\t<div class=\"elementor-container elementor-column-gap-default\">\n\t\t\t\t\t<div class=\"elementor-column elementor-col-50 elementor-top-column elementor-element elementor-element-2ccbcc5\" data-id=\"2ccbcc5\" data-element_type=\"column\" data-e-type=\"column\" data-settings=\"{&quot;background_background&quot;:&quot;classic&quot;}\">\n\t\t\t<div class=\"elementor-widget-wrap elementor-element-populated\">\n\t\t\t\t\t\t<section class=\"elementor-section elementor-inner-section elementor-element elementor-element-07d7378 elementor-section-boxed elementor-section-height-default elementor-section-height-default\" data-id=\"07d7378\" data-element_type=\"section\" data-e-type=\"section\">\n\t\t\t\t\t\t<div class=\"elementor-container elementor-column-gap-default\">\n\t\t\t\t\t<div class=\"elementor-column elementor-col-50 elementor-inner-column elementor-element elementor-element-ad44f6e\" data-id=\"ad44f6e\" data-element_type=\"column\" data-e-type=\"column\">\n\t\t\t<div class=\"elementor-widget-wrap elementor-element-populated\">\n\t\t\t\t\t\t<div class=\"elementor-element elementor-element-eb13679 elementor-widget elementor-widget-image\" data-id=\"eb13679\" data-element_type=\"widget\" data-e-type=\"widget\" data-widget_type=\"image.default\">\n\t\t\t\t<div class=\"elementor-widget-container\">\n\t\t\t\t\t\t\t\t\t\t\t\t\t\t\t<img loading=\"lazy\" decoding=\"async\" width=\"800\" height=\"364\" src=\"https:\/\/www.sporting-women.de\/womens-bike-camp\/wp-content\/uploads\/sites\/15\/2022\/11\/Edelweiss-Logo-ORIG_15_4-C-1024x466.png\" class=\"attachment-large size-large wp-image-32715\" alt=\"\" srcset=\"https:\/\/www.sporting-women.de\/womens-bike-camp\/wp-content\/uploads\/sites\/15\/2022\/11\/Edelweiss-Logo-ORIG_15_4-C-1024x466.png 1024w, https:\/\/www.sporting-women.de\/womens-bike-camp\/wp-content\/uploads\/sites\/15\/2022\/11\/Edelweiss-Logo-ORIG_15_4-C-300x136.png 300w, https:\/\/www.sporting-women.de\/womens-bike-camp\/wp-content\/uploads\/sites\/15\/2022\/11\/Edelweiss-Logo-ORIG_15_4-C-768x349.png 768w, https:\/\/www.sporting-women.de\/womens-bike-camp\/wp-content\/uploads\/sites\/15\/2022\/11\/Edelweiss-Logo-ORIG_15_4-C-600x273.png 600w, https:\/\/www.sporting-women.de\/womens-bike-camp\/wp-content\/uploads\/sites\/15\/2022\/11\/Edelweiss-Logo-ORIG_15_4-C.png 1300w\" sizes=\"(max-width: 800px) 100vw, 800px\" \/>\t\t\t\t\t\t\t\t\t\t\t\t\t\t\t<\/div>\n\t\t\t\t<\/div>\n\t\t\t\t\t<\/div>\n\t\t<\/div>\n\t\t\t\t<div class=\"elementor-column elementor-col-50 elementor-inner-column elementor-element elementor-element-93b5a69\" data-id=\"93b5a69\" data-element_type=\"column\" data-e-type=\"column\">\n\t\t\t<div class=\"elementor-widget-wrap elementor-element-populated\">\n\t\t\t\t\t\t<div class=\"elementor-element elementor-element-0472098 elementor-widget elementor-widget-text-editor\" data-id=\"0472098\" data-element_type=\"widget\" data-e-type=\"widget\" data-widget_type=\"text-editor.default\">\n\t\t\t\t<div class=\"elementor-widget-container\">\n\t\t\t\t\t\t\t\t\t<h4>Hotel Edelweiss<\/h4><p>Hotel Edelweiss<br \/>Hauptstra\u00dfe 28<br \/>39027 Reschen<br \/>Italien<\/p><p>Tel: +39 0473 6331 42<br \/>E-Mail: <a href=\"mailto:info@edelweiss-reschen.it\" target=\"_blank\" rel=\"noopener noreferrer\"><span style=\"color: #953366;\"><span style=\"color: #49abaf;\">info@edelweiss-reschen.it<\/span><\/span><\/a><br \/>Webseite: <span style=\"color: #953366;\"><a style=\"color: #953366;\" href=\"https:\/\/www.edelweiss-reschen.it\/de\/\" target=\"_blank\" rel=\"noopener\"><span style=\"color: #49abaf;\">www.edelweiss-reschen.it<\/span><\/a><\/span><\/p>\t\t\t\t\t\t\t\t<\/div>\n\t\t\t\t<\/div>\n\t\t\t\t\t<\/div>\n\t\t<\/div>\n\t\t\t\t\t<\/div>\n\t\t<\/section>\n\t\t\t\t\t<\/div>\n\t\t<\/div>\n\t\t\t\t<div class=\"elementor-column elementor-col-50 elementor-top-column elementor-element elementor-element-27cce17\" data-id=\"27cce17\" data-element_type=\"column\" data-e-type=\"column\" data-settings=\"{&quot;background_background&quot;:&quot;classic&quot;}\">\n\t\t\t<div class=\"elementor-widget-wrap elementor-element-populated\">\n\t\t\t\t\t\t<div class=\"elementor-element elementor-element-e2d5b1d elementor-widget elementor-widget-google_maps\" data-id=\"e2d5b1d\" data-element_type=\"widget\" data-e-type=\"widget\" data-widget_type=\"google_maps.default\">\n\t\t\t\t<div class=\"elementor-widget-container\">\n\t\t\t\t\t\t\t<div class=\"elementor-custom-embed\">\n\t\t\t<iframe loading=\"lazy\"\n\t\t\t\t\tsrc=\"https:\/\/maps.google.com\/maps?q=aktiv%20Hotel%20Edelweiss&#038;t=m&#038;z=10&#038;output=embed&#038;iwloc=near\"\n\t\t\t\t\ttitle=\"aktiv Hotel Edelweiss\"\n\t\t\t\t\taria-label=\"aktiv Hotel Edelweiss\"\n\t\t\t><\/iframe>\n\t\t<\/div>\n\t\t\t\t\t\t<\/div>\n\t\t\t\t<\/div>\n\t\t\t\t\t<\/div>\n\t\t<\/div>\n\t\t\t\t\t<\/div>\n\t\t<\/section>\n\t\t\t\t<section class=\"elementor-section elementor-top-section elementor-element elementor-element-1921e2d elementor-section-boxed elementor-section-height-default elementor-section-height-default\" data-id=\"1921e2d\" data-element_type=\"section\" data-e-type=\"section\">\n\t\t\t\t\t\t<div class=\"elementor-container elementor-column-gap-default\">\n\t\t\t\t\t<div class=\"elementor-column elementor-col-100 elementor-top-column elementor-element elementor-element-73e406b\" data-id=\"73e406b\" data-element_type=\"column\" data-e-type=\"column\">\n\t\t\t<div class=\"elementor-widget-wrap elementor-element-populated\">\n\t\t\t\t\t\t<div class=\"elementor-element elementor-element-509ceb8 elementor-widget elementor-widget-spacer\" data-id=\"509ceb8\" data-element_type=\"widget\" data-e-type=\"widget\" data-widget_type=\"spacer.default\">\n\t\t\t\t<div class=\"elementor-widget-container\">\n\t\t\t\t\t\t\t<div class=\"elementor-spacer\">\n\t\t\t<div class=\"elementor-spacer-inner\"><\/div>\n\t\t<\/div>\n\t\t\t\t\t\t<\/div>\n\t\t\t\t<\/div>\n\t\t\t\t\t<\/div>\n\t\t<\/div>\n\t\t\t\t\t<\/div>\n\t\t<\/section>\n\t\t\t\t<\/div>\n\t\t","protected":false},"excerpt":{"rendered":"<p>Unterkunft Hotel Edelweiss Seit \u00fcber 40 Jahren begr\u00fc\u00dft Familie Raffeiner in ihrem familiengef\u00fchrten Hotel am Reschenpass ihre G\u00e4ste. Die Liebe zum Detail, zum Raffinierten, zum Besonderen, Geschichte und Tradition, das Festhalten an Bew\u00e4hrtem ohne sich dem Neuen zu verschlie\u00dfen, der beeindruckende Facettenreichtum einer ganzen Ferienregion: All dies spiegelt sich in den Zimmern und Suiten ihres [&hellip;]<\/p>\n","protected":false},"author":2,"featured_media":0,"parent":0,"menu_order":0,"comment_status":"closed","ping_status":"closed","template":"","meta":{"_acf_changed":false,"_exactmetrics_skip_tracking":false,"_exactmetrics_sitenote_active":false,"_exactmetrics_sitenote_note":"","_exactmetrics_sitenote_category":0,"footnotes":""},"class_list":["post-32673","page","type-page","status-publish","hentry"],"acf":[],"_links":{"self":[{"href":"https:\/\/www.sporting-women.de\/womens-bike-camp\/wp-json\/wp\/v2\/pages\/32673","targetHints":{"allow":["GET"]}}],"collection":[{"href":"https:\/\/www.sporting-women.de\/womens-bike-camp\/wp-json\/wp\/v2\/pages"}],"about":[{"href":"https:\/\/www.sporting-women.de\/womens-bike-camp\/wp-json\/wp\/v2\/types\/page"}],"author":[{"embeddable":true,"href":"https:\/\/www.sporting-women.de\/womens-bike-camp\/wp-json\/wp\/v2\/users\/2"}],"replies":[{"embeddable":true,"href":"https:\/\/www.sporting-women.de\/womens-bike-camp\/wp-json\/wp\/v2\/comments?post=32673"}],"version-history":[{"count":0,"href":"https:\/\/www.sporting-women.de\/womens-bike-camp\/wp-json\/wp\/v2\/pages\/32673\/revisions"}],"wp:attachment":[{"href":"https:\/\/www.sporting-women.de\/womens-bike-camp\/wp-json\/wp\/v2\/media?parent=32673"}],"curies":[{"name":"wp","href":"https:\/\/api.w.org\/{rel}","templated":true}]}}