{"id":32040,"date":"2021-08-17T13:13:53","date_gmt":"2021-08-17T11:13:53","guid":{"rendered":"https:\/\/www.sporting-women.de\/womens-body-mind-camp\/?page_id=32040"},"modified":"2025-01-31T17:02:54","modified_gmt":"2025-01-31T16:02:54","slug":"team","status":"publish","type":"page","link":"https:\/\/www.sporting-women.de\/womens-body-mind-festival\/team\/","title":{"rendered":"Team"},"content":{"rendered":"\t\t<div data-elementor-type=\"wp-page\" data-elementor-id=\"32040\" class=\"elementor elementor-32040\" data-elementor-post-type=\"page\">\n\t\t\t\t\t\t<section class=\"elementor-section elementor-top-section elementor-element elementor-element-40f10fe elementor-section-boxed elementor-section-height-default elementor-section-height-default\" data-id=\"40f10fe\" data-element_type=\"section\" data-e-type=\"section\">\n\t\t\t\t\t\t<div class=\"elementor-container elementor-column-gap-default\">\n\t\t\t\t\t<div class=\"elementor-column elementor-col-100 elementor-top-column elementor-element elementor-element-47f3959\" data-id=\"47f3959\" data-element_type=\"column\" data-e-type=\"column\">\n\t\t\t<div class=\"elementor-widget-wrap elementor-element-populated\">\n\t\t\t\t\t\t<div class=\"elementor-element elementor-element-135c99a elementor-widget elementor-widget-spacer\" data-id=\"135c99a\" data-element_type=\"widget\" data-e-type=\"widget\" data-widget_type=\"spacer.default\">\n\t\t\t\t<div class=\"elementor-widget-container\">\n\t\t\t\t\t\t\t<div class=\"elementor-spacer\">\n\t\t\t<div class=\"elementor-spacer-inner\"><\/div>\n\t\t<\/div>\n\t\t\t\t\t\t<\/div>\n\t\t\t\t<\/div>\n\t\t\t\t<div class=\"elementor-element elementor-element-0e71c62 elementor-widget__width-initial elementor-widget elementor-widget-heading\" data-id=\"0e71c62\" data-element_type=\"widget\" data-e-type=\"widget\" data-widget_type=\"heading.default\">\n\t\t\t\t<div class=\"elementor-widget-container\">\n\t\t\t\t\t<h1 class=\"elementor-heading-title elementor-size-default\">Team<\/h1>\t\t\t\t<\/div>\n\t\t\t\t<\/div>\n\t\t\t\t<div class=\"elementor-element elementor-element-16e9219 elementor-widget elementor-widget-spacer\" data-id=\"16e9219\" data-element_type=\"widget\" data-e-type=\"widget\" data-widget_type=\"spacer.default\">\n\t\t\t\t<div class=\"elementor-widget-container\">\n\t\t\t\t\t\t\t<div class=\"elementor-spacer\">\n\t\t\t<div class=\"elementor-spacer-inner\"><\/div>\n\t\t<\/div>\n\t\t\t\t\t\t<\/div>\n\t\t\t\t<\/div>\n\t\t\t\t\t<\/div>\n\t\t<\/div>\n\t\t\t\t\t<\/div>\n\t\t<\/section>\n\t\t\t\t<section class=\"elementor-section elementor-top-section elementor-element elementor-element-efcc1fd elementor-section-boxed elementor-section-height-default elementor-section-height-default\" data-id=\"efcc1fd\" data-element_type=\"section\" data-e-type=\"section\">\n\t\t\t\t\t\t<div class=\"elementor-container elementor-column-gap-default\">\n\t\t\t\t\t<div class=\"elementor-column elementor-col-33 elementor-top-column elementor-element elementor-element-3a37123\" data-id=\"3a37123\" data-element_type=\"column\" data-e-type=\"column\" data-settings=\"{&quot;background_background&quot;:&quot;classic&quot;}\">\n\t\t\t<div class=\"elementor-widget-wrap elementor-element-populated\">\n\t\t\t\t\t\t<div class=\"elementor-element elementor-element-35028b0 elementor-widget elementor-widget-image\" data-id=\"35028b0\" data-element_type=\"widget\" data-e-type=\"widget\" data-widget_type=\"image.default\">\n\t\t\t\t<div class=\"elementor-widget-container\">\n\t\t\t\t\t\t\t\t\t\t\t\t\t\t\t<img fetchpriority=\"high\" decoding=\"async\" width=\"200\" height=\"300\" src=\"https:\/\/www.sporting-women.de\/womens-body-mind-festival\/wp-content\/uploads\/sites\/21\/2025\/01\/4-200x300.jpg\" class=\"attachment-medium size-medium wp-image-36219\" alt=\"\" srcset=\"https:\/\/www.sporting-women.de\/womens-body-mind-festival\/wp-content\/uploads\/sites\/21\/2025\/01\/4-200x300.jpg 200w, https:\/\/www.sporting-women.de\/womens-body-mind-festival\/wp-content\/uploads\/sites\/21\/2025\/01\/4-683x1024.jpg 683w, https:\/\/www.sporting-women.de\/womens-body-mind-festival\/wp-content\/uploads\/sites\/21\/2025\/01\/4-768x1152.jpg 768w, https:\/\/www.sporting-women.de\/womens-body-mind-festival\/wp-content\/uploads\/sites\/21\/2025\/01\/4-1024x1536.jpg 1024w, https:\/\/www.sporting-women.de\/womens-body-mind-festival\/wp-content\/uploads\/sites\/21\/2025\/01\/4-600x900.jpg 600w, https:\/\/www.sporting-women.de\/womens-body-mind-festival\/wp-content\/uploads\/sites\/21\/2025\/01\/4.jpg 1365w\" sizes=\"(max-width: 200px) 100vw, 200px\" \/>\t\t\t\t\t\t\t\t\t\t\t\t\t\t\t<\/div>\n\t\t\t\t<\/div>\n\t\t\t\t\t<\/div>\n\t\t<\/div>\n\t\t\t\t<div class=\"elementor-column elementor-col-66 elementor-top-column elementor-element elementor-element-5824523\" data-id=\"5824523\" data-element_type=\"column\" data-e-type=\"column\">\n\t\t\t<div class=\"elementor-widget-wrap elementor-element-populated\">\n\t\t\t\t\t\t<div class=\"elementor-element elementor-element-afdf8c9 elementor-widget elementor-widget-heading\" data-id=\"afdf8c9\" data-element_type=\"widget\" data-e-type=\"widget\" data-widget_type=\"heading.default\">\n\t\t\t\t<div class=\"elementor-widget-container\">\n\t\t\t\t\t<h3 class=\"elementor-heading-title elementor-size-default\">Anna Lang<\/h3>\t\t\t\t<\/div>\n\t\t\t\t<\/div>\n\t\t\t\t<div class=\"elementor-element elementor-element-7827772 elementor-widget elementor-widget-text-editor\" data-id=\"7827772\" data-element_type=\"widget\" data-e-type=\"widget\" data-widget_type=\"text-editor.default\">\n\t\t\t\t<div class=\"elementor-widget-container\">\n\t\t\t\t\t\t\t\t\t<p><strong>Teilnehmermanagement<\/strong><\/p>\t\t\t\t\t\t\t\t<\/div>\n\t\t\t\t<\/div>\n\t\t\t\t<div class=\"elementor-element elementor-element-0d8193c elementor-widget elementor-widget-text-editor\" data-id=\"0d8193c\" data-element_type=\"widget\" data-e-type=\"widget\" data-widget_type=\"text-editor.default\">\n\t\t\t\t<div class=\"elementor-widget-container\">\n\t\t\t\t\t\t\t\t\t<p>Anna Lang hat ihren Bachelor in Betriebswirtschaft an der Hochschule Augsburg gemacht und unterst\u00fctzt seit 2023 unser Team &#8211; zuerst als Werkstudentin und seit Oktober 2024 als Junior Projektmanagerin. Vor ihrem Studium war sie jahrelang aktive Turnerin und ist nun als Trainerin f\u00fcr das Allgemeinturnen t\u00e4tig.<\/p><p><strong>Kontakt:<\/strong><br \/>Telefon: +49 (0) 173 1024 789<br \/>E-Mail: <a href=\"mailto:anna.lang@fp-concepts.de\" target=\"_blank\" rel=\"noopener\"><span style=\"color: #faba5b;\">anna.lang@fp-concepts.de<\/span><\/a><\/p>\t\t\t\t\t\t\t\t<\/div>\n\t\t\t\t<\/div>\n\t\t\t\t<div class=\"elementor-element elementor-element-13fde2a elementor-widget elementor-widget-spacer\" data-id=\"13fde2a\" data-element_type=\"widget\" data-e-type=\"widget\" data-widget_type=\"spacer.default\">\n\t\t\t\t<div class=\"elementor-widget-container\">\n\t\t\t\t\t\t\t<div class=\"elementor-spacer\">\n\t\t\t<div class=\"elementor-spacer-inner\"><\/div>\n\t\t<\/div>\n\t\t\t\t\t\t<\/div>\n\t\t\t\t<\/div>\n\t\t\t\t\t<\/div>\n\t\t<\/div>\n\t\t\t\t\t<\/div>\n\t\t<\/section>\n\t\t\t\t<section class=\"elementor-section elementor-top-section elementor-element elementor-element-8b2f10a elementor-section-boxed elementor-section-height-default elementor-section-height-default\" data-id=\"8b2f10a\" data-element_type=\"section\" data-e-type=\"section\">\n\t\t\t\t\t\t<div class=\"elementor-container elementor-column-gap-default\">\n\t\t\t\t\t<div class=\"elementor-column elementor-col-33 elementor-top-column elementor-element elementor-element-d47437f\" data-id=\"d47437f\" data-element_type=\"column\" data-e-type=\"column\" data-settings=\"{&quot;background_background&quot;:&quot;classic&quot;}\">\n\t\t\t<div class=\"elementor-widget-wrap elementor-element-populated\">\n\t\t\t\t\t\t<div class=\"elementor-element elementor-element-4047209 elementor-widget elementor-widget-image\" data-id=\"4047209\" data-element_type=\"widget\" data-e-type=\"widget\" data-widget_type=\"image.default\">\n\t\t\t\t<div class=\"elementor-widget-container\">\n\t\t\t\t\t\t\t\t\t\t\t\t\t\t\t<img decoding=\"async\" width=\"200\" height=\"300\" src=\"https:\/\/www.sporting-women.de\/womens-body-mind-festival\/wp-content\/uploads\/sites\/21\/2025\/01\/7-200x300.jpg\" class=\"attachment-medium size-medium wp-image-36220\" alt=\"\" srcset=\"https:\/\/www.sporting-women.de\/womens-body-mind-festival\/wp-content\/uploads\/sites\/21\/2025\/01\/7-200x300.jpg 200w, https:\/\/www.sporting-women.de\/womens-body-mind-festival\/wp-content\/uploads\/sites\/21\/2025\/01\/7-683x1024.jpg 683w, https:\/\/www.sporting-women.de\/womens-body-mind-festival\/wp-content\/uploads\/sites\/21\/2025\/01\/7-768x1152.jpg 768w, https:\/\/www.sporting-women.de\/womens-body-mind-festival\/wp-content\/uploads\/sites\/21\/2025\/01\/7-1024x1536.jpg 1024w, https:\/\/www.sporting-women.de\/womens-body-mind-festival\/wp-content\/uploads\/sites\/21\/2025\/01\/7-600x900.jpg 600w, https:\/\/www.sporting-women.de\/womens-body-mind-festival\/wp-content\/uploads\/sites\/21\/2025\/01\/7.jpg 1365w\" sizes=\"(max-width: 200px) 100vw, 200px\" \/>\t\t\t\t\t\t\t\t\t\t\t\t\t\t\t<\/div>\n\t\t\t\t<\/div>\n\t\t\t\t\t<\/div>\n\t\t<\/div>\n\t\t\t\t<div class=\"elementor-column elementor-col-66 elementor-top-column elementor-element elementor-element-6c76f76\" data-id=\"6c76f76\" data-element_type=\"column\" data-e-type=\"column\">\n\t\t\t<div class=\"elementor-widget-wrap elementor-element-populated\">\n\t\t\t\t\t\t<div class=\"elementor-element elementor-element-5473c8d elementor-widget elementor-widget-heading\" data-id=\"5473c8d\" data-element_type=\"widget\" data-e-type=\"widget\" data-widget_type=\"heading.default\">\n\t\t\t\t<div class=\"elementor-widget-container\">\n\t\t\t\t\t<h3 class=\"elementor-heading-title elementor-size-default\">Jessica Peter<\/h3>\t\t\t\t<\/div>\n\t\t\t\t<\/div>\n\t\t\t\t<div class=\"elementor-element elementor-element-96acf8d elementor-widget elementor-widget-text-editor\" data-id=\"96acf8d\" data-element_type=\"widget\" data-e-type=\"widget\" data-widget_type=\"text-editor.default\">\n\t\t\t\t<div class=\"elementor-widget-container\">\n\t\t\t\t\t\t\t\t\t<p><strong>Projektleitung<\/strong><\/p>\t\t\t\t\t\t\t\t<\/div>\n\t\t\t\t<\/div>\n\t\t\t\t<div class=\"elementor-element elementor-element-162c3b7 elementor-widget elementor-widget-text-editor\" data-id=\"162c3b7\" data-element_type=\"widget\" data-e-type=\"widget\" data-widget_type=\"text-editor.default\">\n\t\t\t\t<div class=\"elementor-widget-container\">\n\t\t\t\t\t\t\t\t\t<p>Jessica Peter ist Diplom Betriebswirtin, im Ruhrgebiet geboren und mag gro\u00dfe Berge \u2013 sowohl die in S\u00fcd-Afrika, als auch die Alpen. Nach ihrem Tourismus-Studium und einem Auslandsaufenthalt in London und Kapstadt, spezialisierte sie sich auf die Event- und Marketingbranche. Dabei liebt sie die Planung und Organisation von Events \u2013 von der Idee, \u00fcber das Konzept bis hin zum Management der kompletten Veranstaltung, egal ob live oder digital.<\/p><p><strong>Kontakt:<\/strong><br \/>Mobil: +49 (0)160 96 26 83 40<br \/>E-Mail:<span style=\"color: #faba5b\"> <a style=\"color: #faba5b\" href=\"mailto:jessica.peter@fp-concepts.de\">jessica.peter@fp-concepts.de<\/a><\/span><\/p>\t\t\t\t\t\t\t\t<\/div>\n\t\t\t\t<\/div>\n\t\t\t\t<div class=\"elementor-element elementor-element-47134ec elementor-widget elementor-widget-spacer\" data-id=\"47134ec\" data-element_type=\"widget\" data-e-type=\"widget\" data-widget_type=\"spacer.default\">\n\t\t\t\t<div class=\"elementor-widget-container\">\n\t\t\t\t\t\t\t<div class=\"elementor-spacer\">\n\t\t\t<div class=\"elementor-spacer-inner\"><\/div>\n\t\t<\/div>\n\t\t\t\t\t\t<\/div>\n\t\t\t\t<\/div>\n\t\t\t\t\t<\/div>\n\t\t<\/div>\n\t\t\t\t\t<\/div>\n\t\t<\/section>\n\t\t\t\t<section class=\"elementor-section elementor-top-section elementor-element elementor-element-e4751e7 elementor-section-boxed elementor-section-height-default elementor-section-height-default\" data-id=\"e4751e7\" data-element_type=\"section\" data-e-type=\"section\">\n\t\t\t\t\t\t<div class=\"elementor-container elementor-column-gap-default\">\n\t\t\t\t\t<div class=\"elementor-column elementor-col-33 elementor-top-column elementor-element elementor-element-c06256f\" data-id=\"c06256f\" data-element_type=\"column\" data-e-type=\"column\" data-settings=\"{&quot;background_background&quot;:&quot;classic&quot;}\">\n\t\t\t<div class=\"elementor-widget-wrap elementor-element-populated\">\n\t\t\t\t\t\t<div class=\"elementor-element elementor-element-26cd1b9 elementor-widget elementor-widget-image\" data-id=\"26cd1b9\" data-element_type=\"widget\" data-e-type=\"widget\" data-widget_type=\"image.default\">\n\t\t\t\t<div class=\"elementor-widget-container\">\n\t\t\t\t\t\t\t\t\t\t\t\t\t\t\t<img decoding=\"async\" width=\"200\" height=\"300\" src=\"https:\/\/www.sporting-women.de\/womens-body-mind-festival\/wp-content\/uploads\/sites\/21\/2025\/01\/2-200x300.jpg\" class=\"attachment-medium size-medium wp-image-36221\" alt=\"\" srcset=\"https:\/\/www.sporting-women.de\/womens-body-mind-festival\/wp-content\/uploads\/sites\/21\/2025\/01\/2-200x300.jpg 200w, https:\/\/www.sporting-women.de\/womens-body-mind-festival\/wp-content\/uploads\/sites\/21\/2025\/01\/2-683x1024.jpg 683w, https:\/\/www.sporting-women.de\/womens-body-mind-festival\/wp-content\/uploads\/sites\/21\/2025\/01\/2-768x1152.jpg 768w, https:\/\/www.sporting-women.de\/womens-body-mind-festival\/wp-content\/uploads\/sites\/21\/2025\/01\/2-1024x1536.jpg 1024w, https:\/\/www.sporting-women.de\/womens-body-mind-festival\/wp-content\/uploads\/sites\/21\/2025\/01\/2-600x900.jpg 600w, https:\/\/www.sporting-women.de\/womens-body-mind-festival\/wp-content\/uploads\/sites\/21\/2025\/01\/2.jpg 1365w\" sizes=\"(max-width: 200px) 100vw, 200px\" \/>\t\t\t\t\t\t\t\t\t\t\t\t\t\t\t<\/div>\n\t\t\t\t<\/div>\n\t\t\t\t\t<\/div>\n\t\t<\/div>\n\t\t\t\t<div class=\"elementor-column elementor-col-66 elementor-top-column elementor-element elementor-element-e26181f\" data-id=\"e26181f\" data-element_type=\"column\" data-e-type=\"column\">\n\t\t\t<div class=\"elementor-widget-wrap elementor-element-populated\">\n\t\t\t\t\t\t<div class=\"elementor-element elementor-element-b0dd049 elementor-widget elementor-widget-heading\" data-id=\"b0dd049\" data-element_type=\"widget\" data-e-type=\"widget\" data-widget_type=\"heading.default\">\n\t\t\t\t<div class=\"elementor-widget-container\">\n\t\t\t\t\t<h3 class=\"elementor-heading-title elementor-size-default\">Monika Fiedler-Proksch<\/h3>\t\t\t\t<\/div>\n\t\t\t\t<\/div>\n\t\t\t\t<div class=\"elementor-element elementor-element-cf057a8 elementor-widget elementor-widget-text-editor\" data-id=\"cf057a8\" data-element_type=\"widget\" data-e-type=\"widget\" data-widget_type=\"text-editor.default\">\n\t\t\t\t<div class=\"elementor-widget-container\">\n\t\t\t\t\t\t\t\t\t<p><strong>Sponsoren &amp; Aussteller<\/strong><\/p>\t\t\t\t\t\t\t\t<\/div>\n\t\t\t\t<\/div>\n\t\t\t\t<div class=\"elementor-element elementor-element-6f96f00 elementor-widget elementor-widget-text-editor\" data-id=\"6f96f00\" data-element_type=\"widget\" data-e-type=\"widget\" data-widget_type=\"text-editor.default\">\n\t\t\t\t<div class=\"elementor-widget-container\">\n\t\t\t\t\t\t\t\t\t<p>Monika Fiedler-Proksch ist Diplom Betriebswirtin, Marathonl\u00e4uferin und Triathletin mit Herz und Seele. Dreizehn Jahre war die Marketing- und Eventexpertin im Verlagswesen t\u00e4tig. Unter anderem beim Vogel Verlag W\u00fcrzburg, beim Callwey Verlag M\u00fcnchen, bei der Computerwoche und der PC-Welt sowie bei der Motor Presse Stuttgart. Hier betreute sie Kunden und Agenturen aus den Branchen Mode, Lifestyle, Sport, Freizeit, Food, Pharma, dem Banken- und Versicherungswesen.<\/p><p><strong>Kontakt:<\/strong><br \/>Mobil:\u00a0+49 (0)176 24 96 93 45<br \/>E-Mail: <span style=\"color: #faba5b\"><a style=\"color: #faba5b\" href=\"mailto:monika.fiedler@fp-concepts.de\">monika.fiedler@fp-concepts.de<\/a><\/span><\/p>\t\t\t\t\t\t\t\t<\/div>\n\t\t\t\t<\/div>\n\t\t\t\t<div class=\"elementor-element elementor-element-48f7dd4 elementor-widget elementor-widget-spacer\" data-id=\"48f7dd4\" data-element_type=\"widget\" data-e-type=\"widget\" data-widget_type=\"spacer.default\">\n\t\t\t\t<div class=\"elementor-widget-container\">\n\t\t\t\t\t\t\t<div class=\"elementor-spacer\">\n\t\t\t<div class=\"elementor-spacer-inner\"><\/div>\n\t\t<\/div>\n\t\t\t\t\t\t<\/div>\n\t\t\t\t<\/div>\n\t\t\t\t\t<\/div>\n\t\t<\/div>\n\t\t\t\t\t<\/div>\n\t\t<\/section>\n\t\t\t\t<\/div>\n\t\t","protected":false},"excerpt":{"rendered":"<p>Team Anna Lang Teilnehmermanagement Anna Lang hat ihren Bachelor in Betriebswirtschaft an der Hochschule Augsburg gemacht und unterst\u00fctzt seit 2023 unser Team &#8211; zuerst als Werkstudentin und seit Oktober 2024 als Junior Projektmanagerin. Vor ihrem Studium war sie jahrelang aktive Turnerin und ist nun als Trainerin f\u00fcr das Allgemeinturnen t\u00e4tig. Kontakt:Telefon: +49 (0) 173 1024 [&hellip;]<\/p>\n","protected":false},"author":2,"featured_media":0,"parent":0,"menu_order":0,"comment_status":"closed","ping_status":"closed","template":"elementor_header_footer","meta":{"_acf_changed":false,"footnotes":""},"class_list":["post-32040","page","type-page","status-publish","hentry"],"acf":[],"_links":{"self":[{"href":"https:\/\/www.sporting-women.de\/womens-body-mind-festival\/wp-json\/wp\/v2\/pages\/32040","targetHints":{"allow":["GET"]}}],"collection":[{"href":"https:\/\/www.sporting-women.de\/womens-body-mind-festival\/wp-json\/wp\/v2\/pages"}],"about":[{"href":"https:\/\/www.sporting-women.de\/womens-body-mind-festival\/wp-json\/wp\/v2\/types\/page"}],"author":[{"embeddable":true,"href":"https:\/\/www.sporting-women.de\/womens-body-mind-festival\/wp-json\/wp\/v2\/users\/2"}],"replies":[{"embeddable":true,"href":"https:\/\/www.sporting-women.de\/womens-body-mind-festival\/wp-json\/wp\/v2\/comments?post=32040"}],"version-history":[{"count":0,"href":"https:\/\/www.sporting-women.de\/womens-body-mind-festival\/wp-json\/wp\/v2\/pages\/32040\/revisions"}],"wp:attachment":[{"href":"https:\/\/www.sporting-women.de\/womens-body-mind-festival\/wp-json\/wp\/v2\/media?parent=32040"}],"curies":[{"name":"wp","href":"https:\/\/api.w.org\/{rel}","templated":true}]}}