
{"id":32706,"date":"2022-08-05T13:00:32","date_gmt":"2022-08-05T11:00:32","guid":{"rendered":"https:\/\/www.sporting-women.de\/womens-body-mind-camp\/?page_id=32706"},"modified":"2025-12-19T14:02:35","modified_gmt":"2025-12-19T13:02:35","slug":"location","status":"publish","type":"page","link":"https:\/\/www.sporting-women.de\/womens-body-mind-festival\/location\/","title":{"rendered":"Siegmund Sportpark"},"content":{"rendered":"\t\t<div data-elementor-type=\"wp-page\" data-elementor-id=\"32706\" class=\"elementor elementor-32706\" data-elementor-post-type=\"page\">\n\t\t\t\t\t\t<section class=\"elementor-section elementor-top-section elementor-element elementor-element-fd7bec5 elementor-section-boxed elementor-section-height-default elementor-section-height-default\" data-id=\"fd7bec5\" data-element_type=\"section\" data-e-type=\"section\">\n\t\t\t\t\t\t<div class=\"elementor-container elementor-column-gap-default\">\n\t\t\t\t\t<div class=\"elementor-column elementor-col-100 elementor-top-column elementor-element elementor-element-5128357\" data-id=\"5128357\" data-element_type=\"column\" data-e-type=\"column\">\n\t\t\t<div class=\"elementor-widget-wrap elementor-element-populated\">\n\t\t\t\t\t\t<div class=\"elementor-element elementor-element-801e216 elementor-widget elementor-widget-heading\" data-id=\"801e216\" data-element_type=\"widget\" data-e-type=\"widget\" data-widget_type=\"heading.default\">\n\t\t\t\t<div class=\"elementor-widget-container\">\n\t\t\t\t\t<h2 class=\"elementor-heading-title elementor-size-default\">Siegmund Sportpark \u2013 Wir vereinen Gesundheit, Fitness und Teamgeist<\/h2>\t\t\t\t<\/div>\n\t\t\t\t<\/div>\n\t\t\t\t\t<\/div>\n\t\t<\/div>\n\t\t\t\t\t<\/div>\n\t\t<\/section>\n\t\t\t\t<section class=\"elementor-section elementor-top-section elementor-element elementor-element-361d140 elementor-section-boxed elementor-section-height-default elementor-section-height-default\" data-id=\"361d140\" data-element_type=\"section\" data-e-type=\"section\">\n\t\t\t\t\t\t<div class=\"elementor-container elementor-column-gap-default\">\n\t\t\t\t\t<div class=\"elementor-column elementor-col-50 elementor-top-column elementor-element elementor-element-f266d2e\" data-id=\"f266d2e\" data-element_type=\"column\" data-e-type=\"column\">\n\t\t\t<div class=\"elementor-widget-wrap elementor-element-populated\">\n\t\t\t\t\t\t<div class=\"elementor-element elementor-element-96e8cbc elementor-widget elementor-widget-text-editor\" data-id=\"96e8cbc\" data-element_type=\"widget\" data-e-type=\"widget\" data-widget_type=\"text-editor.default\">\n\t\t\t\t<div class=\"elementor-widget-container\">\n\t\t\t\t\t\t\t\t\t<p>Der Siegmund Sportpark steht f\u00fcr moderne Sport- und Freizeitkultur auf h\u00f6chstem Niveau. Als vielseitige Sport- und Veranstaltungsanlage bietet er optimale Bedingungen f\u00fcr Leistungs- und Breitensport, Training, Wettk\u00e4mpfe sowie Firmen- und Freizeitveranstaltungen. Unser Anspruch ist es, Menschen jeden Alters f\u00fcr Bewegung zu begeistern und einen Ort zu schaffen, an dem Sport, Gesundheit und Gemeinschaft im Mittelpunkt stehen.<\/p><p>Mit hochwertig ausgestatteten Anlagen, flexiblen Nutzungsfl\u00e4chen und einer professionellen Organisation ist der Siegmund Sportpark ein verl\u00e4sslicher Partner f\u00fcr Vereine, Unternehmen, Schulen und private Gruppen. Ob ambitioniertes Training, Teambuilding-Event oder sportlicher Ausgleich \u2013 bei uns treffen Funktionalit\u00e4t, Qualit\u00e4t und Atmosph\u00e4re aufeinander.<\/p><p>Der Siegmund Sportpark verbindet sportliche Kompetenz mit Serviceorientierung und Innovationsgeist. Durch kontinuierliche Weiterentwicklung unserer Angebote und Infrastruktur schaffen wir ein Umfeld, das Leistung f\u00f6rdert, Begegnungen erm\u00f6glicht und nachhaltige Erlebnisse schafft.<\/p>\t\t\t\t\t\t\t\t<\/div>\n\t\t\t\t<\/div>\n\t\t\t\t\t<\/div>\n\t\t<\/div>\n\t\t\t\t<div class=\"elementor-column elementor-col-50 elementor-top-column elementor-element elementor-element-500831f\" data-id=\"500831f\" data-element_type=\"column\" data-e-type=\"column\">\n\t\t\t<div class=\"elementor-widget-wrap elementor-element-populated\">\n\t\t\t\t\t\t<div class=\"elementor-element elementor-element-535606e elementor-widget elementor-widget-image\" data-id=\"535606e\" data-element_type=\"widget\" data-e-type=\"widget\" data-widget_type=\"image.default\">\n\t\t\t\t<div class=\"elementor-widget-container\">\n\t\t\t\t\t\t\t\t\t\t\t\t\t\t\t<img fetchpriority=\"high\" decoding=\"async\" width=\"800\" height=\"555\" src=\"https:\/\/www.sporting-women.de\/womens-body-mind-festival\/wp-content\/uploads\/sites\/21\/2024\/04\/190809_\u00a9-ROMA_Gebaeude_0081-1024x711.jpg\" class=\"attachment-large size-large wp-image-34694\" alt=\"\" srcset=\"https:\/\/www.sporting-women.de\/womens-body-mind-festival\/wp-content\/uploads\/sites\/21\/2024\/04\/190809_\u00a9-ROMA_Gebaeude_0081-1024x711.jpg 1024w, https:\/\/www.sporting-women.de\/womens-body-mind-festival\/wp-content\/uploads\/sites\/21\/2024\/04\/190809_\u00a9-ROMA_Gebaeude_0081-300x208.jpg 300w, https:\/\/www.sporting-women.de\/womens-body-mind-festival\/wp-content\/uploads\/sites\/21\/2024\/04\/190809_\u00a9-ROMA_Gebaeude_0081-768x533.jpg 768w, https:\/\/www.sporting-women.de\/womens-body-mind-festival\/wp-content\/uploads\/sites\/21\/2024\/04\/190809_\u00a9-ROMA_Gebaeude_0081-1536x1066.jpg 1536w, https:\/\/www.sporting-women.de\/womens-body-mind-festival\/wp-content\/uploads\/sites\/21\/2024\/04\/190809_\u00a9-ROMA_Gebaeude_0081-2048x1422.jpg 2048w, https:\/\/www.sporting-women.de\/womens-body-mind-festival\/wp-content\/uploads\/sites\/21\/2024\/04\/190809_\u00a9-ROMA_Gebaeude_0081-600x416.jpg 600w\" sizes=\"(max-width: 800px) 100vw, 800px\" \/>\t\t\t\t\t\t\t\t\t\t\t\t\t\t\t<\/div>\n\t\t\t\t<\/div>\n\t\t\t\t\t<\/div>\n\t\t<\/div>\n\t\t\t\t\t<\/div>\n\t\t<\/section>\n\t\t\t\t<section class=\"elementor-section elementor-top-section elementor-element elementor-element-569c037 elementor-section-boxed elementor-section-height-default elementor-section-height-default\" data-id=\"569c037\" data-element_type=\"section\" data-e-type=\"section\">\n\t\t\t\t\t\t<div class=\"elementor-container elementor-column-gap-default\">\n\t\t\t\t\t<div class=\"elementor-column elementor-col-100 elementor-top-column elementor-element elementor-element-41c2115\" data-id=\"41c2115\" data-element_type=\"column\" data-e-type=\"column\">\n\t\t\t<div class=\"elementor-widget-wrap elementor-element-populated\">\n\t\t\t\t\t\t<div class=\"elementor-element elementor-element-aa07b3a elementor-widget-divider--separator-type-pattern elementor-widget-divider--view-line elementor-widget elementor-widget-divider\" data-id=\"aa07b3a\" data-element_type=\"widget\" data-e-type=\"widget\" data-widget_type=\"divider.default\">\n\t\t\t\t<div class=\"elementor-widget-container\">\n\t\t\t\t\t\t\t<div class=\"elementor-divider\" style=\"--divider-pattern-url: url(&quot;data:image\/svg+xml,%3Csvg xmlns=&#039;http:\/\/www.w3.org\/2000\/svg&#039; preserveAspectRatio=&#039;none&#039; overflow=&#039;visible&#039; height=&#039;100%&#039; viewBox=&#039;0 0 24 24&#039; fill=&#039;none&#039; stroke=&#039;black&#039; stroke-width=&#039;1&#039; stroke-linecap=&#039;square&#039; stroke-miterlimit=&#039;10&#039;%3E%3Cpath d=&#039;M0,6c6,0,0.9,11.1,6.9,11.1S18,6,24,6&#039;\/%3E%3C\/svg%3E&quot;);\">\n\t\t\t<span class=\"elementor-divider-separator\">\n\t\t\t\t\t\t<\/span>\n\t\t<\/div>\n\t\t\t\t\t\t<\/div>\n\t\t\t\t<\/div>\n\t\t\t\t\t<\/div>\n\t\t<\/div>\n\t\t\t\t\t<\/div>\n\t\t<\/section>\n\t\t\t\t<section class=\"elementor-section elementor-top-section elementor-element elementor-element-e250058 elementor-section-boxed elementor-section-height-default elementor-section-height-default\" data-id=\"e250058\" data-element_type=\"section\" data-e-type=\"section\">\n\t\t\t\t\t\t<div class=\"elementor-container elementor-column-gap-wider\">\n\t\t\t\t\t<div class=\"elementor-column elementor-col-33 elementor-top-column elementor-element elementor-element-f5488d9\" data-id=\"f5488d9\" data-element_type=\"column\" data-e-type=\"column\">\n\t\t\t<div class=\"elementor-widget-wrap elementor-element-populated\">\n\t\t\t\t\t\t<div class=\"elementor-element elementor-element-b4813ac elementor-widget elementor-widget-spacer\" data-id=\"b4813ac\" data-element_type=\"widget\" data-e-type=\"widget\" data-widget_type=\"spacer.default\">\n\t\t\t\t<div class=\"elementor-widget-container\">\n\t\t\t\t\t\t\t<div class=\"elementor-spacer\">\n\t\t\t<div class=\"elementor-spacer-inner\"><\/div>\n\t\t<\/div>\n\t\t\t\t\t\t<\/div>\n\t\t\t\t<\/div>\n\t\t\t\t<div class=\"elementor-element elementor-element-3cfac97 elementor-widget elementor-widget-image\" data-id=\"3cfac97\" data-element_type=\"widget\" data-e-type=\"widget\" data-widget_type=\"image.default\">\n\t\t\t\t<div class=\"elementor-widget-container\">\n\t\t\t\t\t\t\t\t\t\t\t\t\t\t\t<img decoding=\"async\" width=\"800\" height=\"109\" src=\"https:\/\/www.sporting-women.de\/womens-body-mind-festival\/wp-content\/uploads\/sites\/21\/2025\/12\/Logo_Siegmund-Sportpark__4c-1024x140.png\" class=\"attachment-large size-large wp-image-36916\" alt=\"\" srcset=\"https:\/\/www.sporting-women.de\/womens-body-mind-festival\/wp-content\/uploads\/sites\/21\/2025\/12\/Logo_Siegmund-Sportpark__4c-1024x140.png 1024w, https:\/\/www.sporting-women.de\/womens-body-mind-festival\/wp-content\/uploads\/sites\/21\/2025\/12\/Logo_Siegmund-Sportpark__4c-300x41.png 300w, https:\/\/www.sporting-women.de\/womens-body-mind-festival\/wp-content\/uploads\/sites\/21\/2025\/12\/Logo_Siegmund-Sportpark__4c-768x105.png 768w, https:\/\/www.sporting-women.de\/womens-body-mind-festival\/wp-content\/uploads\/sites\/21\/2025\/12\/Logo_Siegmund-Sportpark__4c-1536x210.png 1536w, https:\/\/www.sporting-women.de\/womens-body-mind-festival\/wp-content\/uploads\/sites\/21\/2025\/12\/Logo_Siegmund-Sportpark__4c-2048x280.png 2048w, https:\/\/www.sporting-women.de\/womens-body-mind-festival\/wp-content\/uploads\/sites\/21\/2025\/12\/Logo_Siegmund-Sportpark__4c-600x82.png 600w\" sizes=\"(max-width: 800px) 100vw, 800px\" \/>\t\t\t\t\t\t\t\t\t\t\t\t\t\t\t<\/div>\n\t\t\t\t<\/div>\n\t\t\t\t\t<\/div>\n\t\t<\/div>\n\t\t\t\t<div class=\"elementor-column elementor-col-66 elementor-top-column elementor-element elementor-element-a5e833b\" data-id=\"a5e833b\" data-element_type=\"column\" data-e-type=\"column\">\n\t\t\t<div class=\"elementor-widget-wrap elementor-element-populated\">\n\t\t\t\t\t\t<div class=\"elementor-element elementor-element-d539dea elementor-widget elementor-widget-text-editor\" data-id=\"d539dea\" data-element_type=\"widget\" data-e-type=\"widget\" data-widget_type=\"text-editor.default\">\n\t\t\t\t<div class=\"elementor-widget-container\">\n\t\t\t\t\t\t\t\t\t<p>Max-Josef-Metzger-Stra\u00dfe 5<br \/>86157 Augsburg\u00a0<\/p><p>Tel: +49 <span class=\"LrzXr zdqRlf kno-fv\"><span aria-label=\"0821 404040 anrufen\">(0)821 442244<\/span><\/span><br \/>E-Mail: <a href=\"mailto:info@siegmund.sport\"><span style=\"color: #faba5b;\">info@siegmund.sport<\/span><\/a><br \/>Webseite: <a href=\"https:\/\/siegmund.sport\/\"><span style=\"color: #faba5b;\">www.siegmund.sport<\/span><\/a><\/p>\t\t\t\t\t\t\t\t<\/div>\n\t\t\t\t<\/div>\n\t\t\t\t\t<\/div>\n\t\t<\/div>\n\t\t\t\t\t<\/div>\n\t\t<\/section>\n\t\t\t\t<section class=\"elementor-section elementor-top-section elementor-element elementor-element-b2b3a5f elementor-section-boxed elementor-section-height-default elementor-section-height-default\" data-id=\"b2b3a5f\" data-element_type=\"section\" data-e-type=\"section\" data-settings=\"{&quot;background_background&quot;:&quot;classic&quot;}\">\n\t\t\t\t\t\t<div class=\"elementor-container elementor-column-gap-default\">\n\t\t\t\t\t<div class=\"elementor-column elementor-col-100 elementor-top-column elementor-element elementor-element-fdc19c6\" data-id=\"fdc19c6\" data-element_type=\"column\" data-e-type=\"column\" data-settings=\"{&quot;background_background&quot;:&quot;classic&quot;}\">\n\t\t\t<div class=\"elementor-widget-wrap elementor-element-populated\">\n\t\t\t\t\t\t<div class=\"elementor-element elementor-element-5591b54 elementor-widget elementor-widget-google_maps\" data-id=\"5591b54\" data-element_type=\"widget\" data-e-type=\"widget\" data-widget_type=\"google_maps.default\">\n\t\t\t\t<div class=\"elementor-widget-container\">\n\t\t\t\t\t\t\t<div class=\"elementor-custom-embed\">\n\t\t\t<iframe loading=\"lazy\"\n\t\t\t\t\tsrc=\"https:\/\/maps.google.com\/maps?q=Siegmund%20Sporpark%2C%20Max-Josef-Metzger-Stra%C3%9Fe&#038;t=m&#038;z=11&#038;output=embed&#038;iwloc=near\"\n\t\t\t\t\ttitle=\"Siegmund Sporpark, Max-Josef-Metzger-Stra\u00dfe\"\n\t\t\t\t\taria-label=\"Siegmund Sporpark, Max-Josef-Metzger-Stra\u00dfe\"\n\t\t\t><\/iframe>\n\t\t<\/div>\n\t\t\t\t\t\t<\/div>\n\t\t\t\t<\/div>\n\t\t\t\t\t<\/div>\n\t\t<\/div>\n\t\t\t\t\t<\/div>\n\t\t<\/section>\n\t\t\t\t<section class=\"elementor-section elementor-top-section elementor-element elementor-element-ebb30ae elementor-section-boxed elementor-section-height-default elementor-section-height-default\" data-id=\"ebb30ae\" data-element_type=\"section\" data-e-type=\"section\">\n\t\t\t\t\t\t<div class=\"elementor-container elementor-column-gap-default\">\n\t\t\t\t\t<div class=\"elementor-column elementor-col-100 elementor-top-column elementor-element elementor-element-1849282\" data-id=\"1849282\" data-element_type=\"column\" data-e-type=\"column\">\n\t\t\t<div class=\"elementor-widget-wrap elementor-element-populated\">\n\t\t\t\t\t\t<div class=\"elementor-element elementor-element-a93630a elementor-widget elementor-widget-spacer\" data-id=\"a93630a\" data-element_type=\"widget\" data-e-type=\"widget\" data-widget_type=\"spacer.default\">\n\t\t\t\t<div class=\"elementor-widget-container\">\n\t\t\t\t\t\t\t<div class=\"elementor-spacer\">\n\t\t\t<div class=\"elementor-spacer-inner\"><\/div>\n\t\t<\/div>\n\t\t\t\t\t\t<\/div>\n\t\t\t\t<\/div>\n\t\t\t\t\t<\/div>\n\t\t<\/div>\n\t\t\t\t\t<\/div>\n\t\t<\/section>\n\t\t\t\t<\/div>\n\t\t","protected":false},"excerpt":{"rendered":"<p>Siegmund Sportpark \u2013 Wir vereinen Gesundheit, Fitness und Teamgeist Der Siegmund Sportpark steht f\u00fcr moderne Sport- und Freizeitkultur auf h\u00f6chstem Niveau. Als vielseitige Sport- und Veranstaltungsanlage bietet er optimale Bedingungen f\u00fcr Leistungs- und Breitensport, Training, Wettk\u00e4mpfe sowie Firmen- und Freizeitveranstaltungen. Unser Anspruch ist es, Menschen jeden Alters f\u00fcr Bewegung zu begeistern und einen Ort zu [&hellip;]<\/p>\n","protected":false},"author":2,"featured_media":0,"parent":0,"menu_order":0,"comment_status":"closed","ping_status":"closed","template":"","meta":{"_acf_changed":false,"footnotes":""},"class_list":["post-32706","page","type-page","status-publish","hentry"],"acf":[],"_links":{"self":[{"href":"https:\/\/www.sporting-women.de\/womens-body-mind-festival\/wp-json\/wp\/v2\/pages\/32706","targetHints":{"allow":["GET"]}}],"collection":[{"href":"https:\/\/www.sporting-women.de\/womens-body-mind-festival\/wp-json\/wp\/v2\/pages"}],"about":[{"href":"https:\/\/www.sporting-women.de\/womens-body-mind-festival\/wp-json\/wp\/v2\/types\/page"}],"author":[{"embeddable":true,"href":"https:\/\/www.sporting-women.de\/womens-body-mind-festival\/wp-json\/wp\/v2\/users\/2"}],"replies":[{"embeddable":true,"href":"https:\/\/www.sporting-women.de\/womens-body-mind-festival\/wp-json\/wp\/v2\/comments?post=32706"}],"version-history":[{"count":0,"href":"https:\/\/www.sporting-women.de\/womens-body-mind-festival\/wp-json\/wp\/v2\/pages\/32706\/revisions"}],"wp:attachment":[{"href":"https:\/\/www.sporting-women.de\/womens-body-mind-festival\/wp-json\/wp\/v2\/media?parent=32706"}],"curies":[{"name":"wp","href":"https:\/\/api.w.org\/{rel}","templated":true}]}}