
{"id":32712,"date":"2022-08-05T13:00:32","date_gmt":"2022-08-05T11:00:32","guid":{"rendered":"https:\/\/www.sporting-women.de\/womens-cycling-camp\/?page_id=32712"},"modified":"2024-03-15T11:55:53","modified_gmt":"2024-03-15T10:55:53","slug":"hotel","status":"publish","type":"page","link":"https:\/\/www.sporting-women.de\/womens-cycling-camp\/hotel\/","title":{"rendered":"Hotel Ro\u00dfhaupten"},"content":{"rendered":"\t\t<div data-elementor-type=\"wp-page\" data-elementor-id=\"32712\" class=\"elementor elementor-32712\" data-elementor-post-type=\"page\">\n\t\t\t\t\t\t<section class=\"elementor-section elementor-top-section elementor-element elementor-element-0f0774c elementor-section-boxed elementor-section-height-default elementor-section-height-default\" data-id=\"0f0774c\" data-element_type=\"section\" data-e-type=\"section\">\n\t\t\t\t\t\t<div class=\"elementor-container elementor-column-gap-default\">\n\t\t\t\t\t<div class=\"elementor-column elementor-col-100 elementor-top-column elementor-element elementor-element-6af9a2f\" data-id=\"6af9a2f\" data-element_type=\"column\" data-e-type=\"column\">\n\t\t\t<div class=\"elementor-widget-wrap elementor-element-populated\">\n\t\t\t\t\t\t<div class=\"elementor-element elementor-element-deb7f3a elementor-widget elementor-widget-heading\" data-id=\"deb7f3a\" data-element_type=\"widget\" data-e-type=\"widget\" data-widget_type=\"heading.default\">\n\t\t\t\t<div class=\"elementor-widget-container\">\n\t\t\t\t\t<h2 class=\"elementor-heading-title elementor-size-default\">Unterkunft<\/h2>\t\t\t\t<\/div>\n\t\t\t\t<\/div>\n\t\t\t\t\t<\/div>\n\t\t<\/div>\n\t\t\t\t\t<\/div>\n\t\t<\/section>\n\t\t\t\t<section class=\"elementor-section elementor-top-section elementor-element elementor-element-4b4b110 elementor-section-boxed elementor-section-height-default elementor-section-height-default\" data-id=\"4b4b110\" data-element_type=\"section\" data-e-type=\"section\">\n\t\t\t\t\t\t<div class=\"elementor-container elementor-column-gap-default\">\n\t\t\t\t\t<div class=\"elementor-column elementor-col-50 elementor-top-column elementor-element elementor-element-f811ff7\" data-id=\"f811ff7\" data-element_type=\"column\" data-e-type=\"column\">\n\t\t\t<div class=\"elementor-widget-wrap elementor-element-populated\">\n\t\t\t\t\t\t<div class=\"elementor-element elementor-element-2e867a6 elementor-widget elementor-widget-heading\" data-id=\"2e867a6\" data-element_type=\"widget\" data-e-type=\"widget\" data-widget_type=\"heading.default\">\n\t\t\t\t<div class=\"elementor-widget-container\">\n\t\t\t\t\t<h2 class=\"elementor-heading-title elementor-size-default\">Hotel Kaufmann<\/h2>\t\t\t\t<\/div>\n\t\t\t\t<\/div>\n\t\t\t\t<div class=\"elementor-element elementor-element-768cd01 elementor-widget elementor-widget-text-editor\" data-id=\"768cd01\" data-element_type=\"widget\" data-e-type=\"widget\" data-widget_type=\"text-editor.default\">\n\t\t\t\t<div class=\"elementor-widget-container\">\n\t\t\t\t\t\t\t\t\t<p>Das Hotel wird von Familie Kaufmann gef\u00fchrt und der Chef selbst ist begeisterter Radsportler. Von den <a href=\"https:\/\/www.hotel-kaufmann.de\/wohnen\/zimmer-suiten\" target=\"_blank\" rel=\"noopener\"><span style=\"color: #009dae;\"><span style=\"color: #ed424d;\">Hotelzimmern<\/span><\/span><\/a> aus, l\u00e4sst sich der Forggensee und die traumhafte Bergkulisse der Allg\u00e4uer Alpen erblicken. <a href=\"https:\/\/www.hotel-kaufmann.de\/kulinarik\" target=\"_blank\" rel=\"noopener\"><span style=\"color: #009dae;\"><span style=\"color: #ed424d;\">Kulinarische Leckerbissen<\/span><\/span><\/a>, ein exklusiver Wellness-Bereich und herzliche Gastgeber warten auf euch.<\/p><p><strong><span style=\"color: #ed424d;\">Natur. Ruhe. Erholung.<\/span><\/strong><\/p><p>Tauche ein in die gro\u00dfz\u00fcgige <span style=\"color: #ed424d;\"><a style=\"color: #ed424d;\" href=\"https:\/\/www.hotel-kaufmann.de\/wellness\/sauna-wasserwelt\" target=\"_blank\" rel=\"noopener\">Sauna- und Wasserlandschaft<\/a><\/span>, lasse den stressigen Alltag hinter dir und genie\u00dfe entspannte Stunden in unserem Wellnessbereich.<\/p>\t\t\t\t\t\t\t\t<\/div>\n\t\t\t\t<\/div>\n\t\t\t\t\t<\/div>\n\t\t<\/div>\n\t\t\t\t<div class=\"elementor-column elementor-col-50 elementor-top-column elementor-element elementor-element-7cdfc19\" data-id=\"7cdfc19\" data-element_type=\"column\" data-e-type=\"column\">\n\t\t\t<div class=\"elementor-widget-wrap elementor-element-populated\">\n\t\t\t\t\t\t<div class=\"elementor-element elementor-element-178edbe elementor-widget elementor-widget-image\" data-id=\"178edbe\" data-element_type=\"widget\" data-e-type=\"widget\" data-widget_type=\"image.default\">\n\t\t\t\t<div class=\"elementor-widget-container\">\n\t\t\t\t\t\t\t\t\t\t\t\t\t\t\t<img fetchpriority=\"high\" decoding=\"async\" width=\"800\" height=\"530\" src=\"https:\/\/www.sporting-women.de\/womens-cycling-camp\/wp-content\/uploads\/sites\/16\/2022\/11\/11-07-26_Kaufmann_089-1024x678.jpg\" class=\"attachment-large size-large wp-image-32737\" alt=\"Rennrad-Camp-Hotel-Kaufmann-Sonne-Ro\u00dfhaupten\" srcset=\"https:\/\/www.sporting-women.de\/womens-cycling-camp\/wp-content\/uploads\/sites\/16\/2022\/11\/11-07-26_Kaufmann_089-1024x678.jpg 1024w, https:\/\/www.sporting-women.de\/womens-cycling-camp\/wp-content\/uploads\/sites\/16\/2022\/11\/11-07-26_Kaufmann_089-300x199.jpg 300w, https:\/\/www.sporting-women.de\/womens-cycling-camp\/wp-content\/uploads\/sites\/16\/2022\/11\/11-07-26_Kaufmann_089-768x509.jpg 768w, https:\/\/www.sporting-women.de\/womens-cycling-camp\/wp-content\/uploads\/sites\/16\/2022\/11\/11-07-26_Kaufmann_089-391x260.jpg 391w, https:\/\/www.sporting-women.de\/womens-cycling-camp\/wp-content\/uploads\/sites\/16\/2022\/11\/11-07-26_Kaufmann_089-1536x1018.jpg 1536w, https:\/\/www.sporting-women.de\/womens-cycling-camp\/wp-content\/uploads\/sites\/16\/2022\/11\/11-07-26_Kaufmann_089-2048x1357.jpg 2048w, https:\/\/www.sporting-women.de\/womens-cycling-camp\/wp-content\/uploads\/sites\/16\/2022\/11\/11-07-26_Kaufmann_089-600x397.jpg 600w\" sizes=\"(max-width: 800px) 100vw, 800px\" \/>\t\t\t\t\t\t\t\t\t\t\t\t\t\t\t<\/div>\n\t\t\t\t<\/div>\n\t\t\t\t\t<\/div>\n\t\t<\/div>\n\t\t\t\t\t<\/div>\n\t\t<\/section>\n\t\t\t\t<section class=\"elementor-section elementor-top-section elementor-element elementor-element-df7e4b9 elementor-section-boxed elementor-section-height-default elementor-section-height-default\" data-id=\"df7e4b9\" data-element_type=\"section\" data-e-type=\"section\">\n\t\t\t\t\t\t<div class=\"elementor-container elementor-column-gap-default\">\n\t\t\t\t\t<div class=\"elementor-column elementor-col-100 elementor-top-column elementor-element elementor-element-5113474\" data-id=\"5113474\" data-element_type=\"column\" data-e-type=\"column\">\n\t\t\t<div class=\"elementor-widget-wrap elementor-element-populated\">\n\t\t\t\t\t\t<div class=\"elementor-element elementor-element-a927940 gallery-spacing-custom elementor-widget elementor-widget-image-gallery\" data-id=\"a927940\" data-element_type=\"widget\" data-e-type=\"widget\" data-widget_type=\"image-gallery.default\">\n\t\t\t\t<div class=\"elementor-widget-container\">\n\t\t\t\t\t\t\t<div class=\"elementor-image-gallery\">\n\t\t\t<div id='gallery-1' class='gallery galleryid-32712 gallery-columns-3 gallery-size-medium'><figure class='gallery-item'>\r\n\t\t\t<div class='gallery-icon landscape'>\r\n\t\t\t\t<a data-elementor-open-lightbox=\"yes\" data-elementor-lightbox-slideshow=\"a927940\" data-elementor-lightbox-title=\"Hotel Kaufmann, Rosshaupten\" data-e-action-hash=\"#elementor-action%3Aaction%3Dlightbox%26settings%3DeyJpZCI6MzI3MzgsInVybCI6Imh0dHBzOlwvXC93d3cuc3BvcnRpbmctd29tZW4uZGVcL3dvbWVucy1jeWNsaW5nLWNhbXBcL3dwLWNvbnRlbnRcL3VwbG9hZHNcL3NpdGVzXC8xNlwvMjAyMlwvMTFcLzExLTAzLTI0X1ppLURlTHV4ZUJTYW1laXN0ZXJfNTQtc2NhbGVkLmpwZyIsInNsaWRlc2hvdyI6ImE5Mjc5NDAifQ%3D%3D\" href='https:\/\/www.sporting-women.de\/womens-cycling-camp\/wp-content\/uploads\/sites\/16\/2022\/11\/11-03-24_Zi-DeLuxeBSameister_54-scaled.jpg'><img decoding=\"async\" width=\"300\" height=\"200\" src=\"https:\/\/www.sporting-women.de\/womens-cycling-camp\/wp-content\/uploads\/sites\/16\/2022\/11\/11-03-24_Zi-DeLuxeBSameister_54-300x200.jpg\" class=\"attachment-medium size-medium\" alt=\"Rennrad-Camp-Hotel-Kaufmann-Zimmer-Bett-Ro\u00dfhaupten-Allg\u00e4u\" aria-describedby=\"gallery-1-32738\" srcset=\"https:\/\/www.sporting-women.de\/womens-cycling-camp\/wp-content\/uploads\/sites\/16\/2022\/11\/11-03-24_Zi-DeLuxeBSameister_54-300x200.jpg 300w, https:\/\/www.sporting-women.de\/womens-cycling-camp\/wp-content\/uploads\/sites\/16\/2022\/11\/11-03-24_Zi-DeLuxeBSameister_54-1024x683.jpg 1024w, https:\/\/www.sporting-women.de\/womens-cycling-camp\/wp-content\/uploads\/sites\/16\/2022\/11\/11-03-24_Zi-DeLuxeBSameister_54-768x512.jpg 768w, https:\/\/www.sporting-women.de\/womens-cycling-camp\/wp-content\/uploads\/sites\/16\/2022\/11\/11-03-24_Zi-DeLuxeBSameister_54-391x260.jpg 391w, https:\/\/www.sporting-women.de\/womens-cycling-camp\/wp-content\/uploads\/sites\/16\/2022\/11\/11-03-24_Zi-DeLuxeBSameister_54-1536x1024.jpg 1536w, https:\/\/www.sporting-women.de\/womens-cycling-camp\/wp-content\/uploads\/sites\/16\/2022\/11\/11-03-24_Zi-DeLuxeBSameister_54-2048x1365.jpg 2048w, https:\/\/www.sporting-women.de\/womens-cycling-camp\/wp-content\/uploads\/sites\/16\/2022\/11\/11-03-24_Zi-DeLuxeBSameister_54-600x400.jpg 600w\" sizes=\"(max-width: 300px) 100vw, 300px\" \/><\/a>\r\n\t\t\t<\/div>\r\n\t\t\t\t<figcaption class='wp-caption-text gallery-caption' id='gallery-1-32738'>\r\n\t\t\t\tFotoaufnahmen vom M\u00e4rz 2011\r\n\t\t\t\t<\/figcaption><\/figure><figure class='gallery-item'>\r\n\t\t\t<div class='gallery-icon landscape'>\r\n\t\t\t\t<a data-elementor-open-lightbox=\"yes\" data-elementor-lightbox-slideshow=\"a927940\" data-elementor-lightbox-title=\"Hotel Kaufmann, Rosshaupten\" data-e-action-hash=\"#elementor-action%3Aaction%3Dlightbox%26settings%3DeyJpZCI6MzI3MzksInVybCI6Imh0dHBzOlwvXC93d3cuc3BvcnRpbmctd29tZW4uZGVcL3dvbWVucy1jeWNsaW5nLWNhbXBcL3dwLWNvbnRlbnRcL3VwbG9hZHNcL3NpdGVzXC8xNlwvMjAyMlwvMTFcLzExLTAzLTI0X1ppLUdlYmF0aF8xMi4yLXNjYWxlZC5qcGciLCJzbGlkZXNob3ciOiJhOTI3OTQwIn0%3D\" href='https:\/\/www.sporting-women.de\/womens-cycling-camp\/wp-content\/uploads\/sites\/16\/2022\/11\/11-03-24_Zi-Gebath_12.2-scaled.jpg'><img decoding=\"async\" width=\"300\" height=\"200\" src=\"https:\/\/www.sporting-women.de\/womens-cycling-camp\/wp-content\/uploads\/sites\/16\/2022\/11\/11-03-24_Zi-Gebath_12.2-300x200.jpg\" class=\"attachment-medium size-medium\" alt=\"Rennrad-Camp-Hotel-Kaufmann-Zimmer-Ro\u00dfhaupten\" aria-describedby=\"gallery-1-32739\" srcset=\"https:\/\/www.sporting-women.de\/womens-cycling-camp\/wp-content\/uploads\/sites\/16\/2022\/11\/11-03-24_Zi-Gebath_12.2-300x200.jpg 300w, https:\/\/www.sporting-women.de\/womens-cycling-camp\/wp-content\/uploads\/sites\/16\/2022\/11\/11-03-24_Zi-Gebath_12.2-1024x683.jpg 1024w, https:\/\/www.sporting-women.de\/womens-cycling-camp\/wp-content\/uploads\/sites\/16\/2022\/11\/11-03-24_Zi-Gebath_12.2-768x512.jpg 768w, https:\/\/www.sporting-women.de\/womens-cycling-camp\/wp-content\/uploads\/sites\/16\/2022\/11\/11-03-24_Zi-Gebath_12.2-391x260.jpg 391w, https:\/\/www.sporting-women.de\/womens-cycling-camp\/wp-content\/uploads\/sites\/16\/2022\/11\/11-03-24_Zi-Gebath_12.2-1536x1024.jpg 1536w, https:\/\/www.sporting-women.de\/womens-cycling-camp\/wp-content\/uploads\/sites\/16\/2022\/11\/11-03-24_Zi-Gebath_12.2-2048x1365.jpg 2048w, https:\/\/www.sporting-women.de\/womens-cycling-camp\/wp-content\/uploads\/sites\/16\/2022\/11\/11-03-24_Zi-Gebath_12.2-600x400.jpg 600w\" sizes=\"(max-width: 300px) 100vw, 300px\" \/><\/a>\r\n\t\t\t<\/div>\r\n\t\t\t\t<figcaption class='wp-caption-text gallery-caption' id='gallery-1-32739'>\r\n\t\t\t\tFotoaufnahmen vom M\u00e4rz 2011\r\n\t\t\t\t<\/figcaption><\/figure><figure class='gallery-item'>\r\n\t\t\t<div class='gallery-icon landscape'>\r\n\t\t\t\t<a data-elementor-open-lightbox=\"yes\" data-elementor-lightbox-slideshow=\"a927940\" data-elementor-lightbox-title=\"Hotel Kaufmann, Rosshaupten\" data-e-action-hash=\"#elementor-action%3Aaction%3Dlightbox%26settings%3DeyJpZCI6MzI3NDIsInVybCI6Imh0dHBzOlwvXC93d3cuc3BvcnRpbmctd29tZW4uZGVcL3dvbWVucy1jeWNsaW5nLWNhbXBcL3dwLWNvbnRlbnRcL3VwbG9hZHNcL3NpdGVzXC8xNlwvMjAyMlwvMTFcLzExLTA3LTI2X0thdWZtYW5uXzEyNC1zY2FsZWQuanBnIiwic2xpZGVzaG93IjoiYTkyNzk0MCJ9\" href='https:\/\/www.sporting-women.de\/womens-cycling-camp\/wp-content\/uploads\/sites\/16\/2022\/11\/11-07-26_Kaufmann_124-scaled.jpg'><img loading=\"lazy\" decoding=\"async\" width=\"300\" height=\"199\" src=\"https:\/\/www.sporting-women.de\/womens-cycling-camp\/wp-content\/uploads\/sites\/16\/2022\/11\/11-07-26_Kaufmann_124-300x199.jpg\" class=\"attachment-medium size-medium\" alt=\"Rennrad-Camp-Hotel-Kaufmann-Sonne-Ro\u00dfhaupten-Allg\u00e4u\" aria-describedby=\"gallery-1-32742\" srcset=\"https:\/\/www.sporting-women.de\/womens-cycling-camp\/wp-content\/uploads\/sites\/16\/2022\/11\/11-07-26_Kaufmann_124-300x199.jpg 300w, https:\/\/www.sporting-women.de\/womens-cycling-camp\/wp-content\/uploads\/sites\/16\/2022\/11\/11-07-26_Kaufmann_124-1024x678.jpg 1024w, https:\/\/www.sporting-women.de\/womens-cycling-camp\/wp-content\/uploads\/sites\/16\/2022\/11\/11-07-26_Kaufmann_124-768x509.jpg 768w, https:\/\/www.sporting-women.de\/womens-cycling-camp\/wp-content\/uploads\/sites\/16\/2022\/11\/11-07-26_Kaufmann_124-391x260.jpg 391w, https:\/\/www.sporting-women.de\/womens-cycling-camp\/wp-content\/uploads\/sites\/16\/2022\/11\/11-07-26_Kaufmann_124-1536x1017.jpg 1536w, https:\/\/www.sporting-women.de\/womens-cycling-camp\/wp-content\/uploads\/sites\/16\/2022\/11\/11-07-26_Kaufmann_124-2048x1356.jpg 2048w, https:\/\/www.sporting-women.de\/womens-cycling-camp\/wp-content\/uploads\/sites\/16\/2022\/11\/11-07-26_Kaufmann_124-600x397.jpg 600w\" sizes=\"(max-width: 300px) 100vw, 300px\" \/><\/a>\r\n\t\t\t<\/div>\r\n\t\t\t\t<figcaption class='wp-caption-text gallery-caption' id='gallery-1-32742'>\r\n\t\t\t\tFotoaufnahmen vom 26.07.2011\r\n\t\t\t\t<\/figcaption><\/figure>\r\n\t\t<\/div>\n\t\t<\/div>\n\t\t\t\t\t\t<\/div>\n\t\t\t\t<\/div>\n\t\t\t\t<div class=\"elementor-element elementor-element-b794bb7 elementor-widget-divider--separator-type-pattern elementor-widget-divider--view-line elementor-widget elementor-widget-divider\" data-id=\"b794bb7\" data-element_type=\"widget\" data-e-type=\"widget\" data-widget_type=\"divider.default\">\n\t\t\t\t<div class=\"elementor-widget-container\">\n\t\t\t\t\t\t\t<div class=\"elementor-divider\" style=\"--divider-pattern-url: url(&quot;data:image\/svg+xml,%3Csvg xmlns=&#039;http:\/\/www.w3.org\/2000\/svg&#039; preserveAspectRatio=&#039;none&#039; overflow=&#039;visible&#039; height=&#039;100%&#039; viewBox=&#039;0 0 24 24&#039; fill=&#039;none&#039; stroke=&#039;black&#039; stroke-width=&#039;1&#039; stroke-linecap=&#039;square&#039; stroke-miterlimit=&#039;10&#039;%3E%3Cpath d=&#039;M0,6c6,0,0.9,11.1,6.9,11.1S18,6,24,6&#039;\/%3E%3C\/svg%3E&quot;);\">\n\t\t\t<span class=\"elementor-divider-separator\">\n\t\t\t\t\t\t<\/span>\n\t\t<\/div>\n\t\t\t\t\t\t<\/div>\n\t\t\t\t<\/div>\n\t\t\t\t\t<\/div>\n\t\t<\/div>\n\t\t\t\t\t<\/div>\n\t\t<\/section>\n\t\t\t\t<section class=\"elementor-section elementor-top-section elementor-element elementor-element-7f000f7 elementor-section-boxed elementor-section-height-default elementor-section-height-default\" data-id=\"7f000f7\" data-element_type=\"section\" data-e-type=\"section\" data-settings=\"{&quot;background_background&quot;:&quot;classic&quot;}\">\n\t\t\t\t\t\t<div class=\"elementor-container elementor-column-gap-default\">\n\t\t\t\t\t<div class=\"elementor-column elementor-col-50 elementor-top-column elementor-element elementor-element-5e909a5\" data-id=\"5e909a5\" data-element_type=\"column\" data-e-type=\"column\" data-settings=\"{&quot;background_background&quot;:&quot;classic&quot;}\">\n\t\t\t<div class=\"elementor-widget-wrap elementor-element-populated\">\n\t\t\t\t\t\t<section class=\"elementor-section elementor-inner-section elementor-element elementor-element-65db0a2 elementor-section-boxed elementor-section-height-default elementor-section-height-default\" data-id=\"65db0a2\" data-element_type=\"section\" data-e-type=\"section\">\n\t\t\t\t\t\t<div class=\"elementor-container elementor-column-gap-default\">\n\t\t\t\t\t<div class=\"elementor-column elementor-col-50 elementor-inner-column elementor-element elementor-element-eb07ac7\" data-id=\"eb07ac7\" data-element_type=\"column\" data-e-type=\"column\">\n\t\t\t<div class=\"elementor-widget-wrap elementor-element-populated\">\n\t\t\t\t\t\t<div class=\"elementor-element elementor-element-5771bba elementor-widget elementor-widget-image\" data-id=\"5771bba\" data-element_type=\"widget\" data-e-type=\"widget\" data-widget_type=\"image.default\">\n\t\t\t\t<div class=\"elementor-widget-container\">\n\t\t\t\t\t\t\t\t\t\t\t\t\t\t\t<img loading=\"lazy\" decoding=\"async\" width=\"800\" height=\"249\" src=\"https:\/\/www.sporting-women.de\/womens-cycling-camp\/wp-content\/uploads\/sites\/16\/2022\/11\/20190603130324-logo.png\" class=\"attachment-large size-large wp-image-32735\" alt=\"\" srcset=\"https:\/\/www.sporting-women.de\/womens-cycling-camp\/wp-content\/uploads\/sites\/16\/2022\/11\/20190603130324-logo.png 915w, https:\/\/www.sporting-women.de\/womens-cycling-camp\/wp-content\/uploads\/sites\/16\/2022\/11\/20190603130324-logo-300x93.png 300w, https:\/\/www.sporting-women.de\/womens-cycling-camp\/wp-content\/uploads\/sites\/16\/2022\/11\/20190603130324-logo-768x239.png 768w, https:\/\/www.sporting-women.de\/womens-cycling-camp\/wp-content\/uploads\/sites\/16\/2022\/11\/20190603130324-logo-600x187.png 600w\" sizes=\"(max-width: 800px) 100vw, 800px\" \/>\t\t\t\t\t\t\t\t\t\t\t\t\t\t\t<\/div>\n\t\t\t\t<\/div>\n\t\t\t\t\t<\/div>\n\t\t<\/div>\n\t\t\t\t<div class=\"elementor-column elementor-col-50 elementor-inner-column elementor-element elementor-element-247a824\" data-id=\"247a824\" data-element_type=\"column\" data-e-type=\"column\">\n\t\t\t<div class=\"elementor-widget-wrap elementor-element-populated\">\n\t\t\t\t\t\t<div class=\"elementor-element elementor-element-b203aa7 elementor-widget elementor-widget-text-editor\" data-id=\"b203aa7\" data-element_type=\"widget\" data-e-type=\"widget\" data-widget_type=\"text-editor.default\">\n\t\t\t\t<div class=\"elementor-widget-container\">\n\t\t\t\t\t\t\t\t\t<h4>Hotel Kaufmann<\/h4><p>Hotel Kaufmann<br \/>F\u00fcssener Str. 44<br \/>87672 Ro\u00dfhaupten<\/p><p>Tel: +49 8367 \/ 91 23-0<br \/>E-Mail: <span style=\"color: #ed424d;\"><a style=\"color: #ed424d;\" href=\"mailto:info@hotel-kaufmann.de\" target=\"_blank\" rel=\"noopener noreferrer\">info@hotel-kaufmann.de<\/a><\/span><br \/>Webseite: <a href=\"https:\/\/hotel-kaufmann.de\" target=\"_blank\" rel=\"noopener noreferrer\"><span style=\"color: #009dae;\"><span style=\"color: #ed424d;\">www.hotel-kaufmann.de<\/span><\/span><\/a><\/p>\t\t\t\t\t\t\t\t<\/div>\n\t\t\t\t<\/div>\n\t\t\t\t\t<\/div>\n\t\t<\/div>\n\t\t\t\t\t<\/div>\n\t\t<\/section>\n\t\t\t\t\t<\/div>\n\t\t<\/div>\n\t\t\t\t<div class=\"elementor-column elementor-col-50 elementor-top-column elementor-element elementor-element-ac8a46e\" data-id=\"ac8a46e\" data-element_type=\"column\" data-e-type=\"column\" data-settings=\"{&quot;background_background&quot;:&quot;classic&quot;}\">\n\t\t\t<div class=\"elementor-widget-wrap elementor-element-populated\">\n\t\t\t\t\t\t<div class=\"elementor-element elementor-element-2349107 elementor-widget elementor-widget-google_maps\" data-id=\"2349107\" data-element_type=\"widget\" data-e-type=\"widget\" data-widget_type=\"google_maps.default\">\n\t\t\t\t<div class=\"elementor-widget-container\">\n\t\t\t\t\t\t\t<div class=\"elementor-custom-embed\">\n\t\t\t<iframe loading=\"lazy\"\n\t\t\t\t\tsrc=\"https:\/\/maps.google.com\/maps?q=Hotel%20Kaufmann&#038;t=m&#038;z=13&#038;output=embed&#038;iwloc=near\"\n\t\t\t\t\ttitle=\"Hotel Kaufmann\"\n\t\t\t\t\taria-label=\"Hotel Kaufmann\"\n\t\t\t><\/iframe>\n\t\t<\/div>\n\t\t\t\t\t\t<\/div>\n\t\t\t\t<\/div>\n\t\t\t\t\t<\/div>\n\t\t<\/div>\n\t\t\t\t\t<\/div>\n\t\t<\/section>\n\t\t\t\t<section class=\"elementor-section elementor-top-section elementor-element elementor-element-a74f65c elementor-section-boxed elementor-section-height-default elementor-section-height-default\" data-id=\"a74f65c\" data-element_type=\"section\" data-e-type=\"section\">\n\t\t\t\t\t\t<div class=\"elementor-container elementor-column-gap-default\">\n\t\t\t\t\t<div class=\"elementor-column elementor-col-100 elementor-top-column elementor-element elementor-element-492b00d\" data-id=\"492b00d\" data-element_type=\"column\" data-e-type=\"column\">\n\t\t\t<div class=\"elementor-widget-wrap elementor-element-populated\">\n\t\t\t\t\t\t<div class=\"elementor-element elementor-element-3659bb9 elementor-widget elementor-widget-spacer\" data-id=\"3659bb9\" data-element_type=\"widget\" data-e-type=\"widget\" data-widget_type=\"spacer.default\">\n\t\t\t\t<div class=\"elementor-widget-container\">\n\t\t\t\t\t\t\t<div class=\"elementor-spacer\">\n\t\t\t<div class=\"elementor-spacer-inner\"><\/div>\n\t\t<\/div>\n\t\t\t\t\t\t<\/div>\n\t\t\t\t<\/div>\n\t\t\t\t\t<\/div>\n\t\t<\/div>\n\t\t\t\t\t<\/div>\n\t\t<\/section>\n\t\t\t\t<\/div>\n\t\t","protected":false},"excerpt":{"rendered":"<p>Unterkunft Hotel Kaufmann Das Hotel wird von Familie Kaufmann gef\u00fchrt und der Chef selbst ist begeisterter Radsportler. Von den Hotelzimmern aus, l\u00e4sst sich der Forggensee und die traumhafte Bergkulisse der Allg\u00e4uer Alpen erblicken. Kulinarische Leckerbissen, ein exklusiver Wellness-Bereich und herzliche Gastgeber warten auf euch. Natur. Ruhe. Erholung. Tauche ein in die gro\u00dfz\u00fcgige Sauna- und Wasserlandschaft, [&hellip;]<\/p>\n","protected":false},"author":2,"featured_media":0,"parent":0,"menu_order":0,"comment_status":"closed","ping_status":"closed","template":"","meta":{"_acf_changed":false,"footnotes":""},"class_list":["post-32712","page","type-page","status-publish","hentry"],"acf":[],"_links":{"self":[{"href":"https:\/\/www.sporting-women.de\/womens-cycling-camp\/wp-json\/wp\/v2\/pages\/32712","targetHints":{"allow":["GET"]}}],"collection":[{"href":"https:\/\/www.sporting-women.de\/womens-cycling-camp\/wp-json\/wp\/v2\/pages"}],"about":[{"href":"https:\/\/www.sporting-women.de\/womens-cycling-camp\/wp-json\/wp\/v2\/types\/page"}],"author":[{"embeddable":true,"href":"https:\/\/www.sporting-women.de\/womens-cycling-camp\/wp-json\/wp\/v2\/users\/2"}],"replies":[{"embeddable":true,"href":"https:\/\/www.sporting-women.de\/womens-cycling-camp\/wp-json\/wp\/v2\/comments?post=32712"}],"version-history":[{"count":0,"href":"https:\/\/www.sporting-women.de\/womens-cycling-camp\/wp-json\/wp\/v2\/pages\/32712\/revisions"}],"wp:attachment":[{"href":"https:\/\/www.sporting-women.de\/womens-cycling-camp\/wp-json\/wp\/v2\/media?parent=32712"}],"curies":[{"name":"wp","href":"https:\/\/api.w.org\/{rel}","templated":true}]}}