{"id":31551,"date":"2022-08-05T13:07:03","date_gmt":"2022-08-05T11:07:03","guid":{"rendered":"https:\/\/www.sporting-women.de\/womens-gravel-camp\/?page_id=31551"},"modified":"2025-11-12T13:33:47","modified_gmt":"2025-11-12T12:33:47","slug":"teilnahmevoraussetzungen","status":"publish","type":"page","link":"https:\/\/www.sporting-women.de\/womens-gravel-camp\/teilnahmevoraussetzungen\/","title":{"rendered":"Teilnahmevoraussetzungen"},"content":{"rendered":"\t\t<div data-elementor-type=\"wp-page\" data-elementor-id=\"31551\" class=\"elementor elementor-31551\" data-elementor-post-type=\"page\">\n\t\t\t\t\t\t<section class=\"elementor-section elementor-top-section elementor-element elementor-element-d972bc4 elementor-section-boxed elementor-section-height-default elementor-section-height-default\" data-id=\"d972bc4\" data-element_type=\"section\" data-e-type=\"section\">\n\t\t\t\t\t\t<div class=\"elementor-container elementor-column-gap-default\">\n\t\t\t\t\t<div class=\"elementor-column elementor-col-100 elementor-top-column elementor-element elementor-element-651b827\" data-id=\"651b827\" data-element_type=\"column\" data-e-type=\"column\">\n\t\t\t<div class=\"elementor-widget-wrap elementor-element-populated\">\n\t\t\t\t\t\t<div class=\"elementor-element elementor-element-7854858 elementor-widget elementor-widget-heading\" data-id=\"7854858\" data-element_type=\"widget\" data-e-type=\"widget\" data-widget_type=\"heading.default\">\n\t\t\t\t<div class=\"elementor-widget-container\">\n\t\t\t\t\t<h2 class=\"elementor-heading-title elementor-size-default\">Teilnahmevoraussetzungen<\/h2>\t\t\t\t<\/div>\n\t\t\t\t<\/div>\n\t\t\t\t\t<\/div>\n\t\t<\/div>\n\t\t\t\t\t<\/div>\n\t\t<\/section>\n\t\t\t\t<section class=\"elementor-section elementor-top-section elementor-element elementor-element-697cbab elementor-section-boxed elementor-section-height-default elementor-section-height-default\" data-id=\"697cbab\" data-element_type=\"section\" data-e-type=\"section\">\n\t\t\t\t\t\t<div class=\"elementor-container elementor-column-gap-default\">\n\t\t\t\t\t<div class=\"elementor-column elementor-col-100 elementor-top-column elementor-element elementor-element-1f88dc2\" data-id=\"1f88dc2\" data-element_type=\"column\" data-e-type=\"column\">\n\t\t\t<div class=\"elementor-widget-wrap elementor-element-populated\">\n\t\t\t\t\t\t<div class=\"elementor-element elementor-element-dd47b69 elementor-widget elementor-widget-text-editor\" data-id=\"dd47b69\" data-element_type=\"widget\" data-e-type=\"widget\" data-widget_type=\"text-editor.default\">\n\t\t\t\t<div class=\"elementor-widget-container\">\n\t\t\t\t\t\t\t\t\t<p>Damit du am<span style=\"color: #ed424d;\">\u00a0<\/span>Women\u2019s Gravel Camp teilnehmen kannst, m\u00fcssen folgende Teilnahmevoraussetzungen gegeben sein:<\/p>\t\t\t\t\t\t\t\t<\/div>\n\t\t\t\t<\/div>\n\t\t\t\t<div class=\"elementor-element elementor-element-16d4443 elementor-widget elementor-widget-text-editor\" data-id=\"16d4443\" data-element_type=\"widget\" data-e-type=\"widget\" data-widget_type=\"text-editor.default\">\n\t\t\t\t<div class=\"elementor-widget-container\">\n\t\t\t\t\t\t\t\t\t<ul><li><strong>Bitte bringe dein eigenes Material mit.<\/strong> Testmaterial unserer Partner steht nur bedingt zur Verf\u00fcgung und kann nicht f\u00fcr alle Camptage verliehen werden. Solltest du kein eigenes Material haben, kannst du dies gerne vor Ort gegen Geb\u00fchr bei einem H\u00e4ndler leihen.<\/li><li>Es sind keine Vorkenntnisse im Gel\u00e4nde (Gravelfahren) notwendig, aber <strong>du solltest sicher Radfahren k\u00f6nnen und angemessene Grundkondition haben.<\/strong> Bitte w\u00e4hle \u00fcberlegt, deine Leistungsgruppe, damit jede Teilnehmerin sich bestm\u00f6glich eingruppiert f\u00fchlt.<\/li><li><strong>Hinweis zur Region rund um den Sportpark Rabenberg: Die Region im Erzgebirge bietet wundersch\u00f6ne Landschaften ist aber auch h\u00fcgeliger als es die ein oder andere vielleicht gewohnt ist. Daher werden sich einige H\u00f6henmeter nicht vermeiden lassen aber wir werden mit tollen Ausblicken und einer einzigartigen Landschaft entlohnt.<\/strong><\/li><\/ul>\t\t\t\t\t\t\t\t<\/div>\n\t\t\t\t<\/div>\n\t\t\t\t\t<\/div>\n\t\t<\/div>\n\t\t\t\t\t<\/div>\n\t\t<\/section>\n\t\t\t\t<section class=\"elementor-section elementor-top-section elementor-element elementor-element-d183b8e elementor-section-boxed elementor-section-height-default elementor-section-height-default\" data-id=\"d183b8e\" data-element_type=\"section\" data-e-type=\"section\">\n\t\t\t\t\t\t<div class=\"elementor-container elementor-column-gap-default\">\n\t\t\t\t\t<div class=\"elementor-column elementor-col-100 elementor-top-column elementor-element elementor-element-13fb0e2\" data-id=\"13fb0e2\" data-element_type=\"column\" data-e-type=\"column\">\n\t\t\t<div class=\"elementor-widget-wrap elementor-element-populated\">\n\t\t\t\t\t\t<div class=\"elementor-element elementor-element-f077715 elementor-widget elementor-widget-heading\" data-id=\"f077715\" data-element_type=\"widget\" data-e-type=\"widget\" data-widget_type=\"heading.default\">\n\t\t\t\t<div class=\"elementor-widget-container\">\n\t\t\t\t\t<h3 class=\"elementor-heading-title elementor-size-default\">Unsere Leistungsgruppen bei unserem Women's Gravel Camp:<\/h3>\t\t\t\t<\/div>\n\t\t\t\t<\/div>\n\t\t\t\t\t<\/div>\n\t\t<\/div>\n\t\t\t\t\t<\/div>\n\t\t<\/section>\n\t\t\t\t<section class=\"elementor-section elementor-top-section elementor-element elementor-element-82f64e6 elementor-section-boxed elementor-section-height-default elementor-section-height-default\" data-id=\"82f64e6\" data-element_type=\"section\" data-e-type=\"section\">\n\t\t\t\t\t\t<div class=\"elementor-container elementor-column-gap-default\">\n\t\t\t\t\t<div class=\"elementor-column elementor-col-50 elementor-top-column elementor-element elementor-element-77cdcc4\" data-id=\"77cdcc4\" data-element_type=\"column\" data-e-type=\"column\">\n\t\t\t<div class=\"elementor-widget-wrap elementor-element-populated\">\n\t\t\t\t\t\t<div class=\"elementor-element elementor-element-b64100b elementor-widget elementor-widget-text-editor\" data-id=\"b64100b\" data-element_type=\"widget\" data-e-type=\"widget\" data-widget_type=\"text-editor.default\">\n\t\t\t\t<div class=\"elementor-widget-container\">\n\t\t\t\t\t\t\t\t\t<p style=\"text-align: center;\"><strong>Level 1<br \/><\/strong><\/p><ul><li>Erste Erfahrung und Klickpedale kein Fremdwort<\/li><li>Erfahrungen auf einem sportiven Rad (z.B. Rennrad) oder Gravelbike vorhanden<\/li><li>Moderate Kondition vorhanden<\/li><li><div>Kaum bis keine Erfahrung im Gruppenfahren<\/div><\/li><li>Tagesziel bis zu 40 km<\/li><li><div>bis zu 400 H\u00f6henmeter machbar f\u00fcr mich<\/div><\/li><\/ul>\t\t\t\t\t\t\t\t<\/div>\n\t\t\t\t<\/div>\n\t\t\t\t\t<\/div>\n\t\t<\/div>\n\t\t\t\t<div class=\"elementor-column elementor-col-50 elementor-top-column elementor-element elementor-element-79ddba4\" data-id=\"79ddba4\" data-element_type=\"column\" data-e-type=\"column\">\n\t\t\t<div class=\"elementor-widget-wrap elementor-element-populated\">\n\t\t\t\t\t\t<div class=\"elementor-element elementor-element-716d347 elementor-widget elementor-widget-text-editor\" data-id=\"716d347\" data-element_type=\"widget\" data-e-type=\"widget\" data-widget_type=\"text-editor.default\">\n\t\t\t\t<div class=\"elementor-widget-container\">\n\t\t\t\t\t\t\t\t\t<p style=\"text-align: center;\"><strong>Level 2<br \/><\/strong><\/p><ul><li>Gelegentlich auf dem Gravelbike unterwegs und bereit f\u00fcr gem\u00fctliche Touren<\/li><li><div>Solide Grundkondition vorhanden<\/div><\/li><li><div>Kaum Erfahrungen beim Gruppenfahren<\/div><\/li><li>Tagesziel bis zu 55 &#8211; 60 km<\/li><li><div>bis zu 600 Hm machbar f\u00fcr mich<\/div><\/li><\/ul>\t\t\t\t\t\t\t\t<\/div>\n\t\t\t\t<\/div>\n\t\t\t\t\t<\/div>\n\t\t<\/div>\n\t\t\t\t\t<\/div>\n\t\t<\/section>\n\t\t\t\t<section class=\"elementor-section elementor-top-section elementor-element elementor-element-d18ad68 elementor-section-boxed elementor-section-height-default elementor-section-height-default\" data-id=\"d18ad68\" data-element_type=\"section\" data-e-type=\"section\">\n\t\t\t\t\t\t<div class=\"elementor-container elementor-column-gap-default\">\n\t\t\t\t\t<div class=\"elementor-column elementor-col-50 elementor-top-column elementor-element elementor-element-80c76b3\" data-id=\"80c76b3\" data-element_type=\"column\" data-e-type=\"column\">\n\t\t\t<div class=\"elementor-widget-wrap elementor-element-populated\">\n\t\t\t\t\t\t<div class=\"elementor-element elementor-element-6a9af28 elementor-widget elementor-widget-text-editor\" data-id=\"6a9af28\" data-element_type=\"widget\" data-e-type=\"widget\" data-widget_type=\"text-editor.default\">\n\t\t\t\t<div class=\"elementor-widget-container\">\n\t\t\t\t\t\t\t\t\t<p style=\"text-align: center;\"><strong>Level 3<br \/><\/strong><\/p><div><ul><li>Regelm\u00e4\u00dfig auf dem Gravelbike unterwegs und bereit f\u00fcr l\u00e4ngere Touren<\/li><li><div>Gute Grundkondition vorhanden<\/div><\/li><li><div>Regelm\u00e4\u00dfiges Gruppenfahren kein Problem f\u00fcr mich<\/div><\/li><li>Tagesziel bis zu 70 km<\/li><li><div>bis zu 800 Hm machbar f\u00fcr mich<\/div><\/li><\/ul><\/div>\t\t\t\t\t\t\t\t<\/div>\n\t\t\t\t<\/div>\n\t\t\t\t\t<\/div>\n\t\t<\/div>\n\t\t\t\t<div class=\"elementor-column elementor-col-50 elementor-top-column elementor-element elementor-element-8e8b508\" data-id=\"8e8b508\" data-element_type=\"column\" data-e-type=\"column\">\n\t\t\t<div class=\"elementor-widget-wrap elementor-element-populated\">\n\t\t\t\t\t\t<div class=\"elementor-element elementor-element-e542c72 elementor-widget elementor-widget-text-editor\" data-id=\"e542c72\" data-element_type=\"widget\" data-e-type=\"widget\" data-widget_type=\"text-editor.default\">\n\t\t\t\t<div class=\"elementor-widget-container\">\n\t\t\t\t\t\t\t\t\t<p style=\"text-align: center;\"><strong>Level 4<\/strong><\/p><ul><li>Oft auf dem Gravelbike unterwegs &amp; Lust auf Kilometer<\/li><li><div>Regelm\u00e4\u00dfiges Gruppenfahren kein Problem f\u00fcr mich<\/div><\/li><li><div>Ich habe eine sehr gute Kondition<\/div><\/li><li>Tagesziel bis zu 80 &#8211; 90 km<\/li><li><div>800-1.000 H\u00f6henmeter schaffe ich<\/div><\/li><\/ul>\t\t\t\t\t\t\t\t<\/div>\n\t\t\t\t<\/div>\n\t\t\t\t\t<\/div>\n\t\t<\/div>\n\t\t\t\t\t<\/div>\n\t\t<\/section>\n\t\t\t\t<section class=\"elementor-section elementor-top-section elementor-element elementor-element-70778bb elementor-section-boxed elementor-section-height-default elementor-section-height-default\" data-id=\"70778bb\" data-element_type=\"section\" data-e-type=\"section\">\n\t\t\t\t\t\t<div class=\"elementor-container elementor-column-gap-default\">\n\t\t\t\t\t<div class=\"elementor-column elementor-col-100 elementor-top-column elementor-element elementor-element-5e049bc\" data-id=\"5e049bc\" data-element_type=\"column\" data-e-type=\"column\">\n\t\t\t<div class=\"elementor-widget-wrap elementor-element-populated\">\n\t\t\t\t\t\t<div class=\"elementor-element elementor-element-74fd621 elementor-arrows-position-inside elementor-pagination-position-outside elementor-widget elementor-widget-image-carousel\" data-id=\"74fd621\" data-element_type=\"widget\" data-e-type=\"widget\" data-settings=\"{&quot;slides_to_show&quot;:&quot;4&quot;,&quot;slides_to_scroll&quot;:&quot;2&quot;,&quot;image_spacing_custom&quot;:{&quot;unit&quot;:&quot;px&quot;,&quot;size&quot;:23,&quot;sizes&quot;:[]},&quot;navigation&quot;:&quot;both&quot;,&quot;autoplay&quot;:&quot;yes&quot;,&quot;pause_on_hover&quot;:&quot;yes&quot;,&quot;pause_on_interaction&quot;:&quot;yes&quot;,&quot;autoplay_speed&quot;:5000,&quot;infinite&quot;:&quot;yes&quot;,&quot;speed&quot;:500,&quot;image_spacing_custom_tablet&quot;:{&quot;unit&quot;:&quot;px&quot;,&quot;size&quot;:&quot;&quot;,&quot;sizes&quot;:[]},&quot;image_spacing_custom_mobile&quot;:{&quot;unit&quot;:&quot;px&quot;,&quot;size&quot;:&quot;&quot;,&quot;sizes&quot;:[]}}\" data-widget_type=\"image-carousel.default\">\n\t\t\t\t<div class=\"elementor-widget-container\">\n\t\t\t\t\t\t\t<div class=\"elementor-image-carousel-wrapper swiper\" role=\"region\" aria-roledescription=\"carousel\" aria-label=\"Bild Karussell\" dir=\"ltr\">\n\t\t\t<div class=\"elementor-image-carousel swiper-wrapper\" aria-live=\"off\">\n\t\t\t\t\t\t\t\t<div class=\"swiper-slide\" role=\"group\" aria-roledescription=\"slide\" aria-label=\"1 von 8\"><figure class=\"swiper-slide-inner\"><img decoding=\"async\" class=\"swiper-slide-image\" src=\"https:\/\/www.sporting-women.de\/womens-gravel-camp\/wp-content\/uploads\/sites\/19\/2024\/11\/2024_SPRTNGWMN_Impressionen_theoutsidefactory_0014-500x500.jpg\" alt=\"default\" \/><\/figure><\/div><div class=\"swiper-slide\" role=\"group\" aria-roledescription=\"slide\" aria-label=\"2 von 8\"><figure class=\"swiper-slide-inner\"><img decoding=\"async\" class=\"swiper-slide-image\" src=\"https:\/\/www.sporting-women.de\/womens-gravel-camp\/wp-content\/uploads\/sites\/19\/2024\/11\/DSC_8966-500x500.jpg\" alt=\"DSC_8966\" \/><\/figure><\/div><div class=\"swiper-slide\" role=\"group\" aria-roledescription=\"slide\" aria-label=\"3 von 8\"><figure class=\"swiper-slide-inner\"><img decoding=\"async\" class=\"swiper-slide-image\" src=\"https:\/\/www.sporting-women.de\/womens-gravel-camp\/wp-content\/uploads\/sites\/19\/2024\/11\/2024_SPRTNGWMN_Impressionen_theoutsidefactory_00141-500x500.jpg\" alt=\"2024_SPRTNGWMN_Impressionen_theoutsidefactory_00141\" \/><\/figure><\/div><div class=\"swiper-slide\" role=\"group\" aria-roledescription=\"slide\" aria-label=\"4 von 8\"><figure class=\"swiper-slide-inner\"><img decoding=\"async\" class=\"swiper-slide-image\" src=\"https:\/\/www.sporting-women.de\/womens-gravel-camp\/wp-content\/uploads\/sites\/19\/2024\/11\/2024_SPRTNGWMN_Gravelcamp_EXPO_theoutsidefactory_0031-500x500.jpg\" alt=\"2024_SPRTNGWMN_Gravelcamp_EXPO_theoutsidefactory_0031\" \/><\/figure><\/div><div class=\"swiper-slide\" role=\"group\" aria-roledescription=\"slide\" aria-label=\"5 von 8\"><figure class=\"swiper-slide-inner\"><img decoding=\"async\" class=\"swiper-slide-image\" src=\"https:\/\/www.sporting-women.de\/womens-gravel-camp\/wp-content\/uploads\/sites\/19\/2024\/11\/DSC_6442-500x500.jpg\" alt=\"DSC_6442\" \/><\/figure><\/div><div class=\"swiper-slide\" role=\"group\" aria-roledescription=\"slide\" aria-label=\"6 von 8\"><figure class=\"swiper-slide-inner\"><img decoding=\"async\" class=\"swiper-slide-image\" src=\"https:\/\/www.sporting-women.de\/womens-gravel-camp\/wp-content\/uploads\/sites\/19\/2024\/11\/2024_SPRTNGWMN_Impressionen_theoutsidefactory_00117-500x500.jpg\" alt=\"2024_SPRTNGWMN_Impressionen_theoutsidefactory_00117\" \/><\/figure><\/div><div class=\"swiper-slide\" role=\"group\" aria-roledescription=\"slide\" aria-label=\"7 von 8\"><figure class=\"swiper-slide-inner\"><img decoding=\"async\" class=\"swiper-slide-image\" src=\"https:\/\/www.sporting-women.de\/womens-gravel-camp\/wp-content\/uploads\/sites\/19\/2024\/11\/2024_SPRTNGWMN_Impressionen_theoutsidefactory_00148-500x500.jpg\" alt=\"2024_SPRTNGWMN_Impressionen_theoutsidefactory_00148\" \/><\/figure><\/div><div class=\"swiper-slide\" role=\"group\" aria-roledescription=\"slide\" aria-label=\"8 von 8\"><figure class=\"swiper-slide-inner\"><img decoding=\"async\" class=\"swiper-slide-image\" src=\"https:\/\/www.sporting-women.de\/womens-gravel-camp\/wp-content\/uploads\/sites\/19\/2024\/11\/Z62_3670-500x500.jpg\" alt=\"Z62_3670\" \/><\/figure><\/div>\t\t\t<\/div>\n\t\t\t\t\t\t\t\t\t\t\t\t<div class=\"elementor-swiper-button elementor-swiper-button-prev\" role=\"button\" tabindex=\"0\">\n\t\t\t\t\t\t<i aria-hidden=\"true\" class=\"eicon-chevron-left\"><\/i>\t\t\t\t\t<\/div>\n\t\t\t\t\t<div class=\"elementor-swiper-button elementor-swiper-button-next\" role=\"button\" tabindex=\"0\">\n\t\t\t\t\t\t<i aria-hidden=\"true\" class=\"eicon-chevron-right\"><\/i>\t\t\t\t\t<\/div>\n\t\t\t\t\n\t\t\t\t\t\t\t\t\t<div class=\"swiper-pagination\"><\/div>\n\t\t\t\t\t\t\t\t\t<\/div>\n\t\t\t\t\t\t<\/div>\n\t\t\t\t<\/div>\n\t\t\t\t<div class=\"elementor-element elementor-element-720903f elementor-align-center elementor-widget elementor-widget-button\" data-id=\"720903f\" data-element_type=\"widget\" data-e-type=\"widget\" data-widget_type=\"button.default\">\n\t\t\t\t<div class=\"elementor-widget-container\">\n\t\t\t\t\t\t\t\t\t<div class=\"elementor-button-wrapper\">\n\t\t\t\t\t<a class=\"elementor-button elementor-button-link elementor-size-sm\" href=\"https:\/\/www.sporting-women.de\/womens-gravel-camp\/anmeldung\/\">\n\t\t\t\t\t\t<span class=\"elementor-button-content-wrapper\">\n\t\t\t\t\t\t\t\t\t<span class=\"elementor-button-text\">Hier geht\u00b4s zur Anmeldung!<\/span>\n\t\t\t\t\t<\/span>\n\t\t\t\t\t<\/a>\n\t\t\t\t<\/div>\n\t\t\t\t\t\t\t\t<\/div>\n\t\t\t\t<\/div>\n\t\t\t\t\t<\/div>\n\t\t<\/div>\n\t\t\t\t\t<\/div>\n\t\t<\/section>\n\t\t\t\t<section class=\"elementor-section elementor-top-section elementor-element elementor-element-61ef16c elementor-section-boxed elementor-section-height-default elementor-section-height-default\" data-id=\"61ef16c\" data-element_type=\"section\" data-e-type=\"section\">\n\t\t\t\t\t\t<div class=\"elementor-container elementor-column-gap-default\">\n\t\t\t\t\t<div class=\"elementor-column elementor-col-100 elementor-top-column elementor-element elementor-element-5e13082\" data-id=\"5e13082\" data-element_type=\"column\" data-e-type=\"column\">\n\t\t\t<div class=\"elementor-widget-wrap elementor-element-populated\">\n\t\t\t\t\t\t<div class=\"elementor-element elementor-element-32f56b1 elementor-widget elementor-widget-spacer\" data-id=\"32f56b1\" data-element_type=\"widget\" data-e-type=\"widget\" data-widget_type=\"spacer.default\">\n\t\t\t\t<div class=\"elementor-widget-container\">\n\t\t\t\t\t\t\t<div class=\"elementor-spacer\">\n\t\t\t<div class=\"elementor-spacer-inner\"><\/div>\n\t\t<\/div>\n\t\t\t\t\t\t<\/div>\n\t\t\t\t<\/div>\n\t\t\t\t\t<\/div>\n\t\t<\/div>\n\t\t\t\t\t<\/div>\n\t\t<\/section>\n\t\t\t\t<\/div>\n\t\t","protected":false},"excerpt":{"rendered":"<p>Teilnahmevoraussetzungen Damit du am\u00a0Women\u2019s Gravel Camp teilnehmen kannst, m\u00fcssen folgende Teilnahmevoraussetzungen gegeben sein: Bitte bringe dein eigenes Material mit. Testmaterial unserer Partner steht nur bedingt zur Verf\u00fcgung und kann nicht f\u00fcr alle Camptage verliehen werden. Solltest du kein eigenes Material haben, kannst du dies gerne vor Ort gegen Geb\u00fchr bei einem H\u00e4ndler leihen. Es sind [&hellip;]<\/p>\n","protected":false},"author":7,"featured_media":0,"parent":0,"menu_order":0,"comment_status":"closed","ping_status":"closed","template":"","meta":{"_acf_changed":false,"footnotes":""},"class_list":["post-31551","page","type-page","status-publish","hentry"],"acf":[],"_links":{"self":[{"href":"https:\/\/www.sporting-women.de\/womens-gravel-camp\/wp-json\/wp\/v2\/pages\/31551","targetHints":{"allow":["GET"]}}],"collection":[{"href":"https:\/\/www.sporting-women.de\/womens-gravel-camp\/wp-json\/wp\/v2\/pages"}],"about":[{"href":"https:\/\/www.sporting-women.de\/womens-gravel-camp\/wp-json\/wp\/v2\/types\/page"}],"author":[{"embeddable":true,"href":"https:\/\/www.sporting-women.de\/womens-gravel-camp\/wp-json\/wp\/v2\/users\/7"}],"replies":[{"embeddable":true,"href":"https:\/\/www.sporting-women.de\/womens-gravel-camp\/wp-json\/wp\/v2\/comments?post=31551"}],"version-history":[{"count":0,"href":"https:\/\/www.sporting-women.de\/womens-gravel-camp\/wp-json\/wp\/v2\/pages\/31551\/revisions"}],"wp:attachment":[{"href":"https:\/\/www.sporting-women.de\/womens-gravel-camp\/wp-json\/wp\/v2\/media?parent=31551"}],"curies":[{"name":"wp","href":"https:\/\/api.w.org\/{rel}","templated":true}]}}