{"id":32706,"date":"2022-08-05T13:00:32","date_gmt":"2022-08-05T11:00:32","guid":{"rendered":"https:\/\/www.sporting-women.de\/womens-gravel-camp\/?page_id=32706"},"modified":"2024-11-19T15:39:36","modified_gmt":"2024-11-19T14:39:36","slug":"region","status":"publish","type":"page","link":"https:\/\/www.sporting-women.de\/womens-gravel-camp\/region\/","title":{"rendered":"Region Erzgebirge"},"content":{"rendered":"\t\t<div data-elementor-type=\"wp-page\" data-elementor-id=\"32706\" class=\"elementor elementor-32706\" data-elementor-post-type=\"page\">\n\t\t\t\t\t\t<section class=\"elementor-section elementor-top-section elementor-element elementor-element-4b0aa58 elementor-section-boxed elementor-section-height-default elementor-section-height-default\" data-id=\"4b0aa58\" data-element_type=\"section\" data-e-type=\"section\">\n\t\t\t\t\t\t<div class=\"elementor-container elementor-column-gap-default\">\n\t\t\t\t\t<div class=\"elementor-column elementor-col-100 elementor-top-column elementor-element elementor-element-a0a1d9a\" data-id=\"a0a1d9a\" data-element_type=\"column\" data-e-type=\"column\">\n\t\t\t<div class=\"elementor-widget-wrap elementor-element-populated\">\n\t\t\t\t\t\t<div class=\"elementor-element elementor-element-0e05c54 elementor-widget elementor-widget-heading\" data-id=\"0e05c54\" data-element_type=\"widget\" data-e-type=\"widget\" data-widget_type=\"heading.default\">\n\t\t\t\t<div class=\"elementor-widget-container\">\n\t\t\t\t\t<h2 class=\"elementor-heading-title elementor-size-default\">Region<\/h2>\t\t\t\t<\/div>\n\t\t\t\t<\/div>\n\t\t\t\t<section class=\"elementor-section elementor-inner-section elementor-element elementor-element-9a91144 elementor-section-boxed elementor-section-height-default elementor-section-height-default\" data-id=\"9a91144\" data-element_type=\"section\" data-e-type=\"section\">\n\t\t\t\t\t\t<div class=\"elementor-container elementor-column-gap-default\">\n\t\t\t\t\t<div class=\"elementor-column elementor-col-50 elementor-inner-column elementor-element elementor-element-c8d5e87\" data-id=\"c8d5e87\" data-element_type=\"column\" data-e-type=\"column\">\n\t\t\t<div class=\"elementor-widget-wrap elementor-element-populated\">\n\t\t\t\t\t\t<div class=\"elementor-element elementor-element-7eab5f9 elementor-widget elementor-widget-heading\" data-id=\"7eab5f9\" data-element_type=\"widget\" data-e-type=\"widget\" data-widget_type=\"heading.default\">\n\t\t\t\t<div class=\"elementor-widget-container\">\n\t\t\t\t\t<h2 class=\"elementor-heading-title elementor-size-default\">Erzgebirge<\/h2>\t\t\t\t<\/div>\n\t\t\t\t<\/div>\n\t\t\t\t<div class=\"elementor-element elementor-element-96e8cbc elementor-widget elementor-widget-text-editor\" data-id=\"96e8cbc\" data-element_type=\"widget\" data-e-type=\"widget\" data-widget_type=\"text-editor.default\">\n\t\t\t\t<div class=\"elementor-widget-container\">\n\t\t\t\t\t\t\t\t\t<p>Die Erlebnisheimat Erzgebirge ist nicht nur f\u00fcr Bergbau, Handwerk und Dampfeisenbahnen bekannt, sondern die abwechslungsreiche Mittelgebirgslandschaft h\u00e4lt auch das eine oder andere Gravel-Abenteuer bereit.\u00a0<\/p><p>Beim Graveln im Erzgebirge sind Fahrspa\u00df und Abenteuer garantiert, egal ob man lieber H\u00f6henmeter sammeln will oder durch idyllische Flusst\u00e4ler grooven m\u00f6chte. Durch W\u00e4lder und malerische Orte, \u00fcber weite Felder oder steile Bergp\u00e4sse, ist eine Traumkulisse geboten, in der die Sch\u00f6nheit der Region genossen werden kann.\u00a0<\/p><p>\u00a0Das Gel\u00e4nde bietet passende Strecken f\u00fcr jede Leistungsstufe &#8211; somit kommen sowohl Einsteigerinnen und Abenteuerlustige voll auf ihre Kosten.<\/p><h4><span style=\"color: #93ca9e;\">Anfahrtsbeschreibung<\/span><\/h4><p><span style=\"color: #454545;\">Wie Sie am besten mit dem Auto, Flugzeug, Bus oder Bahn anreisen finden Sie<\/span><span style=\"color: #93ca9e;\"> <a style=\"color: #93ca9e;\" href=\"https:\/\/www.erzgebirge-tourismus.de\/service\/anreise-und-mobilitaet\" target=\"_blank\" rel=\"noopener\">hier<\/a><\/span><span style=\"color: #454545;\">!<\/span><\/p>\t\t\t\t\t\t\t\t<\/div>\n\t\t\t\t<\/div>\n\t\t\t\t\t<\/div>\n\t\t<\/div>\n\t\t\t\t<div class=\"elementor-column elementor-col-50 elementor-inner-column elementor-element elementor-element-8e69125\" data-id=\"8e69125\" data-element_type=\"column\" data-e-type=\"column\">\n\t\t\t<div class=\"elementor-widget-wrap elementor-element-populated\">\n\t\t\t\t\t\t<div class=\"elementor-element elementor-element-dab20bf elementor-widget elementor-widget-spacer\" data-id=\"dab20bf\" data-element_type=\"widget\" data-e-type=\"widget\" data-widget_type=\"spacer.default\">\n\t\t\t\t<div class=\"elementor-widget-container\">\n\t\t\t\t\t\t\t<div class=\"elementor-spacer\">\n\t\t\t<div class=\"elementor-spacer-inner\"><\/div>\n\t\t<\/div>\n\t\t\t\t\t\t<\/div>\n\t\t\t\t<\/div>\n\t\t\t\t<div class=\"elementor-element elementor-element-535606e elementor-widget elementor-widget-image\" data-id=\"535606e\" data-element_type=\"widget\" data-e-type=\"widget\" data-widget_type=\"image.default\">\n\t\t\t\t<div class=\"elementor-widget-container\">\n\t\t\t\t\t\t\t\t\t\t\t\t\t\t\t<img fetchpriority=\"high\" decoding=\"async\" width=\"800\" height=\"534\" src=\"https:\/\/www.sporting-women.de\/womens-gravel-camp\/wp-content\/uploads\/sites\/19\/2024\/11\/2024_SPRTNGWMN_Impressionen_theoutsidefactory_00111-1024x683.jpg\" class=\"attachment-large size-large wp-image-35695\" alt=\"\" srcset=\"https:\/\/www.sporting-women.de\/womens-gravel-camp\/wp-content\/uploads\/sites\/19\/2024\/11\/2024_SPRTNGWMN_Impressionen_theoutsidefactory_00111-1024x683.jpg 1024w, https:\/\/www.sporting-women.de\/womens-gravel-camp\/wp-content\/uploads\/sites\/19\/2024\/11\/2024_SPRTNGWMN_Impressionen_theoutsidefactory_00111-300x200.jpg 300w, https:\/\/www.sporting-women.de\/womens-gravel-camp\/wp-content\/uploads\/sites\/19\/2024\/11\/2024_SPRTNGWMN_Impressionen_theoutsidefactory_00111-768x512.jpg 768w, https:\/\/www.sporting-women.de\/womens-gravel-camp\/wp-content\/uploads\/sites\/19\/2024\/11\/2024_SPRTNGWMN_Impressionen_theoutsidefactory_00111-391x260.jpg 391w, https:\/\/www.sporting-women.de\/womens-gravel-camp\/wp-content\/uploads\/sites\/19\/2024\/11\/2024_SPRTNGWMN_Impressionen_theoutsidefactory_00111-1536x1024.jpg 1536w, https:\/\/www.sporting-women.de\/womens-gravel-camp\/wp-content\/uploads\/sites\/19\/2024\/11\/2024_SPRTNGWMN_Impressionen_theoutsidefactory_00111-2048x1366.jpg 2048w, https:\/\/www.sporting-women.de\/womens-gravel-camp\/wp-content\/uploads\/sites\/19\/2024\/11\/2024_SPRTNGWMN_Impressionen_theoutsidefactory_00111-600x400.jpg 600w\" sizes=\"(max-width: 800px) 100vw, 800px\" \/>\t\t\t\t\t\t\t\t\t\t\t\t\t\t\t<\/div>\n\t\t\t\t<\/div>\n\t\t\t\t\t<\/div>\n\t\t<\/div>\n\t\t\t\t\t<\/div>\n\t\t<\/section>\n\t\t\t\t\t<\/div>\n\t\t<\/div>\n\t\t\t\t\t<\/div>\n\t\t<\/section>\n\t\t\t\t<section class=\"elementor-section elementor-top-section elementor-element elementor-element-569c037 elementor-section-boxed elementor-section-height-default elementor-section-height-default\" data-id=\"569c037\" data-element_type=\"section\" data-e-type=\"section\">\n\t\t\t\t\t\t<div class=\"elementor-container elementor-column-gap-default\">\n\t\t\t\t\t<div class=\"elementor-column elementor-col-100 elementor-top-column elementor-element elementor-element-41c2115\" data-id=\"41c2115\" data-element_type=\"column\" data-e-type=\"column\">\n\t\t\t<div class=\"elementor-widget-wrap elementor-element-populated\">\n\t\t\t\t\t\t<div class=\"elementor-element elementor-element-aa07b3a elementor-widget-divider--separator-type-pattern elementor-widget-divider--view-line elementor-widget elementor-widget-divider\" data-id=\"aa07b3a\" data-element_type=\"widget\" data-e-type=\"widget\" data-widget_type=\"divider.default\">\n\t\t\t\t<div class=\"elementor-widget-container\">\n\t\t\t\t\t\t\t<div class=\"elementor-divider\" style=\"--divider-pattern-url: url(&quot;data:image\/svg+xml,%3Csvg xmlns=&#039;http:\/\/www.w3.org\/2000\/svg&#039; preserveAspectRatio=&#039;none&#039; overflow=&#039;visible&#039; height=&#039;100%&#039; viewBox=&#039;0 0 24 24&#039; fill=&#039;none&#039; stroke=&#039;black&#039; stroke-width=&#039;1&#039; stroke-linecap=&#039;square&#039; stroke-miterlimit=&#039;10&#039;%3E%3Cpath d=&#039;M0,6c6,0,0.9,11.1,6.9,11.1S18,6,24,6&#039;\/%3E%3C\/svg%3E&quot;);\">\n\t\t\t<span class=\"elementor-divider-separator\">\n\t\t\t\t\t\t<\/span>\n\t\t<\/div>\n\t\t\t\t\t\t<\/div>\n\t\t\t\t<\/div>\n\t\t\t\t\t<\/div>\n\t\t<\/div>\n\t\t\t\t\t<\/div>\n\t\t<\/section>\n\t\t\t\t<section class=\"elementor-section elementor-top-section elementor-element elementor-element-5a2d201 elementor-section-boxed elementor-section-height-default elementor-section-height-default\" data-id=\"5a2d201\" data-element_type=\"section\" data-e-type=\"section\">\n\t\t\t\t\t\t<div class=\"elementor-container elementor-column-gap-default\">\n\t\t\t\t\t<div class=\"elementor-column elementor-col-50 elementor-top-column elementor-element elementor-element-c52188f\" data-id=\"c52188f\" data-element_type=\"column\" data-e-type=\"column\">\n\t\t\t<div class=\"elementor-widget-wrap elementor-element-populated\">\n\t\t\t\t\t\t<div class=\"elementor-element elementor-element-5339fbf elementor-widget elementor-widget-image\" data-id=\"5339fbf\" data-element_type=\"widget\" data-e-type=\"widget\" data-widget_type=\"image.default\">\n\t\t\t\t<div class=\"elementor-widget-container\">\n\t\t\t\t\t\t\t\t\t\t\t\t\t\t\t<img decoding=\"async\" width=\"150\" height=\"150\" src=\"https:\/\/www.sporting-women.de\/womens-gravel-camp\/wp-content\/uploads\/sites\/19\/2024\/02\/logo-erzgebirge-150x150.png\" class=\"attachment-thumbnail size-thumbnail wp-image-34839\" alt=\"\" srcset=\"https:\/\/www.sporting-women.de\/womens-gravel-camp\/wp-content\/uploads\/sites\/19\/2024\/02\/logo-erzgebirge-150x150.png 150w, https:\/\/www.sporting-women.de\/womens-gravel-camp\/wp-content\/uploads\/sites\/19\/2024\/02\/logo-erzgebirge-300x300.png 300w, https:\/\/www.sporting-women.de\/womens-gravel-camp\/wp-content\/uploads\/sites\/19\/2024\/02\/logo-erzgebirge-500x500.png 500w, https:\/\/www.sporting-women.de\/womens-gravel-camp\/wp-content\/uploads\/sites\/19\/2024\/02\/logo-erzgebirge-100x100.png 100w\" sizes=\"(max-width: 150px) 100vw, 150px\" \/>\t\t\t\t\t\t\t\t\t\t\t\t\t\t\t<\/div>\n\t\t\t\t<\/div>\n\t\t\t\t\t<\/div>\n\t\t<\/div>\n\t\t\t\t<div class=\"elementor-column elementor-col-50 elementor-top-column elementor-element elementor-element-10a92ac\" data-id=\"10a92ac\" data-element_type=\"column\" data-e-type=\"column\">\n\t\t\t<div class=\"elementor-widget-wrap elementor-element-populated\">\n\t\t\t\t\t\t<div class=\"elementor-element elementor-element-c14cf83 elementor-widget elementor-widget-heading\" data-id=\"c14cf83\" data-element_type=\"widget\" data-e-type=\"widget\" data-widget_type=\"heading.default\">\n\t\t\t\t<div class=\"elementor-widget-container\">\n\t\t\t\t\t<h2 class=\"elementor-heading-title elementor-size-default\">Erlebnisheimat Erzgebirge<\/h2>\t\t\t\t<\/div>\n\t\t\t\t<\/div>\n\t\t\t\t<div class=\"elementor-element elementor-element-d14382c elementor-widget elementor-widget-text-editor\" data-id=\"d14382c\" data-element_type=\"widget\" data-e-type=\"widget\" data-widget_type=\"text-editor.default\">\n\t\t\t\t<div class=\"elementor-widget-container\">\n\t\t\t\t\t\t\t\t\t<p>Tourismusverband Erzgebirge e.V.<br \/>Adam-Ries-Stra\u00dfe 16<br \/>09456 Annaberg-Buchholz<\/p><p><span style=\"color: #454545;\">Tel:<\/span> <a href=\"tel:+49(0)3733 18800-0\"><span style=\"color: #93ca9e;\">+49(0)3733 18800-0<\/span><\/a><br \/><span style=\"color: #454545;\">E-Mail:<\/span> <span style=\"color: #93ca9e;\"><a style=\"color: #93ca9e;\" href=\"mailto:info@erzgebirge-tourismus.de\">info@erzgebirge-tourismus.de<\/a><\/span><br \/><span style=\"color: #93ca9e;\"><span style=\"color: #454545;\">Webseite:<\/span> <a style=\"color: #93ca9e;\" href=\"https:\/\/www.erzgebirge-tourismus.de\/aktivurlaub-erzgebirge\" target=\"_blank\" rel=\"noopener\">www.erzgebirge-tourismus.de\/aktivurlaub-erzgebirge<\/a><\/span><\/p>\t\t\t\t\t\t\t\t<\/div>\n\t\t\t\t<\/div>\n\t\t\t\t\t<\/div>\n\t\t<\/div>\n\t\t\t\t\t<\/div>\n\t\t<\/section>\n\t\t\t\t<section class=\"elementor-section elementor-top-section elementor-element elementor-element-34857a2 elementor-section-boxed elementor-section-height-default elementor-section-height-default\" data-id=\"34857a2\" data-element_type=\"section\" data-e-type=\"section\">\n\t\t\t\t\t\t<div class=\"elementor-container elementor-column-gap-default\">\n\t\t\t\t\t<div class=\"elementor-column elementor-col-100 elementor-top-column elementor-element elementor-element-25c3228\" data-id=\"25c3228\" data-element_type=\"column\" data-e-type=\"column\">\n\t\t\t<div class=\"elementor-widget-wrap elementor-element-populated\">\n\t\t\t\t\t\t<div class=\"elementor-element elementor-element-71ccd41 elementor-widget elementor-widget-google_maps\" data-id=\"71ccd41\" data-element_type=\"widget\" data-e-type=\"widget\" data-widget_type=\"google_maps.default\">\n\t\t\t\t<div class=\"elementor-widget-container\">\n\t\t\t\t\t\t\t<div class=\"elementor-custom-embed\">\n\t\t\t<iframe loading=\"lazy\"\n\t\t\t\t\tsrc=\"https:\/\/maps.google.com\/maps?q=Erzgebirge&#038;t=m&#038;z=10&#038;output=embed&#038;iwloc=near\"\n\t\t\t\t\ttitle=\"Erzgebirge\"\n\t\t\t\t\taria-label=\"Erzgebirge\"\n\t\t\t><\/iframe>\n\t\t<\/div>\n\t\t\t\t\t\t<\/div>\n\t\t\t\t<\/div>\n\t\t\t\t\t<\/div>\n\t\t<\/div>\n\t\t\t\t\t<\/div>\n\t\t<\/section>\n\t\t\t\t<section class=\"elementor-section elementor-top-section elementor-element elementor-element-ebb30ae elementor-section-boxed elementor-section-height-default elementor-section-height-default\" data-id=\"ebb30ae\" data-element_type=\"section\" data-e-type=\"section\">\n\t\t\t\t\t\t<div class=\"elementor-container elementor-column-gap-default\">\n\t\t\t\t\t<div class=\"elementor-column elementor-col-100 elementor-top-column elementor-element elementor-element-1849282\" data-id=\"1849282\" data-element_type=\"column\" data-e-type=\"column\">\n\t\t\t<div class=\"elementor-widget-wrap elementor-element-populated\">\n\t\t\t\t\t\t<div class=\"elementor-element elementor-element-a93630a elementor-widget elementor-widget-spacer\" data-id=\"a93630a\" data-element_type=\"widget\" data-e-type=\"widget\" data-widget_type=\"spacer.default\">\n\t\t\t\t<div class=\"elementor-widget-container\">\n\t\t\t\t\t\t\t<div class=\"elementor-spacer\">\n\t\t\t<div class=\"elementor-spacer-inner\"><\/div>\n\t\t<\/div>\n\t\t\t\t\t\t<\/div>\n\t\t\t\t<\/div>\n\t\t\t\t\t<\/div>\n\t\t<\/div>\n\t\t\t\t\t<\/div>\n\t\t<\/section>\n\t\t\t\t<\/div>\n\t\t","protected":false},"excerpt":{"rendered":"<p>Region Erzgebirge Die Erlebnisheimat Erzgebirge ist nicht nur f\u00fcr Bergbau, Handwerk und Dampfeisenbahnen bekannt, sondern die abwechslungsreiche Mittelgebirgslandschaft h\u00e4lt auch das eine oder andere Gravel-Abenteuer bereit.\u00a0 Beim Graveln im Erzgebirge sind Fahrspa\u00df und Abenteuer garantiert, egal ob man lieber H\u00f6henmeter sammeln will oder durch idyllische Flusst\u00e4ler grooven m\u00f6chte. Durch W\u00e4lder und malerische Orte, \u00fcber weite [&hellip;]<\/p>\n","protected":false},"author":2,"featured_media":0,"parent":0,"menu_order":0,"comment_status":"closed","ping_status":"closed","template":"","meta":{"_acf_changed":false,"footnotes":""},"class_list":["post-32706","page","type-page","status-publish","hentry"],"acf":[],"_links":{"self":[{"href":"https:\/\/www.sporting-women.de\/womens-gravel-camp\/wp-json\/wp\/v2\/pages\/32706","targetHints":{"allow":["GET"]}}],"collection":[{"href":"https:\/\/www.sporting-women.de\/womens-gravel-camp\/wp-json\/wp\/v2\/pages"}],"about":[{"href":"https:\/\/www.sporting-women.de\/womens-gravel-camp\/wp-json\/wp\/v2\/types\/page"}],"author":[{"embeddable":true,"href":"https:\/\/www.sporting-women.de\/womens-gravel-camp\/wp-json\/wp\/v2\/users\/2"}],"replies":[{"embeddable":true,"href":"https:\/\/www.sporting-women.de\/womens-gravel-camp\/wp-json\/wp\/v2\/comments?post=32706"}],"version-history":[{"count":0,"href":"https:\/\/www.sporting-women.de\/womens-gravel-camp\/wp-json\/wp\/v2\/pages\/32706\/revisions"}],"wp:attachment":[{"href":"https:\/\/www.sporting-women.de\/womens-gravel-camp\/wp-json\/wp\/v2\/media?parent=32706"}],"curies":[{"name":"wp","href":"https:\/\/api.w.org\/{rel}","templated":true}]}}