{"id":32712,"date":"2022-08-05T13:00:32","date_gmt":"2022-08-05T11:00:32","guid":{"rendered":"https:\/\/www.sporting-women.de\/womens-gravel-camp\/?page_id=32712"},"modified":"2024-03-15T10:13:37","modified_gmt":"2024-03-15T09:13:37","slug":"hotel","status":"publish","type":"page","link":"https:\/\/www.sporting-women.de\/womens-gravel-camp\/hotel\/","title":{"rendered":"Sportpark Rabenberg"},"content":{"rendered":"\t\t<div data-elementor-type=\"wp-page\" data-elementor-id=\"32712\" class=\"elementor elementor-32712\" data-elementor-post-type=\"page\">\n\t\t\t\t\t\t<section class=\"elementor-section elementor-top-section elementor-element elementor-element-0f0774c elementor-section-boxed elementor-section-height-default elementor-section-height-default\" data-id=\"0f0774c\" data-element_type=\"section\" data-e-type=\"section\">\n\t\t\t\t\t\t<div class=\"elementor-container elementor-column-gap-default\">\n\t\t\t\t\t<div class=\"elementor-column elementor-col-100 elementor-top-column elementor-element elementor-element-6af9a2f\" data-id=\"6af9a2f\" data-element_type=\"column\" data-e-type=\"column\">\n\t\t\t<div class=\"elementor-widget-wrap elementor-element-populated\">\n\t\t\t\t\t\t<div class=\"elementor-element elementor-element-deb7f3a elementor-widget elementor-widget-heading\" data-id=\"deb7f3a\" data-element_type=\"widget\" data-e-type=\"widget\" data-widget_type=\"heading.default\">\n\t\t\t\t<div class=\"elementor-widget-container\">\n\t\t\t\t\t<h2 class=\"elementor-heading-title elementor-size-default\">Unterkunft<\/h2>\t\t\t\t<\/div>\n\t\t\t\t<\/div>\n\t\t\t\t\t<\/div>\n\t\t<\/div>\n\t\t\t\t\t<\/div>\n\t\t<\/section>\n\t\t\t\t<section class=\"elementor-section elementor-top-section elementor-element elementor-element-4b4b110 elementor-section-boxed elementor-section-height-default elementor-section-height-default\" data-id=\"4b4b110\" data-element_type=\"section\" data-e-type=\"section\">\n\t\t\t\t\t\t<div class=\"elementor-container elementor-column-gap-default\">\n\t\t\t\t\t<div class=\"elementor-column elementor-col-50 elementor-top-column elementor-element elementor-element-f811ff7\" data-id=\"f811ff7\" data-element_type=\"column\" data-e-type=\"column\">\n\t\t\t<div class=\"elementor-widget-wrap elementor-element-populated\">\n\t\t\t\t\t\t<div class=\"elementor-element elementor-element-2e867a6 elementor-widget elementor-widget-heading\" data-id=\"2e867a6\" data-element_type=\"widget\" data-e-type=\"widget\" data-widget_type=\"heading.default\">\n\t\t\t\t<div class=\"elementor-widget-container\">\n\t\t\t\t\t<h2 class=\"elementor-heading-title elementor-size-default\">Sportpark Rabenberg<\/h2>\t\t\t\t<\/div>\n\t\t\t\t<\/div>\n\t\t\t\t<div class=\"elementor-element elementor-element-768cd01 elementor-widget elementor-widget-text-editor\" data-id=\"768cd01\" data-element_type=\"widget\" data-e-type=\"widget\" data-widget_type=\"text-editor.default\">\n\t\t\t\t<div class=\"elementor-widget-container\">\n\t\t\t\t\t\t\t\t\t<p>Die <span style=\"color: #93ca9e;\"><a style=\"color: #93ca9e;\" href=\"https:\/\/www.sportpark-rabenberg.de\/uebernachtung-gastronomie\">Unterbringung<\/a><\/span> in den H\u00e4usern des Sportparks inmitten des Erzgebirges bieten verschiedene Zimmerstandards und ein ausgewogenes Angebot an frischen und regionalen Leckerbissen beim\u00a0 Fr\u00fchst\u00fccks-, Mittags und Abendbuffett.<\/p><p>Es erwartet euch au\u00dferdem eine einzigartige Sportanlage, bei der (fast) alle W\u00fcnsche erf\u00fcllt werden. Mit hochmodernen <span style=\"color: #93ca9e;\"><a style=\"color: #93ca9e;\" href=\"https:\/\/www.sportpark-rabenberg.de\/sport-training\/sportstaetten\">Sportst\u00e4tten<\/a> <\/span>wie einen Fitnessraum, Schwimmhalle, einer Kegelbahn und verschiedenen Au\u00dfensportanlagen wird es einem garantiert nicht langweilig. Anstrengende Sporttage k\u00f6nnen im Wellness Bereich mit Sauna ausgeklungen werden.<\/p><p><span style=\"color: #93ca9e;\"><strong>Natur. Sport. <span style=\"color: #93ca9e;\">Erholung.<\/span><\/strong><\/span><\/p>\t\t\t\t\t\t\t\t<\/div>\n\t\t\t\t<\/div>\n\t\t\t\t\t<\/div>\n\t\t<\/div>\n\t\t\t\t<div class=\"elementor-column elementor-col-50 elementor-top-column elementor-element elementor-element-7cdfc19\" data-id=\"7cdfc19\" data-element_type=\"column\" data-e-type=\"column\">\n\t\t\t<div class=\"elementor-widget-wrap elementor-element-populated\">\n\t\t\t\t\t\t<div class=\"elementor-element elementor-element-178edbe elementor-widget elementor-widget-image\" data-id=\"178edbe\" data-element_type=\"widget\" data-e-type=\"widget\" data-widget_type=\"image.default\">\n\t\t\t\t<div class=\"elementor-widget-container\">\n\t\t\t\t\t\t\t\t\t\t\t\t\t\t\t<img fetchpriority=\"high\" decoding=\"async\" width=\"800\" height=\"449\" src=\"https:\/\/www.sporting-women.de\/womens-gravel-camp\/wp-content\/uploads\/sites\/19\/2024\/02\/herbst_luft_spr-0032-1024x575.jpg\" class=\"attachment-large size-large wp-image-34958\" alt=\"\" srcset=\"https:\/\/www.sporting-women.de\/womens-gravel-camp\/wp-content\/uploads\/sites\/19\/2024\/02\/herbst_luft_spr-0032-1024x575.jpg 1024w, https:\/\/www.sporting-women.de\/womens-gravel-camp\/wp-content\/uploads\/sites\/19\/2024\/02\/herbst_luft_spr-0032-300x168.jpg 300w, https:\/\/www.sporting-women.de\/womens-gravel-camp\/wp-content\/uploads\/sites\/19\/2024\/02\/herbst_luft_spr-0032-768x431.jpg 768w, https:\/\/www.sporting-women.de\/womens-gravel-camp\/wp-content\/uploads\/sites\/19\/2024\/02\/herbst_luft_spr-0032-1536x862.jpg 1536w, https:\/\/www.sporting-women.de\/womens-gravel-camp\/wp-content\/uploads\/sites\/19\/2024\/02\/herbst_luft_spr-0032-600x337.jpg 600w, https:\/\/www.sporting-women.de\/womens-gravel-camp\/wp-content\/uploads\/sites\/19\/2024\/02\/herbst_luft_spr-0032.jpg 2000w\" sizes=\"(max-width: 800px) 100vw, 800px\" \/>\t\t\t\t\t\t\t\t\t\t\t\t\t\t\t<\/div>\n\t\t\t\t<\/div>\n\t\t\t\t\t<\/div>\n\t\t<\/div>\n\t\t\t\t\t<\/div>\n\t\t<\/section>\n\t\t\t\t<section class=\"elementor-section elementor-top-section elementor-element elementor-element-df7e4b9 elementor-section-boxed elementor-section-height-default elementor-section-height-default\" data-id=\"df7e4b9\" data-element_type=\"section\" data-e-type=\"section\">\n\t\t\t\t\t\t<div class=\"elementor-container elementor-column-gap-default\">\n\t\t\t\t\t<div class=\"elementor-column elementor-col-100 elementor-top-column elementor-element elementor-element-5113474\" data-id=\"5113474\" data-element_type=\"column\" data-e-type=\"column\">\n\t\t\t<div class=\"elementor-widget-wrap elementor-element-populated\">\n\t\t\t\t\t\t<div class=\"elementor-element elementor-element-a927940 gallery-spacing-custom elementor-widget elementor-widget-image-gallery\" data-id=\"a927940\" data-element_type=\"widget\" data-e-type=\"widget\" data-widget_type=\"image-gallery.default\">\n\t\t\t\t<div class=\"elementor-widget-container\">\n\t\t\t\t\t\t\t<div class=\"elementor-image-gallery\">\n\t\t\t<div id='gallery-1' class='gallery galleryid-32712 gallery-columns-3 gallery-size-thumblist'><figure class='gallery-item'>\n\t\t\t<div class='gallery-icon landscape'>\n\t\t\t\t<a data-elementor-open-lightbox=\"yes\" data-elementor-lightbox-slideshow=\"a927940\" data-elementor-lightbox-title=\"herbst_luft_spr-0016\" data-e-action-hash=\"#elementor-action%3Aaction%3Dlightbox%26settings%3DeyJpZCI6MzQ5NTksInVybCI6Imh0dHBzOlwvXC93d3cuc3BvcnRpbmctd29tZW4uZGVcL3dvbWVucy1ncmF2ZWwtY2FtcFwvd3AtY29udGVudFwvdXBsb2Fkc1wvc2l0ZXNcLzE5XC8yMDI0XC8wMlwvaGVyYnN0X2x1ZnRfc3ByLTAwMTYuanBnIiwic2xpZGVzaG93IjoiYTkyNzk0MCJ9\" href='https:\/\/www.sporting-women.de\/womens-gravel-camp\/wp-content\/uploads\/sites\/19\/2024\/02\/herbst_luft_spr-0016.jpg'><img decoding=\"async\" width=\"300\" height=\"300\" src=\"https:\/\/www.sporting-women.de\/womens-gravel-camp\/wp-content\/uploads\/sites\/19\/2024\/02\/herbst_luft_spr-0016-300x300.jpg\" class=\"attachment-thumblist size-thumblist\" alt=\"\" srcset=\"https:\/\/www.sporting-women.de\/womens-gravel-camp\/wp-content\/uploads\/sites\/19\/2024\/02\/herbst_luft_spr-0016-300x300.jpg 300w, https:\/\/www.sporting-women.de\/womens-gravel-camp\/wp-content\/uploads\/sites\/19\/2024\/02\/herbst_luft_spr-0016-150x150.jpg 150w, https:\/\/www.sporting-women.de\/womens-gravel-camp\/wp-content\/uploads\/sites\/19\/2024\/02\/herbst_luft_spr-0016-500x500.jpg 500w, https:\/\/www.sporting-women.de\/womens-gravel-camp\/wp-content\/uploads\/sites\/19\/2024\/02\/herbst_luft_spr-0016-100x100.jpg 100w\" sizes=\"(max-width: 300px) 100vw, 300px\" \/><\/a>\n\t\t\t<\/div><\/figure><figure class='gallery-item'>\n\t\t\t<div class='gallery-icon landscape'>\n\t\t\t\t<a data-elementor-open-lightbox=\"yes\" data-elementor-lightbox-slideshow=\"a927940\" data-elementor-lightbox-title=\"haus1-6285\" data-e-action-hash=\"#elementor-action%3Aaction%3Dlightbox%26settings%3DeyJpZCI6MzQ5NTUsInVybCI6Imh0dHBzOlwvXC93d3cuc3BvcnRpbmctd29tZW4uZGVcL3dvbWVucy1ncmF2ZWwtY2FtcFwvd3AtY29udGVudFwvdXBsb2Fkc1wvc2l0ZXNcLzE5XC8yMDI0XC8wMlwvaGF1czEtNjI4NS1zY2FsZWQuanBnIiwic2xpZGVzaG93IjoiYTkyNzk0MCJ9\" href='https:\/\/www.sporting-women.de\/womens-gravel-camp\/wp-content\/uploads\/sites\/19\/2024\/02\/haus1-6285-scaled.jpg'><img decoding=\"async\" width=\"300\" height=\"300\" src=\"https:\/\/www.sporting-women.de\/womens-gravel-camp\/wp-content\/uploads\/sites\/19\/2024\/02\/haus1-6285-300x300.jpg\" class=\"attachment-thumblist size-thumblist\" alt=\"\" srcset=\"https:\/\/www.sporting-women.de\/womens-gravel-camp\/wp-content\/uploads\/sites\/19\/2024\/02\/haus1-6285-300x300.jpg 300w, https:\/\/www.sporting-women.de\/womens-gravel-camp\/wp-content\/uploads\/sites\/19\/2024\/02\/haus1-6285-150x150.jpg 150w, https:\/\/www.sporting-women.de\/womens-gravel-camp\/wp-content\/uploads\/sites\/19\/2024\/02\/haus1-6285-500x500.jpg 500w, https:\/\/www.sporting-women.de\/womens-gravel-camp\/wp-content\/uploads\/sites\/19\/2024\/02\/haus1-6285-100x100.jpg 100w\" sizes=\"(max-width: 300px) 100vw, 300px\" \/><\/a>\n\t\t\t<\/div><\/figure><figure class='gallery-item'>\n\t\t\t<div class='gallery-icon landscape'>\n\t\t\t\t<a data-elementor-open-lightbox=\"yes\" data-elementor-lightbox-slideshow=\"a927940\" data-elementor-lightbox-title=\"Sportpark_Rabenberg_Gastro_\u00a9Studio2_2\" data-e-action-hash=\"#elementor-action%3Aaction%3Dlightbox%26settings%3DeyJpZCI6MzQ5NTcsInVybCI6Imh0dHBzOlwvXC93d3cuc3BvcnRpbmctd29tZW4uZGVcL3dvbWVucy1ncmF2ZWwtY2FtcFwvd3AtY29udGVudFwvdXBsb2Fkc1wvc2l0ZXNcLzE5XC8yMDI0XC8wMlwvU3BvcnRwYXJrX1JhYmVuYmVyZ19HYXN0cm9fXHUwMGE5U3R1ZGlvMl8yLXNjYWxlZC5qcGciLCJzbGlkZXNob3ciOiJhOTI3OTQwIn0%3D\" href='https:\/\/www.sporting-women.de\/womens-gravel-camp\/wp-content\/uploads\/sites\/19\/2024\/02\/Sportpark_Rabenberg_Gastro_\u00a9Studio2_2-scaled.jpg'><img loading=\"lazy\" decoding=\"async\" width=\"300\" height=\"300\" src=\"https:\/\/www.sporting-women.de\/womens-gravel-camp\/wp-content\/uploads\/sites\/19\/2024\/02\/Sportpark_Rabenberg_Gastro_\u00a9Studio2_2-300x300.jpg\" class=\"attachment-thumblist size-thumblist\" alt=\"\" srcset=\"https:\/\/www.sporting-women.de\/womens-gravel-camp\/wp-content\/uploads\/sites\/19\/2024\/02\/Sportpark_Rabenberg_Gastro_\u00a9Studio2_2-300x300.jpg 300w, https:\/\/www.sporting-women.de\/womens-gravel-camp\/wp-content\/uploads\/sites\/19\/2024\/02\/Sportpark_Rabenberg_Gastro_\u00a9Studio2_2-150x150.jpg 150w, https:\/\/www.sporting-women.de\/womens-gravel-camp\/wp-content\/uploads\/sites\/19\/2024\/02\/Sportpark_Rabenberg_Gastro_\u00a9Studio2_2-500x500.jpg 500w, https:\/\/www.sporting-women.de\/womens-gravel-camp\/wp-content\/uploads\/sites\/19\/2024\/02\/Sportpark_Rabenberg_Gastro_\u00a9Studio2_2-100x100.jpg 100w\" sizes=\"(max-width: 300px) 100vw, 300px\" \/><\/a>\n\t\t\t<\/div><\/figure>\n\t\t<\/div>\n\t\t<\/div>\n\t\t\t\t\t\t<\/div>\n\t\t\t\t<\/div>\n\t\t\t\t<div class=\"elementor-element elementor-element-b794bb7 elementor-widget-divider--separator-type-pattern elementor-widget-divider--view-line elementor-widget elementor-widget-divider\" data-id=\"b794bb7\" data-element_type=\"widget\" data-e-type=\"widget\" data-widget_type=\"divider.default\">\n\t\t\t\t<div class=\"elementor-widget-container\">\n\t\t\t\t\t\t\t<div class=\"elementor-divider\" style=\"--divider-pattern-url: url(&quot;data:image\/svg+xml,%3Csvg xmlns=&#039;http:\/\/www.w3.org\/2000\/svg&#039; preserveAspectRatio=&#039;none&#039; overflow=&#039;visible&#039; height=&#039;100%&#039; viewBox=&#039;0 0 24 24&#039; fill=&#039;none&#039; stroke=&#039;black&#039; stroke-width=&#039;1&#039; stroke-linecap=&#039;square&#039; stroke-miterlimit=&#039;10&#039;%3E%3Cpath d=&#039;M0,6c6,0,0.9,11.1,6.9,11.1S18,6,24,6&#039;\/%3E%3C\/svg%3E&quot;);\">\n\t\t\t<span class=\"elementor-divider-separator\">\n\t\t\t\t\t\t<\/span>\n\t\t<\/div>\n\t\t\t\t\t\t<\/div>\n\t\t\t\t<\/div>\n\t\t\t\t\t<\/div>\n\t\t<\/div>\n\t\t\t\t\t<\/div>\n\t\t<\/section>\n\t\t\t\t<section class=\"elementor-section elementor-top-section elementor-element elementor-element-7f000f7 elementor-section-boxed elementor-section-height-default elementor-section-height-default\" data-id=\"7f000f7\" data-element_type=\"section\" data-e-type=\"section\" data-settings=\"{&quot;background_background&quot;:&quot;classic&quot;}\">\n\t\t\t\t\t\t<div class=\"elementor-container elementor-column-gap-default\">\n\t\t\t\t\t<div class=\"elementor-column elementor-col-50 elementor-top-column elementor-element elementor-element-5e909a5\" data-id=\"5e909a5\" data-element_type=\"column\" data-e-type=\"column\" data-settings=\"{&quot;background_background&quot;:&quot;classic&quot;}\">\n\t\t\t<div class=\"elementor-widget-wrap elementor-element-populated\">\n\t\t\t\t\t\t<section class=\"elementor-section elementor-inner-section elementor-element elementor-element-65db0a2 elementor-section-boxed elementor-section-height-default elementor-section-height-default\" data-id=\"65db0a2\" data-element_type=\"section\" data-e-type=\"section\">\n\t\t\t\t\t\t<div class=\"elementor-container elementor-column-gap-default\">\n\t\t\t\t\t<div class=\"elementor-column elementor-col-50 elementor-inner-column elementor-element elementor-element-eb07ac7\" data-id=\"eb07ac7\" data-element_type=\"column\" data-e-type=\"column\">\n\t\t\t<div class=\"elementor-widget-wrap elementor-element-populated\">\n\t\t\t\t\t\t<div class=\"elementor-element elementor-element-5771bba elementor-widget elementor-widget-image\" data-id=\"5771bba\" data-element_type=\"widget\" data-e-type=\"widget\" data-widget_type=\"image.default\">\n\t\t\t\t<div class=\"elementor-widget-container\">\n\t\t\t\t\t\t\t\t\t\t\t\t\t\t\t<img loading=\"lazy\" decoding=\"async\" width=\"310\" height=\"149\" src=\"https:\/\/www.sporting-women.de\/womens-gravel-camp\/wp-content\/uploads\/sites\/19\/2024\/02\/Bildschirmfoto-2024-02-23-um-11.39.48.png\" class=\"attachment-large size-large wp-image-34846\" alt=\"\" srcset=\"https:\/\/www.sporting-women.de\/womens-gravel-camp\/wp-content\/uploads\/sites\/19\/2024\/02\/Bildschirmfoto-2024-02-23-um-11.39.48.png 310w, https:\/\/www.sporting-women.de\/womens-gravel-camp\/wp-content\/uploads\/sites\/19\/2024\/02\/Bildschirmfoto-2024-02-23-um-11.39.48-300x144.png 300w\" sizes=\"(max-width: 310px) 100vw, 310px\" \/>\t\t\t\t\t\t\t\t\t\t\t\t\t\t\t<\/div>\n\t\t\t\t<\/div>\n\t\t\t\t\t<\/div>\n\t\t<\/div>\n\t\t\t\t<div class=\"elementor-column elementor-col-50 elementor-inner-column elementor-element elementor-element-247a824\" data-id=\"247a824\" data-element_type=\"column\" data-e-type=\"column\">\n\t\t\t<div class=\"elementor-widget-wrap elementor-element-populated\">\n\t\t\t\t\t\t<div class=\"elementor-element elementor-element-b203aa7 elementor-widget elementor-widget-text-editor\" data-id=\"b203aa7\" data-element_type=\"widget\" data-e-type=\"widget\" data-widget_type=\"text-editor.default\">\n\t\t\t\t<div class=\"elementor-widget-container\">\n\t\t\t\t\t\t\t\t\t<h4>Sportpark Rabenberg e.V.<\/h4><div class=\"col-auto\"><div class=\"company\">Sport\u00adpark Raben\u00adberg e.V.<\/div><div class=\"address\">08359 Brei\u00adten\u00adbrunn<br \/>Deutsch\u00adland<\/div><div>\u00a0<\/div><\/div><p><span style=\"color: #454545;\">Tel: +49 377561710<\/span><br \/><span style=\"color: #454545;\">E-Mail:<\/span> <span class=\"contact-wrapper is-email\"><a class=\" \" href=\"mailto:kontakt@sport\u00adpark-raben\u00adberg.de\"><span class=\"link-text\"><span style=\"color: #93ca9e;\">kontakt@sport\u00adpark-raben\u00adberg.de<\/span><\/span><\/a><\/span><br \/><span style=\"color: #454545;\">Webseite:<\/span> <span style=\"color: #93ca9e;\"><a style=\"color: #93ca9e;\" href=\"https:\/\/www.sportpark-rabenberg.de\/\">www.sportpark-rabenberg.de<\/a> <\/span><\/p>\t\t\t\t\t\t\t\t<\/div>\n\t\t\t\t<\/div>\n\t\t\t\t\t<\/div>\n\t\t<\/div>\n\t\t\t\t\t<\/div>\n\t\t<\/section>\n\t\t\t\t\t<\/div>\n\t\t<\/div>\n\t\t\t\t<div class=\"elementor-column elementor-col-50 elementor-top-column elementor-element elementor-element-ac8a46e\" data-id=\"ac8a46e\" data-element_type=\"column\" data-e-type=\"column\" data-settings=\"{&quot;background_background&quot;:&quot;classic&quot;}\">\n\t\t\t<div class=\"elementor-widget-wrap elementor-element-populated\">\n\t\t\t\t\t\t<div class=\"elementor-element elementor-element-2349107 elementor-widget elementor-widget-google_maps\" data-id=\"2349107\" data-element_type=\"widget\" data-e-type=\"widget\" data-widget_type=\"google_maps.default\">\n\t\t\t\t<div class=\"elementor-widget-container\">\n\t\t\t\t\t\t\t<div class=\"elementor-custom-embed\">\n\t\t\t<iframe loading=\"lazy\"\n\t\t\t\t\tsrc=\"https:\/\/maps.google.com\/maps?q=Sportpark%20Rabenberg&#038;t=m&#038;z=13&#038;output=embed&#038;iwloc=near\"\n\t\t\t\t\ttitle=\"Sportpark Rabenberg\"\n\t\t\t\t\taria-label=\"Sportpark Rabenberg\"\n\t\t\t><\/iframe>\n\t\t<\/div>\n\t\t\t\t\t\t<\/div>\n\t\t\t\t<\/div>\n\t\t\t\t\t<\/div>\n\t\t<\/div>\n\t\t\t\t\t<\/div>\n\t\t<\/section>\n\t\t\t\t<section class=\"elementor-section elementor-top-section elementor-element elementor-element-a74f65c elementor-section-boxed elementor-section-height-default elementor-section-height-default\" data-id=\"a74f65c\" data-element_type=\"section\" data-e-type=\"section\">\n\t\t\t\t\t\t<div class=\"elementor-container elementor-column-gap-default\">\n\t\t\t\t\t<div class=\"elementor-column elementor-col-100 elementor-top-column elementor-element elementor-element-492b00d\" data-id=\"492b00d\" data-element_type=\"column\" data-e-type=\"column\">\n\t\t\t<div class=\"elementor-widget-wrap elementor-element-populated\">\n\t\t\t\t\t\t<div class=\"elementor-element elementor-element-3659bb9 elementor-widget elementor-widget-spacer\" data-id=\"3659bb9\" data-element_type=\"widget\" data-e-type=\"widget\" data-widget_type=\"spacer.default\">\n\t\t\t\t<div class=\"elementor-widget-container\">\n\t\t\t\t\t\t\t<div class=\"elementor-spacer\">\n\t\t\t<div class=\"elementor-spacer-inner\"><\/div>\n\t\t<\/div>\n\t\t\t\t\t\t<\/div>\n\t\t\t\t<\/div>\n\t\t\t\t\t<\/div>\n\t\t<\/div>\n\t\t\t\t\t<\/div>\n\t\t<\/section>\n\t\t\t\t<\/div>\n\t\t","protected":false},"excerpt":{"rendered":"<p>Unterkunft Sportpark Rabenberg Die Unterbringung in den H\u00e4usern des Sportparks inmitten des Erzgebirges bieten verschiedene Zimmerstandards und ein ausgewogenes Angebot an frischen und regionalen Leckerbissen beim\u00a0 Fr\u00fchst\u00fccks-, Mittags und Abendbuffett. Es erwartet euch au\u00dferdem eine einzigartige Sportanlage, bei der (fast) alle W\u00fcnsche erf\u00fcllt werden. Mit hochmodernen Sportst\u00e4tten wie einen Fitnessraum, Schwimmhalle, einer Kegelbahn und verschiedenen [&hellip;]<\/p>\n","protected":false},"author":2,"featured_media":0,"parent":0,"menu_order":0,"comment_status":"closed","ping_status":"closed","template":"","meta":{"_acf_changed":false,"footnotes":""},"class_list":["post-32712","page","type-page","status-publish","hentry"],"acf":[],"_links":{"self":[{"href":"https:\/\/www.sporting-women.de\/womens-gravel-camp\/wp-json\/wp\/v2\/pages\/32712","targetHints":{"allow":["GET"]}}],"collection":[{"href":"https:\/\/www.sporting-women.de\/womens-gravel-camp\/wp-json\/wp\/v2\/pages"}],"about":[{"href":"https:\/\/www.sporting-women.de\/womens-gravel-camp\/wp-json\/wp\/v2\/types\/page"}],"author":[{"embeddable":true,"href":"https:\/\/www.sporting-women.de\/womens-gravel-camp\/wp-json\/wp\/v2\/users\/2"}],"replies":[{"embeddable":true,"href":"https:\/\/www.sporting-women.de\/womens-gravel-camp\/wp-json\/wp\/v2\/comments?post=32712"}],"version-history":[{"count":0,"href":"https:\/\/www.sporting-women.de\/womens-gravel-camp\/wp-json\/wp\/v2\/pages\/32712\/revisions"}],"wp:attachment":[{"href":"https:\/\/www.sporting-women.de\/womens-gravel-camp\/wp-json\/wp\/v2\/media?parent=32712"}],"curies":[{"name":"wp","href":"https:\/\/api.w.org\/{rel}","templated":true}]}}