{"id":34341,"date":"2023-11-07T10:48:15","date_gmt":"2023-11-07T09:48:15","guid":{"rendered":"https:\/\/www.sporting-women.de\/womens-gravel-camp\/?page_id=34341"},"modified":"2025-11-12T16:57:09","modified_gmt":"2025-11-12T15:57:09","slug":"touren","status":"publish","type":"page","link":"https:\/\/www.sporting-women.de\/womens-gravel-camp\/touren\/","title":{"rendered":"Touren"},"content":{"rendered":"\t\t<div data-elementor-type=\"wp-page\" data-elementor-id=\"34341\" class=\"elementor elementor-34341\" data-elementor-post-type=\"page\">\n\t\t\t\t\t\t<section class=\"elementor-section elementor-top-section elementor-element elementor-element-16aa625 elementor-section-boxed elementor-section-height-default elementor-section-height-default\" data-id=\"16aa625\" data-element_type=\"section\" data-e-type=\"section\">\n\t\t\t\t\t\t<div class=\"elementor-container elementor-column-gap-default\">\n\t\t\t\t\t<div class=\"elementor-column elementor-col-100 elementor-top-column elementor-element elementor-element-d551eb7\" data-id=\"d551eb7\" data-element_type=\"column\" data-e-type=\"column\">\n\t\t\t<div class=\"elementor-widget-wrap elementor-element-populated\">\n\t\t\t\t\t\t<div class=\"elementor-element elementor-element-6db048d elementor-widget elementor-widget-heading\" data-id=\"6db048d\" data-element_type=\"widget\" data-e-type=\"widget\" data-widget_type=\"heading.default\">\n\t\t\t\t<div class=\"elementor-widget-container\">\n\t\t\t\t\t<h2 class=\"elementor-heading-title elementor-size-default\">Touren<\/h2>\t\t\t\t<\/div>\n\t\t\t\t<\/div>\n\t\t\t\t\t<\/div>\n\t\t<\/div>\n\t\t\t\t\t<\/div>\n\t\t<\/section>\n\t\t\t\t<section class=\"elementor-section elementor-top-section elementor-element elementor-element-a75f8f8 elementor-section-boxed elementor-section-height-default elementor-section-height-default\" data-id=\"a75f8f8\" data-element_type=\"section\" data-e-type=\"section\">\n\t\t\t\t\t\t<div class=\"elementor-container elementor-column-gap-default\">\n\t\t\t\t\t<div class=\"elementor-column elementor-col-100 elementor-top-column elementor-element elementor-element-38ecc8a\" data-id=\"38ecc8a\" data-element_type=\"column\" data-e-type=\"column\">\n\t\t\t<div class=\"elementor-widget-wrap elementor-element-populated\">\n\t\t\t\t\t\t<div class=\"elementor-element elementor-element-187ce92 elementor-widget elementor-widget-heading\" data-id=\"187ce92\" data-element_type=\"widget\" data-e-type=\"widget\" data-widget_type=\"heading.default\">\n\t\t\t\t<div class=\"elementor-widget-container\">\n\t\t\t\t\t<h2 class=\"elementor-heading-title elementor-size-default\">Women's Gravel Camp - Touren-Portfolio<\/h2>\t\t\t\t<\/div>\n\t\t\t\t<\/div>\n\t\t\t\t<div class=\"elementor-element elementor-element-579aaa2 elementor-widget elementor-widget-text-editor\" data-id=\"579aaa2\" data-element_type=\"widget\" data-e-type=\"widget\" data-widget_type=\"text-editor.default\">\n\t\t\t\t<div class=\"elementor-widget-container\">\n\t\t\t\t\t\t\t\t\t<p class=\"\"><span style=\"color: #454545;\">Das Erzgebirge bietet zahlreiche abenteuerliche Gravel-Touren mit einigen H\u00f6henmetern. Wir haben ein paar sch\u00f6ne Strecken f\u00fcr euch zusammengestellt \u2013 von leichten bis schwierigen Touren ist f\u00fcr jeden etwas dabei.<\/span><\/p><p class=\"\"><span style=\"color: #454545;\">Wichtiger Hinweis:<span class=\"\">\u00a0<\/span>Die Touren werden von unserem professionellen Guide Team auf das jeweilige Gruppenniveau individuell angepasst, sodass f\u00fcr jede Gruppe die passende Strecke gefunden wird. <span class=\"\">Dies ist lediglich ein Auszug aus unserem Portfolio von den letzten Jahren.<\/span><\/span><\/p>\t\t\t\t\t\t\t\t<\/div>\n\t\t\t\t<\/div>\n\t\t\t\t\t<\/div>\n\t\t<\/div>\n\t\t\t\t\t<\/div>\n\t\t<\/section>\n\t\t\t\t<section class=\"elementor-section elementor-top-section elementor-element elementor-element-adfb2cc elementor-section-boxed elementor-section-height-default elementor-section-height-default\" data-id=\"adfb2cc\" data-element_type=\"section\" data-e-type=\"section\">\n\t\t\t\t\t\t<div class=\"elementor-container elementor-column-gap-default\">\n\t\t\t\t\t<div class=\"elementor-column elementor-col-33 elementor-top-column elementor-element elementor-element-1c4782f\" data-id=\"1c4782f\" data-element_type=\"column\" data-e-type=\"column\">\n\t\t\t<div class=\"elementor-widget-wrap elementor-element-populated\">\n\t\t\t\t\t\t<div class=\"elementor-element elementor-element-d5cd348 elementor-widget elementor-widget-image\" data-id=\"d5cd348\" data-element_type=\"widget\" data-e-type=\"widget\" data-widget_type=\"image.default\">\n\t\t\t\t<div class=\"elementor-widget-container\">\n\t\t\t\t\t\t\t\t\t\t\t\t\t\t\t<img fetchpriority=\"high\" decoding=\"async\" width=\"772\" height=\"576\" src=\"https:\/\/www.sporting-women.de\/womens-gravel-camp\/wp-content\/uploads\/sites\/19\/2025\/11\/Bildschirmfoto-2025-11-10-um-10.12.49.png\" class=\"attachment-full size-full wp-image-36359\" alt=\"\" srcset=\"https:\/\/www.sporting-women.de\/womens-gravel-camp\/wp-content\/uploads\/sites\/19\/2025\/11\/Bildschirmfoto-2025-11-10-um-10.12.49.png 772w, https:\/\/www.sporting-women.de\/womens-gravel-camp\/wp-content\/uploads\/sites\/19\/2025\/11\/Bildschirmfoto-2025-11-10-um-10.12.49-300x224.png 300w, https:\/\/www.sporting-women.de\/womens-gravel-camp\/wp-content\/uploads\/sites\/19\/2025\/11\/Bildschirmfoto-2025-11-10-um-10.12.49-768x573.png 768w, https:\/\/www.sporting-women.de\/womens-gravel-camp\/wp-content\/uploads\/sites\/19\/2025\/11\/Bildschirmfoto-2025-11-10-um-10.12.49-600x448.png 600w\" sizes=\"(max-width: 772px) 100vw, 772px\" \/>\t\t\t\t\t\t\t\t\t\t\t\t\t\t\t<\/div>\n\t\t\t\t<\/div>\n\t\t\t\t\t<\/div>\n\t\t<\/div>\n\t\t\t\t<div class=\"elementor-column elementor-col-66 elementor-top-column elementor-element elementor-element-442ee9e\" data-id=\"442ee9e\" data-element_type=\"column\" data-e-type=\"column\">\n\t\t\t<div class=\"elementor-widget-wrap elementor-element-populated\">\n\t\t\t\t\t\t<div class=\"elementor-element elementor-element-b4c4990 elementor-widget elementor-widget-heading\" data-id=\"b4c4990\" data-element_type=\"widget\" data-e-type=\"widget\" data-widget_type=\"heading.default\">\n\t\t\t\t<div class=\"elementor-widget-container\">\n\t\t\t\t\t<h2 class=\"elementor-heading-title elementor-size-default\">Women's Gravel Camp - Prolog kurz<\/h2>\t\t\t\t<\/div>\n\t\t\t\t<\/div>\n\t\t\t\t<div class=\"elementor-element elementor-element-60f3328 elementor-widget elementor-widget-text-editor\" data-id=\"60f3328\" data-element_type=\"widget\" data-e-type=\"widget\" data-widget_type=\"text-editor.default\">\n\t\t\t\t<div class=\"elementor-widget-container\">\n\t\t\t\t\t\t\t\t\t<p><span style=\"color: #454545;\"><strong>Streckenl\u00e4nge: <\/strong>14,9 km<\/span><\/p><p><span style=\"color: #454545;\"><strong>Fahrtzeit:<\/strong> ca. 1,5 Stunden<\/span><\/p><p><span style=\"color: #454545;\"><strong>H\u00f6henmeter: <\/strong>160 Hm<\/span><\/p><p><span style=\"color: #93ca9e;\"><a style=\"color: #93ca9e;\" href=\"https:\/\/www.komoot.com\/de-de\/tour\/2299390779?share_token=aqNnzUE48hn4vFiio0bJw5pibR5it3oWr4jnzTnEbp8lha8bSw&amp;ref=wtd\">Hier <\/a><\/span>kommt ihr zur Komoot-Tour<\/p>\t\t\t\t\t\t\t\t<\/div>\n\t\t\t\t<\/div>\n\t\t\t\t\t<\/div>\n\t\t<\/div>\n\t\t\t\t\t<\/div>\n\t\t<\/section>\n\t\t\t\t<section class=\"elementor-section elementor-top-section elementor-element elementor-element-05ba2b7 elementor-section-boxed elementor-section-height-default elementor-section-height-default\" data-id=\"05ba2b7\" data-element_type=\"section\" data-e-type=\"section\">\n\t\t\t\t\t\t<div class=\"elementor-container elementor-column-gap-default\">\n\t\t\t\t\t<div class=\"elementor-column elementor-col-33 elementor-top-column elementor-element elementor-element-884c7a0\" data-id=\"884c7a0\" data-element_type=\"column\" data-e-type=\"column\">\n\t\t\t<div class=\"elementor-widget-wrap elementor-element-populated\">\n\t\t\t\t\t\t<div class=\"elementor-element elementor-element-b8b5a1c elementor-widget elementor-widget-image\" data-id=\"b8b5a1c\" data-element_type=\"widget\" data-e-type=\"widget\" data-widget_type=\"image.default\">\n\t\t\t\t<div class=\"elementor-widget-container\">\n\t\t\t\t\t\t\t\t\t\t\t\t\t\t\t<img decoding=\"async\" width=\"892\" height=\"788\" src=\"https:\/\/www.sporting-women.de\/womens-gravel-camp\/wp-content\/uploads\/sites\/19\/2025\/11\/Bildschirmfoto-2025-11-10-um-10.14.10.png\" class=\"attachment-full size-full wp-image-36361\" alt=\"\" srcset=\"https:\/\/www.sporting-women.de\/womens-gravel-camp\/wp-content\/uploads\/sites\/19\/2025\/11\/Bildschirmfoto-2025-11-10-um-10.14.10.png 892w, https:\/\/www.sporting-women.de\/womens-gravel-camp\/wp-content\/uploads\/sites\/19\/2025\/11\/Bildschirmfoto-2025-11-10-um-10.14.10-300x265.png 300w, https:\/\/www.sporting-women.de\/womens-gravel-camp\/wp-content\/uploads\/sites\/19\/2025\/11\/Bildschirmfoto-2025-11-10-um-10.14.10-768x678.png 768w, https:\/\/www.sporting-women.de\/womens-gravel-camp\/wp-content\/uploads\/sites\/19\/2025\/11\/Bildschirmfoto-2025-11-10-um-10.14.10-600x530.png 600w\" sizes=\"(max-width: 892px) 100vw, 892px\" \/>\t\t\t\t\t\t\t\t\t\t\t\t\t\t\t<\/div>\n\t\t\t\t<\/div>\n\t\t\t\t\t<\/div>\n\t\t<\/div>\n\t\t\t\t<div class=\"elementor-column elementor-col-66 elementor-top-column elementor-element elementor-element-2de9548\" data-id=\"2de9548\" data-element_type=\"column\" data-e-type=\"column\">\n\t\t\t<div class=\"elementor-widget-wrap elementor-element-populated\">\n\t\t\t\t\t\t<div class=\"elementor-element elementor-element-9bd2e5d elementor-widget elementor-widget-heading\" data-id=\"9bd2e5d\" data-element_type=\"widget\" data-e-type=\"widget\" data-widget_type=\"heading.default\">\n\t\t\t\t<div class=\"elementor-widget-container\">\n\t\t\t\t\t<h2 class=\"elementor-heading-title elementor-size-default\">Women's Gravel Camp - Prolog<\/h2>\t\t\t\t<\/div>\n\t\t\t\t<\/div>\n\t\t\t\t<div class=\"elementor-element elementor-element-28afdee elementor-widget elementor-widget-text-editor\" data-id=\"28afdee\" data-element_type=\"widget\" data-e-type=\"widget\" data-widget_type=\"text-editor.default\">\n\t\t\t\t<div class=\"elementor-widget-container\">\n\t\t\t\t\t\t\t\t\t<p><span style=\"color: #454545;\"><strong>Streckenl\u00e4nge: <\/strong>25,8 km<\/span><\/p><p><span style=\"color: #454545;\"><strong>Fahrtzeit:<\/strong> ca. 2 Stunden<\/span><\/p><p><span style=\"color: #454545;\"><strong>H\u00f6henmeter: <\/strong>380 Hm<\/span><\/p><p><span style=\"color: #93ca9e;\"><a style=\"color: #93ca9e;\" href=\"https:\/\/www.komoot.com\/de-de\/tour\/2318428038?share_token=aJayy2ZJyC8Oa5YoeS88QmpP0XwVrl8r9INluDkoPbsdv3svYm&amp;ref=wtd\">Hier <\/a><\/span>kommt ihr zur Komoot-Tour<\/p>\t\t\t\t\t\t\t\t<\/div>\n\t\t\t\t<\/div>\n\t\t\t\t\t<\/div>\n\t\t<\/div>\n\t\t\t\t\t<\/div>\n\t\t<\/section>\n\t\t\t\t<section class=\"elementor-section elementor-top-section elementor-element elementor-element-a6b2622 elementor-section-boxed elementor-section-height-default elementor-section-height-default\" data-id=\"a6b2622\" data-element_type=\"section\" data-e-type=\"section\">\n\t\t\t\t\t\t<div class=\"elementor-container elementor-column-gap-default\">\n\t\t\t\t\t<div class=\"elementor-column elementor-col-33 elementor-top-column elementor-element elementor-element-89062f1\" data-id=\"89062f1\" data-element_type=\"column\" data-e-type=\"column\">\n\t\t\t<div class=\"elementor-widget-wrap elementor-element-populated\">\n\t\t\t\t\t\t<div class=\"elementor-element elementor-element-f786ce5 elementor-widget elementor-widget-image\" data-id=\"f786ce5\" data-element_type=\"widget\" data-e-type=\"widget\" data-widget_type=\"image.default\">\n\t\t\t\t<div class=\"elementor-widget-container\">\n\t\t\t\t\t\t\t\t\t\t\t\t\t\t\t<img decoding=\"async\" width=\"946\" height=\"800\" src=\"https:\/\/www.sporting-women.de\/womens-gravel-camp\/wp-content\/uploads\/sites\/19\/2025\/11\/Bildschirmfoto-2025-11-10-um-10.16.33.png\" class=\"attachment-full size-full wp-image-36362\" alt=\"\" srcset=\"https:\/\/www.sporting-women.de\/womens-gravel-camp\/wp-content\/uploads\/sites\/19\/2025\/11\/Bildschirmfoto-2025-11-10-um-10.16.33.png 946w, https:\/\/www.sporting-women.de\/womens-gravel-camp\/wp-content\/uploads\/sites\/19\/2025\/11\/Bildschirmfoto-2025-11-10-um-10.16.33-300x254.png 300w, https:\/\/www.sporting-women.de\/womens-gravel-camp\/wp-content\/uploads\/sites\/19\/2025\/11\/Bildschirmfoto-2025-11-10-um-10.16.33-768x649.png 768w, https:\/\/www.sporting-women.de\/womens-gravel-camp\/wp-content\/uploads\/sites\/19\/2025\/11\/Bildschirmfoto-2025-11-10-um-10.16.33-600x507.png 600w\" sizes=\"(max-width: 946px) 100vw, 946px\" \/>\t\t\t\t\t\t\t\t\t\t\t\t\t\t\t<\/div>\n\t\t\t\t<\/div>\n\t\t\t\t\t<\/div>\n\t\t<\/div>\n\t\t\t\t<div class=\"elementor-column elementor-col-66 elementor-top-column elementor-element elementor-element-d2f58a7\" data-id=\"d2f58a7\" data-element_type=\"column\" data-e-type=\"column\">\n\t\t\t<div class=\"elementor-widget-wrap elementor-element-populated\">\n\t\t\t\t\t\t<div class=\"elementor-element elementor-element-e60dc12 elementor-widget elementor-widget-heading\" data-id=\"e60dc12\" data-element_type=\"widget\" data-e-type=\"widget\" data-widget_type=\"heading.default\">\n\t\t\t\t<div class=\"elementor-widget-container\">\n\t\t\t\t\t<h2 class=\"elementor-heading-title elementor-size-default\">Women's Gravel Camp - Tagestour kurz<\/h2>\t\t\t\t<\/div>\n\t\t\t\t<\/div>\n\t\t\t\t<div class=\"elementor-element elementor-element-c7849c4 elementor-widget elementor-widget-text-editor\" data-id=\"c7849c4\" data-element_type=\"widget\" data-e-type=\"widget\" data-widget_type=\"text-editor.default\">\n\t\t\t\t<div class=\"elementor-widget-container\">\n\t\t\t\t\t\t\t\t\t<p><span style=\"color: #454545;\"><strong>Streckenl\u00e4nge:<\/strong> 48,5 km<\/span><\/p><p><span style=\"color: #454545;\"><strong>Fahrtzeit:<\/strong> ca. 4 Stunden<\/span><\/p><p><span style=\"color: #454545;\"><strong>H\u00f6henmeter: <\/strong>830 Hm<\/span><\/p><p><span style=\"color: #93ca9e;\"><a style=\"color: #93ca9e;\" href=\"https:\/\/www.komoot.com\/de-de\/tour\/2392457564?share_token=aAtsD39tg1OyoiuhdkLntiyCllXKKaN1wCfmWh5UPq14CK6ubh&amp;ref=wtd\">Hier <\/a><\/span>kommt ihr zur Komoot-Tour<\/p>\t\t\t\t\t\t\t\t<\/div>\n\t\t\t\t<\/div>\n\t\t\t\t\t<\/div>\n\t\t<\/div>\n\t\t\t\t\t<\/div>\n\t\t<\/section>\n\t\t\t\t<section class=\"elementor-section elementor-top-section elementor-element elementor-element-d2b3df9 elementor-section-boxed elementor-section-height-default elementor-section-height-default\" data-id=\"d2b3df9\" data-element_type=\"section\" data-e-type=\"section\">\n\t\t\t\t\t\t<div class=\"elementor-container elementor-column-gap-default\">\n\t\t\t\t\t<div class=\"elementor-column elementor-col-33 elementor-top-column elementor-element elementor-element-1e79e5d\" data-id=\"1e79e5d\" data-element_type=\"column\" data-e-type=\"column\">\n\t\t\t<div class=\"elementor-widget-wrap elementor-element-populated\">\n\t\t\t\t\t\t<div class=\"elementor-element elementor-element-9d60d6e elementor-widget elementor-widget-image\" data-id=\"9d60d6e\" data-element_type=\"widget\" data-e-type=\"widget\" data-widget_type=\"image.default\">\n\t\t\t\t<div class=\"elementor-widget-container\">\n\t\t\t\t\t\t\t\t\t\t\t\t\t\t\t<img loading=\"lazy\" decoding=\"async\" width=\"812\" height=\"572\" src=\"https:\/\/www.sporting-women.de\/womens-gravel-camp\/wp-content\/uploads\/sites\/19\/2025\/11\/Bildschirmfoto-2025-11-10-um-10.19.04.png\" class=\"attachment-full size-full wp-image-36363\" alt=\"\" srcset=\"https:\/\/www.sporting-women.de\/womens-gravel-camp\/wp-content\/uploads\/sites\/19\/2025\/11\/Bildschirmfoto-2025-11-10-um-10.19.04.png 812w, https:\/\/www.sporting-women.de\/womens-gravel-camp\/wp-content\/uploads\/sites\/19\/2025\/11\/Bildschirmfoto-2025-11-10-um-10.19.04-300x211.png 300w, https:\/\/www.sporting-women.de\/womens-gravel-camp\/wp-content\/uploads\/sites\/19\/2025\/11\/Bildschirmfoto-2025-11-10-um-10.19.04-768x541.png 768w, https:\/\/www.sporting-women.de\/womens-gravel-camp\/wp-content\/uploads\/sites\/19\/2025\/11\/Bildschirmfoto-2025-11-10-um-10.19.04-600x423.png 600w\" sizes=\"(max-width: 812px) 100vw, 812px\" \/>\t\t\t\t\t\t\t\t\t\t\t\t\t\t\t<\/div>\n\t\t\t\t<\/div>\n\t\t\t\t\t<\/div>\n\t\t<\/div>\n\t\t\t\t<div class=\"elementor-column elementor-col-66 elementor-top-column elementor-element elementor-element-7053bbb\" data-id=\"7053bbb\" data-element_type=\"column\" data-e-type=\"column\">\n\t\t\t<div class=\"elementor-widget-wrap elementor-element-populated\">\n\t\t\t\t\t\t<div class=\"elementor-element elementor-element-5a38518 elementor-widget elementor-widget-heading\" data-id=\"5a38518\" data-element_type=\"widget\" data-e-type=\"widget\" data-widget_type=\"heading.default\">\n\t\t\t\t<div class=\"elementor-widget-container\">\n\t\t\t\t\t<h2 class=\"elementor-heading-title elementor-size-default\">Women's Gravel Camp - Tagestour mittel<\/h2>\t\t\t\t<\/div>\n\t\t\t\t<\/div>\n\t\t\t\t<div class=\"elementor-element elementor-element-5685d1c elementor-widget elementor-widget-text-editor\" data-id=\"5685d1c\" data-element_type=\"widget\" data-e-type=\"widget\" data-widget_type=\"text-editor.default\">\n\t\t\t\t<div class=\"elementor-widget-container\">\n\t\t\t\t\t\t\t\t\t<p><span style=\"color: #454545;\"><strong>Streckenl\u00e4nge:<\/strong> 58,4 km<\/span><\/p><p><span style=\"color: #454545;\"><strong>Fahrtzeit:<\/strong> ca. 4,5 Stunden<\/span><\/p><p><span style=\"color: #454545;\"><strong>H\u00f6henmeter: <\/strong>940 Hm<\/span><\/p><p><span style=\"color: #93ca9e;\"><a style=\"color: #93ca9e;\" href=\"https:\/\/www.komoot.com\/de-de\/tour\/2392457084?share_token=auJd4WV6Kc47wFeBfnquOjKHIBaMdhHyzvRcKdesT0RWMOzmeR&amp;ref=wtd\">Hier <\/a><\/span>kommt ihr zur Komoot-Tour<\/p>\t\t\t\t\t\t\t\t<\/div>\n\t\t\t\t<\/div>\n\t\t\t\t\t<\/div>\n\t\t<\/div>\n\t\t\t\t\t<\/div>\n\t\t<\/section>\n\t\t\t\t<section class=\"elementor-section elementor-top-section elementor-element elementor-element-efb8488 elementor-section-boxed elementor-section-height-default elementor-section-height-default\" data-id=\"efb8488\" data-element_type=\"section\" data-e-type=\"section\">\n\t\t\t\t\t\t<div class=\"elementor-container elementor-column-gap-default\">\n\t\t\t\t\t<div class=\"elementor-column elementor-col-33 elementor-top-column elementor-element elementor-element-a7d1bd8\" data-id=\"a7d1bd8\" data-element_type=\"column\" data-e-type=\"column\">\n\t\t\t<div class=\"elementor-widget-wrap elementor-element-populated\">\n\t\t\t\t\t\t<div class=\"elementor-element elementor-element-e4649d6 elementor-widget elementor-widget-image\" data-id=\"e4649d6\" data-element_type=\"widget\" data-e-type=\"widget\" data-widget_type=\"image.default\">\n\t\t\t\t<div class=\"elementor-widget-container\">\n\t\t\t\t\t\t\t\t\t\t\t\t\t\t\t<img loading=\"lazy\" decoding=\"async\" width=\"944\" height=\"790\" src=\"https:\/\/www.sporting-women.de\/womens-gravel-camp\/wp-content\/uploads\/sites\/19\/2025\/11\/Bildschirmfoto-2025-11-10-um-10.19.28.png\" class=\"attachment-full size-full wp-image-36364\" alt=\"\" srcset=\"https:\/\/www.sporting-women.de\/womens-gravel-camp\/wp-content\/uploads\/sites\/19\/2025\/11\/Bildschirmfoto-2025-11-10-um-10.19.28.png 944w, https:\/\/www.sporting-women.de\/womens-gravel-camp\/wp-content\/uploads\/sites\/19\/2025\/11\/Bildschirmfoto-2025-11-10-um-10.19.28-300x251.png 300w, https:\/\/www.sporting-women.de\/womens-gravel-camp\/wp-content\/uploads\/sites\/19\/2025\/11\/Bildschirmfoto-2025-11-10-um-10.19.28-768x643.png 768w, https:\/\/www.sporting-women.de\/womens-gravel-camp\/wp-content\/uploads\/sites\/19\/2025\/11\/Bildschirmfoto-2025-11-10-um-10.19.28-600x502.png 600w\" sizes=\"(max-width: 944px) 100vw, 944px\" \/>\t\t\t\t\t\t\t\t\t\t\t\t\t\t\t<\/div>\n\t\t\t\t<\/div>\n\t\t\t\t\t<\/div>\n\t\t<\/div>\n\t\t\t\t<div class=\"elementor-column elementor-col-66 elementor-top-column elementor-element elementor-element-70124c7\" data-id=\"70124c7\" data-element_type=\"column\" data-e-type=\"column\">\n\t\t\t<div class=\"elementor-widget-wrap elementor-element-populated\">\n\t\t\t\t\t\t<div class=\"elementor-element elementor-element-d589952 elementor-widget elementor-widget-heading\" data-id=\"d589952\" data-element_type=\"widget\" data-e-type=\"widget\" data-widget_type=\"heading.default\">\n\t\t\t\t<div class=\"elementor-widget-container\">\n\t\t\t\t\t<h2 class=\"elementor-heading-title elementor-size-default\">Women's Gravel Camp - Tagestour lang<\/h2>\t\t\t\t<\/div>\n\t\t\t\t<\/div>\n\t\t\t\t<div class=\"elementor-element elementor-element-a1ffef1 elementor-widget elementor-widget-text-editor\" data-id=\"a1ffef1\" data-element_type=\"widget\" data-e-type=\"widget\" data-widget_type=\"text-editor.default\">\n\t\t\t\t<div class=\"elementor-widget-container\">\n\t\t\t\t\t\t\t\t\t<p><span style=\"color: #454545;\"><strong>Streckenl\u00e4nge:<\/strong> 75,7 km<\/span><\/p><p><span style=\"color: #454545;\"><strong>Fahrtzeit:<\/strong> ca. 6 Stunden<\/span><\/p><p><span style=\"color: #454545;\"><strong>H\u00f6henmeter: <\/strong>1.140 Hm<\/span><\/p><p><span style=\"color: #93ca9e;\"><a style=\"color: #93ca9e;\" href=\"https:\/\/www.komoot.com\/de-de\/tour\/2392453327?share_token=aK7eQxm31zEtsA8k4YPofdC73ZC8Zu5fbDxIikGGysHND5Mq42&amp;ref=wtd\">Hier <\/a><\/span>kommt ihr zur Komoot-Tour<\/p>\t\t\t\t\t\t\t\t<\/div>\n\t\t\t\t<\/div>\n\t\t\t\t\t<\/div>\n\t\t<\/div>\n\t\t\t\t\t<\/div>\n\t\t<\/section>\n\t\t\t\t<section class=\"elementor-section elementor-top-section elementor-element elementor-element-391bbb7 elementor-section-boxed elementor-section-height-default elementor-section-height-default\" data-id=\"391bbb7\" data-element_type=\"section\" data-e-type=\"section\">\n\t\t\t\t\t\t<div class=\"elementor-container elementor-column-gap-default\">\n\t\t\t\t\t<div class=\"elementor-column elementor-col-100 elementor-top-column elementor-element elementor-element-1753527\" data-id=\"1753527\" data-element_type=\"column\" data-e-type=\"column\">\n\t\t\t<div class=\"elementor-widget-wrap elementor-element-populated\">\n\t\t\t\t\t\t<div class=\"elementor-element elementor-element-bea9955 elementor-widget elementor-widget-spacer\" data-id=\"bea9955\" data-element_type=\"widget\" data-e-type=\"widget\" data-widget_type=\"spacer.default\">\n\t\t\t\t<div class=\"elementor-widget-container\">\n\t\t\t\t\t\t\t<div class=\"elementor-spacer\">\n\t\t\t<div class=\"elementor-spacer-inner\"><\/div>\n\t\t<\/div>\n\t\t\t\t\t\t<\/div>\n\t\t\t\t<\/div>\n\t\t\t\t\t<\/div>\n\t\t<\/div>\n\t\t\t\t\t<\/div>\n\t\t<\/section>\n\t\t\t\t<\/div>\n\t\t","protected":false},"excerpt":{"rendered":"<p>Touren Women&#8217;s Gravel Camp &#8211; Touren-Portfolio Das Erzgebirge bietet zahlreiche abenteuerliche Gravel-Touren mit einigen H\u00f6henmetern. Wir haben ein paar sch\u00f6ne Strecken f\u00fcr euch zusammengestellt \u2013 von leichten bis schwierigen Touren ist f\u00fcr jeden etwas dabei. Wichtiger Hinweis:\u00a0Die Touren werden von unserem professionellen Guide Team auf das jeweilige Gruppenniveau individuell angepasst, sodass f\u00fcr jede Gruppe die [&hellip;]<\/p>\n","protected":false},"author":360,"featured_media":0,"parent":0,"menu_order":0,"comment_status":"closed","ping_status":"closed","template":"elementor_header_footer","meta":{"_acf_changed":false,"footnotes":""},"class_list":["post-34341","page","type-page","status-publish","hentry"],"acf":[],"_links":{"self":[{"href":"https:\/\/www.sporting-women.de\/womens-gravel-camp\/wp-json\/wp\/v2\/pages\/34341","targetHints":{"allow":["GET"]}}],"collection":[{"href":"https:\/\/www.sporting-women.de\/womens-gravel-camp\/wp-json\/wp\/v2\/pages"}],"about":[{"href":"https:\/\/www.sporting-women.de\/womens-gravel-camp\/wp-json\/wp\/v2\/types\/page"}],"author":[{"embeddable":true,"href":"https:\/\/www.sporting-women.de\/womens-gravel-camp\/wp-json\/wp\/v2\/users\/360"}],"replies":[{"embeddable":true,"href":"https:\/\/www.sporting-women.de\/womens-gravel-camp\/wp-json\/wp\/v2\/comments?post=34341"}],"version-history":[{"count":0,"href":"https:\/\/www.sporting-women.de\/womens-gravel-camp\/wp-json\/wp\/v2\/pages\/34341\/revisions"}],"wp:attachment":[{"href":"https:\/\/www.sporting-women.de\/womens-gravel-camp\/wp-json\/wp\/v2\/media?parent=34341"}],"curies":[{"name":"wp","href":"https:\/\/api.w.org\/{rel}","templated":true}]}}