{"id":32809,"date":"2022-08-05T13:00:32","date_gmt":"2022-08-05T11:00:32","guid":{"rendered":"https:\/\/www.sporting-women.de\/womens-langlauf-camp\/?page_id=32809"},"modified":"2024-09-13T12:11:12","modified_gmt":"2024-09-13T10:11:12","slug":"region-oetztal","status":"publish","type":"page","link":"https:\/\/www.sporting-women.de\/womens-langlauf-camp\/region-oetztal\/","title":{"rendered":"Region \u00d6tztal"},"content":{"rendered":"\t\t<div data-elementor-type=\"wp-page\" data-elementor-id=\"32809\" class=\"elementor elementor-32809\" data-elementor-post-type=\"page\">\n\t\t\t\t\t\t<section class=\"elementor-section elementor-top-section elementor-element elementor-element-e92c0ce elementor-section-boxed elementor-section-height-default elementor-section-height-default\" data-id=\"e92c0ce\" data-element_type=\"section\" data-e-type=\"section\">\n\t\t\t\t\t\t<div class=\"elementor-container elementor-column-gap-default\">\n\t\t\t\t\t<div class=\"elementor-column elementor-col-100 elementor-top-column elementor-element elementor-element-7060915\" data-id=\"7060915\" data-element_type=\"column\" data-e-type=\"column\">\n\t\t\t<div class=\"elementor-widget-wrap elementor-element-populated\">\n\t\t\t\t\t\t<div class=\"elementor-element elementor-element-d528da3 elementor-widget elementor-widget-heading\" data-id=\"d528da3\" data-element_type=\"widget\" data-e-type=\"widget\" data-widget_type=\"heading.default\">\n\t\t\t\t<div class=\"elementor-widget-container\">\n\t\t\t\t\t<h2 class=\"elementor-heading-title elementor-size-default\">\u00d6tztal \u2013 \u2028Winterurlaub in Hochform<\/h2>\t\t\t\t<\/div>\n\t\t\t\t<\/div>\n\t\t\t\t\t<\/div>\n\t\t<\/div>\n\t\t\t\t\t<\/div>\n\t\t<\/section>\n\t\t\t\t<section class=\"elementor-section elementor-top-section elementor-element elementor-element-425eeb5 elementor-section-boxed elementor-section-height-default elementor-section-height-default\" data-id=\"425eeb5\" data-element_type=\"section\" data-e-type=\"section\">\n\t\t\t\t\t\t<div class=\"elementor-container elementor-column-gap-narrow\">\n\t\t\t\t\t<div class=\"elementor-column elementor-col-50 elementor-top-column elementor-element elementor-element-94ddf1d\" data-id=\"94ddf1d\" data-element_type=\"column\" data-e-type=\"column\">\n\t\t\t<div class=\"elementor-widget-wrap elementor-element-populated\">\n\t\t\t\t\t\t<div class=\"elementor-element elementor-element-c57a86b elementor-widget elementor-widget-image\" data-id=\"c57a86b\" data-element_type=\"widget\" data-e-type=\"widget\" data-widget_type=\"image.default\">\n\t\t\t\t<div class=\"elementor-widget-container\">\n\t\t\t\t\t\t\t\t\t\t\t\t\t\t\t<img fetchpriority=\"high\" decoding=\"async\" width=\"800\" height=\"533\" src=\"https:\/\/www.sporting-women.de\/womens-langlauf-camp\/wp-content\/uploads\/sites\/9\/2022\/10\/laeng_langlaufen_04_19.jpg\" class=\"attachment-2048x2048 size-2048x2048 wp-image-33368\" alt=\"\" srcset=\"https:\/\/www.sporting-women.de\/womens-langlauf-camp\/wp-content\/uploads\/sites\/9\/2022\/10\/laeng_langlaufen_04_19.jpg 800w, https:\/\/www.sporting-women.de\/womens-langlauf-camp\/wp-content\/uploads\/sites\/9\/2022\/10\/laeng_langlaufen_04_19-300x200.jpg 300w, https:\/\/www.sporting-women.de\/womens-langlauf-camp\/wp-content\/uploads\/sites\/9\/2022\/10\/laeng_langlaufen_04_19-768x512.jpg 768w, https:\/\/www.sporting-women.de\/womens-langlauf-camp\/wp-content\/uploads\/sites\/9\/2022\/10\/laeng_langlaufen_04_19-391x260.jpg 391w, https:\/\/www.sporting-women.de\/womens-langlauf-camp\/wp-content\/uploads\/sites\/9\/2022\/10\/laeng_langlaufen_04_19-600x400.jpg 600w\" sizes=\"(max-width: 800px) 100vw, 800px\" \/>\t\t\t\t\t\t\t\t\t\t\t\t\t\t\t<\/div>\n\t\t\t\t<\/div>\n\t\t\t\t\t<\/div>\n\t\t<\/div>\n\t\t\t\t<div class=\"elementor-column elementor-col-50 elementor-top-column elementor-element elementor-element-50442b6\" data-id=\"50442b6\" data-element_type=\"column\" data-e-type=\"column\">\n\t\t\t<div class=\"elementor-widget-wrap elementor-element-populated\">\n\t\t\t\t\t\t<div class=\"elementor-element elementor-element-9c94dd0 elementor-widget elementor-widget-heading\" data-id=\"9c94dd0\" data-element_type=\"widget\" data-e-type=\"widget\" data-widget_type=\"heading.default\">\n\t\t\t\t<div class=\"elementor-widget-container\">\n\t\t\t\t\t<h2 class=\"elementor-heading-title elementor-size-default\">Langlaufen in sch\u00f6nster Atmosph\u00e4re<\/h2>\t\t\t\t<\/div>\n\t\t\t\t<\/div>\n\t\t\t\t<div class=\"elementor-element elementor-element-dd562d5 elementor-widget elementor-widget-text-editor\" data-id=\"dd562d5\" data-element_type=\"widget\" data-e-type=\"widget\" data-widget_type=\"text-editor.default\">\n\t\t\t\t<div class=\"elementor-widget-container\">\n\t\t\t\t\t\t\t\t\t<p>Langlauf von S\u00f6lden bis K\u00fchtai: Auf einer Gesamtl\u00e4nge von beeindruckenden 185 Kilometern erstrecken sich die Loipen zwischen Umhausen und Obergurgl im Tiroler \u00d6tztal. Von der gro\u00dfen Auswahl an Strecken in Umhausen, Niederthai \u00fcber die ausgezeichneten Loipen in L\u00e4ngenfeld, Huben und Gries bis zur Abgeschiedenheit und Schneesicherheit Obergurgls bietet das \u00d6tztal sowohl Strecken f\u00fcr Anf\u00e4nger wie auch f\u00fcr erfahrene L\u00e4ufer, f\u00fcr Skater ebenso wie f\u00fcr klassischen Langlauf, f\u00fcr Sportler und f\u00fcr Naturgenie\u00dfer. Auch die Biathleten kommen im \u00d6tztal keineswegs zu kurz. Dank neuer, hochmoderner Schie\u00dfanlagen (Niederhai, Huben, Gries) kann auch diese Trendsportart ausge\u00fcbt werden und gro\u00dfe Abwechslung ins Langlaufen bringen. ng nachzugehen.<\/p>\t\t\t\t\t\t\t\t<\/div>\n\t\t\t\t<\/div>\n\t\t\t\t\t<\/div>\n\t\t<\/div>\n\t\t\t\t\t<\/div>\n\t\t<\/section>\n\t\t\t\t<section class=\"elementor-section elementor-top-section elementor-element elementor-element-bffdc01 elementor-section-boxed elementor-section-height-default elementor-section-height-default\" data-id=\"bffdc01\" data-element_type=\"section\" data-e-type=\"section\">\n\t\t\t\t\t\t<div class=\"elementor-container elementor-column-gap-default\">\n\t\t\t\t\t<div class=\"elementor-column elementor-col-100 elementor-top-column elementor-element elementor-element-aa2ec0c\" data-id=\"aa2ec0c\" data-element_type=\"column\" data-e-type=\"column\">\n\t\t\t<div class=\"elementor-widget-wrap elementor-element-populated\">\n\t\t\t\t\t\t<section class=\"elementor-section elementor-inner-section elementor-element elementor-element-a639914 elementor-section-boxed elementor-section-height-default elementor-section-height-default\" data-id=\"a639914\" data-element_type=\"section\" data-e-type=\"section\">\n\t\t\t\t\t\t<div class=\"elementor-container elementor-column-gap-default\">\n\t\t\t\t\t<div class=\"elementor-column elementor-col-100 elementor-inner-column elementor-element elementor-element-80d3ddc\" data-id=\"80d3ddc\" data-element_type=\"column\" data-e-type=\"column\">\n\t\t\t<div class=\"elementor-widget-wrap elementor-element-populated\">\n\t\t\t\t\t\t<div class=\"elementor-element elementor-element-f13e295 elementor-widget elementor-widget-heading\" data-id=\"f13e295\" data-element_type=\"widget\" data-e-type=\"widget\" data-widget_type=\"heading.default\">\n\t\t\t\t<div class=\"elementor-widget-container\">\n\t\t\t\t\t<h2 class=\"elementor-heading-title elementor-size-default\">Langlauf-Loipen im \u00d6tztal<\/h2>\t\t\t\t<\/div>\n\t\t\t\t<\/div>\n\t\t\t\t\t<\/div>\n\t\t<\/div>\n\t\t\t\t\t<\/div>\n\t\t<\/section>\n\t\t\t\t<section class=\"elementor-section elementor-inner-section elementor-element elementor-element-f771f2c elementor-section-boxed elementor-section-height-default elementor-section-height-default\" data-id=\"f771f2c\" data-element_type=\"section\" data-e-type=\"section\">\n\t\t\t\t\t\t<div class=\"elementor-container elementor-column-gap-default\">\n\t\t\t\t\t<div class=\"elementor-column elementor-col-50 elementor-inner-column elementor-element elementor-element-9ebd37f\" data-id=\"9ebd37f\" data-element_type=\"column\" data-e-type=\"column\">\n\t\t\t<div class=\"elementor-widget-wrap elementor-element-populated\">\n\t\t\t\t\t\t<div class=\"elementor-element elementor-element-57b956c elementor-widget elementor-widget-text-editor\" data-id=\"57b956c\" data-element_type=\"widget\" data-e-type=\"widget\" data-widget_type=\"text-editor.default\">\n\t\t\t\t<div class=\"elementor-widget-container\">\n\t\t\t\t\t\t\t\t\t<div class=\"col2Item\"><div id=\"c312\" class=\"csc-default\"><p>Neben mittelschweren Nachtloipen und H\u00f6henloipen auf \u00fcber 1.500 m bietet das Gebiet, zus\u00e4tzlich zu dem beeindruckenden Panorama, Langlauf-Strecken zwischen einem und dreizehn Kilometer L\u00e4nge. Erleben Sie die Tiroler Natur bei entspannten Runden durch das Tal oder bringen Sie Ihre Kondition in der klaren Bergluft auf einen neuen H\u00f6chststand. Die Strecken sind aufwendig gespurt \u2013 wir investieren jede Woche bis zu 80 Stunden in die Pflege der Loipen \u2013 und bieten Ihnen Langlauf-Sport in sch\u00f6nster Atmosph\u00e4re.<\/p><p>69 Kilometer f\u00fcr Skater, 12 Kilometer schwierige, 94 Kilometer mitterschwere und 80 Kilometer einfache Loipen machen das \u00d6tztal zu einem abwechslungsreichen Langlauf-Skigebiet, das f\u00fcr Sie auch noch bei Ihrem \u00fcbern\u00e4chsten Besuch neue Strecken bereit h\u00e4lt, und zwar jeweils Ihrem K\u00f6nnen oder Ihren Bed\u00fcrfnissen entsprechend.<\/p><\/div><\/div>\t\t\t\t\t\t\t\t<\/div>\n\t\t\t\t<\/div>\n\t\t\t\t\t<\/div>\n\t\t<\/div>\n\t\t\t\t<div class=\"elementor-column elementor-col-50 elementor-inner-column elementor-element elementor-element-8e9d9f7\" data-id=\"8e9d9f7\" data-element_type=\"column\" data-e-type=\"column\">\n\t\t\t<div class=\"elementor-widget-wrap elementor-element-populated\">\n\t\t\t\t\t\t<div class=\"elementor-element elementor-element-7b13743 elementor-widget elementor-widget-image\" data-id=\"7b13743\" data-element_type=\"widget\" data-e-type=\"widget\" data-widget_type=\"image.default\">\n\t\t\t\t<div class=\"elementor-widget-container\">\n\t\t\t\t\t\t\t\t\t\t\t\t\t\t\t<img decoding=\"async\" width=\"800\" height=\"533\" data-src=\"https:\/\/www.sporting-women.de\/womens-langlauf-camp\/wp-content\/uploads\/sites\/9\/2022\/10\/laeng_langlaufen_05_19.jpg\" class=\"attachment-large size-large wp-image-33369 lazyload\" alt=\"\" data-srcset=\"https:\/\/www.sporting-women.de\/womens-langlauf-camp\/wp-content\/uploads\/sites\/9\/2022\/10\/laeng_langlaufen_05_19.jpg 800w, https:\/\/www.sporting-women.de\/womens-langlauf-camp\/wp-content\/uploads\/sites\/9\/2022\/10\/laeng_langlaufen_05_19-300x200.jpg 300w, https:\/\/www.sporting-women.de\/womens-langlauf-camp\/wp-content\/uploads\/sites\/9\/2022\/10\/laeng_langlaufen_05_19-768x512.jpg 768w, https:\/\/www.sporting-women.de\/womens-langlauf-camp\/wp-content\/uploads\/sites\/9\/2022\/10\/laeng_langlaufen_05_19-391x260.jpg 391w, https:\/\/www.sporting-women.de\/womens-langlauf-camp\/wp-content\/uploads\/sites\/9\/2022\/10\/laeng_langlaufen_05_19-600x400.jpg 600w\" data-sizes=\"(max-width: 800px) 100vw, 800px\" src=\"data:image\/svg+xml;base64,PHN2ZyB3aWR0aD0iMSIgaGVpZ2h0PSIxIiB4bWxucz0iaHR0cDovL3d3dy53My5vcmcvMjAwMC9zdmciPjwvc3ZnPg==\" style=\"--smush-placeholder-width: 800px; --smush-placeholder-aspect-ratio: 800\/533;\" \/>\t\t\t\t\t\t\t\t\t\t\t\t\t\t\t<\/div>\n\t\t\t\t<\/div>\n\t\t\t\t\t<\/div>\n\t\t<\/div>\n\t\t\t\t\t<\/div>\n\t\t<\/section>\n\t\t\t\t\t<\/div>\n\t\t<\/div>\n\t\t\t\t\t<\/div>\n\t\t<\/section>\n\t\t\t\t<section class=\"elementor-section elementor-top-section elementor-element elementor-element-d329b90 elementor-section-boxed elementor-section-height-default elementor-section-height-default\" data-id=\"d329b90\" data-element_type=\"section\" data-e-type=\"section\">\n\t\t\t\t\t\t<div class=\"elementor-container elementor-column-gap-default\">\n\t\t\t\t\t<div class=\"elementor-column elementor-col-50 elementor-top-column elementor-element elementor-element-629bab9\" data-id=\"629bab9\" data-element_type=\"column\" data-e-type=\"column\">\n\t\t\t<div class=\"elementor-widget-wrap elementor-element-populated\">\n\t\t\t\t\t\t<div class=\"elementor-element elementor-element-8567c84 elementor-widget elementor-widget-image\" data-id=\"8567c84\" data-element_type=\"widget\" data-e-type=\"widget\" data-widget_type=\"image.default\">\n\t\t\t\t<div class=\"elementor-widget-container\">\n\t\t\t\t\t\t\t\t\t\t\t\t\t\t\t<img decoding=\"async\" width=\"800\" height=\"533\" data-src=\"https:\/\/www.sporting-women.de\/womens-langlauf-camp\/wp-content\/uploads\/sites\/9\/2022\/10\/laeng_langlaufen_07_18.jpg\" class=\"attachment-large size-large wp-image-33370 lazyload\" alt=\"\" data-srcset=\"https:\/\/www.sporting-women.de\/womens-langlauf-camp\/wp-content\/uploads\/sites\/9\/2022\/10\/laeng_langlaufen_07_18.jpg 800w, https:\/\/www.sporting-women.de\/womens-langlauf-camp\/wp-content\/uploads\/sites\/9\/2022\/10\/laeng_langlaufen_07_18-300x200.jpg 300w, https:\/\/www.sporting-women.de\/womens-langlauf-camp\/wp-content\/uploads\/sites\/9\/2022\/10\/laeng_langlaufen_07_18-768x512.jpg 768w, https:\/\/www.sporting-women.de\/womens-langlauf-camp\/wp-content\/uploads\/sites\/9\/2022\/10\/laeng_langlaufen_07_18-391x260.jpg 391w, https:\/\/www.sporting-women.de\/womens-langlauf-camp\/wp-content\/uploads\/sites\/9\/2022\/10\/laeng_langlaufen_07_18-600x400.jpg 600w\" data-sizes=\"(max-width: 800px) 100vw, 800px\" src=\"data:image\/svg+xml;base64,PHN2ZyB3aWR0aD0iMSIgaGVpZ2h0PSIxIiB4bWxucz0iaHR0cDovL3d3dy53My5vcmcvMjAwMC9zdmciPjwvc3ZnPg==\" style=\"--smush-placeholder-width: 800px; --smush-placeholder-aspect-ratio: 800\/533;\" \/>\t\t\t\t\t\t\t\t\t\t\t\t\t\t\t<\/div>\n\t\t\t\t<\/div>\n\t\t\t\t\t<\/div>\n\t\t<\/div>\n\t\t\t\t<div class=\"elementor-column elementor-col-50 elementor-top-column elementor-element elementor-element-7724276\" data-id=\"7724276\" data-element_type=\"column\" data-e-type=\"column\">\n\t\t\t<div class=\"elementor-widget-wrap elementor-element-populated\">\n\t\t\t\t\t\t<div class=\"elementor-element elementor-element-ede208d elementor-widget elementor-widget-heading\" data-id=\"ede208d\" data-element_type=\"widget\" data-e-type=\"widget\" data-widget_type=\"heading.default\">\n\t\t\t\t<div class=\"elementor-widget-container\">\n\t\t\t\t\t<h2 class=\"elementor-heading-title elementor-size-default\">Langlaufen bei Nacht<\/h2>\t\t\t\t<\/div>\n\t\t\t\t<\/div>\n\t\t\t\t<div class=\"elementor-element elementor-element-a53b742 elementor-widget elementor-widget-text-editor\" data-id=\"a53b742\" data-element_type=\"widget\" data-e-type=\"widget\" data-widget_type=\"text-editor.default\">\n\t\t\t\t<div class=\"elementor-widget-container\">\n\t\t\t\t\t\t\t\t\t<p>Ein wahres Highlight ist die wundersch\u00f6ne Nachtlanglaufstrecke in Oberried. Unz\u00e4hlige Langlauffans kommen am Abend zur beleuchteten Loipe um sich noch auszutoben! Ein absolutes Muss bei jedem \u00d6tztal-Urlaub!<\/p>\t\t\t\t\t\t\t\t<\/div>\n\t\t\t\t<\/div>\n\t\t\t\t\t<\/div>\n\t\t<\/div>\n\t\t\t\t\t<\/div>\n\t\t<\/section>\n\t\t\t\t<section class=\"elementor-section elementor-top-section elementor-element elementor-element-5834289 elementor-section-boxed elementor-section-height-default elementor-section-height-default\" data-id=\"5834289\" data-element_type=\"section\" data-e-type=\"section\">\n\t\t\t\t\t\t<div class=\"elementor-container elementor-column-gap-default\">\n\t\t\t\t\t<div class=\"elementor-column elementor-col-100 elementor-top-column elementor-element elementor-element-9308e78\" data-id=\"9308e78\" data-element_type=\"column\" data-e-type=\"column\">\n\t\t\t<div class=\"elementor-widget-wrap elementor-element-populated\">\n\t\t\t\t\t\t<div class=\"elementor-element elementor-element-5898b71 elementor-align-center elementor-widget__width-inherit elementor-widget elementor-widget-button\" data-id=\"5898b71\" data-element_type=\"widget\" data-e-type=\"widget\" data-widget_type=\"button.default\">\n\t\t\t\t<div class=\"elementor-widget-container\">\n\t\t\t\t\t\t\t\t\t<div class=\"elementor-button-wrapper\">\n\t\t\t\t\t<a class=\"elementor-button elementor-button-link elementor-size-sm\" href=\"https:\/\/www.sporting-women.de\/womens-langlauf-camp\/oetztal-2024\/\">\n\t\t\t\t\t\t<span class=\"elementor-button-content-wrapper\">\n\t\t\t\t\t\t\t\t\t<span class=\"elementor-button-text\">Zur Buchung<\/span>\n\t\t\t\t\t<\/span>\n\t\t\t\t\t<\/a>\n\t\t\t\t<\/div>\n\t\t\t\t\t\t\t\t<\/div>\n\t\t\t\t<\/div>\n\t\t\t\t<div class=\"elementor-element elementor-element-f4afc90 elementor-widget-divider--separator-type-pattern elementor-widget-divider--view-line elementor-widget elementor-widget-divider\" data-id=\"f4afc90\" data-element_type=\"widget\" data-e-type=\"widget\" data-widget_type=\"divider.default\">\n\t\t\t\t<div class=\"elementor-widget-container\">\n\t\t\t\t\t\t\t<div class=\"elementor-divider\" style=\"--divider-pattern-url: url(&quot;data:image\/svg+xml,%3Csvg xmlns=&#039;http:\/\/www.w3.org\/2000\/svg&#039; preserveAspectRatio=&#039;none&#039; overflow=&#039;visible&#039; height=&#039;100%&#039; viewBox=&#039;0 0 24 24&#039; fill=&#039;none&#039; stroke=&#039;black&#039; stroke-width=&#039;1&#039; stroke-linecap=&#039;square&#039; stroke-miterlimit=&#039;10&#039;%3E%3Cpath d=&#039;M0,6c6,0,0.9,11.1,6.9,11.1S18,6,24,6&#039;\/%3E%3C\/svg%3E&quot;);\">\n\t\t\t<span class=\"elementor-divider-separator\">\n\t\t\t\t\t\t<\/span>\n\t\t<\/div>\n\t\t\t\t\t\t<\/div>\n\t\t\t\t<\/div>\n\t\t\t\t\t<\/div>\n\t\t<\/div>\n\t\t\t\t\t<\/div>\n\t\t<\/section>\n\t\t\t\t<section class=\"elementor-section elementor-top-section elementor-element elementor-element-17a12e3 elementor-section-boxed elementor-section-height-default elementor-section-height-default\" data-id=\"17a12e3\" data-element_type=\"section\" data-e-type=\"section\">\n\t\t\t\t\t\t<div class=\"elementor-container elementor-column-gap-default\">\n\t\t\t\t\t<div class=\"elementor-column elementor-col-50 elementor-top-column elementor-element elementor-element-77ceef4\" data-id=\"77ceef4\" data-element_type=\"column\" data-e-type=\"column\">\n\t\t\t<div class=\"elementor-widget-wrap elementor-element-populated\">\n\t\t\t\t\t\t<div class=\"elementor-element elementor-element-6aad961 elementor-widget elementor-widget-image\" data-id=\"6aad961\" data-element_type=\"widget\" data-e-type=\"widget\" data-widget_type=\"image.default\">\n\t\t\t\t<div class=\"elementor-widget-container\">\n\t\t\t\t\t\t\t\t\t\t\t\t\t\t\t<img decoding=\"async\" width=\"300\" height=\"283\" data-src=\"https:\/\/www.sporting-women.de\/womens-langlauf-camp\/wp-content\/uploads\/sites\/9\/2022\/10\/oetzt_logo_RZ-1-300x283.jpg\" class=\"attachment-medium size-medium wp-image-33243 lazyload\" alt=\"\" data-srcset=\"https:\/\/www.sporting-women.de\/womens-langlauf-camp\/wp-content\/uploads\/sites\/9\/2022\/10\/oetzt_logo_RZ-1-300x283.jpg 300w, https:\/\/www.sporting-women.de\/womens-langlauf-camp\/wp-content\/uploads\/sites\/9\/2022\/10\/oetzt_logo_RZ-1-1024x967.jpg 1024w, https:\/\/www.sporting-women.de\/womens-langlauf-camp\/wp-content\/uploads\/sites\/9\/2022\/10\/oetzt_logo_RZ-1-768x725.jpg 768w, https:\/\/www.sporting-women.de\/womens-langlauf-camp\/wp-content\/uploads\/sites\/9\/2022\/10\/oetzt_logo_RZ-1-600x567.jpg 600w, https:\/\/www.sporting-women.de\/womens-langlauf-camp\/wp-content\/uploads\/sites\/9\/2022\/10\/oetzt_logo_RZ-1.jpg 1416w\" data-sizes=\"(max-width: 300px) 100vw, 300px\" src=\"data:image\/svg+xml;base64,PHN2ZyB3aWR0aD0iMSIgaGVpZ2h0PSIxIiB4bWxucz0iaHR0cDovL3d3dy53My5vcmcvMjAwMC9zdmciPjwvc3ZnPg==\" style=\"--smush-placeholder-width: 300px; --smush-placeholder-aspect-ratio: 300\/283;\" \/>\t\t\t\t\t\t\t\t\t\t\t\t\t\t\t<\/div>\n\t\t\t\t<\/div>\n\t\t\t\t\t<\/div>\n\t\t<\/div>\n\t\t\t\t<div class=\"elementor-column elementor-col-50 elementor-top-column elementor-element elementor-element-8c1c152\" data-id=\"8c1c152\" data-element_type=\"column\" data-e-type=\"column\">\n\t\t\t<div class=\"elementor-widget-wrap elementor-element-populated\">\n\t\t\t\t\t\t<div class=\"elementor-element elementor-element-c8d6e45 elementor-widget elementor-widget-heading\" data-id=\"c8d6e45\" data-element_type=\"widget\" data-e-type=\"widget\" data-widget_type=\"heading.default\">\n\t\t\t\t<div class=\"elementor-widget-container\">\n\t\t\t\t\t<h2 class=\"elementor-heading-title elementor-size-default\">\u00d6tztal Tourismus<\/h2>\t\t\t\t<\/div>\n\t\t\t\t<\/div>\n\t\t\t\t<div class=\"elementor-element elementor-element-de24333 elementor-widget elementor-widget-text-editor\" data-id=\"de24333\" data-element_type=\"widget\" data-e-type=\"widget\" data-widget_type=\"text-editor.default\">\n\t\t\t\t<div class=\"elementor-widget-container\">\n\t\t\t\t\t\t\t\t\t<p>Informationsb\u00fcro L\u00e4ngenfeld<br \/>Oberl\u00e4ngenfeld 24<br \/>6444 Oberl\u00e4ngenfeld<br \/>\u00d6sterreich<\/p><p>Tel: <span class=\"LrzXr zdqRlf kno-fv\"><span aria-label=\"+43 57 200 300 anrufen\">+43 57 2<\/span><span aria-label=\"+43 57 200 300 anrufen\">00 300<\/span><\/span><br \/>E-Mail: <span style=\"color: #99c3dd;\"><a style=\"color: #99c3dd;\" href=\"mailto:info@oetztal.com\">info@oetztal.com<\/a><\/span><br \/>Webseite:<span style=\"color: #1e486c;\">\u00a0<\/span><span style=\"color: #99c3dd;\"><a style=\"color: #99c3dd;\" href=\"https:\/\/www.oetztal.com\/de\/winter.html\" target=\"_blank\" rel=\"noopener\">www.oetztal.com<\/a><\/span><\/p><p>Informationen zu Ihrer Anreise finden Sie <span style=\"color: #99c3dd;\"><a style=\"color: #99c3dd;\" href=\"https:\/\/www.oetztal.at\/tourismus\/anreisemoeglichkeiten.html\">hier<\/a><\/span><span style=\"color: #1e486c;\">!<\/span><\/p>\t\t\t\t\t\t\t\t<\/div>\n\t\t\t\t<\/div>\n\t\t\t\t\t<\/div>\n\t\t<\/div>\n\t\t\t\t\t<\/div>\n\t\t<\/section>\n\t\t\t\t<section class=\"elementor-section elementor-top-section elementor-element elementor-element-f0a7940 elementor-section-boxed elementor-section-height-default elementor-section-height-default\" data-id=\"f0a7940\" data-element_type=\"section\" data-e-type=\"section\">\n\t\t\t\t\t\t<div class=\"elementor-container elementor-column-gap-default\">\n\t\t\t\t\t<div class=\"elementor-column elementor-col-100 elementor-top-column elementor-element elementor-element-1dde371\" data-id=\"1dde371\" data-element_type=\"column\" data-e-type=\"column\">\n\t\t\t<div class=\"elementor-widget-wrap elementor-element-populated\">\n\t\t\t\t\t\t<div class=\"elementor-element elementor-element-a66fe5e elementor-widget elementor-widget-spacer\" data-id=\"a66fe5e\" data-element_type=\"widget\" data-e-type=\"widget\" data-widget_type=\"spacer.default\">\n\t\t\t\t<div class=\"elementor-widget-container\">\n\t\t\t\t\t\t\t<div class=\"elementor-spacer\">\n\t\t\t<div class=\"elementor-spacer-inner\"><\/div>\n\t\t<\/div>\n\t\t\t\t\t\t<\/div>\n\t\t\t\t<\/div>\n\t\t\t\t\t<\/div>\n\t\t<\/div>\n\t\t\t\t\t<\/div>\n\t\t<\/section>\n\t\t\t\t<section class=\"elementor-section elementor-top-section elementor-element elementor-element-37b90bb elementor-section-boxed elementor-section-height-default elementor-section-height-default\" data-id=\"37b90bb\" data-element_type=\"section\" data-e-type=\"section\">\n\t\t\t\t\t\t<div class=\"elementor-container elementor-column-gap-default\">\n\t\t\t\t\t<div class=\"elementor-column elementor-col-100 elementor-top-column elementor-element elementor-element-8354a7f\" data-id=\"8354a7f\" data-element_type=\"column\" data-e-type=\"column\">\n\t\t\t<div class=\"elementor-widget-wrap elementor-element-populated\">\n\t\t\t\t\t\t<div class=\"elementor-element elementor-element-048a63d elementor-widget elementor-widget-google_maps\" data-id=\"048a63d\" data-element_type=\"widget\" data-e-type=\"widget\" data-widget_type=\"google_maps.default\">\n\t\t\t\t<div class=\"elementor-widget-container\">\n\t\t\t\t\t\t\t<div class=\"elementor-custom-embed\">\n\t\t\t<iframe\n\t\t\t\t\tdata-src=\"https:\/\/maps.google.com\/maps?q=%C3%96tztal%20tourismus%20L%C3%A4ngenfeld&#038;t=m&#038;z=12&#038;output=embed&#038;iwloc=near\"\n\t\t\t\t\ttitle=\"\u00d6tztal tourismus L\u00e4ngenfeld\"\n\t\t\t\t\taria-label=\"\u00d6tztal tourismus L\u00e4ngenfeld\"\n\t\t\t src=\"data:image\/svg+xml;base64,PHN2ZyB3aWR0aD0iMSIgaGVpZ2h0PSIxIiB4bWxucz0iaHR0cDovL3d3dy53My5vcmcvMjAwMC9zdmciPjwvc3ZnPg==\" class=\"lazyload\" data-load-mode=\"1\"><\/iframe>\n\t\t<\/div>\n\t\t\t\t\t\t<\/div>\n\t\t\t\t<\/div>\n\t\t\t\t\t<\/div>\n\t\t<\/div>\n\t\t\t\t\t<\/div>\n\t\t<\/section>\n\t\t\t\t<section class=\"elementor-section elementor-top-section elementor-element elementor-element-df8ba50 elementor-section-boxed elementor-section-height-default elementor-section-height-default\" data-id=\"df8ba50\" data-element_type=\"section\" data-e-type=\"section\">\n\t\t\t\t\t\t<div class=\"elementor-container elementor-column-gap-default\">\n\t\t\t\t\t<div class=\"elementor-column elementor-col-100 elementor-top-column elementor-element elementor-element-196907f\" data-id=\"196907f\" data-element_type=\"column\" data-e-type=\"column\">\n\t\t\t<div class=\"elementor-widget-wrap elementor-element-populated\">\n\t\t\t\t\t\t<div class=\"elementor-element elementor-element-aefb3ab elementor-widget elementor-widget-spacer\" data-id=\"aefb3ab\" data-element_type=\"widget\" data-e-type=\"widget\" data-widget_type=\"spacer.default\">\n\t\t\t\t<div class=\"elementor-widget-container\">\n\t\t\t\t\t\t\t<div class=\"elementor-spacer\">\n\t\t\t<div class=\"elementor-spacer-inner\"><\/div>\n\t\t<\/div>\n\t\t\t\t\t\t<\/div>\n\t\t\t\t<\/div>\n\t\t\t\t\t<\/div>\n\t\t<\/div>\n\t\t\t\t\t<\/div>\n\t\t<\/section>\n\t\t\t\t<\/div>\n\t\t","protected":false},"excerpt":{"rendered":"<p>\u00d6tztal \u2013 \u2028Winterurlaub in Hochform Langlaufen in sch\u00f6nster Atmosph\u00e4re Langlauf von S\u00f6lden bis K\u00fchtai: Auf einer Gesamtl\u00e4nge von beeindruckenden 185 Kilometern erstrecken sich die Loipen zwischen Umhausen und Obergurgl im Tiroler \u00d6tztal. Von der gro\u00dfen Auswahl an Strecken in Umhausen, Niederthai \u00fcber die ausgezeichneten Loipen in L\u00e4ngenfeld, Huben und Gries bis zur Abgeschiedenheit und Schneesicherheit [&hellip;]<\/p>\n","protected":false},"author":2,"featured_media":0,"parent":0,"menu_order":0,"comment_status":"closed","ping_status":"closed","template":"","meta":{"_acf_changed":false,"_exactmetrics_skip_tracking":false,"_exactmetrics_sitenote_active":false,"_exactmetrics_sitenote_note":"","_exactmetrics_sitenote_category":0,"footnotes":""},"class_list":["post-32809","page","type-page","status-publish","hentry"],"acf":[],"_links":{"self":[{"href":"https:\/\/www.sporting-women.de\/womens-langlauf-camp\/wp-json\/wp\/v2\/pages\/32809","targetHints":{"allow":["GET"]}}],"collection":[{"href":"https:\/\/www.sporting-women.de\/womens-langlauf-camp\/wp-json\/wp\/v2\/pages"}],"about":[{"href":"https:\/\/www.sporting-women.de\/womens-langlauf-camp\/wp-json\/wp\/v2\/types\/page"}],"author":[{"embeddable":true,"href":"https:\/\/www.sporting-women.de\/womens-langlauf-camp\/wp-json\/wp\/v2\/users\/2"}],"replies":[{"embeddable":true,"href":"https:\/\/www.sporting-women.de\/womens-langlauf-camp\/wp-json\/wp\/v2\/comments?post=32809"}],"version-history":[{"count":0,"href":"https:\/\/www.sporting-women.de\/womens-langlauf-camp\/wp-json\/wp\/v2\/pages\/32809\/revisions"}],"wp:attachment":[{"href":"https:\/\/www.sporting-women.de\/womens-langlauf-camp\/wp-json\/wp\/v2\/media?parent=32809"}],"curies":[{"name":"wp","href":"https:\/\/api.w.org\/{rel}","templated":true}]}}