{"id":31557,"date":"2022-08-05T13:09:56","date_gmt":"2022-08-05T11:09:56","guid":{"rendered":"https:\/\/www.sporting-women.de\/womens-run\/?page_id=31557"},"modified":"2026-05-07T09:24:46","modified_gmt":"2026-05-07T07:24:46","slug":"bildergalerie","status":"publish","type":"page","link":"https:\/\/www.sporting-women.de\/womens-run\/bildergalerie\/","title":{"rendered":"Bildergalerie"},"content":{"rendered":"\t\t<div data-elementor-type=\"wp-page\" data-elementor-id=\"31557\" class=\"elementor elementor-31557\" data-elementor-post-type=\"page\">\n\t\t\t\t\t\t<section class=\"elementor-section elementor-top-section elementor-element elementor-element-faf89b5 elementor-section-boxed elementor-section-height-default elementor-section-height-default\" data-id=\"faf89b5\" data-element_type=\"section\" data-e-type=\"section\">\n\t\t\t\t\t\t<div class=\"elementor-container elementor-column-gap-default\">\n\t\t\t\t\t<div class=\"elementor-column elementor-col-100 elementor-top-column elementor-element elementor-element-1ee76ff\" data-id=\"1ee76ff\" data-element_type=\"column\" data-e-type=\"column\">\n\t\t\t<div class=\"elementor-widget-wrap elementor-element-populated\">\n\t\t\t\t\t\t<div class=\"elementor-element elementor-element-8136f87 elementor-widget elementor-widget-heading\" data-id=\"8136f87\" data-element_type=\"widget\" data-e-type=\"widget\" data-widget_type=\"heading.default\">\n\t\t\t\t<div class=\"elementor-widget-container\">\n\t\t\t\t\t<h2 class=\"elementor-heading-title elementor-size-default\">Bilder sagen mehr...<\/h2>\t\t\t\t<\/div>\n\t\t\t\t<\/div>\n\t\t\t\t<div class=\"elementor-element elementor-element-bd5aac4 elementor-widget elementor-widget-text-editor\" data-id=\"bd5aac4\" data-element_type=\"widget\" data-e-type=\"widget\" data-widget_type=\"text-editor.default\">\n\t\t\t\t<div class=\"elementor-widget-container\">\n\t\t\t\t\t\t\t\t\t<p>Hier k\u00f6nnt ihr die Bilder von der sportingWOMEN Run Premiere von 2026 finden! Viel Spa\u00df beim St\u00f6bern.<\/p>\t\t\t\t\t\t\t\t<\/div>\n\t\t\t\t<\/div>\n\t\t\t\t\t<\/div>\n\t\t<\/div>\n\t\t\t\t\t<\/div>\n\t\t<\/section>\n\t\t\t\t<section class=\"elementor-section elementor-top-section elementor-element elementor-element-4140b73 elementor-section-boxed elementor-section-height-default elementor-section-height-default\" data-id=\"4140b73\" data-element_type=\"section\" data-e-type=\"section\">\n\t\t\t\t\t\t<div class=\"elementor-container elementor-column-gap-default\">\n\t\t\t\t\t<div class=\"elementor-column elementor-col-100 elementor-top-column elementor-element elementor-element-ab63e76\" data-id=\"ab63e76\" data-element_type=\"column\" data-e-type=\"column\">\n\t\t\t<div class=\"elementor-widget-wrap elementor-element-populated\">\n\t\t\t\t\t\t<div class=\"elementor-element elementor-element-97c8e84 gallery-spacing-custom elementor-widget elementor-widget-image-gallery\" data-id=\"97c8e84\" data-element_type=\"widget\" data-e-type=\"widget\" data-widget_type=\"image-gallery.default\">\n\t\t\t\t<div class=\"elementor-widget-container\">\n\t\t\t\t\t\t\t<div class=\"elementor-image-gallery\">\n\t\t\t<div id='gallery-1' class='gallery galleryid-31557 gallery-columns-6 gallery-size-meccarouselthumb'><figure class='gallery-item'>\r\n\t\t\t<div class='gallery-icon landscape'>\r\n\t\t\t\t<img fetchpriority=\"high\" decoding=\"async\" width=\"474\" height=\"324\" src=\"https:\/\/www.sporting-women.de\/womens-run\/wp-content\/uploads\/sites\/23\/2026\/05\/AnneKaiser-Run-0994-474x324.jpg\" class=\"attachment-meccarouselthumb size-meccarouselthumb\" alt=\"\" aria-describedby=\"gallery-1-37751\" \/>\r\n\t\t\t<\/div>\r\n\t\t\t\t<figcaption class='wp-caption-text gallery-caption' id='gallery-1-37751'>\r\n\t\t\t\tdefault\r\n\t\t\t\t<\/figcaption><\/figure><figure class='gallery-item'>\r\n\t\t\t<div class='gallery-icon landscape'>\r\n\t\t\t\t<img decoding=\"async\" width=\"474\" height=\"324\" src=\"https:\/\/www.sporting-women.de\/womens-run\/wp-content\/uploads\/sites\/23\/2026\/05\/AnneKaiser-Run-2065-474x324.jpg\" class=\"attachment-meccarouselthumb size-meccarouselthumb\" alt=\"\" \/>\r\n\t\t\t<\/div><\/figure><figure class='gallery-item'>\r\n\t\t\t<div class='gallery-icon landscape'>\r\n\t\t\t\t<img decoding=\"async\" width=\"474\" height=\"324\" src=\"https:\/\/www.sporting-women.de\/womens-run\/wp-content\/uploads\/sites\/23\/2026\/05\/AnneKaiser-Run-1705-474x324.jpg\" class=\"attachment-meccarouselthumb size-meccarouselthumb\" alt=\"\" \/>\r\n\t\t\t<\/div><\/figure><figure class='gallery-item'>\r\n\t\t\t<div class='gallery-icon landscape'>\r\n\t\t\t\t<img loading=\"lazy\" decoding=\"async\" width=\"474\" height=\"324\" src=\"https:\/\/www.sporting-women.de\/womens-run\/wp-content\/uploads\/sites\/23\/2026\/05\/AnneKaiser-Run-1668-474x324.jpg\" class=\"attachment-meccarouselthumb size-meccarouselthumb\" alt=\"\" \/>\r\n\t\t\t<\/div><\/figure><figure class='gallery-item'>\r\n\t\t\t<div class='gallery-icon landscape'>\r\n\t\t\t\t<img loading=\"lazy\" decoding=\"async\" width=\"474\" height=\"324\" src=\"https:\/\/www.sporting-women.de\/womens-run\/wp-content\/uploads\/sites\/23\/2026\/05\/AnneKaiser-Run-1834-474x324.jpg\" class=\"attachment-meccarouselthumb size-meccarouselthumb\" alt=\"\" \/>\r\n\t\t\t<\/div><\/figure><figure class='gallery-item'>\r\n\t\t\t<div class='gallery-icon landscape'>\r\n\t\t\t\t<img loading=\"lazy\" decoding=\"async\" width=\"474\" height=\"324\" src=\"https:\/\/www.sporting-women.de\/womens-run\/wp-content\/uploads\/sites\/23\/2026\/05\/AnneKaiser-Run-2048-474x324.jpg\" class=\"attachment-meccarouselthumb size-meccarouselthumb\" alt=\"\" \/>\r\n\t\t\t<\/div><\/figure><figure class='gallery-item'>\r\n\t\t\t<div class='gallery-icon landscape'>\r\n\t\t\t\t<img loading=\"lazy\" decoding=\"async\" width=\"474\" height=\"324\" src=\"https:\/\/www.sporting-women.de\/womens-run\/wp-content\/uploads\/sites\/23\/2026\/05\/AnneKaiser-Run-2229-474x324.jpg\" class=\"attachment-meccarouselthumb size-meccarouselthumb\" alt=\"\" \/>\r\n\t\t\t<\/div><\/figure><figure class='gallery-item'>\r\n\t\t\t<div class='gallery-icon landscape'>\r\n\t\t\t\t<img loading=\"lazy\" decoding=\"async\" width=\"474\" height=\"324\" src=\"https:\/\/www.sporting-women.de\/womens-run\/wp-content\/uploads\/sites\/23\/2026\/05\/AnneKaiser-Run-2238-474x324.jpg\" class=\"attachment-meccarouselthumb size-meccarouselthumb\" alt=\"\" \/>\r\n\t\t\t<\/div><\/figure><figure class='gallery-item'>\r\n\t\t\t<div class='gallery-icon landscape'>\r\n\t\t\t\t<img loading=\"lazy\" decoding=\"async\" width=\"474\" height=\"324\" src=\"https:\/\/www.sporting-women.de\/womens-run\/wp-content\/uploads\/sites\/23\/2026\/05\/AnneKaiser-Run-2274-474x324.jpg\" class=\"attachment-meccarouselthumb size-meccarouselthumb\" alt=\"\" \/>\r\n\t\t\t<\/div><\/figure><figure class='gallery-item'>\r\n\t\t\t<div class='gallery-icon landscape'>\r\n\t\t\t\t<img loading=\"lazy\" decoding=\"async\" width=\"474\" height=\"324\" src=\"https:\/\/www.sporting-women.de\/womens-run\/wp-content\/uploads\/sites\/23\/2026\/05\/AnneKaiser-Run-3529-474x324.jpg\" class=\"attachment-meccarouselthumb size-meccarouselthumb\" alt=\"\" \/>\r\n\t\t\t<\/div><\/figure><figure class='gallery-item'>\r\n\t\t\t<div class='gallery-icon landscape'>\r\n\t\t\t\t<img loading=\"lazy\" decoding=\"async\" width=\"474\" height=\"324\" src=\"https:\/\/www.sporting-women.de\/womens-run\/wp-content\/uploads\/sites\/23\/2026\/05\/AnneKaiser-Run-2433-474x324.jpg\" class=\"attachment-meccarouselthumb size-meccarouselthumb\" alt=\"\" \/>\r\n\t\t\t<\/div><\/figure><figure class='gallery-item'>\r\n\t\t\t<div class='gallery-icon landscape'>\r\n\t\t\t\t<img loading=\"lazy\" decoding=\"async\" width=\"474\" height=\"324\" src=\"https:\/\/www.sporting-women.de\/womens-run\/wp-content\/uploads\/sites\/23\/2026\/05\/AnneKaiser-Run-2453-474x324.jpg\" class=\"attachment-meccarouselthumb size-meccarouselthumb\" alt=\"\" \/>\r\n\t\t\t<\/div><\/figure><figure class='gallery-item'>\r\n\t\t\t<div class='gallery-icon landscape'>\r\n\t\t\t\t<img loading=\"lazy\" decoding=\"async\" width=\"474\" height=\"324\" src=\"https:\/\/www.sporting-women.de\/womens-run\/wp-content\/uploads\/sites\/23\/2026\/05\/AnneKaiser-Run-2670-474x324.jpg\" class=\"attachment-meccarouselthumb size-meccarouselthumb\" alt=\"\" \/>\r\n\t\t\t<\/div><\/figure><figure class='gallery-item'>\r\n\t\t\t<div class='gallery-icon landscape'>\r\n\t\t\t\t<img loading=\"lazy\" decoding=\"async\" width=\"474\" height=\"324\" src=\"https:\/\/www.sporting-women.de\/womens-run\/wp-content\/uploads\/sites\/23\/2026\/05\/AnneKaiser-Run-3821-474x324.jpg\" class=\"attachment-meccarouselthumb size-meccarouselthumb\" alt=\"\" \/>\r\n\t\t\t<\/div><\/figure><figure class='gallery-item'>\r\n\t\t\t<div class='gallery-icon landscape'>\r\n\t\t\t\t<img loading=\"lazy\" decoding=\"async\" width=\"474\" height=\"324\" src=\"https:\/\/www.sporting-women.de\/womens-run\/wp-content\/uploads\/sites\/23\/2026\/05\/Womens-run-2026-Tobias-Blaser-Lichtwerk-680-von-1093-474x324.jpg\" class=\"attachment-meccarouselthumb size-meccarouselthumb\" alt=\"\" \/>\r\n\t\t\t<\/div><\/figure><figure class='gallery-item'>\r\n\t\t\t<div class='gallery-icon landscape'>\r\n\t\t\t\t<img loading=\"lazy\" decoding=\"async\" width=\"474\" height=\"324\" src=\"https:\/\/www.sporting-women.de\/womens-run\/wp-content\/uploads\/sites\/23\/2026\/05\/Womens-run-2026-Tobias-Blaser-Lichtwerk-677-von-1093-474x324.jpg\" class=\"attachment-meccarouselthumb size-meccarouselthumb\" alt=\"\" \/>\r\n\t\t\t<\/div><\/figure><figure class='gallery-item'>\r\n\t\t\t<div class='gallery-icon landscape'>\r\n\t\t\t\t<img loading=\"lazy\" decoding=\"async\" width=\"474\" height=\"324\" src=\"https:\/\/www.sporting-women.de\/womens-run\/wp-content\/uploads\/sites\/23\/2026\/05\/Womens-run-2026-Tobias-Blaser-Lichtwerk-790-von-1093-474x324.jpg\" class=\"attachment-meccarouselthumb size-meccarouselthumb\" alt=\"\" \/>\r\n\t\t\t<\/div><\/figure><figure class='gallery-item'>\r\n\t\t\t<div class='gallery-icon landscape'>\r\n\t\t\t\t<img loading=\"lazy\" decoding=\"async\" width=\"474\" height=\"324\" src=\"https:\/\/www.sporting-women.de\/womens-run\/wp-content\/uploads\/sites\/23\/2026\/05\/AnneKaiser-Run-3318-474x324.jpg\" class=\"attachment-meccarouselthumb size-meccarouselthumb\" alt=\"\" \/>\r\n\t\t\t<\/div><\/figure><figure class='gallery-item'>\r\n\t\t\t<div class='gallery-icon landscape'>\r\n\t\t\t\t<img loading=\"lazy\" decoding=\"async\" width=\"474\" height=\"324\" src=\"https:\/\/www.sporting-women.de\/womens-run\/wp-content\/uploads\/sites\/23\/2026\/05\/AnneKaiser-Run-3327-474x324.jpg\" class=\"attachment-meccarouselthumb size-meccarouselthumb\" alt=\"\" \/>\r\n\t\t\t<\/div><\/figure><figure class='gallery-item'>\r\n\t\t\t<div class='gallery-icon landscape'>\r\n\t\t\t\t<img loading=\"lazy\" decoding=\"async\" width=\"474\" height=\"324\" src=\"https:\/\/www.sporting-women.de\/womens-run\/wp-content\/uploads\/sites\/23\/2026\/05\/AnneKaiser-Run-3347-474x324.jpg\" class=\"attachment-meccarouselthumb size-meccarouselthumb\" alt=\"\" \/>\r\n\t\t\t<\/div><\/figure><figure class='gallery-item'>\r\n\t\t\t<div class='gallery-icon landscape'>\r\n\t\t\t\t<img loading=\"lazy\" decoding=\"async\" width=\"474\" height=\"324\" src=\"https:\/\/www.sporting-women.de\/womens-run\/wp-content\/uploads\/sites\/23\/2026\/05\/AnneKaiser-Run-3473-474x324.jpg\" class=\"attachment-meccarouselthumb size-meccarouselthumb\" alt=\"\" \/>\r\n\t\t\t<\/div><\/figure><figure class='gallery-item'>\r\n\t\t\t<div class='gallery-icon landscape'>\r\n\t\t\t\t<img loading=\"lazy\" decoding=\"async\" width=\"474\" height=\"324\" src=\"https:\/\/www.sporting-women.de\/womens-run\/wp-content\/uploads\/sites\/23\/2026\/05\/AnneKaiser-Run-3781-474x324.jpg\" class=\"attachment-meccarouselthumb size-meccarouselthumb\" alt=\"\" \/>\r\n\t\t\t<\/div><\/figure><figure class='gallery-item'>\r\n\t\t\t<div class='gallery-icon landscape'>\r\n\t\t\t\t<img loading=\"lazy\" decoding=\"async\" width=\"474\" height=\"324\" src=\"https:\/\/www.sporting-women.de\/womens-run\/wp-content\/uploads\/sites\/23\/2026\/05\/AnneKaiser-Run-3962-474x324.jpg\" class=\"attachment-meccarouselthumb size-meccarouselthumb\" alt=\"\" \/>\r\n\t\t\t<\/div><\/figure><figure class='gallery-item'>\r\n\t\t\t<div class='gallery-icon landscape'>\r\n\t\t\t\t<img loading=\"lazy\" decoding=\"async\" width=\"474\" height=\"324\" src=\"https:\/\/www.sporting-women.de\/womens-run\/wp-content\/uploads\/sites\/23\/2026\/05\/Womens-run-2026-Tobias-Blaser-Lichtwerk-363-von-1093-474x324.jpg\" class=\"attachment-meccarouselthumb size-meccarouselthumb\" alt=\"\" \/>\r\n\t\t\t<\/div><\/figure><figure class='gallery-item'>\r\n\t\t\t<div class='gallery-icon landscape'>\r\n\t\t\t\t<img loading=\"lazy\" decoding=\"async\" width=\"474\" height=\"324\" src=\"https:\/\/www.sporting-women.de\/womens-run\/wp-content\/uploads\/sites\/23\/2026\/05\/Womens-run-2026-Tobias-Blaser-Lichtwerk-612-von-1093-474x324.jpg\" class=\"attachment-meccarouselthumb size-meccarouselthumb\" alt=\"\" \/>\r\n\t\t\t<\/div><\/figure><figure class='gallery-item'>\r\n\t\t\t<div class='gallery-icon landscape'>\r\n\t\t\t\t<img loading=\"lazy\" decoding=\"async\" width=\"474\" height=\"324\" src=\"https:\/\/www.sporting-women.de\/womens-run\/wp-content\/uploads\/sites\/23\/2026\/05\/Womens-run-2026-Tobias-Blaser-Lichtwerk-246-von-1093-474x324.jpg\" class=\"attachment-meccarouselthumb size-meccarouselthumb\" alt=\"\" \/>\r\n\t\t\t<\/div><\/figure><figure class='gallery-item'>\r\n\t\t\t<div class='gallery-icon landscape'>\r\n\t\t\t\t<img loading=\"lazy\" decoding=\"async\" width=\"474\" height=\"324\" src=\"https:\/\/www.sporting-women.de\/womens-run\/wp-content\/uploads\/sites\/23\/2026\/05\/Womens-run-2026-Tobias-Blaser-Lichtwerk-878-von-1093-474x324.jpg\" class=\"attachment-meccarouselthumb size-meccarouselthumb\" alt=\"\" \/>\r\n\t\t\t<\/div><\/figure><figure class='gallery-item'>\r\n\t\t\t<div class='gallery-icon landscape'>\r\n\t\t\t\t<img loading=\"lazy\" decoding=\"async\" width=\"474\" height=\"324\" src=\"https:\/\/www.sporting-women.de\/womens-run\/wp-content\/uploads\/sites\/23\/2026\/05\/Womens-run-2026-Tobias-Blaser-Lichtwerk-980-von-1093-474x324.jpg\" class=\"attachment-meccarouselthumb size-meccarouselthumb\" alt=\"\" \/>\r\n\t\t\t<\/div><\/figure><figure class='gallery-item'>\r\n\t\t\t<div class='gallery-icon landscape'>\r\n\t\t\t\t<img loading=\"lazy\" decoding=\"async\" width=\"474\" height=\"324\" src=\"https:\/\/www.sporting-women.de\/womens-run\/wp-content\/uploads\/sites\/23\/2026\/05\/Womens-run-2026-Tobias-Blaser-Lichtwerk-1035-von-1093-474x324.jpg\" class=\"attachment-meccarouselthumb size-meccarouselthumb\" alt=\"\" \/>\r\n\t\t\t<\/div><\/figure><figure class='gallery-item'>\r\n\t\t\t<div class='gallery-icon landscape'>\r\n\t\t\t\t<img loading=\"lazy\" decoding=\"async\" width=\"474\" height=\"324\" src=\"https:\/\/www.sporting-women.de\/womens-run\/wp-content\/uploads\/sites\/23\/2026\/05\/AnneKaiser-Run-1525-474x324.jpg\" class=\"attachment-meccarouselthumb size-meccarouselthumb\" alt=\"\" \/>\r\n\t\t\t<\/div><\/figure>\r\n\t\t<\/div>\n\t\t<\/div>\n\t\t\t\t\t\t<\/div>\n\t\t\t\t<\/div>\n\t\t\t\t\t<\/div>\n\t\t<\/div>\n\t\t\t\t\t<\/div>\n\t\t<\/section>\n\t\t\t\t<section class=\"elementor-section elementor-top-section elementor-element elementor-element-0b29224 elementor-section-boxed elementor-section-height-default elementor-section-height-default\" data-id=\"0b29224\" data-element_type=\"section\" data-e-type=\"section\">\n\t\t\t\t\t\t<div class=\"elementor-container elementor-column-gap-default\">\n\t\t\t\t\t<div class=\"elementor-column elementor-col-100 elementor-top-column elementor-element elementor-element-faacd5a\" data-id=\"faacd5a\" data-element_type=\"column\" data-e-type=\"column\">\n\t\t\t<div class=\"elementor-widget-wrap elementor-element-populated\">\n\t\t\t\t\t\t<div class=\"elementor-element elementor-element-038893b elementor-widget elementor-widget-text-editor\" data-id=\"038893b\" data-element_type=\"widget\" data-e-type=\"widget\" data-widget_type=\"text-editor.default\">\n\t\t\t\t<div class=\"elementor-widget-container\">\n\t\t\t\t\t\t\t\t\t<p style=\"text-align: right\">\u00a9 Anne Kaiser und Tobias Blaser<\/p>\t\t\t\t\t\t\t\t<\/div>\n\t\t\t\t<\/div>\n\t\t\t\t\t<\/div>\n\t\t<\/div>\n\t\t\t\t\t<\/div>\n\t\t<\/section>\n\t\t\t\t<section class=\"elementor-section elementor-top-section elementor-element elementor-element-12edc12 elementor-section-boxed elementor-section-height-default elementor-section-height-default\" data-id=\"12edc12\" data-element_type=\"section\" data-e-type=\"section\">\n\t\t\t\t\t\t<div class=\"elementor-container elementor-column-gap-default\">\n\t\t\t\t\t<div class=\"elementor-column elementor-col-100 elementor-top-column elementor-element elementor-element-2a24620\" data-id=\"2a24620\" data-element_type=\"column\" data-e-type=\"column\">\n\t\t\t<div class=\"elementor-widget-wrap elementor-element-populated\">\n\t\t\t\t\t\t<div class=\"elementor-element elementor-element-e2fdfbd elementor-align-center elementor-widget elementor-widget-button\" data-id=\"e2fdfbd\" data-element_type=\"widget\" data-e-type=\"widget\" data-widget_type=\"button.default\">\n\t\t\t\t<div class=\"elementor-widget-container\">\n\t\t\t\t\t\t\t\t\t<div class=\"elementor-button-wrapper\">\n\t\t\t\t\t<a class=\"elementor-button elementor-button-link elementor-size-sm\" href=\"https:\/\/www.sporting-women.de\/\">\n\t\t\t\t\t\t<span class=\"elementor-button-content-wrapper\">\n\t\t\t\t\t\t\t\t\t<span class=\"elementor-button-text\">alle Events auf einen Blick<\/span>\n\t\t\t\t\t<\/span>\n\t\t\t\t\t<\/a>\n\t\t\t\t<\/div>\n\t\t\t\t\t\t\t\t<\/div>\n\t\t\t\t<\/div>\n\t\t\t\t\t<\/div>\n\t\t<\/div>\n\t\t\t\t\t<\/div>\n\t\t<\/section>\n\t\t\t\t<section class=\"elementor-section elementor-top-section elementor-element elementor-element-9cffb07 elementor-section-boxed elementor-section-height-default elementor-section-height-default\" data-id=\"9cffb07\" data-element_type=\"section\" data-e-type=\"section\">\n\t\t\t\t\t\t<div class=\"elementor-container elementor-column-gap-default\">\n\t\t\t\t\t<div class=\"elementor-column elementor-col-100 elementor-top-column elementor-element elementor-element-43fdd68\" data-id=\"43fdd68\" data-element_type=\"column\" data-e-type=\"column\">\n\t\t\t<div class=\"elementor-widget-wrap elementor-element-populated\">\n\t\t\t\t\t\t<div class=\"elementor-element elementor-element-f59edf7 elementor-widget elementor-widget-spacer\" data-id=\"f59edf7\" data-element_type=\"widget\" data-e-type=\"widget\" data-widget_type=\"spacer.default\">\n\t\t\t\t<div class=\"elementor-widget-container\">\n\t\t\t\t\t\t\t<div class=\"elementor-spacer\">\n\t\t\t<div class=\"elementor-spacer-inner\"><\/div>\n\t\t<\/div>\n\t\t\t\t\t\t<\/div>\n\t\t\t\t<\/div>\n\t\t\t\t\t<\/div>\n\t\t<\/div>\n\t\t\t\t\t<\/div>\n\t\t<\/section>\n\t\t\t\t<\/div>\n\t\t","protected":false},"excerpt":{"rendered":"<p>Bilder sagen mehr&#8230; Hier k\u00f6nnt ihr die Bilder von der sportingWOMEN Run Premiere von 2026 finden! Viel Spa\u00df beim St\u00f6bern. default \u00a9 Anne Kaiser und Tobias Blaser alle Events auf einen Blick<\/p>\n","protected":false},"author":1061,"featured_media":0,"parent":0,"menu_order":0,"comment_status":"closed","ping_status":"closed","template":"","meta":{"_acf_changed":false,"footnotes":""},"class_list":["post-31557","page","type-page","status-publish","hentry"],"acf":[],"_links":{"self":[{"href":"https:\/\/www.sporting-women.de\/womens-run\/wp-json\/wp\/v2\/pages\/31557","targetHints":{"allow":["GET"]}}],"collection":[{"href":"https:\/\/www.sporting-women.de\/womens-run\/wp-json\/wp\/v2\/pages"}],"about":[{"href":"https:\/\/www.sporting-women.de\/womens-run\/wp-json\/wp\/v2\/types\/page"}],"author":[{"embeddable":true,"href":"https:\/\/www.sporting-women.de\/womens-run\/wp-json\/wp\/v2\/users\/1061"}],"replies":[{"embeddable":true,"href":"https:\/\/www.sporting-women.de\/womens-run\/wp-json\/wp\/v2\/comments?post=31557"}],"version-history":[{"count":0,"href":"https:\/\/www.sporting-women.de\/womens-run\/wp-json\/wp\/v2\/pages\/31557\/revisions"}],"wp:attachment":[{"href":"https:\/\/www.sporting-women.de\/womens-run\/wp-json\/wp\/v2\/media?parent=31557"}],"curies":[{"name":"wp","href":"https:\/\/api.w.org\/{rel}","templated":true}]}}