{"id":34341,"date":"2023-11-07T10:48:15","date_gmt":"2023-11-07T09:48:15","guid":{"rendered":"https:\/\/www.sporting-women.de\/womens-run\/?page_id=34341"},"modified":"2026-04-29T13:30:59","modified_gmt":"2026-04-29T11:30:59","slug":"strecke","status":"publish","type":"page","link":"https:\/\/www.sporting-women.de\/womens-run\/strecke\/","title":{"rendered":"Strecke"},"content":{"rendered":"\t\t<div data-elementor-type=\"wp-page\" data-elementor-id=\"34341\" class=\"elementor elementor-34341\" data-elementor-post-type=\"page\">\n\t\t\t\t\t\t<section class=\"elementor-section elementor-top-section elementor-element elementor-element-3f739da elementor-section-boxed elementor-section-height-default elementor-section-height-default\" data-id=\"3f739da\" data-element_type=\"section\" data-e-type=\"section\">\n\t\t\t\t\t\t<div class=\"elementor-container elementor-column-gap-default\">\n\t\t\t\t\t<div class=\"elementor-column elementor-col-100 elementor-top-column elementor-element elementor-element-1660246\" data-id=\"1660246\" data-element_type=\"column\" data-e-type=\"column\">\n\t\t\t<div class=\"elementor-widget-wrap elementor-element-populated\">\n\t\t\t\t\t\t<div class=\"elementor-element elementor-element-15eba88 elementor-widget elementor-widget-spacer\" data-id=\"15eba88\" data-element_type=\"widget\" data-e-type=\"widget\" data-widget_type=\"spacer.default\">\n\t\t\t\t<div class=\"elementor-widget-container\">\n\t\t\t\t\t\t\t<div class=\"elementor-spacer\">\n\t\t\t<div class=\"elementor-spacer-inner\"><\/div>\n\t\t<\/div>\n\t\t\t\t\t\t<\/div>\n\t\t\t\t<\/div>\n\t\t\t\t<div class=\"elementor-element elementor-element-e1009a7 elementor-widget elementor-widget-heading\" data-id=\"e1009a7\" data-element_type=\"widget\" data-e-type=\"widget\" data-widget_type=\"heading.default\">\n\t\t\t\t<div class=\"elementor-widget-container\">\n\t\t\t\t\t<h1 class=\"elementor-heading-title elementor-size-default\">Streckeninfos<\/h1>\t\t\t\t<\/div>\n\t\t\t\t<\/div>\n\t\t\t\t<div class=\"elementor-element elementor-element-df8544d elementor-widget elementor-widget-spacer\" data-id=\"df8544d\" data-element_type=\"widget\" data-e-type=\"widget\" data-widget_type=\"spacer.default\">\n\t\t\t\t<div class=\"elementor-widget-container\">\n\t\t\t\t\t\t\t<div class=\"elementor-spacer\">\n\t\t\t<div class=\"elementor-spacer-inner\"><\/div>\n\t\t<\/div>\n\t\t\t\t\t\t<\/div>\n\t\t\t\t<\/div>\n\t\t\t\t\t<\/div>\n\t\t<\/div>\n\t\t\t\t\t<\/div>\n\t\t<\/section>\n\t\t\t\t<section class=\"elementor-section elementor-top-section elementor-element elementor-element-a75f8f8 elementor-section-boxed elementor-section-height-default elementor-section-height-default\" data-id=\"a75f8f8\" data-element_type=\"section\" data-e-type=\"section\">\n\t\t\t\t\t\t<div class=\"elementor-container elementor-column-gap-default\">\n\t\t\t\t\t<div class=\"elementor-column elementor-col-100 elementor-top-column elementor-element elementor-element-38ecc8a\" data-id=\"38ecc8a\" data-element_type=\"column\" data-e-type=\"column\">\n\t\t\t<div class=\"elementor-widget-wrap elementor-element-populated\">\n\t\t\t\t\t\t<div class=\"elementor-element elementor-element-187ce92 elementor-widget elementor-widget-heading\" data-id=\"187ce92\" data-element_type=\"widget\" data-e-type=\"widget\" data-widget_type=\"heading.default\">\n\t\t\t\t<div class=\"elementor-widget-container\">\n\t\t\t\t\t<h2 class=\"elementor-heading-title elementor-size-default\">sportingWOMEN Run - Strecke<\/h2>\t\t\t\t<\/div>\n\t\t\t\t<\/div>\n\t\t\t\t<div class=\"elementor-element elementor-element-579aaa2 elementor-widget elementor-widget-text-editor\" data-id=\"579aaa2\" data-element_type=\"widget\" data-e-type=\"widget\" data-widget_type=\"text-editor.default\">\n\t\t\t\t<div class=\"elementor-widget-container\">\n\t\t\t\t\t\t\t\t\t<p data-start=\"105\" data-end=\"251\">Wir haben f\u00fcr euch eine Strecke mit zwei Distanzen vorbereitet: 5 km (Laufen oder Walking) und 10 km (nur Laufen) \u2013 so ist f\u00fcr jede etwas dabei.<\/p><p data-start=\"253\" data-end=\"303\"><strong data-start=\"253\" data-end=\"271\">Streckenl\u00e4nge: 5 km\u2003|\u2003H\u00f6henmeter: 10 Hm<\/strong><\/p><p data-start=\"305\" data-end=\"408\"><span style=\"text-decoration: underline\">Wichtiger Hinweis:<\/span> <span class=\"\">F\u00fcr die 10km Distanz wird die 5km Strecke doppelt gelaufen.<\/span><\/p>\t\t\t\t\t\t\t\t<\/div>\n\t\t\t\t<\/div>\n\t\t\t\t<div class=\"elementor-element elementor-element-79b78f3 elementor-widget elementor-widget-spacer\" data-id=\"79b78f3\" data-element_type=\"widget\" data-e-type=\"widget\" data-widget_type=\"spacer.default\">\n\t\t\t\t<div class=\"elementor-widget-container\">\n\t\t\t\t\t\t\t<div class=\"elementor-spacer\">\n\t\t\t<div class=\"elementor-spacer-inner\"><\/div>\n\t\t<\/div>\n\t\t\t\t\t\t<\/div>\n\t\t\t\t<\/div>\n\t\t\t\t\t<\/div>\n\t\t<\/div>\n\t\t\t\t\t<\/div>\n\t\t<\/section>\n\t\t\t\t<section class=\"elementor-section elementor-top-section elementor-element elementor-element-391bbb7 elementor-section-boxed elementor-section-height-default elementor-section-height-default\" data-id=\"391bbb7\" data-element_type=\"section\" data-e-type=\"section\">\n\t\t\t\t\t\t<div class=\"elementor-container elementor-column-gap-default\">\n\t\t\t\t\t<div class=\"elementor-column elementor-col-100 elementor-top-column elementor-element elementor-element-1753527\" data-id=\"1753527\" data-element_type=\"column\" data-e-type=\"column\">\n\t\t\t<div class=\"elementor-widget-wrap elementor-element-populated\">\n\t\t\t\t\t\t<div class=\"elementor-element elementor-element-5531760 elementor-widget elementor-widget-image\" data-id=\"5531760\" data-element_type=\"widget\" data-e-type=\"widget\" data-widget_type=\"image.default\">\n\t\t\t\t<div class=\"elementor-widget-container\">\n\t\t\t\t\t\t\t\t\t\t\t\t\t\t\t<img fetchpriority=\"high\" decoding=\"async\" width=\"2000\" height=\"1414\" src=\"https:\/\/www.sporting-women.de\/womens-run\/wp-content\/uploads\/sites\/23\/2026\/02\/Kopie-von-Run2026-ExpoTVA-130825.pdf1_.jpg\" class=\"attachment-full size-full wp-image-37200\" alt=\"\" srcset=\"https:\/\/www.sporting-women.de\/womens-run\/wp-content\/uploads\/sites\/23\/2026\/02\/Kopie-von-Run2026-ExpoTVA-130825.pdf1_.jpg 2000w, https:\/\/www.sporting-women.de\/womens-run\/wp-content\/uploads\/sites\/23\/2026\/02\/Kopie-von-Run2026-ExpoTVA-130825.pdf1_-300x212.jpg 300w, https:\/\/www.sporting-women.de\/womens-run\/wp-content\/uploads\/sites\/23\/2026\/02\/Kopie-von-Run2026-ExpoTVA-130825.pdf1_-1024x724.jpg 1024w, https:\/\/www.sporting-women.de\/womens-run\/wp-content\/uploads\/sites\/23\/2026\/02\/Kopie-von-Run2026-ExpoTVA-130825.pdf1_-768x543.jpg 768w, https:\/\/www.sporting-women.de\/womens-run\/wp-content\/uploads\/sites\/23\/2026\/02\/Kopie-von-Run2026-ExpoTVA-130825.pdf1_-1536x1086.jpg 1536w, https:\/\/www.sporting-women.de\/womens-run\/wp-content\/uploads\/sites\/23\/2026\/02\/Kopie-von-Run2026-ExpoTVA-130825.pdf1_-600x424.jpg 600w\" sizes=\"(max-width: 2000px) 100vw, 2000px\" \/>\t\t\t\t\t\t\t\t\t\t\t\t\t\t\t<\/div>\n\t\t\t\t<\/div>\n\t\t\t\t\t<\/div>\n\t\t<\/div>\n\t\t\t\t\t<\/div>\n\t\t<\/section>\n\t\t\t\t<section class=\"elementor-section elementor-top-section elementor-element elementor-element-cb6096a elementor-section-boxed elementor-section-height-default elementor-section-height-default\" data-id=\"cb6096a\" data-element_type=\"section\" data-e-type=\"section\">\n\t\t\t\t\t\t<div class=\"elementor-container elementor-column-gap-default\">\n\t\t\t\t\t<div class=\"elementor-column elementor-col-100 elementor-top-column elementor-element elementor-element-a91816e\" data-id=\"a91816e\" data-element_type=\"column\" data-e-type=\"column\">\n\t\t\t<div class=\"elementor-widget-wrap elementor-element-populated\">\n\t\t\t\t\t\t<div class=\"elementor-element elementor-element-f6460dc elementor-widget elementor-widget-spacer\" data-id=\"f6460dc\" data-element_type=\"widget\" data-e-type=\"widget\" data-widget_type=\"spacer.default\">\n\t\t\t\t<div class=\"elementor-widget-container\">\n\t\t\t\t\t\t\t<div class=\"elementor-spacer\">\n\t\t\t<div class=\"elementor-spacer-inner\"><\/div>\n\t\t<\/div>\n\t\t\t\t\t\t<\/div>\n\t\t\t\t<\/div>\n\t\t\t\t\t<\/div>\n\t\t<\/div>\n\t\t\t\t\t<\/div>\n\t\t<\/section>\n\t\t\t\t<section class=\"elementor-section elementor-top-section elementor-element elementor-element-c210662 elementor-section-boxed elementor-section-height-default elementor-section-height-default\" data-id=\"c210662\" data-element_type=\"section\" data-e-type=\"section\">\n\t\t\t\t\t\t<div class=\"elementor-container elementor-column-gap-default\">\n\t\t\t\t\t<div class=\"elementor-column elementor-col-100 elementor-top-column elementor-element elementor-element-2ef3163\" data-id=\"2ef3163\" data-element_type=\"column\" data-e-type=\"column\">\n\t\t\t<div class=\"elementor-widget-wrap elementor-element-populated\">\n\t\t\t\t\t\t<div class=\"elementor-element elementor-element-d1a3b45 elementor-widget elementor-widget-heading\" data-id=\"d1a3b45\" data-element_type=\"widget\" data-e-type=\"widget\" data-widget_type=\"heading.default\">\n\t\t\t\t<div class=\"elementor-widget-container\">\n\t\t\t\t\t<h2 class=\"elementor-heading-title elementor-size-default\">sportingWOMEN Run - Ausf\u00fchrlicher Lageplan (unter Vorbehalt)\n<\/h2>\t\t\t\t<\/div>\n\t\t\t\t<\/div>\n\t\t\t\t\t<\/div>\n\t\t<\/div>\n\t\t\t\t\t<\/div>\n\t\t<\/section>\n\t\t\t\t<section class=\"elementor-section elementor-top-section elementor-element elementor-element-270db47 elementor-section-boxed elementor-section-height-default elementor-section-height-default\" data-id=\"270db47\" data-element_type=\"section\" data-e-type=\"section\">\n\t\t\t\t\t\t<div class=\"elementor-container elementor-column-gap-default\">\n\t\t\t\t\t<div class=\"elementor-column elementor-col-100 elementor-top-column elementor-element elementor-element-28da6d9\" data-id=\"28da6d9\" data-element_type=\"column\" data-e-type=\"column\">\n\t\t\t<div class=\"elementor-widget-wrap elementor-element-populated\">\n\t\t\t\t\t\t<div class=\"elementor-element elementor-element-fd4564c elementor-widget elementor-widget-spacer\" data-id=\"fd4564c\" data-element_type=\"widget\" data-e-type=\"widget\" data-widget_type=\"spacer.default\">\n\t\t\t\t<div class=\"elementor-widget-container\">\n\t\t\t\t\t\t\t<div class=\"elementor-spacer\">\n\t\t\t<div class=\"elementor-spacer-inner\"><\/div>\n\t\t<\/div>\n\t\t\t\t\t\t<\/div>\n\t\t\t\t<\/div>\n\t\t\t\t<div class=\"elementor-element elementor-element-87a4840 elementor-widget elementor-widget-image\" data-id=\"87a4840\" data-element_type=\"widget\" data-e-type=\"widget\" data-widget_type=\"image.default\">\n\t\t\t\t<div class=\"elementor-widget-container\">\n\t\t\t\t\t\t\t\t\t\t\t\t\t\t\t<img decoding=\"async\" width=\"2000\" height=\"1414\" src=\"https:\/\/www.sporting-women.de\/womens-run\/wp-content\/uploads\/sites\/23\/2026\/02\/Kopie-von-Run2026-ExpoTVA-130825.pdf.jpg\" class=\"attachment-full size-full wp-image-37196\" alt=\"\" srcset=\"https:\/\/www.sporting-women.de\/womens-run\/wp-content\/uploads\/sites\/23\/2026\/02\/Kopie-von-Run2026-ExpoTVA-130825.pdf.jpg 2000w, https:\/\/www.sporting-women.de\/womens-run\/wp-content\/uploads\/sites\/23\/2026\/02\/Kopie-von-Run2026-ExpoTVA-130825.pdf-300x212.jpg 300w, https:\/\/www.sporting-women.de\/womens-run\/wp-content\/uploads\/sites\/23\/2026\/02\/Kopie-von-Run2026-ExpoTVA-130825.pdf-1024x724.jpg 1024w, https:\/\/www.sporting-women.de\/womens-run\/wp-content\/uploads\/sites\/23\/2026\/02\/Kopie-von-Run2026-ExpoTVA-130825.pdf-768x543.jpg 768w, https:\/\/www.sporting-women.de\/womens-run\/wp-content\/uploads\/sites\/23\/2026\/02\/Kopie-von-Run2026-ExpoTVA-130825.pdf-1536x1086.jpg 1536w, https:\/\/www.sporting-women.de\/womens-run\/wp-content\/uploads\/sites\/23\/2026\/02\/Kopie-von-Run2026-ExpoTVA-130825.pdf-600x424.jpg 600w\" sizes=\"(max-width: 2000px) 100vw, 2000px\" \/>\t\t\t\t\t\t\t\t\t\t\t\t\t\t\t<\/div>\n\t\t\t\t<\/div>\n\t\t\t\t<div class=\"elementor-element elementor-element-676e375 elementor-widget elementor-widget-spacer\" data-id=\"676e375\" data-element_type=\"widget\" data-e-type=\"widget\" data-widget_type=\"spacer.default\">\n\t\t\t\t<div class=\"elementor-widget-container\">\n\t\t\t\t\t\t\t<div class=\"elementor-spacer\">\n\t\t\t<div class=\"elementor-spacer-inner\"><\/div>\n\t\t<\/div>\n\t\t\t\t\t\t<\/div>\n\t\t\t\t<\/div>\n\t\t\t\t\t<\/div>\n\t\t<\/div>\n\t\t\t\t\t<\/div>\n\t\t<\/section>\n\t\t\t\t<section class=\"elementor-section elementor-top-section elementor-element elementor-element-7771f51 elementor-section-boxed elementor-section-height-default elementor-section-height-default\" data-id=\"7771f51\" data-element_type=\"section\" data-e-type=\"section\">\n\t\t\t\t\t\t<div class=\"elementor-container elementor-column-gap-default\">\n\t\t\t\t\t<div class=\"elementor-column elementor-col-100 elementor-top-column elementor-element elementor-element-835fbc6\" data-id=\"835fbc6\" data-element_type=\"column\" data-e-type=\"column\">\n\t\t\t<div class=\"elementor-widget-wrap elementor-element-populated\">\n\t\t\t\t\t\t<div class=\"elementor-element elementor-element-c0e13a6 elementor-widget elementor-widget-spacer\" data-id=\"c0e13a6\" data-element_type=\"widget\" data-e-type=\"widget\" data-widget_type=\"spacer.default\">\n\t\t\t\t<div class=\"elementor-widget-container\">\n\t\t\t\t\t\t\t<div class=\"elementor-spacer\">\n\t\t\t<div class=\"elementor-spacer-inner\"><\/div>\n\t\t<\/div>\n\t\t\t\t\t\t<\/div>\n\t\t\t\t<\/div>\n\t\t\t\t\t<\/div>\n\t\t<\/div>\n\t\t\t\t\t<\/div>\n\t\t<\/section>\n\t\t\t\t<section class=\"elementor-section elementor-top-section elementor-element elementor-element-6122f49 elementor-section-boxed elementor-section-height-default elementor-section-height-default\" data-id=\"6122f49\" data-element_type=\"section\" data-e-type=\"section\">\n\t\t\t\t\t\t<div class=\"elementor-container elementor-column-gap-default\">\n\t\t\t\t\t<div class=\"elementor-column elementor-col-33 elementor-top-column elementor-element elementor-element-a0e019e\" data-id=\"a0e019e\" data-element_type=\"column\" data-e-type=\"column\">\n\t\t\t<div class=\"elementor-widget-wrap elementor-element-populated\">\n\t\t\t\t\t\t<div class=\"elementor-element elementor-element-8bed7c9 elementor-widget__width-initial elementor-widget elementor-widget-image\" data-id=\"8bed7c9\" data-element_type=\"widget\" data-e-type=\"widget\" data-widget_type=\"image.default\">\n\t\t\t\t<div class=\"elementor-widget-container\">\n\t\t\t\t\t\t\t\t\t\t\t\t\t\t\t<img decoding=\"async\" width=\"370\" height=\"230\" src=\"https:\/\/www.sporting-women.de\/womens-run\/wp-content\/uploads\/sites\/23\/2025\/08\/Bildschirmfoto-2025-08-20-um-11.56.58.png\" class=\"attachment-large size-large wp-image-36466\" alt=\"\" srcset=\"https:\/\/www.sporting-women.de\/womens-run\/wp-content\/uploads\/sites\/23\/2025\/08\/Bildschirmfoto-2025-08-20-um-11.56.58.png 370w, https:\/\/www.sporting-women.de\/womens-run\/wp-content\/uploads\/sites\/23\/2025\/08\/Bildschirmfoto-2025-08-20-um-11.56.58-300x186.png 300w\" sizes=\"(max-width: 370px) 100vw, 370px\" \/>\t\t\t\t\t\t\t\t\t\t\t\t\t\t\t<\/div>\n\t\t\t\t<\/div>\n\t\t\t\t\t<\/div>\n\t\t<\/div>\n\t\t\t\t<div class=\"elementor-column elementor-col-33 elementor-top-column elementor-element elementor-element-e6ee4f9\" data-id=\"e6ee4f9\" data-element_type=\"column\" data-e-type=\"column\">\n\t\t\t<div class=\"elementor-widget-wrap elementor-element-populated\">\n\t\t\t\t\t\t<div class=\"elementor-element elementor-element-8a6eafc elementor-widget elementor-widget-heading\" data-id=\"8a6eafc\" data-element_type=\"widget\" data-e-type=\"widget\" data-widget_type=\"heading.default\">\n\t\t\t\t<div class=\"elementor-widget-container\">\n\t\t\t\t\t<h3 class=\"elementor-heading-title elementor-size-default\">TV Augsburg <\/h3>\t\t\t\t<\/div>\n\t\t\t\t<\/div>\n\t\t\t\t<div class=\"elementor-element elementor-element-e5cd48d elementor-widget elementor-widget-text-editor\" data-id=\"e5cd48d\" data-element_type=\"widget\" data-e-type=\"widget\" data-widget_type=\"text-editor.default\">\n\t\t\t\t<div class=\"elementor-widget-container\">\n\t\t\t\t\t\t\t\t\t<section class=\"ce_accordionStart mt-xxl style2 ce_accordion block\"><div id=\"ui-id-2\" class=\"accordion ui-accordion-content ui-corner-bottom ui-helper-reset ui-widget-content ui-accordion-content-active\" role=\"tabpanel\" aria-labelledby=\"ui-id-1\" aria-hidden=\"false\"><div><div class=\"autogrid_row\"><div class=\"column col_6\"><div class=\"ce_text_extented block align-left color-default font_no_serif font-size-xxs font-style-default lh-default font-weight-default\"><p>Gabelsbergerstr. 64<br \/>86199 Augsburg<\/p><p style=\"margin: 0cm\">Tel: <span style=\"color: #001f5f;background: white\">+49 (0) 821 573715<\/span><\/p><p style=\"margin: 0cm\"><span style=\"font-size: var( --e-global-typography-text-font-size )\">E-Mail: <\/span><span style=\"font-size: var( --e-global-typography-text-font-size );color: #001f5f\"><a style=\"color: #001f5f\" href=\"mailto:info@tvaugsburg.de\">info@tvaugsburg.de<\/a><\/span><\/p><p style=\"margin: 0cm\"><span style=\"color: #454545\">Webseite: <\/span><span style=\"color: #001f5f\"><a style=\"color: #001f5f\" href=\"https:\/\/www.tvaugsburg.de\/\">www.tvaugsburg.de<\/a><\/span><\/p><\/div><\/div><\/div><\/div><\/div><\/section>\t\t\t\t\t\t\t\t<\/div>\n\t\t\t\t<\/div>\n\t\t\t\t\t<\/div>\n\t\t<\/div>\n\t\t\t\t<div class=\"elementor-column elementor-col-33 elementor-top-column elementor-element elementor-element-93c339e\" data-id=\"93c339e\" data-element_type=\"column\" data-e-type=\"column\">\n\t\t\t<div class=\"elementor-widget-wrap elementor-element-populated\">\n\t\t\t\t\t\t<div class=\"elementor-element elementor-element-4944006 elementor-widget elementor-widget-google_maps\" data-id=\"4944006\" data-element_type=\"widget\" data-e-type=\"widget\" data-widget_type=\"google_maps.default\">\n\t\t\t\t<div class=\"elementor-widget-container\">\n\t\t\t\t\t\t\t<div class=\"elementor-custom-embed\">\n\t\t\t<iframe loading=\"lazy\"\n\t\t\t\t\tsrc=\"https:\/\/maps.google.com\/maps?q=TVA%20Augsburg%20&#038;t=m&#038;z=13&#038;output=embed&#038;iwloc=near\"\n\t\t\t\t\ttitle=\"TVA Augsburg \"\n\t\t\t\t\taria-label=\"TVA Augsburg \"\n\t\t\t><\/iframe>\n\t\t<\/div>\n\t\t\t\t\t\t<\/div>\n\t\t\t\t<\/div>\n\t\t\t\t\t<\/div>\n\t\t<\/div>\n\t\t\t\t\t<\/div>\n\t\t<\/section>\n\t\t\t\t<section class=\"elementor-section elementor-top-section elementor-element elementor-element-0349b38 elementor-section-boxed elementor-section-height-default elementor-section-height-default\" data-id=\"0349b38\" data-element_type=\"section\" data-e-type=\"section\">\n\t\t\t\t\t\t<div class=\"elementor-container elementor-column-gap-default\">\n\t\t\t\t\t<div class=\"elementor-column elementor-col-100 elementor-top-column elementor-element elementor-element-9806cc1\" data-id=\"9806cc1\" data-element_type=\"column\" data-e-type=\"column\">\n\t\t\t<div class=\"elementor-widget-wrap elementor-element-populated\">\n\t\t\t\t\t\t<div class=\"elementor-element elementor-element-53239b9 elementor-widget elementor-widget-spacer\" data-id=\"53239b9\" data-element_type=\"widget\" data-e-type=\"widget\" data-widget_type=\"spacer.default\">\n\t\t\t\t<div class=\"elementor-widget-container\">\n\t\t\t\t\t\t\t<div class=\"elementor-spacer\">\n\t\t\t<div class=\"elementor-spacer-inner\"><\/div>\n\t\t<\/div>\n\t\t\t\t\t\t<\/div>\n\t\t\t\t<\/div>\n\t\t\t\t\t<\/div>\n\t\t<\/div>\n\t\t\t\t\t<\/div>\n\t\t<\/section>\n\t\t\t\t<\/div>\n\t\t","protected":false},"excerpt":{"rendered":"<p>Streckeninfos sportingWOMEN Run &#8211; Strecke Wir haben f\u00fcr euch eine Strecke mit zwei Distanzen vorbereitet: 5 km (Laufen oder Walking) und 10 km (nur Laufen) \u2013 so ist f\u00fcr jede etwas dabei. Streckenl\u00e4nge: 5 km\u2003|\u2003H\u00f6henmeter: 10 Hm Wichtiger Hinweis: F\u00fcr die 10km Distanz wird die 5km Strecke doppelt gelaufen. sportingWOMEN Run &#8211; Ausf\u00fchrlicher Lageplan (unter [&hellip;]<\/p>\n","protected":false},"author":360,"featured_media":0,"parent":0,"menu_order":0,"comment_status":"closed","ping_status":"closed","template":"elementor_header_footer","meta":{"_acf_changed":false,"footnotes":""},"class_list":["post-34341","page","type-page","status-publish","hentry"],"acf":[],"_links":{"self":[{"href":"https:\/\/www.sporting-women.de\/womens-run\/wp-json\/wp\/v2\/pages\/34341","targetHints":{"allow":["GET"]}}],"collection":[{"href":"https:\/\/www.sporting-women.de\/womens-run\/wp-json\/wp\/v2\/pages"}],"about":[{"href":"https:\/\/www.sporting-women.de\/womens-run\/wp-json\/wp\/v2\/types\/page"}],"author":[{"embeddable":true,"href":"https:\/\/www.sporting-women.de\/womens-run\/wp-json\/wp\/v2\/users\/360"}],"replies":[{"embeddable":true,"href":"https:\/\/www.sporting-women.de\/womens-run\/wp-json\/wp\/v2\/comments?post=34341"}],"version-history":[{"count":0,"href":"https:\/\/www.sporting-women.de\/womens-run\/wp-json\/wp\/v2\/pages\/34341\/revisions"}],"wp:attachment":[{"href":"https:\/\/www.sporting-women.de\/womens-run\/wp-json\/wp\/v2\/media?parent=34341"}],"curies":[{"name":"wp","href":"https:\/\/api.w.org\/{rel}","templated":true}]}}