{"id":31553,"date":"2022-08-05T13:07:54","date_gmt":"2022-08-05T11:07:54","guid":{"rendered":"https:\/\/www.sporting-women.de\/womens-summer-festival\/?page_id=31553"},"modified":"2022-12-08T12:25:26","modified_gmt":"2022-12-08T11:25:26","slug":"hygiene-und-sicherheitsmassnahmen","status":"publish","type":"page","link":"https:\/\/www.sporting-women.de\/womens-summer-festival\/hygiene-und-sicherheitsmassnahmen\/","title":{"rendered":"Hygiene- und Sicherheitsma\u00dfnahmen"},"content":{"rendered":"\t\t<div data-elementor-type=\"wp-page\" data-elementor-id=\"31553\" class=\"elementor elementor-31553\" data-elementor-post-type=\"page\">\n\t\t\t\t\t\t<section class=\"elementor-section elementor-top-section elementor-element elementor-element-9560dab elementor-section-boxed elementor-section-height-default elementor-section-height-default\" data-id=\"9560dab\" data-element_type=\"section\" data-e-type=\"section\">\n\t\t\t\t\t\t<div class=\"elementor-container elementor-column-gap-default\">\n\t\t\t\t\t<div class=\"elementor-column elementor-col-100 elementor-top-column elementor-element elementor-element-4873e39\" data-id=\"4873e39\" data-element_type=\"column\" data-e-type=\"column\">\n\t\t\t<div class=\"elementor-widget-wrap elementor-element-populated\">\n\t\t\t\t\t\t<div class=\"elementor-element elementor-element-e9260d6 elementor-widget elementor-widget-heading\" data-id=\"e9260d6\" data-element_type=\"widget\" data-e-type=\"widget\" data-widget_type=\"heading.default\">\n\t\t\t\t<div class=\"elementor-widget-container\">\n\t\t\t\t\t<h2 class=\"elementor-heading-title elementor-size-default\">Hygiene- und Sicherheitsma\u00dfnahmen<\/h2>\t\t\t\t<\/div>\n\t\t\t\t<\/div>\n\t\t\t\t\t<\/div>\n\t\t<\/div>\n\t\t\t\t\t<\/div>\n\t\t<\/section>\n\t\t\t\t<section class=\"elementor-section elementor-top-section elementor-element elementor-element-58340d3 elementor-section-boxed elementor-section-height-default elementor-section-height-default\" data-id=\"58340d3\" data-element_type=\"section\" data-e-type=\"section\">\n\t\t\t\t\t\t<div class=\"elementor-container elementor-column-gap-default\">\n\t\t\t\t\t<div class=\"elementor-column elementor-col-100 elementor-top-column elementor-element elementor-element-13aab7a\" data-id=\"13aab7a\" data-element_type=\"column\" data-e-type=\"column\">\n\t\t\t<div class=\"elementor-widget-wrap elementor-element-populated\">\n\t\t\t\t\t\t<div class=\"elementor-element elementor-element-a38c0b4 elementor-widget elementor-widget-text-editor\" data-id=\"a38c0b4\" data-element_type=\"widget\" data-e-type=\"widget\" data-widget_type=\"text-editor.default\">\n\t\t\t\t<div class=\"elementor-widget-container\">\n\t\t\t\t\t\t\t\t\t<p>Wir bitten alle Teilnehmerinnen, bei jeglichen Krankheitsanzeichen einen Selbsttest zu machen und ggf. auf einen Besuch des Camps zu verzichten. Wir appellieren an die Eigenverantwortung jeder Teilnehmerin!<\/p><p><strong>Daher empfehlen wir dringend eine Reiser\u00fccktrittsversicherung!<\/strong><br \/>Hierf\u00fcr empfiehlt sich zum Beispiel die <span style=\"color: #ca0538;\"><a style=\"color: #ca0538;\" href=\"https:\/\/www.allianz.de\/reise-und-freizeit\/reiseruecktrittsversicherung\/\" target=\"_blank\" rel=\"noopener\">Allianz Travel Reiser\u00fccktrittsversicherung<\/a>.<\/span><\/p><p>Bitte informiert euch selbstst\u00e4ndig vor eurer Anreise \u00fcber die aktuellen beh\u00f6rdlichen <strong>Corona-Ma\u00dfnahmen!<\/strong><\/p><p>Hier findet ihr die aktuellen Hygiene- und Sicherheitsma\u00dfnahmen der Region <span style=\"color: #ca0538;\"><a style=\"color: #ca0538;\" href=\"https:\/\/zugspitzarena.com\/de\/Info-Service\/covid19%20aktuelle%20Informationen\" target=\"_blank\" rel=\"noopener\">Tiroler Zugspitze<\/a><\/span>, die <a href=\"https:\/\/www.sozialministerium.at\/Informationen-zum-Coronavirus\/Coronavirus---Aktuelle-Ma%C3%9Fnahmen.html\" target=\"_blank\" rel=\"noopener\"><span style=\"color: #99c3dd;\"><span style=\"color: #ca0538;\">Regelungen des \u00f6sterreichischen Sozialministeriums<\/span><\/span><\/a>, sowie die <span style=\"color: #ca0538;\"><a style=\"color: #ca0538;\" href=\"https:\/\/www.auswaertiges-amt.de\/de\/ReiseUndSicherheit\/oesterreichsicherheit\/210962\">Reise- und Sicherheitsma\u00dfnahmen des ausw\u00e4rtigen Amtes<\/a><\/span>.<\/p>\t\t\t\t\t\t\t\t<\/div>\n\t\t\t\t<\/div>\n\t\t\t\t<div class=\"elementor-element elementor-element-1fd28d7 elementor-widget elementor-widget-spacer\" data-id=\"1fd28d7\" data-element_type=\"widget\" data-e-type=\"widget\" data-widget_type=\"spacer.default\">\n\t\t\t\t<div class=\"elementor-widget-container\">\n\t\t\t\t\t\t\t<div class=\"elementor-spacer\">\n\t\t\t<div class=\"elementor-spacer-inner\"><\/div>\n\t\t<\/div>\n\t\t\t\t\t\t<\/div>\n\t\t\t\t<\/div>\n\t\t\t\t\t<\/div>\n\t\t<\/div>\n\t\t\t\t\t<\/div>\n\t\t<\/section>\n\t\t\t\t<\/div>\n\t\t","protected":false},"excerpt":{"rendered":"<p>Hygiene- und Sicherheitsma\u00dfnahmen Wir bitten alle Teilnehmerinnen, bei jeglichen Krankheitsanzeichen einen Selbsttest zu machen und ggf. auf einen Besuch des Camps zu verzichten. Wir appellieren an die Eigenverantwortung jeder Teilnehmerin! Daher empfehlen wir dringend eine Reiser\u00fccktrittsversicherung!Hierf\u00fcr empfiehlt sich zum Beispiel die Allianz Travel Reiser\u00fccktrittsversicherung. Bitte informiert euch selbstst\u00e4ndig vor eurer Anreise \u00fcber die aktuellen beh\u00f6rdlichen [&hellip;]<\/p>\n","protected":false},"author":2,"featured_media":0,"parent":0,"menu_order":0,"comment_status":"closed","ping_status":"closed","template":"","meta":{"_acf_changed":false,"_exactmetrics_skip_tracking":false,"_exactmetrics_sitenote_active":false,"_exactmetrics_sitenote_note":"","_exactmetrics_sitenote_category":0,"footnotes":""},"class_list":["post-31553","page","type-page","status-publish","hentry"],"acf":[],"yoast_head":"<!-- This site is optimized with the Yoast SEO Premium plugin v20.8 (Yoast SEO v27.6) - https:\/\/yoast.com\/product\/yoast-seo-premium-wordpress\/ -->\n<title>Hygiene- und Sicherheitsma\u00dfnahmen - Women&#039;s Summer Festival<\/title>\n<meta name=\"robots\" content=\"noindex, follow, max-snippet:-1, max-image-preview:large, max-video-preview:-1\" \/>\n<meta property=\"og:locale\" content=\"de_DE\" \/>\n<meta property=\"og:type\" content=\"article\" \/>\n<meta property=\"og:title\" content=\"Hygiene- und Sicherheitsma\u00dfnahmen\" \/>\n<meta property=\"og:description\" content=\"Hygiene- und Sicherheitsma\u00dfnahmen Wir bitten alle Teilnehmerinnen, bei jeglichen Krankheitsanzeichen einen Selbsttest zu machen und ggf. auf einen Besuch des Camps zu verzichten. Wir appellieren an die Eigenverantwortung jeder Teilnehmerin! Daher empfehlen wir dringend eine Reiser\u00fccktrittsversicherung!Hierf\u00fcr empfiehlt sich zum Beispiel die Allianz Travel Reiser\u00fccktrittsversicherung. Bitte informiert euch selbstst\u00e4ndig vor eurer Anreise \u00fcber die aktuellen beh\u00f6rdlichen [&hellip;]\" \/>\n<meta property=\"og:url\" content=\"https:\/\/www.sporting-women.de\/womens-summer-festival\/hygiene-und-sicherheitsmassnahmen\/\" \/>\n<meta property=\"og:site_name\" content=\"Women&#039;s Summer Festival\" \/>\n<meta property=\"article:modified_time\" content=\"2022-12-08T11:25:26+00:00\" \/>\n<meta name=\"twitter:card\" content=\"summary_large_image\" \/>\n<script type=\"application\/ld+json\" class=\"yoast-schema-graph\">{\"@context\":\"https:\\\/\\\/schema.org\",\"@graph\":[{\"@type\":\"WebPage\",\"@id\":\"https:\\\/\\\/www.sporting-women.de\\\/womens-summer-festival\\\/hygiene-und-sicherheitsmassnahmen\\\/\",\"url\":\"https:\\\/\\\/www.sporting-women.de\\\/womens-summer-festival\\\/hygiene-und-sicherheitsmassnahmen\\\/\",\"name\":\"Hygiene- und Sicherheitsma\u00dfnahmen - Women&#039;s Summer Festival\",\"isPartOf\":{\"@id\":\"https:\\\/\\\/www.sporting-women.de\\\/womens-summer-festival\\\/#website\"},\"datePublished\":\"2022-08-05T11:07:54+00:00\",\"dateModified\":\"2022-12-08T11:25:26+00:00\",\"breadcrumb\":{\"@id\":\"https:\\\/\\\/www.sporting-women.de\\\/womens-summer-festival\\\/hygiene-und-sicherheitsmassnahmen\\\/#breadcrumb\"},\"inLanguage\":\"de\",\"potentialAction\":[{\"@type\":\"ReadAction\",\"target\":[\"https:\\\/\\\/www.sporting-women.de\\\/womens-summer-festival\\\/hygiene-und-sicherheitsmassnahmen\\\/\"]}]},{\"@type\":\"BreadcrumbList\",\"@id\":\"https:\\\/\\\/www.sporting-women.de\\\/womens-summer-festival\\\/hygiene-und-sicherheitsmassnahmen\\\/#breadcrumb\",\"itemListElement\":[{\"@type\":\"ListItem\",\"position\":1,\"name\":\"Startseite\",\"item\":\"https:\\\/\\\/www.sporting-women.de\\\/womens-summer-festival\\\/\"},{\"@type\":\"ListItem\",\"position\":2,\"name\":\"Hygiene- und Sicherheitsma\u00dfnahmen\"}]},{\"@type\":\"WebSite\",\"@id\":\"https:\\\/\\\/www.sporting-women.de\\\/womens-summer-festival\\\/#website\",\"url\":\"https:\\\/\\\/www.sporting-women.de\\\/womens-summer-festival\\\/\",\"name\":\"Women&#039;s Summer Festival\",\"description\":\"\",\"publisher\":{\"@id\":\"https:\\\/\\\/www.sporting-women.de\\\/womens-summer-festival\\\/#organization\"},\"potentialAction\":[{\"@type\":\"SearchAction\",\"target\":{\"@type\":\"EntryPoint\",\"urlTemplate\":\"https:\\\/\\\/www.sporting-women.de\\\/womens-summer-festival\\\/?s={search_term_string}\"},\"query-input\":{\"@type\":\"PropertyValueSpecification\",\"valueRequired\":true,\"valueName\":\"search_term_string\"}}],\"inLanguage\":\"de\"},{\"@type\":\"Organization\",\"@id\":\"https:\\\/\\\/www.sporting-women.de\\\/womens-summer-festival\\\/#organization\",\"name\":\"Women&#039;s Summer Festival\",\"url\":\"https:\\\/\\\/www.sporting-women.de\\\/womens-summer-festival\\\/\",\"logo\":{\"@type\":\"ImageObject\",\"inLanguage\":\"de\",\"@id\":\"https:\\\/\\\/www.sporting-women.de\\\/womens-summer-festival\\\/#\\\/schema\\\/logo\\\/image\\\/\",\"url\":\"https:\\\/\\\/www.sporting-women.de\\\/womens-summer-festival\\\/wp-content\\\/uploads\\\/sites\\\/17\\\/2021\\\/06\\\/Schrift_SPRTNGWMN_Vollversion_black.png\",\"contentUrl\":\"https:\\\/\\\/www.sporting-women.de\\\/womens-summer-festival\\\/wp-content\\\/uploads\\\/sites\\\/17\\\/2021\\\/06\\\/Schrift_SPRTNGWMN_Vollversion_black.png\",\"width\":743,\"height\":461,\"caption\":\"Women&#039;s Summer Festival\"},\"image\":{\"@id\":\"https:\\\/\\\/www.sporting-women.de\\\/womens-summer-festival\\\/#\\\/schema\\\/logo\\\/image\\\/\"}}]}<\/script>\n<!-- \/ Yoast SEO Premium plugin. -->","yoast_head_json":{"title":"Hygiene- und Sicherheitsma\u00dfnahmen - Women&#039;s Summer Festival","robots":{"index":"noindex","follow":"follow","max-snippet":"max-snippet:-1","max-image-preview":"max-image-preview:large","max-video-preview":"max-video-preview:-1"},"og_locale":"de_DE","og_type":"article","og_title":"Hygiene- und Sicherheitsma\u00dfnahmen","og_description":"Hygiene- und Sicherheitsma\u00dfnahmen Wir bitten alle Teilnehmerinnen, bei jeglichen Krankheitsanzeichen einen Selbsttest zu machen und ggf. auf einen Besuch des Camps zu verzichten. Wir appellieren an die Eigenverantwortung jeder Teilnehmerin! Daher empfehlen wir dringend eine Reiser\u00fccktrittsversicherung!Hierf\u00fcr empfiehlt sich zum Beispiel die Allianz Travel Reiser\u00fccktrittsversicherung. Bitte informiert euch selbstst\u00e4ndig vor eurer Anreise \u00fcber die aktuellen beh\u00f6rdlichen [&hellip;]","og_url":"https:\/\/www.sporting-women.de\/womens-summer-festival\/hygiene-und-sicherheitsmassnahmen\/","og_site_name":"Women&#039;s Summer Festival","article_modified_time":"2022-12-08T11:25:26+00:00","twitter_card":"summary_large_image","schema":{"@context":"https:\/\/schema.org","@graph":[{"@type":"WebPage","@id":"https:\/\/www.sporting-women.de\/womens-summer-festival\/hygiene-und-sicherheitsmassnahmen\/","url":"https:\/\/www.sporting-women.de\/womens-summer-festival\/hygiene-und-sicherheitsmassnahmen\/","name":"Hygiene- und Sicherheitsma\u00dfnahmen - Women&#039;s Summer Festival","isPartOf":{"@id":"https:\/\/www.sporting-women.de\/womens-summer-festival\/#website"},"datePublished":"2022-08-05T11:07:54+00:00","dateModified":"2022-12-08T11:25:26+00:00","breadcrumb":{"@id":"https:\/\/www.sporting-women.de\/womens-summer-festival\/hygiene-und-sicherheitsmassnahmen\/#breadcrumb"},"inLanguage":"de","potentialAction":[{"@type":"ReadAction","target":["https:\/\/www.sporting-women.de\/womens-summer-festival\/hygiene-und-sicherheitsmassnahmen\/"]}]},{"@type":"BreadcrumbList","@id":"https:\/\/www.sporting-women.de\/womens-summer-festival\/hygiene-und-sicherheitsmassnahmen\/#breadcrumb","itemListElement":[{"@type":"ListItem","position":1,"name":"Startseite","item":"https:\/\/www.sporting-women.de\/womens-summer-festival\/"},{"@type":"ListItem","position":2,"name":"Hygiene- und Sicherheitsma\u00dfnahmen"}]},{"@type":"WebSite","@id":"https:\/\/www.sporting-women.de\/womens-summer-festival\/#website","url":"https:\/\/www.sporting-women.de\/womens-summer-festival\/","name":"Women&#039;s Summer Festival","description":"","publisher":{"@id":"https:\/\/www.sporting-women.de\/womens-summer-festival\/#organization"},"potentialAction":[{"@type":"SearchAction","target":{"@type":"EntryPoint","urlTemplate":"https:\/\/www.sporting-women.de\/womens-summer-festival\/?s={search_term_string}"},"query-input":{"@type":"PropertyValueSpecification","valueRequired":true,"valueName":"search_term_string"}}],"inLanguage":"de"},{"@type":"Organization","@id":"https:\/\/www.sporting-women.de\/womens-summer-festival\/#organization","name":"Women&#039;s Summer Festival","url":"https:\/\/www.sporting-women.de\/womens-summer-festival\/","logo":{"@type":"ImageObject","inLanguage":"de","@id":"https:\/\/www.sporting-women.de\/womens-summer-festival\/#\/schema\/logo\/image\/","url":"https:\/\/www.sporting-women.de\/womens-summer-festival\/wp-content\/uploads\/sites\/17\/2021\/06\/Schrift_SPRTNGWMN_Vollversion_black.png","contentUrl":"https:\/\/www.sporting-women.de\/womens-summer-festival\/wp-content\/uploads\/sites\/17\/2021\/06\/Schrift_SPRTNGWMN_Vollversion_black.png","width":743,"height":461,"caption":"Women&#039;s Summer Festival"},"image":{"@id":"https:\/\/www.sporting-women.de\/womens-summer-festival\/#\/schema\/logo\/image\/"}}]}},"_links":{"self":[{"href":"https:\/\/www.sporting-women.de\/womens-summer-festival\/wp-json\/wp\/v2\/pages\/31553","targetHints":{"allow":["GET"]}}],"collection":[{"href":"https:\/\/www.sporting-women.de\/womens-summer-festival\/wp-json\/wp\/v2\/pages"}],"about":[{"href":"https:\/\/www.sporting-women.de\/womens-summer-festival\/wp-json\/wp\/v2\/types\/page"}],"author":[{"embeddable":true,"href":"https:\/\/www.sporting-women.de\/womens-summer-festival\/wp-json\/wp\/v2\/users\/2"}],"replies":[{"embeddable":true,"href":"https:\/\/www.sporting-women.de\/womens-summer-festival\/wp-json\/wp\/v2\/comments?post=31553"}],"version-history":[{"count":0,"href":"https:\/\/www.sporting-women.de\/womens-summer-festival\/wp-json\/wp\/v2\/pages\/31553\/revisions"}],"wp:attachment":[{"href":"https:\/\/www.sporting-women.de\/womens-summer-festival\/wp-json\/wp\/v2\/media?parent=31553"}],"curies":[{"name":"wp","href":"https:\/\/api.w.org\/{rel}","templated":true}]}}