{"id":33799,"date":"2022-08-05T13:07:54","date_gmt":"2022-08-05T11:07:54","guid":{"rendered":"https:\/\/www.sporting-women.de\/womens-summer-festival\/?page_id=33799"},"modified":"2023-05-19T11:03:11","modified_gmt":"2023-05-19T09:03:11","slug":"sportart-golfen","status":"publish","type":"page","link":"https:\/\/www.sporting-women.de\/womens-summer-festival\/sportart-golfen\/","title":{"rendered":"Sportart Golfen"},"content":{"rendered":"\t\t<div data-elementor-type=\"wp-page\" data-elementor-id=\"33799\" class=\"elementor elementor-33799\" data-elementor-post-type=\"page\">\n\t\t\t\t\t\t<section class=\"elementor-section elementor-top-section elementor-element elementor-element-9560dab elementor-section-boxed elementor-section-height-default elementor-section-height-default\" data-id=\"9560dab\" data-element_type=\"section\" data-e-type=\"section\">\n\t\t\t\t\t\t<div class=\"elementor-container elementor-column-gap-default\">\n\t\t\t\t\t<div class=\"elementor-column elementor-col-100 elementor-top-column elementor-element elementor-element-4873e39\" data-id=\"4873e39\" data-element_type=\"column\" data-e-type=\"column\">\n\t\t\t<div class=\"elementor-widget-wrap elementor-element-populated\">\n\t\t\t\t\t\t<div class=\"elementor-element elementor-element-e9260d6 elementor-widget elementor-widget-heading\" data-id=\"e9260d6\" data-element_type=\"widget\" data-e-type=\"widget\" data-widget_type=\"heading.default\">\n\t\t\t\t<div class=\"elementor-widget-container\">\n\t\t\t\t\t<h2 class=\"elementor-heading-title elementor-size-default\">Golfen<\/h2>\t\t\t\t<\/div>\n\t\t\t\t<\/div>\n\t\t\t\t\t<\/div>\n\t\t<\/div>\n\t\t\t\t\t<\/div>\n\t\t<\/section>\n\t\t\t\t<section class=\"elementor-section elementor-top-section elementor-element elementor-element-033e0b1 elementor-section-boxed elementor-section-height-default elementor-section-height-default\" data-id=\"033e0b1\" data-element_type=\"section\" data-e-type=\"section\">\n\t\t\t\t\t\t<div class=\"elementor-container elementor-column-gap-default\">\n\t\t\t\t\t<div class=\"elementor-column elementor-col-100 elementor-top-column elementor-element elementor-element-c356cf6\" data-id=\"c356cf6\" data-element_type=\"column\" data-e-type=\"column\">\n\t\t\t<div class=\"elementor-widget-wrap elementor-element-populated\">\n\t\t\t\t\t\t<div class=\"elementor-element elementor-element-3187988 elementor-widget elementor-widget-text-editor\" data-id=\"3187988\" data-element_type=\"widget\" data-e-type=\"widget\" data-widget_type=\"text-editor.default\">\n\t\t\t\t<div class=\"elementor-widget-container\">\n\t\t\t\t\t\t\t\t\t<p>Ihr wolltet schon immer einmal Golfen ausprobieren? Beim Women\u2019s Summer Festival habt ihr die Chance dazu!<\/p><p>\u00dcber die Links in der Terminanzeige kannst du dein Schnuppergolf gleich in den Warenkorb legen. Bitte vergi\u00df dabei nicht, zus\u00e4tzlich noch dein Ticket \u2013 ob Basic, Premium oder Luxus-Package \u2013 zu l\u00f6sen. Zum Beispiel sind beim Premium und Luxus-Package alle Kurse im Preis inkludiert. <span style=\"color: #2c7ea3\"><a style=\"color: #2c7ea3\" href=\"https:\/\/www.sporting-women.de\/womens-summer-festival-buchungen\/\">Hier geht es zu den Tickets<\/a><\/span><\/p>\t\t\t\t\t\t\t\t<\/div>\n\t\t\t\t<\/div>\n\t\t\t\t\t<\/div>\n\t\t<\/div>\n\t\t\t\t\t<\/div>\n\t\t<\/section>\n\t\t\t\t<section class=\"elementor-section elementor-top-section elementor-element elementor-element-1eea226 elementor-section-boxed elementor-section-height-default elementor-section-height-default\" data-id=\"1eea226\" data-element_type=\"section\" data-e-type=\"section\">\n\t\t\t\t\t\t<div class=\"elementor-container elementor-column-gap-default\">\n\t\t\t\t\t<div class=\"elementor-column elementor-col-50 elementor-top-column elementor-element elementor-element-ee91ccf\" data-id=\"ee91ccf\" data-element_type=\"column\" data-e-type=\"column\">\n\t\t\t<div class=\"elementor-widget-wrap elementor-element-populated\">\n\t\t\t\t\t\t<div class=\"elementor-element elementor-element-87df12d elementor-widget elementor-widget-image\" data-id=\"87df12d\" data-element_type=\"widget\" data-e-type=\"widget\" data-widget_type=\"image.default\">\n\t\t\t\t<div class=\"elementor-widget-container\">\n\t\t\t\t\t\t\t\t\t\t\t\t\t\t\t<img fetchpriority=\"high\" decoding=\"async\" width=\"800\" height=\"534\" src=\"https:\/\/www.sporting-women.de\/womens-summer-festival\/wp-content\/uploads\/sites\/17\/2022\/12\/Golfen-1024x683.jpg\" class=\"attachment-large size-large wp-image-33813\" alt=\"\" srcset=\"https:\/\/www.sporting-women.de\/womens-summer-festival\/wp-content\/uploads\/sites\/17\/2022\/12\/Golfen-1024x683.jpg 1024w, https:\/\/www.sporting-women.de\/womens-summer-festival\/wp-content\/uploads\/sites\/17\/2022\/12\/Golfen-300x200.jpg 300w, https:\/\/www.sporting-women.de\/womens-summer-festival\/wp-content\/uploads\/sites\/17\/2022\/12\/Golfen-768x512.jpg 768w, https:\/\/www.sporting-women.de\/womens-summer-festival\/wp-content\/uploads\/sites\/17\/2022\/12\/Golfen-391x260.jpg 391w, https:\/\/www.sporting-women.de\/womens-summer-festival\/wp-content\/uploads\/sites\/17\/2022\/12\/Golfen-1536x1024.jpg 1536w, https:\/\/www.sporting-women.de\/womens-summer-festival\/wp-content\/uploads\/sites\/17\/2022\/12\/Golfen-2048x1366.jpg 2048w, https:\/\/www.sporting-women.de\/womens-summer-festival\/wp-content\/uploads\/sites\/17\/2022\/12\/Golfen-600x400.jpg 600w\" sizes=\"(max-width: 800px) 100vw, 800px\" \/>\t\t\t\t\t\t\t\t\t\t\t\t\t\t\t<\/div>\n\t\t\t\t<\/div>\n\t\t\t\t\t<\/div>\n\t\t<\/div>\n\t\t\t\t<div class=\"elementor-column elementor-col-50 elementor-top-column elementor-element elementor-element-9fc738f\" data-id=\"9fc738f\" data-element_type=\"column\" data-e-type=\"column\">\n\t\t\t<div class=\"elementor-widget-wrap elementor-element-populated\">\n\t\t\t\t\t\t<div class=\"elementor-element elementor-element-47d0a61 elementor-widget elementor-widget-text-editor\" data-id=\"47d0a61\" data-element_type=\"widget\" data-e-type=\"widget\" data-widget_type=\"text-editor.default\">\n\t\t\t\t<div class=\"elementor-widget-container\">\n\t\t\t\t\t\t\t\t\t<h3><strong>Schnuppergolfen<\/strong><\/h3><p>Auf dem Golfplatz zwischen Ehrwald und Lermoos k\u00f6nnt ihr in traumhafter Bergkulisse das Golfen lernen. Professionelle Golflehrer zeigen und erkl\u00e4ren euch die ersten Schritte beim Golfen. Ob das Putten, der richtige Griff oder das Chippen.<\/p>\t\t\t\t\t\t\t\t<\/div>\n\t\t\t\t<\/div>\n\t\t\t\t<section class=\"elementor-section elementor-inner-section elementor-element elementor-element-b34b445 elementor-section-boxed elementor-section-height-default elementor-section-height-default\" data-id=\"b34b445\" data-element_type=\"section\" data-e-type=\"section\">\n\t\t\t\t\t\t<div class=\"elementor-container elementor-column-gap-default\">\n\t\t\t\t\t<div class=\"elementor-column elementor-col-100 elementor-inner-column elementor-element elementor-element-3eac030\" data-id=\"3eac030\" data-element_type=\"column\" data-e-type=\"column\">\n\t\t\t<div class=\"elementor-widget-wrap elementor-element-populated\">\n\t\t\t\t\t\t<div class=\"elementor-element elementor-element-44d7001 elementor-align-center elementor-widget elementor-widget-button\" data-id=\"44d7001\" data-element_type=\"widget\" data-e-type=\"widget\" data-widget_type=\"button.default\">\n\t\t\t\t<div class=\"elementor-widget-container\">\n\t\t\t\t\t\t\t\t\t<div class=\"elementor-button-wrapper\">\n\t\t\t\t\t<a class=\"elementor-button elementor-button-link elementor-size-lg\" href=\"https:\/\/www.sporting-women.de\/product\/01-07-23-13-00-14-00-uhr-schnuppergolf-anfaenger\/\" target=\"_blank\">\n\t\t\t\t\t\t<span class=\"elementor-button-content-wrapper\">\n\t\t\t\t\t\t\t\t\t<span class=\"elementor-button-text\">Samstag,  13.00-14.00 Uhr<\/span>\n\t\t\t\t\t<\/span>\n\t\t\t\t\t<\/a>\n\t\t\t\t<\/div>\n\t\t\t\t\t\t\t\t<\/div>\n\t\t\t\t<\/div>\n\t\t\t\t\t<\/div>\n\t\t<\/div>\n\t\t\t\t\t<\/div>\n\t\t<\/section>\n\t\t\t\t<section class=\"elementor-section elementor-inner-section elementor-element elementor-element-81fce4e elementor-section-content-middle elementor-section-boxed elementor-section-height-default elementor-section-height-default\" data-id=\"81fce4e\" data-element_type=\"section\" data-e-type=\"section\">\n\t\t\t\t\t\t<div class=\"elementor-container elementor-column-gap-default\">\n\t\t\t\t\t<div class=\"elementor-column elementor-col-100 elementor-inner-column elementor-element elementor-element-eb5a0d2\" data-id=\"eb5a0d2\" data-element_type=\"column\" data-e-type=\"column\">\n\t\t\t<div class=\"elementor-widget-wrap elementor-element-populated\">\n\t\t\t\t\t\t<div class=\"elementor-element elementor-element-e4dc491 elementor-widget elementor-widget-text-editor\" data-id=\"e4dc491\" data-element_type=\"widget\" data-e-type=\"widget\" data-widget_type=\"text-editor.default\">\n\t\t\t\t<div class=\"elementor-widget-container\">\n\t\t\t\t\t\t\t\t\t<p><span style=\"color: #000000\"><strong>TREFFPUNKT: <\/strong>12.45 Expo Area\/ Shuttle Point<\/span><\/p>\t\t\t\t\t\t\t\t<\/div>\n\t\t\t\t<\/div>\n\t\t\t\t\t<\/div>\n\t\t<\/div>\n\t\t\t\t\t<\/div>\n\t\t<\/section>\n\t\t\t\t\t<\/div>\n\t\t<\/div>\n\t\t\t\t\t<\/div>\n\t\t<\/section>\n\t\t\t\t<\/div>\n\t\t","protected":false},"excerpt":{"rendered":"<p>Golfen Ihr wolltet schon immer einmal Golfen ausprobieren? Beim Women\u2019s Summer Festival habt ihr die Chance dazu! \u00dcber die Links in der Terminanzeige kannst du dein Schnuppergolf gleich in den Warenkorb legen. Bitte vergi\u00df dabei nicht, zus\u00e4tzlich noch dein Ticket \u2013 ob Basic, Premium oder Luxus-Package \u2013 zu l\u00f6sen. Zum Beispiel sind beim Premium und [&hellip;]<\/p>\n","protected":false},"author":2,"featured_media":0,"parent":0,"menu_order":0,"comment_status":"closed","ping_status":"closed","template":"","meta":{"_acf_changed":false,"_exactmetrics_skip_tracking":false,"_exactmetrics_sitenote_active":false,"_exactmetrics_sitenote_note":"","_exactmetrics_sitenote_category":0,"footnotes":""},"class_list":["post-33799","page","type-page","status-publish","hentry"],"acf":[],"yoast_head":"<!-- This site is optimized with the Yoast SEO Premium plugin v20.8 (Yoast SEO v27.6) - https:\/\/yoast.com\/product\/yoast-seo-premium-wordpress\/ -->\n<title>Sportart Golfen - Women&#039;s Summer Festival<\/title>\n<meta name=\"robots\" content=\"noindex, follow, max-snippet:-1, max-image-preview:large, max-video-preview:-1\" \/>\n<meta property=\"og:locale\" content=\"de_DE\" \/>\n<meta property=\"og:type\" content=\"article\" \/>\n<meta property=\"og:title\" content=\"Sportart Golfen\" \/>\n<meta property=\"og:description\" content=\"Golfen Ihr wolltet schon immer einmal Golfen ausprobieren? Beim Women\u2019s Summer Festival habt ihr die Chance dazu! \u00dcber die Links in der Terminanzeige kannst du dein Schnuppergolf gleich in den Warenkorb legen. Bitte vergi\u00df dabei nicht, zus\u00e4tzlich noch dein Ticket \u2013 ob Basic, Premium oder Luxus-Package \u2013 zu l\u00f6sen. Zum Beispiel sind beim Premium und [&hellip;]\" \/>\n<meta property=\"og:url\" content=\"https:\/\/www.sporting-women.de\/womens-summer-festival\/sportart-golfen\/\" \/>\n<meta property=\"og:site_name\" content=\"Women&#039;s Summer Festival\" \/>\n<meta property=\"article:modified_time\" content=\"2023-05-19T09:03:11+00:00\" \/>\n<meta property=\"og:image\" content=\"https:\/\/www.sporting-women.de\/womens-summer-festival\/wp-content\/uploads\/sites\/17\/2022\/12\/Golfen-1024x683.jpg\" \/>\n<meta name=\"twitter:card\" content=\"summary_large_image\" \/>\n<meta name=\"twitter:label1\" content=\"Gesch\u00e4tzte Lesezeit\" \/>\n\t<meta name=\"twitter:data1\" content=\"1\u00a0Minute\" \/>\n<script type=\"application\/ld+json\" class=\"yoast-schema-graph\">{\"@context\":\"https:\\\/\\\/schema.org\",\"@graph\":[{\"@type\":\"WebPage\",\"@id\":\"https:\\\/\\\/www.sporting-women.de\\\/womens-summer-festival\\\/sportart-golfen\\\/\",\"url\":\"https:\\\/\\\/www.sporting-women.de\\\/womens-summer-festival\\\/sportart-golfen\\\/\",\"name\":\"Sportart Golfen - Women&#039;s Summer Festival\",\"isPartOf\":{\"@id\":\"https:\\\/\\\/www.sporting-women.de\\\/womens-summer-festival\\\/#website\"},\"primaryImageOfPage\":{\"@id\":\"https:\\\/\\\/www.sporting-women.de\\\/womens-summer-festival\\\/sportart-golfen\\\/#primaryimage\"},\"image\":{\"@id\":\"https:\\\/\\\/www.sporting-women.de\\\/womens-summer-festival\\\/sportart-golfen\\\/#primaryimage\"},\"thumbnailUrl\":\"https:\\\/\\\/www.sporting-women.de\\\/womens-summer-festival\\\/wp-content\\\/uploads\\\/sites\\\/17\\\/2022\\\/12\\\/Golfen-1024x683.jpg\",\"datePublished\":\"2022-08-05T11:07:54+00:00\",\"dateModified\":\"2023-05-19T09:03:11+00:00\",\"breadcrumb\":{\"@id\":\"https:\\\/\\\/www.sporting-women.de\\\/womens-summer-festival\\\/sportart-golfen\\\/#breadcrumb\"},\"inLanguage\":\"de\",\"potentialAction\":[{\"@type\":\"ReadAction\",\"target\":[\"https:\\\/\\\/www.sporting-women.de\\\/womens-summer-festival\\\/sportart-golfen\\\/\"]}]},{\"@type\":\"ImageObject\",\"inLanguage\":\"de\",\"@id\":\"https:\\\/\\\/www.sporting-women.de\\\/womens-summer-festival\\\/sportart-golfen\\\/#primaryimage\",\"url\":\"https:\\\/\\\/www.sporting-women.de\\\/womens-summer-festival\\\/wp-content\\\/uploads\\\/sites\\\/17\\\/2022\\\/12\\\/Golfen.jpg\",\"contentUrl\":\"https:\\\/\\\/www.sporting-women.de\\\/womens-summer-festival\\\/wp-content\\\/uploads\\\/sites\\\/17\\\/2022\\\/12\\\/Golfen.jpg\",\"width\":2560,\"height\":1707},{\"@type\":\"BreadcrumbList\",\"@id\":\"https:\\\/\\\/www.sporting-women.de\\\/womens-summer-festival\\\/sportart-golfen\\\/#breadcrumb\",\"itemListElement\":[{\"@type\":\"ListItem\",\"position\":1,\"name\":\"Startseite\",\"item\":\"https:\\\/\\\/www.sporting-women.de\\\/womens-summer-festival\\\/\"},{\"@type\":\"ListItem\",\"position\":2,\"name\":\"Sportart Golfen\"}]},{\"@type\":\"WebSite\",\"@id\":\"https:\\\/\\\/www.sporting-women.de\\\/womens-summer-festival\\\/#website\",\"url\":\"https:\\\/\\\/www.sporting-women.de\\\/womens-summer-festival\\\/\",\"name\":\"Women&#039;s Summer Festival\",\"description\":\"\",\"publisher\":{\"@id\":\"https:\\\/\\\/www.sporting-women.de\\\/womens-summer-festival\\\/#organization\"},\"potentialAction\":[{\"@type\":\"SearchAction\",\"target\":{\"@type\":\"EntryPoint\",\"urlTemplate\":\"https:\\\/\\\/www.sporting-women.de\\\/womens-summer-festival\\\/?s={search_term_string}\"},\"query-input\":{\"@type\":\"PropertyValueSpecification\",\"valueRequired\":true,\"valueName\":\"search_term_string\"}}],\"inLanguage\":\"de\"},{\"@type\":\"Organization\",\"@id\":\"https:\\\/\\\/www.sporting-women.de\\\/womens-summer-festival\\\/#organization\",\"name\":\"Women&#039;s Summer Festival\",\"url\":\"https:\\\/\\\/www.sporting-women.de\\\/womens-summer-festival\\\/\",\"logo\":{\"@type\":\"ImageObject\",\"inLanguage\":\"de\",\"@id\":\"https:\\\/\\\/www.sporting-women.de\\\/womens-summer-festival\\\/#\\\/schema\\\/logo\\\/image\\\/\",\"url\":\"https:\\\/\\\/www.sporting-women.de\\\/womens-summer-festival\\\/wp-content\\\/uploads\\\/sites\\\/17\\\/2021\\\/06\\\/Schrift_SPRTNGWMN_Vollversion_black.png\",\"contentUrl\":\"https:\\\/\\\/www.sporting-women.de\\\/womens-summer-festival\\\/wp-content\\\/uploads\\\/sites\\\/17\\\/2021\\\/06\\\/Schrift_SPRTNGWMN_Vollversion_black.png\",\"width\":743,\"height\":461,\"caption\":\"Women&#039;s Summer Festival\"},\"image\":{\"@id\":\"https:\\\/\\\/www.sporting-women.de\\\/womens-summer-festival\\\/#\\\/schema\\\/logo\\\/image\\\/\"}}]}<\/script>\n<!-- \/ Yoast SEO Premium plugin. -->","yoast_head_json":{"title":"Sportart Golfen - Women&#039;s Summer Festival","robots":{"index":"noindex","follow":"follow","max-snippet":"max-snippet:-1","max-image-preview":"max-image-preview:large","max-video-preview":"max-video-preview:-1"},"og_locale":"de_DE","og_type":"article","og_title":"Sportart Golfen","og_description":"Golfen Ihr wolltet schon immer einmal Golfen ausprobieren? Beim Women\u2019s Summer Festival habt ihr die Chance dazu! \u00dcber die Links in der Terminanzeige kannst du dein Schnuppergolf gleich in den Warenkorb legen. Bitte vergi\u00df dabei nicht, zus\u00e4tzlich noch dein Ticket \u2013 ob Basic, Premium oder Luxus-Package \u2013 zu l\u00f6sen. Zum Beispiel sind beim Premium und [&hellip;]","og_url":"https:\/\/www.sporting-women.de\/womens-summer-festival\/sportart-golfen\/","og_site_name":"Women&#039;s Summer Festival","article_modified_time":"2023-05-19T09:03:11+00:00","og_image":[{"url":"https:\/\/www.sporting-women.de\/womens-summer-festival\/wp-content\/uploads\/sites\/17\/2022\/12\/Golfen-1024x683.jpg","type":"","width":"","height":""}],"twitter_card":"summary_large_image","twitter_misc":{"Gesch\u00e4tzte Lesezeit":"1\u00a0Minute"},"schema":{"@context":"https:\/\/schema.org","@graph":[{"@type":"WebPage","@id":"https:\/\/www.sporting-women.de\/womens-summer-festival\/sportart-golfen\/","url":"https:\/\/www.sporting-women.de\/womens-summer-festival\/sportart-golfen\/","name":"Sportart Golfen - Women&#039;s Summer Festival","isPartOf":{"@id":"https:\/\/www.sporting-women.de\/womens-summer-festival\/#website"},"primaryImageOfPage":{"@id":"https:\/\/www.sporting-women.de\/womens-summer-festival\/sportart-golfen\/#primaryimage"},"image":{"@id":"https:\/\/www.sporting-women.de\/womens-summer-festival\/sportart-golfen\/#primaryimage"},"thumbnailUrl":"https:\/\/www.sporting-women.de\/womens-summer-festival\/wp-content\/uploads\/sites\/17\/2022\/12\/Golfen-1024x683.jpg","datePublished":"2022-08-05T11:07:54+00:00","dateModified":"2023-05-19T09:03:11+00:00","breadcrumb":{"@id":"https:\/\/www.sporting-women.de\/womens-summer-festival\/sportart-golfen\/#breadcrumb"},"inLanguage":"de","potentialAction":[{"@type":"ReadAction","target":["https:\/\/www.sporting-women.de\/womens-summer-festival\/sportart-golfen\/"]}]},{"@type":"ImageObject","inLanguage":"de","@id":"https:\/\/www.sporting-women.de\/womens-summer-festival\/sportart-golfen\/#primaryimage","url":"https:\/\/www.sporting-women.de\/womens-summer-festival\/wp-content\/uploads\/sites\/17\/2022\/12\/Golfen.jpg","contentUrl":"https:\/\/www.sporting-women.de\/womens-summer-festival\/wp-content\/uploads\/sites\/17\/2022\/12\/Golfen.jpg","width":2560,"height":1707},{"@type":"BreadcrumbList","@id":"https:\/\/www.sporting-women.de\/womens-summer-festival\/sportart-golfen\/#breadcrumb","itemListElement":[{"@type":"ListItem","position":1,"name":"Startseite","item":"https:\/\/www.sporting-women.de\/womens-summer-festival\/"},{"@type":"ListItem","position":2,"name":"Sportart Golfen"}]},{"@type":"WebSite","@id":"https:\/\/www.sporting-women.de\/womens-summer-festival\/#website","url":"https:\/\/www.sporting-women.de\/womens-summer-festival\/","name":"Women&#039;s Summer Festival","description":"","publisher":{"@id":"https:\/\/www.sporting-women.de\/womens-summer-festival\/#organization"},"potentialAction":[{"@type":"SearchAction","target":{"@type":"EntryPoint","urlTemplate":"https:\/\/www.sporting-women.de\/womens-summer-festival\/?s={search_term_string}"},"query-input":{"@type":"PropertyValueSpecification","valueRequired":true,"valueName":"search_term_string"}}],"inLanguage":"de"},{"@type":"Organization","@id":"https:\/\/www.sporting-women.de\/womens-summer-festival\/#organization","name":"Women&#039;s Summer Festival","url":"https:\/\/www.sporting-women.de\/womens-summer-festival\/","logo":{"@type":"ImageObject","inLanguage":"de","@id":"https:\/\/www.sporting-women.de\/womens-summer-festival\/#\/schema\/logo\/image\/","url":"https:\/\/www.sporting-women.de\/womens-summer-festival\/wp-content\/uploads\/sites\/17\/2021\/06\/Schrift_SPRTNGWMN_Vollversion_black.png","contentUrl":"https:\/\/www.sporting-women.de\/womens-summer-festival\/wp-content\/uploads\/sites\/17\/2021\/06\/Schrift_SPRTNGWMN_Vollversion_black.png","width":743,"height":461,"caption":"Women&#039;s Summer Festival"},"image":{"@id":"https:\/\/www.sporting-women.de\/womens-summer-festival\/#\/schema\/logo\/image\/"}}]}},"_links":{"self":[{"href":"https:\/\/www.sporting-women.de\/womens-summer-festival\/wp-json\/wp\/v2\/pages\/33799","targetHints":{"allow":["GET"]}}],"collection":[{"href":"https:\/\/www.sporting-women.de\/womens-summer-festival\/wp-json\/wp\/v2\/pages"}],"about":[{"href":"https:\/\/www.sporting-women.de\/womens-summer-festival\/wp-json\/wp\/v2\/types\/page"}],"author":[{"embeddable":true,"href":"https:\/\/www.sporting-women.de\/womens-summer-festival\/wp-json\/wp\/v2\/users\/2"}],"replies":[{"embeddable":true,"href":"https:\/\/www.sporting-women.de\/womens-summer-festival\/wp-json\/wp\/v2\/comments?post=33799"}],"version-history":[{"count":0,"href":"https:\/\/www.sporting-women.de\/womens-summer-festival\/wp-json\/wp\/v2\/pages\/33799\/revisions"}],"wp:attachment":[{"href":"https:\/\/www.sporting-women.de\/womens-summer-festival\/wp-json\/wp\/v2\/media?parent=33799"}],"curies":[{"name":"wp","href":"https:\/\/api.w.org\/{rel}","templated":true}]}}