{"id":33818,"date":"2022-08-05T13:07:54","date_gmt":"2022-08-05T11:07:54","guid":{"rendered":"https:\/\/www.sporting-women.de\/womens-summer-festival\/?page_id=33818"},"modified":"2023-06-13T10:16:20","modified_gmt":"2023-06-13T08:16:20","slug":"sportart-klettern","status":"publish","type":"page","link":"https:\/\/www.sporting-women.de\/womens-summer-festival\/sportart-klettern\/","title":{"rendered":"Sportart Klettern"},"content":{"rendered":"\t\t<div data-elementor-type=\"wp-page\" data-elementor-id=\"33818\" class=\"elementor elementor-33818\" data-elementor-post-type=\"page\">\n\t\t\t\t\t\t<section class=\"elementor-section elementor-top-section elementor-element elementor-element-9560dab elementor-section-boxed elementor-section-height-default elementor-section-height-default\" data-id=\"9560dab\" data-element_type=\"section\" data-e-type=\"section\">\n\t\t\t\t\t\t<div class=\"elementor-container elementor-column-gap-default\">\n\t\t\t\t\t<div class=\"elementor-column elementor-col-100 elementor-top-column elementor-element elementor-element-4873e39\" data-id=\"4873e39\" data-element_type=\"column\" data-e-type=\"column\">\n\t\t\t<div class=\"elementor-widget-wrap elementor-element-populated\">\n\t\t\t\t\t\t<div class=\"elementor-element elementor-element-e9260d6 elementor-widget elementor-widget-heading\" data-id=\"e9260d6\" data-element_type=\"widget\" data-e-type=\"widget\" data-widget_type=\"heading.default\">\n\t\t\t\t<div class=\"elementor-widget-container\">\n\t\t\t\t\t<h2 class=\"elementor-heading-title elementor-size-default\">Klettern<\/h2>\t\t\t\t<\/div>\n\t\t\t\t<\/div>\n\t\t\t\t\t<\/div>\n\t\t<\/div>\n\t\t\t\t\t<\/div>\n\t\t<\/section>\n\t\t\t\t<section class=\"elementor-section elementor-top-section elementor-element elementor-element-033e0b1 elementor-section-boxed elementor-section-height-default elementor-section-height-default\" data-id=\"033e0b1\" data-element_type=\"section\" data-e-type=\"section\">\n\t\t\t\t\t\t<div class=\"elementor-container elementor-column-gap-default\">\n\t\t\t\t\t<div class=\"elementor-column elementor-col-100 elementor-top-column elementor-element elementor-element-c356cf6\" data-id=\"c356cf6\" data-element_type=\"column\" data-e-type=\"column\">\n\t\t\t<div class=\"elementor-widget-wrap elementor-element-populated\">\n\t\t\t\t\t\t<div class=\"elementor-element elementor-element-3187988 elementor-widget elementor-widget-text-editor\" data-id=\"3187988\" data-element_type=\"widget\" data-e-type=\"widget\" data-widget_type=\"text-editor.default\">\n\t\t\t\t<div class=\"elementor-widget-container\">\n\t\t\t\t\t\t\t\t\t<p>Noch immer ist Klettern fest in M\u00e4nnerhand. Warum eigentlich? Weil vielen M\u00e4dels einfach der Mut f\u00fcr den Sport fehlt? Mit diesem Mythos r\u00e4umen wir beim Festival endlich auf! Denn es ist gerade das weibliche Geschlecht, welches sich beim Klettern oft erstaunlich geschickt anstellt. Durch vielf\u00e4ltige und komplexe Bewegungen wird unser Geist ordentlich gefordert, volle Konzentration ist gefragt, um die oftmals r\u00e4tselhaft anmutenden Bewegungen zu l\u00f6sen. Was wir noch viel toller finden: Beim Klettern schaffen es selbst wir Ladies, endlich einmal komplett abzuschalten \u2013 probiert\u2019s auf jeden Fall aus!<\/p>\t\t\t\t\t\t\t\t<\/div>\n\t\t\t\t<\/div>\n\t\t\t\t\t<\/div>\n\t\t<\/div>\n\t\t\t\t\t<\/div>\n\t\t<\/section>\n\t\t\t\t<section class=\"elementor-section elementor-top-section elementor-element elementor-element-cf510eb elementor-section-boxed elementor-section-height-default elementor-section-height-default\" data-id=\"cf510eb\" data-element_type=\"section\" data-e-type=\"section\">\n\t\t\t\t\t\t<div class=\"elementor-container elementor-column-gap-default\">\n\t\t\t\t\t<div class=\"elementor-column elementor-col-100 elementor-top-column elementor-element elementor-element-955063f\" data-id=\"955063f\" data-element_type=\"column\" data-e-type=\"column\">\n\t\t\t<div class=\"elementor-widget-wrap elementor-element-populated\">\n\t\t\t\t\t\t<div class=\"elementor-element elementor-element-38f10f9 elementor-widget elementor-widget-text-editor\" data-id=\"38f10f9\" data-element_type=\"widget\" data-e-type=\"widget\" data-widget_type=\"text-editor.default\">\n\t\t\t\t<div class=\"elementor-widget-container\">\n\t\t\t\t\t\t\t\t\t<p>Du hast die Wahl zwischen drei Kletter-Abenteuer. \u00dcber die Links in der Terminanzeige kannst du deine Wunsch-Tour\u00a0 gleich in den Warenkorb legen. Bitte vergi\u00df dabei nicht, zus\u00e4tzlich noch dein Ticket \u2013 ob Basic, Premium oder Luxus-Package \u2013 zu l\u00f6sen. Zum Beispiel sind beim Premium und Luxus-Package alle Kletter-Kurse im Preis inkludiert. <span style=\"color: #2c7ea3\"><a style=\"color: #2c7ea3\" href=\"https:\/\/www.sporting-women.de\/womens-summer-festival-buchungen\/\">Hier geht es zu den Tickets<\/a><\/span><\/p>\t\t\t\t\t\t\t\t<\/div>\n\t\t\t\t<\/div>\n\t\t\t\t\t<\/div>\n\t\t<\/div>\n\t\t\t\t\t<\/div>\n\t\t<\/section>\n\t\t\t\t<section class=\"elementor-section elementor-top-section elementor-element elementor-element-1eea226 elementor-section-boxed elementor-section-height-default elementor-section-height-default\" data-id=\"1eea226\" data-element_type=\"section\" data-e-type=\"section\">\n\t\t\t\t\t\t<div class=\"elementor-container elementor-column-gap-default\">\n\t\t\t\t\t<div class=\"elementor-column elementor-col-50 elementor-top-column elementor-element elementor-element-ee91ccf\" data-id=\"ee91ccf\" data-element_type=\"column\" data-e-type=\"column\">\n\t\t\t<div class=\"elementor-widget-wrap elementor-element-populated\">\n\t\t\t\t\t\t<div class=\"elementor-element elementor-element-87df12d elementor-widget elementor-widget-image\" data-id=\"87df12d\" data-element_type=\"widget\" data-e-type=\"widget\" data-widget_type=\"image.default\">\n\t\t\t\t<div class=\"elementor-widget-container\">\n\t\t\t\t\t\t\t\t\t\t\t\t\t\t\t<img fetchpriority=\"high\" decoding=\"async\" width=\"800\" height=\"600\" src=\"https:\/\/www.sporting-women.de\/womens-summer-festival\/wp-content\/uploads\/sites\/17\/2022\/12\/KLETTERN-1-1024x768.jpg\" class=\"attachment-large size-large wp-image-33832\" alt=\"\" srcset=\"https:\/\/www.sporting-women.de\/womens-summer-festival\/wp-content\/uploads\/sites\/17\/2022\/12\/KLETTERN-1-1024x768.jpg 1024w, https:\/\/www.sporting-women.de\/womens-summer-festival\/wp-content\/uploads\/sites\/17\/2022\/12\/KLETTERN-1-300x225.jpg 300w, https:\/\/www.sporting-women.de\/womens-summer-festival\/wp-content\/uploads\/sites\/17\/2022\/12\/KLETTERN-1-768x576.jpg 768w, https:\/\/www.sporting-women.de\/womens-summer-festival\/wp-content\/uploads\/sites\/17\/2022\/12\/KLETTERN-1-1536x1152.jpg 1536w, https:\/\/www.sporting-women.de\/womens-summer-festival\/wp-content\/uploads\/sites\/17\/2022\/12\/KLETTERN-1-2048x1536.jpg 2048w, https:\/\/www.sporting-women.de\/womens-summer-festival\/wp-content\/uploads\/sites\/17\/2022\/12\/KLETTERN-1-600x450.jpg 600w\" sizes=\"(max-width: 800px) 100vw, 800px\" \/>\t\t\t\t\t\t\t\t\t\t\t\t\t\t\t<\/div>\n\t\t\t\t<\/div>\n\t\t\t\t\t<\/div>\n\t\t<\/div>\n\t\t\t\t<div class=\"elementor-column elementor-col-50 elementor-top-column elementor-element elementor-element-9fc738f\" data-id=\"9fc738f\" data-element_type=\"column\" data-e-type=\"column\">\n\t\t\t<div class=\"elementor-widget-wrap elementor-element-populated\">\n\t\t\t\t\t\t<div class=\"elementor-element elementor-element-47d0a61 elementor-widget elementor-widget-text-editor\" data-id=\"47d0a61\" data-element_type=\"widget\" data-e-type=\"widget\" data-widget_type=\"text-editor.default\">\n\t\t\t\t<div class=\"elementor-widget-container\">\n\t\t\t\t\t\t\t\t\t<div class=\"tm_pb_text tm_pb_module tm_pb_bg_layout_light tm_pb_text_align_left tm_pb_text_1\"><h4><strong>Klettersteig Einsteiger \u2013 H\u00e4selgehr Wasserfall<br \/><\/strong><\/h4><p>Eine ca. 1 st\u00fcndige Wanderung f\u00fchrt euch vom Expo Gel\u00e4nde zum H\u00e4selgehr Wasserfall. Nach einer kurzen Einf\u00fchrung folgt ein leichter Klettersteig vorbei am Wasserfall mit einer Abseilstation. Im Anschluss geht ihr \u00fcber eine H\u00e4ngebr\u00fccke, habt Spa\u00df am Flying Fox, bevor es zu einem weiteren, mittelschwerer Klettersteig geht mit einer erneuten Abseilstation und verschiedenen Kletterstationen.<\/p><p>\u00a0<\/p><\/div>\t\t\t\t\t\t\t\t<\/div>\n\t\t\t\t<\/div>\n\t\t\t\t<div class=\"elementor-element elementor-element-5a7f408 elementor-align-center elementor-widget elementor-widget-button\" data-id=\"5a7f408\" data-element_type=\"widget\" data-e-type=\"widget\" data-widget_type=\"button.default\">\n\t\t\t\t<div class=\"elementor-widget-container\">\n\t\t\t\t\t\t\t\t\t<div class=\"elementor-button-wrapper\">\n\t\t\t\t\t<a class=\"elementor-button elementor-button-link elementor-size-lg\" href=\"https:\/\/www.sporting-women.de\/product\/30-06-23-10-00-13-00-klettersteig-haeselgehr-wasserfall\/\" target=\"_blank\">\n\t\t\t\t\t\t<span class=\"elementor-button-content-wrapper\">\n\t\t\t\t\t\t\t\t\t<span class=\"elementor-button-text\">Freitag, 10.00 - 13.00 Uhr<\/span>\n\t\t\t\t\t<\/span>\n\t\t\t\t\t<\/a>\n\t\t\t\t<\/div>\n\t\t\t\t\t\t\t\t<\/div>\n\t\t\t\t<\/div>\n\t\t\t\t<div class=\"elementor-element elementor-element-d91b4af elementor-align-center elementor-widget elementor-widget-button\" data-id=\"d91b4af\" data-element_type=\"widget\" data-e-type=\"widget\" data-widget_type=\"button.default\">\n\t\t\t\t<div class=\"elementor-widget-container\">\n\t\t\t\t\t\t\t\t\t<div class=\"elementor-button-wrapper\">\n\t\t\t\t\t<a class=\"elementor-button elementor-button-link elementor-size-lg\" href=\"https:\/\/www.sporting-women.de\/product\/01-07-2023-10-00-13-00-uhr-klettersteig-haeselgehr-wasserfall\/?date=2023-07-01&#038;time=1000\" target=\"_blank\">\n\t\t\t\t\t\t<span class=\"elementor-button-content-wrapper\">\n\t\t\t\t\t\t\t\t\t<span class=\"elementor-button-text\">Samstag,  10.00 - 13.00 Uhr<\/span>\n\t\t\t\t\t<\/span>\n\t\t\t\t\t<\/a>\n\t\t\t\t<\/div>\n\t\t\t\t\t\t\t\t<\/div>\n\t\t\t\t<\/div>\n\t\t\t\t\t<\/div>\n\t\t<\/div>\n\t\t\t\t\t<\/div>\n\t\t<\/section>\n\t\t\t\t<section class=\"elementor-section elementor-top-section elementor-element elementor-element-4bfc3df elementor-section-boxed elementor-section-height-default elementor-section-height-default\" data-id=\"4bfc3df\" data-element_type=\"section\" data-e-type=\"section\">\n\t\t\t\t\t\t<div class=\"elementor-container elementor-column-gap-default\">\n\t\t\t\t\t<div class=\"elementor-column elementor-col-50 elementor-top-column elementor-element elementor-element-548793c\" data-id=\"548793c\" data-element_type=\"column\" data-e-type=\"column\">\n\t\t\t<div class=\"elementor-widget-wrap elementor-element-populated\">\n\t\t\t\t\t\t<div class=\"elementor-element elementor-element-e06405f elementor-widget elementor-widget-image\" data-id=\"e06405f\" data-element_type=\"widget\" data-e-type=\"widget\" data-widget_type=\"image.default\">\n\t\t\t\t<div class=\"elementor-widget-container\">\n\t\t\t\t\t\t\t\t\t\t\t\t\t\t\t<img decoding=\"async\" width=\"800\" height=\"536\" src=\"https:\/\/www.sporting-women.de\/womens-summer-festival\/wp-content\/uploads\/sites\/17\/2023\/02\/dreamstime_xxl_8961299-1024x686.jpg\" class=\"attachment-large size-large wp-image-34650\" alt=\"\" srcset=\"https:\/\/www.sporting-women.de\/womens-summer-festival\/wp-content\/uploads\/sites\/17\/2023\/02\/dreamstime_xxl_8961299-1024x686.jpg 1024w, https:\/\/www.sporting-women.de\/womens-summer-festival\/wp-content\/uploads\/sites\/17\/2023\/02\/dreamstime_xxl_8961299-300x201.jpg 300w, https:\/\/www.sporting-women.de\/womens-summer-festival\/wp-content\/uploads\/sites\/17\/2023\/02\/dreamstime_xxl_8961299-768x514.jpg 768w, https:\/\/www.sporting-women.de\/womens-summer-festival\/wp-content\/uploads\/sites\/17\/2023\/02\/dreamstime_xxl_8961299-1536x1028.jpg 1536w, https:\/\/www.sporting-women.de\/womens-summer-festival\/wp-content\/uploads\/sites\/17\/2023\/02\/dreamstime_xxl_8961299-2048x1371.jpg 2048w, https:\/\/www.sporting-women.de\/womens-summer-festival\/wp-content\/uploads\/sites\/17\/2023\/02\/dreamstime_xxl_8961299-600x402.jpg 600w\" sizes=\"(max-width: 800px) 100vw, 800px\" \/>\t\t\t\t\t\t\t\t\t\t\t\t\t\t\t<\/div>\n\t\t\t\t<\/div>\n\t\t\t\t\t<\/div>\n\t\t<\/div>\n\t\t\t\t<div class=\"elementor-column elementor-col-50 elementor-top-column elementor-element elementor-element-938c807\" data-id=\"938c807\" data-element_type=\"column\" data-e-type=\"column\">\n\t\t\t<div class=\"elementor-widget-wrap elementor-element-populated\">\n\t\t\t\t\t\t<div class=\"elementor-element elementor-element-fa0103a elementor-widget elementor-widget-text-editor\" data-id=\"fa0103a\" data-element_type=\"widget\" data-e-type=\"widget\" data-widget_type=\"text-editor.default\">\n\t\t\t\t<div class=\"elementor-widget-container\">\n\t\t\t\t\t\t\t\t\t<div><h4><strong>Klettern am Fels &#8211; Nassereith (All level)<br \/><\/strong><\/h4><div><p>Hier geht es hoch hinaus! In diesem Kurs klettern wir<br \/>gesichert am Seil in einem Klettergarten in Nassereith. Der Kurs ist f\u00fcr alle geeignet, egal ob Anf\u00e4nger oder Fortgeschrittene, im Klettergarten in Nassereith ist f\u00fcr jedes Niveau etwas dabei.<\/p><\/div><div>\u00a0<\/div><div>\u00a0<\/div><\/div>\t\t\t\t\t\t\t\t<\/div>\n\t\t\t\t<\/div>\n\t\t\t\t<div class=\"elementor-element elementor-element-24ac0ba elementor-align-center elementor-widget elementor-widget-button\" data-id=\"24ac0ba\" data-element_type=\"widget\" data-e-type=\"widget\" data-widget_type=\"button.default\">\n\t\t\t\t<div class=\"elementor-widget-container\">\n\t\t\t\t\t\t\t\t\t<div class=\"elementor-button-wrapper\">\n\t\t\t\t\t<a class=\"elementor-button elementor-button-link elementor-size-lg\" href=\"https:\/\/www.sporting-women.de\/product\/02-07-2023-10-00-14-30-klettern-am-fels\/?date=2023-07-02&#038;time=1000\" target=\"_blank\">\n\t\t\t\t\t\t<span class=\"elementor-button-content-wrapper\">\n\t\t\t\t\t\t\t\t\t<span class=\"elementor-button-text\">Sonntag,  10.00 - 14.30 Uhr<\/span>\n\t\t\t\t\t<\/span>\n\t\t\t\t\t<\/a>\n\t\t\t\t<\/div>\n\t\t\t\t\t\t\t\t<\/div>\n\t\t\t\t<\/div>\n\t\t\t\t\t<\/div>\n\t\t<\/div>\n\t\t\t\t\t<\/div>\n\t\t<\/section>\n\t\t\t\t<section class=\"elementor-section elementor-top-section elementor-element elementor-element-0843fe2 elementor-section-boxed elementor-section-height-default elementor-section-height-default\" data-id=\"0843fe2\" data-element_type=\"section\" data-e-type=\"section\">\n\t\t\t\t\t\t<div class=\"elementor-container elementor-column-gap-default\">\n\t\t\t\t\t<div class=\"elementor-column elementor-col-100 elementor-top-column elementor-element elementor-element-7b3ba82\" data-id=\"7b3ba82\" data-element_type=\"column\" data-e-type=\"column\">\n\t\t\t<div class=\"elementor-widget-wrap elementor-element-populated\">\n\t\t\t\t\t\t<div class=\"elementor-element elementor-element-f7b48f2 elementor-widget elementor-widget-spacer\" data-id=\"f7b48f2\" data-element_type=\"widget\" data-e-type=\"widget\" data-widget_type=\"spacer.default\">\n\t\t\t\t<div class=\"elementor-widget-container\">\n\t\t\t\t\t\t\t<div class=\"elementor-spacer\">\n\t\t\t<div class=\"elementor-spacer-inner\"><\/div>\n\t\t<\/div>\n\t\t\t\t\t\t<\/div>\n\t\t\t\t<\/div>\n\t\t\t\t\t<\/div>\n\t\t<\/div>\n\t\t\t\t\t<\/div>\n\t\t<\/section>\n\t\t\t\t<\/div>\n\t\t","protected":false},"excerpt":{"rendered":"<p>Klettern Noch immer ist Klettern fest in M\u00e4nnerhand. Warum eigentlich? Weil vielen M\u00e4dels einfach der Mut f\u00fcr den Sport fehlt? Mit diesem Mythos r\u00e4umen wir beim Festival endlich auf! Denn es ist gerade das weibliche Geschlecht, welches sich beim Klettern oft erstaunlich geschickt anstellt. Durch vielf\u00e4ltige und komplexe Bewegungen wird unser Geist ordentlich gefordert, volle [&hellip;]<\/p>\n","protected":false},"author":2,"featured_media":0,"parent":0,"menu_order":0,"comment_status":"closed","ping_status":"closed","template":"","meta":{"_acf_changed":false,"_exactmetrics_skip_tracking":false,"_exactmetrics_sitenote_active":false,"_exactmetrics_sitenote_note":"","_exactmetrics_sitenote_category":0,"footnotes":""},"class_list":["post-33818","page","type-page","status-publish","hentry"],"acf":[],"yoast_head":"<!-- This site is optimized with the Yoast SEO Premium plugin v20.8 (Yoast SEO v27.6) - https:\/\/yoast.com\/product\/yoast-seo-premium-wordpress\/ -->\n<title>Sportart Klettern - Women&#039;s Summer Festival<\/title>\n<meta name=\"robots\" content=\"noindex, follow, max-snippet:-1, max-image-preview:large, max-video-preview:-1\" \/>\n<meta property=\"og:locale\" content=\"de_DE\" \/>\n<meta property=\"og:type\" content=\"article\" \/>\n<meta property=\"og:title\" content=\"Sportart Klettern\" \/>\n<meta property=\"og:description\" content=\"Klettern Noch immer ist Klettern fest in M\u00e4nnerhand. Warum eigentlich? Weil vielen M\u00e4dels einfach der Mut f\u00fcr den Sport fehlt? Mit diesem Mythos r\u00e4umen wir beim Festival endlich auf! Denn es ist gerade das weibliche Geschlecht, welches sich beim Klettern oft erstaunlich geschickt anstellt. Durch vielf\u00e4ltige und komplexe Bewegungen wird unser Geist ordentlich gefordert, volle [&hellip;]\" \/>\n<meta property=\"og:url\" content=\"https:\/\/www.sporting-women.de\/womens-summer-festival\/sportart-klettern\/\" \/>\n<meta property=\"og:site_name\" content=\"Women&#039;s Summer Festival\" \/>\n<meta property=\"article:modified_time\" content=\"2023-06-13T08:16:20+00:00\" \/>\n<meta property=\"og:image\" content=\"https:\/\/www.sporting-women.de\/womens-summer-festival\/wp-content\/uploads\/sites\/17\/2022\/12\/KLETTERN-1-1024x768.jpg\" \/>\n<meta name=\"twitter:card\" content=\"summary_large_image\" \/>\n<meta name=\"twitter:label1\" content=\"Gesch\u00e4tzte Lesezeit\" \/>\n\t<meta name=\"twitter:data1\" content=\"1\u00a0Minute\" \/>\n<script type=\"application\/ld+json\" class=\"yoast-schema-graph\">{\"@context\":\"https:\\\/\\\/schema.org\",\"@graph\":[{\"@type\":\"WebPage\",\"@id\":\"https:\\\/\\\/www.sporting-women.de\\\/womens-summer-festival\\\/sportart-klettern\\\/\",\"url\":\"https:\\\/\\\/www.sporting-women.de\\\/womens-summer-festival\\\/sportart-klettern\\\/\",\"name\":\"Sportart Klettern - Women&#039;s Summer Festival\",\"isPartOf\":{\"@id\":\"https:\\\/\\\/www.sporting-women.de\\\/womens-summer-festival\\\/#website\"},\"primaryImageOfPage\":{\"@id\":\"https:\\\/\\\/www.sporting-women.de\\\/womens-summer-festival\\\/sportart-klettern\\\/#primaryimage\"},\"image\":{\"@id\":\"https:\\\/\\\/www.sporting-women.de\\\/womens-summer-festival\\\/sportart-klettern\\\/#primaryimage\"},\"thumbnailUrl\":\"https:\\\/\\\/www.sporting-women.de\\\/womens-summer-festival\\\/wp-content\\\/uploads\\\/sites\\\/17\\\/2022\\\/12\\\/KLETTERN-1-1024x768.jpg\",\"datePublished\":\"2022-08-05T11:07:54+00:00\",\"dateModified\":\"2023-06-13T08:16:20+00:00\",\"breadcrumb\":{\"@id\":\"https:\\\/\\\/www.sporting-women.de\\\/womens-summer-festival\\\/sportart-klettern\\\/#breadcrumb\"},\"inLanguage\":\"de\",\"potentialAction\":[{\"@type\":\"ReadAction\",\"target\":[\"https:\\\/\\\/www.sporting-women.de\\\/womens-summer-festival\\\/sportart-klettern\\\/\"]}]},{\"@type\":\"ImageObject\",\"inLanguage\":\"de\",\"@id\":\"https:\\\/\\\/www.sporting-women.de\\\/womens-summer-festival\\\/sportart-klettern\\\/#primaryimage\",\"url\":\"https:\\\/\\\/www.sporting-women.de\\\/womens-summer-festival\\\/wp-content\\\/uploads\\\/sites\\\/17\\\/2022\\\/12\\\/KLETTERN-1-scaled.jpg\",\"contentUrl\":\"https:\\\/\\\/www.sporting-women.de\\\/womens-summer-festival\\\/wp-content\\\/uploads\\\/sites\\\/17\\\/2022\\\/12\\\/KLETTERN-1-scaled.jpg\",\"width\":2560,\"height\":1920},{\"@type\":\"BreadcrumbList\",\"@id\":\"https:\\\/\\\/www.sporting-women.de\\\/womens-summer-festival\\\/sportart-klettern\\\/#breadcrumb\",\"itemListElement\":[{\"@type\":\"ListItem\",\"position\":1,\"name\":\"Startseite\",\"item\":\"https:\\\/\\\/www.sporting-women.de\\\/womens-summer-festival\\\/\"},{\"@type\":\"ListItem\",\"position\":2,\"name\":\"Sportart Klettern\"}]},{\"@type\":\"WebSite\",\"@id\":\"https:\\\/\\\/www.sporting-women.de\\\/womens-summer-festival\\\/#website\",\"url\":\"https:\\\/\\\/www.sporting-women.de\\\/womens-summer-festival\\\/\",\"name\":\"Women&#039;s Summer Festival\",\"description\":\"\",\"publisher\":{\"@id\":\"https:\\\/\\\/www.sporting-women.de\\\/womens-summer-festival\\\/#organization\"},\"potentialAction\":[{\"@type\":\"SearchAction\",\"target\":{\"@type\":\"EntryPoint\",\"urlTemplate\":\"https:\\\/\\\/www.sporting-women.de\\\/womens-summer-festival\\\/?s={search_term_string}\"},\"query-input\":{\"@type\":\"PropertyValueSpecification\",\"valueRequired\":true,\"valueName\":\"search_term_string\"}}],\"inLanguage\":\"de\"},{\"@type\":\"Organization\",\"@id\":\"https:\\\/\\\/www.sporting-women.de\\\/womens-summer-festival\\\/#organization\",\"name\":\"Women&#039;s Summer Festival\",\"url\":\"https:\\\/\\\/www.sporting-women.de\\\/womens-summer-festival\\\/\",\"logo\":{\"@type\":\"ImageObject\",\"inLanguage\":\"de\",\"@id\":\"https:\\\/\\\/www.sporting-women.de\\\/womens-summer-festival\\\/#\\\/schema\\\/logo\\\/image\\\/\",\"url\":\"https:\\\/\\\/www.sporting-women.de\\\/womens-summer-festival\\\/wp-content\\\/uploads\\\/sites\\\/17\\\/2021\\\/06\\\/Schrift_SPRTNGWMN_Vollversion_black.png\",\"contentUrl\":\"https:\\\/\\\/www.sporting-women.de\\\/womens-summer-festival\\\/wp-content\\\/uploads\\\/sites\\\/17\\\/2021\\\/06\\\/Schrift_SPRTNGWMN_Vollversion_black.png\",\"width\":743,\"height\":461,\"caption\":\"Women&#039;s Summer Festival\"},\"image\":{\"@id\":\"https:\\\/\\\/www.sporting-women.de\\\/womens-summer-festival\\\/#\\\/schema\\\/logo\\\/image\\\/\"}}]}<\/script>\n<!-- \/ Yoast SEO Premium plugin. -->","yoast_head_json":{"title":"Sportart Klettern - Women&#039;s Summer Festival","robots":{"index":"noindex","follow":"follow","max-snippet":"max-snippet:-1","max-image-preview":"max-image-preview:large","max-video-preview":"max-video-preview:-1"},"og_locale":"de_DE","og_type":"article","og_title":"Sportart Klettern","og_description":"Klettern Noch immer ist Klettern fest in M\u00e4nnerhand. Warum eigentlich? Weil vielen M\u00e4dels einfach der Mut f\u00fcr den Sport fehlt? Mit diesem Mythos r\u00e4umen wir beim Festival endlich auf! Denn es ist gerade das weibliche Geschlecht, welches sich beim Klettern oft erstaunlich geschickt anstellt. Durch vielf\u00e4ltige und komplexe Bewegungen wird unser Geist ordentlich gefordert, volle [&hellip;]","og_url":"https:\/\/www.sporting-women.de\/womens-summer-festival\/sportart-klettern\/","og_site_name":"Women&#039;s Summer Festival","article_modified_time":"2023-06-13T08:16:20+00:00","og_image":[{"url":"https:\/\/www.sporting-women.de\/womens-summer-festival\/wp-content\/uploads\/sites\/17\/2022\/12\/KLETTERN-1-1024x768.jpg","type":"","width":"","height":""}],"twitter_card":"summary_large_image","twitter_misc":{"Gesch\u00e4tzte Lesezeit":"1\u00a0Minute"},"schema":{"@context":"https:\/\/schema.org","@graph":[{"@type":"WebPage","@id":"https:\/\/www.sporting-women.de\/womens-summer-festival\/sportart-klettern\/","url":"https:\/\/www.sporting-women.de\/womens-summer-festival\/sportart-klettern\/","name":"Sportart Klettern - Women&#039;s Summer Festival","isPartOf":{"@id":"https:\/\/www.sporting-women.de\/womens-summer-festival\/#website"},"primaryImageOfPage":{"@id":"https:\/\/www.sporting-women.de\/womens-summer-festival\/sportart-klettern\/#primaryimage"},"image":{"@id":"https:\/\/www.sporting-women.de\/womens-summer-festival\/sportart-klettern\/#primaryimage"},"thumbnailUrl":"https:\/\/www.sporting-women.de\/womens-summer-festival\/wp-content\/uploads\/sites\/17\/2022\/12\/KLETTERN-1-1024x768.jpg","datePublished":"2022-08-05T11:07:54+00:00","dateModified":"2023-06-13T08:16:20+00:00","breadcrumb":{"@id":"https:\/\/www.sporting-women.de\/womens-summer-festival\/sportart-klettern\/#breadcrumb"},"inLanguage":"de","potentialAction":[{"@type":"ReadAction","target":["https:\/\/www.sporting-women.de\/womens-summer-festival\/sportart-klettern\/"]}]},{"@type":"ImageObject","inLanguage":"de","@id":"https:\/\/www.sporting-women.de\/womens-summer-festival\/sportart-klettern\/#primaryimage","url":"https:\/\/www.sporting-women.de\/womens-summer-festival\/wp-content\/uploads\/sites\/17\/2022\/12\/KLETTERN-1-scaled.jpg","contentUrl":"https:\/\/www.sporting-women.de\/womens-summer-festival\/wp-content\/uploads\/sites\/17\/2022\/12\/KLETTERN-1-scaled.jpg","width":2560,"height":1920},{"@type":"BreadcrumbList","@id":"https:\/\/www.sporting-women.de\/womens-summer-festival\/sportart-klettern\/#breadcrumb","itemListElement":[{"@type":"ListItem","position":1,"name":"Startseite","item":"https:\/\/www.sporting-women.de\/womens-summer-festival\/"},{"@type":"ListItem","position":2,"name":"Sportart Klettern"}]},{"@type":"WebSite","@id":"https:\/\/www.sporting-women.de\/womens-summer-festival\/#website","url":"https:\/\/www.sporting-women.de\/womens-summer-festival\/","name":"Women&#039;s Summer Festival","description":"","publisher":{"@id":"https:\/\/www.sporting-women.de\/womens-summer-festival\/#organization"},"potentialAction":[{"@type":"SearchAction","target":{"@type":"EntryPoint","urlTemplate":"https:\/\/www.sporting-women.de\/womens-summer-festival\/?s={search_term_string}"},"query-input":{"@type":"PropertyValueSpecification","valueRequired":true,"valueName":"search_term_string"}}],"inLanguage":"de"},{"@type":"Organization","@id":"https:\/\/www.sporting-women.de\/womens-summer-festival\/#organization","name":"Women&#039;s Summer Festival","url":"https:\/\/www.sporting-women.de\/womens-summer-festival\/","logo":{"@type":"ImageObject","inLanguage":"de","@id":"https:\/\/www.sporting-women.de\/womens-summer-festival\/#\/schema\/logo\/image\/","url":"https:\/\/www.sporting-women.de\/womens-summer-festival\/wp-content\/uploads\/sites\/17\/2021\/06\/Schrift_SPRTNGWMN_Vollversion_black.png","contentUrl":"https:\/\/www.sporting-women.de\/womens-summer-festival\/wp-content\/uploads\/sites\/17\/2021\/06\/Schrift_SPRTNGWMN_Vollversion_black.png","width":743,"height":461,"caption":"Women&#039;s Summer Festival"},"image":{"@id":"https:\/\/www.sporting-women.de\/womens-summer-festival\/#\/schema\/logo\/image\/"}}]}},"_links":{"self":[{"href":"https:\/\/www.sporting-women.de\/womens-summer-festival\/wp-json\/wp\/v2\/pages\/33818","targetHints":{"allow":["GET"]}}],"collection":[{"href":"https:\/\/www.sporting-women.de\/womens-summer-festival\/wp-json\/wp\/v2\/pages"}],"about":[{"href":"https:\/\/www.sporting-women.de\/womens-summer-festival\/wp-json\/wp\/v2\/types\/page"}],"author":[{"embeddable":true,"href":"https:\/\/www.sporting-women.de\/womens-summer-festival\/wp-json\/wp\/v2\/users\/2"}],"replies":[{"embeddable":true,"href":"https:\/\/www.sporting-women.de\/womens-summer-festival\/wp-json\/wp\/v2\/comments?post=33818"}],"version-history":[{"count":0,"href":"https:\/\/www.sporting-women.de\/womens-summer-festival\/wp-json\/wp\/v2\/pages\/33818\/revisions"}],"wp:attachment":[{"href":"https:\/\/www.sporting-women.de\/womens-summer-festival\/wp-json\/wp\/v2\/media?parent=33818"}],"curies":[{"name":"wp","href":"https:\/\/api.w.org\/{rel}","templated":true}]}}