{"id":33860,"date":"2022-08-05T13:07:54","date_gmt":"2022-08-05T11:07:54","guid":{"rendered":"https:\/\/www.sporting-women.de\/womens-summer-festival\/?page_id=33860"},"modified":"2023-06-13T10:19:20","modified_gmt":"2023-06-13T08:19:20","slug":"sportart-trailrunning","status":"publish","type":"page","link":"https:\/\/www.sporting-women.de\/womens-summer-festival\/sportart-trailrunning\/","title":{"rendered":"Sportart Trailrunning"},"content":{"rendered":"\t\t<div data-elementor-type=\"wp-page\" data-elementor-id=\"33860\" class=\"elementor elementor-33860\" data-elementor-post-type=\"page\">\n\t\t\t\t\t\t<section class=\"elementor-section elementor-top-section elementor-element elementor-element-9560dab elementor-section-boxed elementor-section-height-default elementor-section-height-default\" data-id=\"9560dab\" data-element_type=\"section\" data-e-type=\"section\">\n\t\t\t\t\t\t<div class=\"elementor-container elementor-column-gap-default\">\n\t\t\t\t\t<div class=\"elementor-column elementor-col-100 elementor-top-column elementor-element elementor-element-4873e39\" data-id=\"4873e39\" data-element_type=\"column\" data-e-type=\"column\">\n\t\t\t<div class=\"elementor-widget-wrap elementor-element-populated\">\n\t\t\t\t\t\t<div class=\"elementor-element elementor-element-e9260d6 elementor-widget elementor-widget-heading\" data-id=\"e9260d6\" data-element_type=\"widget\" data-e-type=\"widget\" data-widget_type=\"heading.default\">\n\t\t\t\t<div class=\"elementor-widget-container\">\n\t\t\t\t\t<h2 class=\"elementor-heading-title elementor-size-default\">Trailrunning<\/h2>\t\t\t\t<\/div>\n\t\t\t\t<\/div>\n\t\t\t\t\t<\/div>\n\t\t<\/div>\n\t\t\t\t\t<\/div>\n\t\t<\/section>\n\t\t\t\t<section class=\"elementor-section elementor-top-section elementor-element elementor-element-033e0b1 elementor-section-boxed elementor-section-height-default elementor-section-height-default\" data-id=\"033e0b1\" data-element_type=\"section\" data-e-type=\"section\">\n\t\t\t\t\t\t<div class=\"elementor-container elementor-column-gap-default\">\n\t\t\t\t\t<div class=\"elementor-column elementor-col-100 elementor-top-column elementor-element elementor-element-c356cf6\" data-id=\"c356cf6\" data-element_type=\"column\" data-e-type=\"column\">\n\t\t\t<div class=\"elementor-widget-wrap elementor-element-populated\">\n\t\t\t\t\t\t<div class=\"elementor-element elementor-element-3187988 elementor-widget elementor-widget-text-editor\" data-id=\"3187988\" data-element_type=\"widget\" data-e-type=\"widget\" data-widget_type=\"text-editor.default\">\n\t\t\t\t<div class=\"elementor-widget-container\">\n\t\t\t\t\t\t\t\t\t<p>Laufen macht gl\u00fccklich! Frauen setzen beim Laufen andere Schwerpunkte und w\u00fcnschen oftmals ein spezielles Laufprogramm. Dabei geht es in der Regel nicht um Leistungssport, sondern um Lauflust, Wohlbefinden und eine geh\u00f6rige Portion Frauenpower. Geradeaus, immer denselben Pfad entlang, im gleichen Tempo \u2013 h\u00f6chste Zeit, eine freiere und wildere Form des Laufens kennen zu lernen. Trailrunning steht f\u00fcr das Laufen abseits befestigter Wege und die Begeisterung und Neugierde, auf unbefestigten Strecken, auf verschiedenen Untergr\u00fcnden Gelenke, Muskeln und auch die Konzentration zu fordern \u2013 all das erlebst du hier bei uns.<\/p>\t\t\t\t\t\t\t\t<\/div>\n\t\t\t\t<\/div>\n\t\t\t\t\t<\/div>\n\t\t<\/div>\n\t\t\t\t\t<\/div>\n\t\t<\/section>\n\t\t\t\t<section class=\"elementor-section elementor-top-section elementor-element elementor-element-ec44d0c elementor-section-boxed elementor-section-height-default elementor-section-height-default\" data-id=\"ec44d0c\" data-element_type=\"section\" data-e-type=\"section\">\n\t\t\t\t\t\t<div class=\"elementor-container elementor-column-gap-default\">\n\t\t\t\t\t<div class=\"elementor-column elementor-col-100 elementor-top-column elementor-element elementor-element-3f289c2\" data-id=\"3f289c2\" data-element_type=\"column\" data-e-type=\"column\">\n\t\t\t<div class=\"elementor-widget-wrap elementor-element-populated\">\n\t\t\t\t\t\t<div class=\"elementor-element elementor-element-7315d83 elementor-widget elementor-widget-text-editor\" data-id=\"7315d83\" data-element_type=\"widget\" data-e-type=\"widget\" data-widget_type=\"text-editor.default\">\n\t\t\t\t<div class=\"elementor-widget-container\">\n\t\t\t\t\t\t\t\t\t<p>Du hast beim Women\u00b4s Summer Festival die Wahl zwischen Trailrunning f\u00fcr Anf\u00e4nger oder Fortgeschrittene. \u00dcber die Links in der Terminanzeige kannst du deine Wunsch-Tour\u00a0 gleich in den Warenkorb legen. Bitte vergi\u00df dabei nicht, zus\u00e4tzlich noch dein Ticket &#8211; ob Basic, Premium oder Luxus-Package &#8211; zu l\u00f6sen. Zum Beispiel sind beim Premium und Luxus-Package alle Kurse im Preis inkludiert. <span style=\"color: #2c7ea3;\"><a style=\"color: #2c7ea3;\" href=\"https:\/\/www.sporting-women.de\/womens-summer-festival-buchungen\/\">Hier geht es zu den Tickets<\/a><\/span><\/p>\t\t\t\t\t\t\t\t<\/div>\n\t\t\t\t<\/div>\n\t\t\t\t\t<\/div>\n\t\t<\/div>\n\t\t\t\t\t<\/div>\n\t\t<\/section>\n\t\t\t\t<section class=\"elementor-section elementor-top-section elementor-element elementor-element-1eea226 elementor-section-boxed elementor-section-height-default elementor-section-height-default\" data-id=\"1eea226\" data-element_type=\"section\" data-e-type=\"section\">\n\t\t\t\t\t\t<div class=\"elementor-container elementor-column-gap-default\">\n\t\t\t\t\t<div class=\"elementor-column elementor-col-50 elementor-top-column elementor-element elementor-element-ee91ccf\" data-id=\"ee91ccf\" data-element_type=\"column\" data-e-type=\"column\">\n\t\t\t<div class=\"elementor-widget-wrap elementor-element-populated\">\n\t\t\t\t\t\t<div class=\"elementor-element elementor-element-87df12d elementor-widget elementor-widget-image\" data-id=\"87df12d\" data-element_type=\"widget\" data-e-type=\"widget\" data-widget_type=\"image.default\">\n\t\t\t\t<div class=\"elementor-widget-container\">\n\t\t\t\t\t\t\t\t\t\t\t\t\t\t\t<img fetchpriority=\"high\" decoding=\"async\" width=\"800\" height=\"412\" src=\"https:\/\/www.sporting-women.de\/womens-summer-festival\/wp-content\/uploads\/sites\/17\/2022\/12\/TRA-1024x527.jpg\" class=\"attachment-large size-large wp-image-33879\" alt=\"\" srcset=\"https:\/\/www.sporting-women.de\/womens-summer-festival\/wp-content\/uploads\/sites\/17\/2022\/12\/TRA-1024x527.jpg 1024w, https:\/\/www.sporting-women.de\/womens-summer-festival\/wp-content\/uploads\/sites\/17\/2022\/12\/TRA-300x154.jpg 300w, https:\/\/www.sporting-women.de\/womens-summer-festival\/wp-content\/uploads\/sites\/17\/2022\/12\/TRA-768x395.jpg 768w, https:\/\/www.sporting-women.de\/womens-summer-festival\/wp-content\/uploads\/sites\/17\/2022\/12\/TRA-1536x790.jpg 1536w, https:\/\/www.sporting-women.de\/womens-summer-festival\/wp-content\/uploads\/sites\/17\/2022\/12\/TRA-2048x1053.jpg 2048w, https:\/\/www.sporting-women.de\/womens-summer-festival\/wp-content\/uploads\/sites\/17\/2022\/12\/TRA-600x309.jpg 600w\" sizes=\"(max-width: 800px) 100vw, 800px\" \/>\t\t\t\t\t\t\t\t\t\t\t\t\t\t\t<\/div>\n\t\t\t\t<\/div>\n\t\t\t\t\t<\/div>\n\t\t<\/div>\n\t\t\t\t<div class=\"elementor-column elementor-col-50 elementor-top-column elementor-element elementor-element-9fc738f\" data-id=\"9fc738f\" data-element_type=\"column\" data-e-type=\"column\">\n\t\t\t<div class=\"elementor-widget-wrap elementor-element-populated\">\n\t\t\t\t\t\t<div class=\"elementor-element elementor-element-47d0a61 elementor-widget elementor-widget-text-editor\" data-id=\"47d0a61\" data-element_type=\"widget\" data-e-type=\"widget\" data-widget_type=\"text-editor.default\">\n\t\t\t\t<div class=\"elementor-widget-container\">\n\t\t\t\t\t\t\t\t\t<div class=\"tm_pb_text tm_pb_module tm_pb_bg_layout_light tm_pb_text_align_left tm_pb_text_1\"><div class=\"tm_pb_text tm_pb_module tm_pb_bg_layout_light tm_pb_text_align_left tm_pb_text_1\"><h3><strong>Trailrunning Einsteiger-Tour<\/strong><\/h3><p>Ihr seid an Trailrunning interessiert und wollt es ausprobieren? Unsere Guides w\u00e4hlen die Tour ganz nach der Gruppenst\u00e4rke und \u2013Kondition aus. Bei einer Runde von ca. 3-10 km zeigen euch die Guides genau, worauf es ankommt.<\/p><p><strong>TREFFPUNKT:<\/strong> Expo Area<br \/><strong>DAUER: <\/strong>ca. 2 Stunden<br \/><strong>ANSPRUCH: <\/strong>Einsteiger (60 min laufen\/&#8221;Speed Hiking&#8221; und Grundkondition als Voraussetzung)<br \/><strong>H\u00d6HENMETER: <\/strong>150 &#8211; 350 Hm<br \/><strong>BEKLEIDUNG:<\/strong> Trailrunning Schuhe, wetterbedingte Laufkleidung, Stirnband\/Buffs<\/p><\/div><\/div>\t\t\t\t\t\t\t\t<\/div>\n\t\t\t\t<\/div>\n\t\t\t\t<div class=\"elementor-element elementor-element-4953bee elementor-align-center elementor-widget elementor-widget-button\" data-id=\"4953bee\" data-element_type=\"widget\" data-e-type=\"widget\" data-widget_type=\"button.default\">\n\t\t\t\t<div class=\"elementor-widget-container\">\n\t\t\t\t\t\t\t\t\t<div class=\"elementor-button-wrapper\">\n\t\t\t\t\t<a class=\"elementor-button elementor-button-link elementor-size-lg\" href=\"https:\/\/www.sporting-women.de\/product\/01-07-23-15-00-17-00-trailrunning-einsteiger\/?date=2023-07-01&#038;time=1500\" target=\"_blank\">\n\t\t\t\t\t\t<span class=\"elementor-button-content-wrapper\">\n\t\t\t\t\t\t\t\t\t<span class=\"elementor-button-text\">Samstag, 15.00 - 17.00 Uhr<\/span>\n\t\t\t\t\t<\/span>\n\t\t\t\t\t<\/a>\n\t\t\t\t<\/div>\n\t\t\t\t\t\t\t\t<\/div>\n\t\t\t\t<\/div>\n\t\t\t\t\t<\/div>\n\t\t<\/div>\n\t\t\t\t\t<\/div>\n\t\t<\/section>\n\t\t\t\t<section class=\"elementor-section elementor-top-section elementor-element elementor-element-0843fe2 elementor-section-boxed elementor-section-height-default elementor-section-height-default\" data-id=\"0843fe2\" data-element_type=\"section\" data-e-type=\"section\">\n\t\t\t\t\t\t<div class=\"elementor-container elementor-column-gap-default\">\n\t\t\t\t\t<div class=\"elementor-column elementor-col-100 elementor-top-column elementor-element elementor-element-7b3ba82\" data-id=\"7b3ba82\" data-element_type=\"column\" data-e-type=\"column\">\n\t\t\t<div class=\"elementor-widget-wrap elementor-element-populated\">\n\t\t\t\t\t\t<div class=\"elementor-element elementor-element-f7b48f2 elementor-widget elementor-widget-spacer\" data-id=\"f7b48f2\" data-element_type=\"widget\" data-e-type=\"widget\" data-widget_type=\"spacer.default\">\n\t\t\t\t<div class=\"elementor-widget-container\">\n\t\t\t\t\t\t\t<div class=\"elementor-spacer\">\n\t\t\t<div class=\"elementor-spacer-inner\"><\/div>\n\t\t<\/div>\n\t\t\t\t\t\t<\/div>\n\t\t\t\t<\/div>\n\t\t\t\t\t<\/div>\n\t\t<\/div>\n\t\t\t\t\t<\/div>\n\t\t<\/section>\n\t\t\t\t<\/div>\n\t\t","protected":false},"excerpt":{"rendered":"<p>Trailrunning Laufen macht gl\u00fccklich! Frauen setzen beim Laufen andere Schwerpunkte und w\u00fcnschen oftmals ein spezielles Laufprogramm. Dabei geht es in der Regel nicht um Leistungssport, sondern um Lauflust, Wohlbefinden und eine geh\u00f6rige Portion Frauenpower. Geradeaus, immer denselben Pfad entlang, im gleichen Tempo \u2013 h\u00f6chste Zeit, eine freiere und wildere Form des Laufens kennen zu lernen. [&hellip;]<\/p>\n","protected":false},"author":2,"featured_media":0,"parent":0,"menu_order":0,"comment_status":"closed","ping_status":"closed","template":"","meta":{"_acf_changed":false,"_exactmetrics_skip_tracking":false,"_exactmetrics_sitenote_active":false,"_exactmetrics_sitenote_note":"","_exactmetrics_sitenote_category":0,"footnotes":""},"class_list":["post-33860","page","type-page","status-publish","hentry"],"acf":[],"yoast_head":"<!-- This site is optimized with the Yoast SEO Premium plugin v20.8 (Yoast SEO v27.6) - https:\/\/yoast.com\/product\/yoast-seo-premium-wordpress\/ -->\n<title>Sportart Trailrunning - Women&#039;s Summer Festival<\/title>\n<meta name=\"robots\" content=\"noindex, follow, max-snippet:-1, max-image-preview:large, max-video-preview:-1\" \/>\n<meta property=\"og:locale\" content=\"de_DE\" \/>\n<meta property=\"og:type\" content=\"article\" \/>\n<meta property=\"og:title\" content=\"Sportart Trailrunning\" \/>\n<meta property=\"og:description\" content=\"Trailrunning Laufen macht gl\u00fccklich! Frauen setzen beim Laufen andere Schwerpunkte und w\u00fcnschen oftmals ein spezielles Laufprogramm. Dabei geht es in der Regel nicht um Leistungssport, sondern um Lauflust, Wohlbefinden und eine geh\u00f6rige Portion Frauenpower. Geradeaus, immer denselben Pfad entlang, im gleichen Tempo \u2013 h\u00f6chste Zeit, eine freiere und wildere Form des Laufens kennen zu lernen. [&hellip;]\" \/>\n<meta property=\"og:url\" content=\"https:\/\/www.sporting-women.de\/womens-summer-festival\/sportart-trailrunning\/\" \/>\n<meta property=\"og:site_name\" content=\"Women&#039;s Summer Festival\" \/>\n<meta property=\"article:modified_time\" content=\"2023-06-13T08:19:20+00:00\" \/>\n<meta property=\"og:image\" content=\"https:\/\/www.sporting-women.de\/womens-summer-festival\/wp-content\/uploads\/sites\/17\/2022\/12\/TRA-1024x527.jpg\" \/>\n<meta name=\"twitter:card\" content=\"summary_large_image\" \/>\n<meta name=\"twitter:label1\" content=\"Gesch\u00e4tzte Lesezeit\" \/>\n\t<meta name=\"twitter:data1\" content=\"1\u00a0Minute\" \/>\n<script type=\"application\/ld+json\" class=\"yoast-schema-graph\">{\"@context\":\"https:\\\/\\\/schema.org\",\"@graph\":[{\"@type\":\"WebPage\",\"@id\":\"https:\\\/\\\/www.sporting-women.de\\\/womens-summer-festival\\\/sportart-trailrunning\\\/\",\"url\":\"https:\\\/\\\/www.sporting-women.de\\\/womens-summer-festival\\\/sportart-trailrunning\\\/\",\"name\":\"Sportart Trailrunning - Women&#039;s Summer Festival\",\"isPartOf\":{\"@id\":\"https:\\\/\\\/www.sporting-women.de\\\/womens-summer-festival\\\/#website\"},\"primaryImageOfPage\":{\"@id\":\"https:\\\/\\\/www.sporting-women.de\\\/womens-summer-festival\\\/sportart-trailrunning\\\/#primaryimage\"},\"image\":{\"@id\":\"https:\\\/\\\/www.sporting-women.de\\\/womens-summer-festival\\\/sportart-trailrunning\\\/#primaryimage\"},\"thumbnailUrl\":\"https:\\\/\\\/www.sporting-women.de\\\/womens-summer-festival\\\/wp-content\\\/uploads\\\/sites\\\/17\\\/2022\\\/12\\\/TRA-1024x527.jpg\",\"datePublished\":\"2022-08-05T11:07:54+00:00\",\"dateModified\":\"2023-06-13T08:19:20+00:00\",\"breadcrumb\":{\"@id\":\"https:\\\/\\\/www.sporting-women.de\\\/womens-summer-festival\\\/sportart-trailrunning\\\/#breadcrumb\"},\"inLanguage\":\"de\",\"potentialAction\":[{\"@type\":\"ReadAction\",\"target\":[\"https:\\\/\\\/www.sporting-women.de\\\/womens-summer-festival\\\/sportart-trailrunning\\\/\"]}]},{\"@type\":\"ImageObject\",\"inLanguage\":\"de\",\"@id\":\"https:\\\/\\\/www.sporting-women.de\\\/womens-summer-festival\\\/sportart-trailrunning\\\/#primaryimage\",\"url\":\"https:\\\/\\\/www.sporting-women.de\\\/womens-summer-festival\\\/wp-content\\\/uploads\\\/sites\\\/17\\\/2022\\\/12\\\/TRA-scaled.jpg\",\"contentUrl\":\"https:\\\/\\\/www.sporting-women.de\\\/womens-summer-festival\\\/wp-content\\\/uploads\\\/sites\\\/17\\\/2022\\\/12\\\/TRA-scaled.jpg\",\"width\":2560,\"height\":1316},{\"@type\":\"BreadcrumbList\",\"@id\":\"https:\\\/\\\/www.sporting-women.de\\\/womens-summer-festival\\\/sportart-trailrunning\\\/#breadcrumb\",\"itemListElement\":[{\"@type\":\"ListItem\",\"position\":1,\"name\":\"Startseite\",\"item\":\"https:\\\/\\\/www.sporting-women.de\\\/womens-summer-festival\\\/\"},{\"@type\":\"ListItem\",\"position\":2,\"name\":\"Sportart Trailrunning\"}]},{\"@type\":\"WebSite\",\"@id\":\"https:\\\/\\\/www.sporting-women.de\\\/womens-summer-festival\\\/#website\",\"url\":\"https:\\\/\\\/www.sporting-women.de\\\/womens-summer-festival\\\/\",\"name\":\"Women&#039;s Summer Festival\",\"description\":\"\",\"publisher\":{\"@id\":\"https:\\\/\\\/www.sporting-women.de\\\/womens-summer-festival\\\/#organization\"},\"potentialAction\":[{\"@type\":\"SearchAction\",\"target\":{\"@type\":\"EntryPoint\",\"urlTemplate\":\"https:\\\/\\\/www.sporting-women.de\\\/womens-summer-festival\\\/?s={search_term_string}\"},\"query-input\":{\"@type\":\"PropertyValueSpecification\",\"valueRequired\":true,\"valueName\":\"search_term_string\"}}],\"inLanguage\":\"de\"},{\"@type\":\"Organization\",\"@id\":\"https:\\\/\\\/www.sporting-women.de\\\/womens-summer-festival\\\/#organization\",\"name\":\"Women&#039;s Summer Festival\",\"url\":\"https:\\\/\\\/www.sporting-women.de\\\/womens-summer-festival\\\/\",\"logo\":{\"@type\":\"ImageObject\",\"inLanguage\":\"de\",\"@id\":\"https:\\\/\\\/www.sporting-women.de\\\/womens-summer-festival\\\/#\\\/schema\\\/logo\\\/image\\\/\",\"url\":\"https:\\\/\\\/www.sporting-women.de\\\/womens-summer-festival\\\/wp-content\\\/uploads\\\/sites\\\/17\\\/2021\\\/06\\\/Schrift_SPRTNGWMN_Vollversion_black.png\",\"contentUrl\":\"https:\\\/\\\/www.sporting-women.de\\\/womens-summer-festival\\\/wp-content\\\/uploads\\\/sites\\\/17\\\/2021\\\/06\\\/Schrift_SPRTNGWMN_Vollversion_black.png\",\"width\":743,\"height\":461,\"caption\":\"Women&#039;s Summer Festival\"},\"image\":{\"@id\":\"https:\\\/\\\/www.sporting-women.de\\\/womens-summer-festival\\\/#\\\/schema\\\/logo\\\/image\\\/\"}}]}<\/script>\n<!-- \/ Yoast SEO Premium plugin. -->","yoast_head_json":{"title":"Sportart Trailrunning - Women&#039;s Summer Festival","robots":{"index":"noindex","follow":"follow","max-snippet":"max-snippet:-1","max-image-preview":"max-image-preview:large","max-video-preview":"max-video-preview:-1"},"og_locale":"de_DE","og_type":"article","og_title":"Sportart Trailrunning","og_description":"Trailrunning Laufen macht gl\u00fccklich! Frauen setzen beim Laufen andere Schwerpunkte und w\u00fcnschen oftmals ein spezielles Laufprogramm. Dabei geht es in der Regel nicht um Leistungssport, sondern um Lauflust, Wohlbefinden und eine geh\u00f6rige Portion Frauenpower. Geradeaus, immer denselben Pfad entlang, im gleichen Tempo \u2013 h\u00f6chste Zeit, eine freiere und wildere Form des Laufens kennen zu lernen. [&hellip;]","og_url":"https:\/\/www.sporting-women.de\/womens-summer-festival\/sportart-trailrunning\/","og_site_name":"Women&#039;s Summer Festival","article_modified_time":"2023-06-13T08:19:20+00:00","og_image":[{"url":"https:\/\/www.sporting-women.de\/womens-summer-festival\/wp-content\/uploads\/sites\/17\/2022\/12\/TRA-1024x527.jpg","type":"","width":"","height":""}],"twitter_card":"summary_large_image","twitter_misc":{"Gesch\u00e4tzte Lesezeit":"1\u00a0Minute"},"schema":{"@context":"https:\/\/schema.org","@graph":[{"@type":"WebPage","@id":"https:\/\/www.sporting-women.de\/womens-summer-festival\/sportart-trailrunning\/","url":"https:\/\/www.sporting-women.de\/womens-summer-festival\/sportart-trailrunning\/","name":"Sportart Trailrunning - Women&#039;s Summer Festival","isPartOf":{"@id":"https:\/\/www.sporting-women.de\/womens-summer-festival\/#website"},"primaryImageOfPage":{"@id":"https:\/\/www.sporting-women.de\/womens-summer-festival\/sportart-trailrunning\/#primaryimage"},"image":{"@id":"https:\/\/www.sporting-women.de\/womens-summer-festival\/sportart-trailrunning\/#primaryimage"},"thumbnailUrl":"https:\/\/www.sporting-women.de\/womens-summer-festival\/wp-content\/uploads\/sites\/17\/2022\/12\/TRA-1024x527.jpg","datePublished":"2022-08-05T11:07:54+00:00","dateModified":"2023-06-13T08:19:20+00:00","breadcrumb":{"@id":"https:\/\/www.sporting-women.de\/womens-summer-festival\/sportart-trailrunning\/#breadcrumb"},"inLanguage":"de","potentialAction":[{"@type":"ReadAction","target":["https:\/\/www.sporting-women.de\/womens-summer-festival\/sportart-trailrunning\/"]}]},{"@type":"ImageObject","inLanguage":"de","@id":"https:\/\/www.sporting-women.de\/womens-summer-festival\/sportart-trailrunning\/#primaryimage","url":"https:\/\/www.sporting-women.de\/womens-summer-festival\/wp-content\/uploads\/sites\/17\/2022\/12\/TRA-scaled.jpg","contentUrl":"https:\/\/www.sporting-women.de\/womens-summer-festival\/wp-content\/uploads\/sites\/17\/2022\/12\/TRA-scaled.jpg","width":2560,"height":1316},{"@type":"BreadcrumbList","@id":"https:\/\/www.sporting-women.de\/womens-summer-festival\/sportart-trailrunning\/#breadcrumb","itemListElement":[{"@type":"ListItem","position":1,"name":"Startseite","item":"https:\/\/www.sporting-women.de\/womens-summer-festival\/"},{"@type":"ListItem","position":2,"name":"Sportart Trailrunning"}]},{"@type":"WebSite","@id":"https:\/\/www.sporting-women.de\/womens-summer-festival\/#website","url":"https:\/\/www.sporting-women.de\/womens-summer-festival\/","name":"Women&#039;s Summer Festival","description":"","publisher":{"@id":"https:\/\/www.sporting-women.de\/womens-summer-festival\/#organization"},"potentialAction":[{"@type":"SearchAction","target":{"@type":"EntryPoint","urlTemplate":"https:\/\/www.sporting-women.de\/womens-summer-festival\/?s={search_term_string}"},"query-input":{"@type":"PropertyValueSpecification","valueRequired":true,"valueName":"search_term_string"}}],"inLanguage":"de"},{"@type":"Organization","@id":"https:\/\/www.sporting-women.de\/womens-summer-festival\/#organization","name":"Women&#039;s Summer Festival","url":"https:\/\/www.sporting-women.de\/womens-summer-festival\/","logo":{"@type":"ImageObject","inLanguage":"de","@id":"https:\/\/www.sporting-women.de\/womens-summer-festival\/#\/schema\/logo\/image\/","url":"https:\/\/www.sporting-women.de\/womens-summer-festival\/wp-content\/uploads\/sites\/17\/2021\/06\/Schrift_SPRTNGWMN_Vollversion_black.png","contentUrl":"https:\/\/www.sporting-women.de\/womens-summer-festival\/wp-content\/uploads\/sites\/17\/2021\/06\/Schrift_SPRTNGWMN_Vollversion_black.png","width":743,"height":461,"caption":"Women&#039;s Summer Festival"},"image":{"@id":"https:\/\/www.sporting-women.de\/womens-summer-festival\/#\/schema\/logo\/image\/"}}]}},"_links":{"self":[{"href":"https:\/\/www.sporting-women.de\/womens-summer-festival\/wp-json\/wp\/v2\/pages\/33860","targetHints":{"allow":["GET"]}}],"collection":[{"href":"https:\/\/www.sporting-women.de\/womens-summer-festival\/wp-json\/wp\/v2\/pages"}],"about":[{"href":"https:\/\/www.sporting-women.de\/womens-summer-festival\/wp-json\/wp\/v2\/types\/page"}],"author":[{"embeddable":true,"href":"https:\/\/www.sporting-women.de\/womens-summer-festival\/wp-json\/wp\/v2\/users\/2"}],"replies":[{"embeddable":true,"href":"https:\/\/www.sporting-women.de\/womens-summer-festival\/wp-json\/wp\/v2\/comments?post=33860"}],"version-history":[{"count":0,"href":"https:\/\/www.sporting-women.de\/womens-summer-festival\/wp-json\/wp\/v2\/pages\/33860\/revisions"}],"wp:attachment":[{"href":"https:\/\/www.sporting-women.de\/womens-summer-festival\/wp-json\/wp\/v2\/media?parent=33860"}],"curies":[{"name":"wp","href":"https:\/\/api.w.org\/{rel}","templated":true}]}}