{"id":35571,"date":"2022-08-05T13:07:54","date_gmt":"2022-08-05T11:07:54","guid":{"rendered":"https:\/\/www.sporting-women.de\/womens-summer-festival\/?page_id=35571"},"modified":"2023-06-10T19:07:50","modified_gmt":"2023-06-10T17:07:50","slug":"side-events","status":"publish","type":"page","link":"https:\/\/www.sporting-women.de\/womens-summer-festival\/side-events\/","title":{"rendered":"Side-Events"},"content":{"rendered":"\t\t<div data-elementor-type=\"wp-page\" data-elementor-id=\"35571\" class=\"elementor elementor-35571\" data-elementor-post-type=\"page\">\n\t\t\t\t\t\t<section class=\"elementor-section elementor-top-section elementor-element elementor-element-9560dab elementor-section-boxed elementor-section-height-default elementor-section-height-default\" data-id=\"9560dab\" data-element_type=\"section\" data-e-type=\"section\">\n\t\t\t\t\t\t<div class=\"elementor-container elementor-column-gap-default\">\n\t\t\t\t\t<div class=\"elementor-column elementor-col-100 elementor-top-column elementor-element elementor-element-4873e39\" data-id=\"4873e39\" data-element_type=\"column\" data-e-type=\"column\">\n\t\t\t<div class=\"elementor-widget-wrap elementor-element-populated\">\n\t\t\t\t\t\t<div class=\"elementor-element elementor-element-e9260d6 elementor-widget elementor-widget-heading\" data-id=\"e9260d6\" data-element_type=\"widget\" data-e-type=\"widget\" data-widget_type=\"heading.default\">\n\t\t\t\t<div class=\"elementor-widget-container\">\n\t\t\t\t\t<h2 class=\"elementor-heading-title elementor-size-default\">Side-Events<\/h2>\t\t\t\t<\/div>\n\t\t\t\t<\/div>\n\t\t\t\t\t<\/div>\n\t\t<\/div>\n\t\t\t\t\t<\/div>\n\t\t<\/section>\n\t\t\t\t<section class=\"elementor-section elementor-top-section elementor-element elementor-element-033e0b1 elementor-section-boxed elementor-section-height-default elementor-section-height-default\" data-id=\"033e0b1\" data-element_type=\"section\" data-e-type=\"section\">\n\t\t\t\t\t\t<div class=\"elementor-container elementor-column-gap-default\">\n\t\t\t\t\t<div class=\"elementor-column elementor-col-100 elementor-top-column elementor-element elementor-element-c356cf6\" data-id=\"c356cf6\" data-element_type=\"column\" data-e-type=\"column\">\n\t\t\t<div class=\"elementor-widget-wrap elementor-element-populated\">\n\t\t\t\t\t\t<div class=\"elementor-element elementor-element-3187988 elementor-widget elementor-widget-text-editor\" data-id=\"3187988\" data-element_type=\"widget\" data-e-type=\"widget\" data-widget_type=\"text-editor.default\">\n\t\t\t\t<div class=\"elementor-widget-container\">\n\t\t\t\t\t\t\t\t\t<p>Das Welcome-Dinner ist in allen Packages inklusive, der H\u00fcttenabend kann von allen Teilnehmerinnen mit Basic-Package gerne dazu gebucht werden, f\u00fcr Teilnehmerinen mit Premium- bzw. Luxuspackage ist auch dieser inkludiert. Bitte vergi\u00df nicht, dir dein Package zu buchen. <a href=\"https:\/\/www.sporting-women.de\/womens-summer-festival-buchungen\/\"><span style=\"color: #2c7ea3\">Hier geht es zu den Tickets<\/span><\/a><\/p>\t\t\t\t\t\t\t\t<\/div>\n\t\t\t\t<\/div>\n\t\t\t\t\t<\/div>\n\t\t<\/div>\n\t\t\t\t\t<\/div>\n\t\t<\/section>\n\t\t\t\t<section class=\"elementor-section elementor-top-section elementor-element elementor-element-1eea226 elementor-section-boxed elementor-section-height-default elementor-section-height-default\" data-id=\"1eea226\" data-element_type=\"section\" data-e-type=\"section\">\n\t\t\t\t\t\t<div class=\"elementor-container elementor-column-gap-default\">\n\t\t\t\t\t<div class=\"elementor-column elementor-col-50 elementor-top-column elementor-element elementor-element-ee91ccf\" data-id=\"ee91ccf\" data-element_type=\"column\" data-e-type=\"column\">\n\t\t\t<div class=\"elementor-widget-wrap elementor-element-populated\">\n\t\t\t\t\t\t<div class=\"elementor-element elementor-element-87df12d elementor-widget elementor-widget-image\" data-id=\"87df12d\" data-element_type=\"widget\" data-e-type=\"widget\" data-widget_type=\"image.default\">\n\t\t\t\t<div class=\"elementor-widget-container\">\n\t\t\t\t\t\t\t\t\t\t\t\t\t\t\t<img fetchpriority=\"high\" decoding=\"async\" width=\"800\" height=\"534\" src=\"https:\/\/www.sporting-women.de\/womens-summer-festival\/wp-content\/uploads\/sites\/17\/2023\/03\/WomensSummerFestival22-40-1024x684.jpeg\" class=\"attachment-large size-large wp-image-35610\" alt=\"\" srcset=\"https:\/\/www.sporting-women.de\/womens-summer-festival\/wp-content\/uploads\/sites\/17\/2023\/03\/WomensSummerFestival22-40-1024x684.jpeg 1024w, https:\/\/www.sporting-women.de\/womens-summer-festival\/wp-content\/uploads\/sites\/17\/2023\/03\/WomensSummerFestival22-40-300x200.jpeg 300w, https:\/\/www.sporting-women.de\/womens-summer-festival\/wp-content\/uploads\/sites\/17\/2023\/03\/WomensSummerFestival22-40-768x513.jpeg 768w, https:\/\/www.sporting-women.de\/womens-summer-festival\/wp-content\/uploads\/sites\/17\/2023\/03\/WomensSummerFestival22-40-391x260.jpeg 391w, https:\/\/www.sporting-women.de\/womens-summer-festival\/wp-content\/uploads\/sites\/17\/2023\/03\/WomensSummerFestival22-40-1536x1025.jpeg 1536w, https:\/\/www.sporting-women.de\/womens-summer-festival\/wp-content\/uploads\/sites\/17\/2023\/03\/WomensSummerFestival22-40-2048x1367.jpeg 2048w, https:\/\/www.sporting-women.de\/womens-summer-festival\/wp-content\/uploads\/sites\/17\/2023\/03\/WomensSummerFestival22-40-600x401.jpeg 600w\" sizes=\"(max-width: 800px) 100vw, 800px\" \/>\t\t\t\t\t\t\t\t\t\t\t\t\t\t\t<\/div>\n\t\t\t\t<\/div>\n\t\t\t\t\t<\/div>\n\t\t<\/div>\n\t\t\t\t<div class=\"elementor-column elementor-col-50 elementor-top-column elementor-element elementor-element-9fc738f\" data-id=\"9fc738f\" data-element_type=\"column\" data-e-type=\"column\">\n\t\t\t<div class=\"elementor-widget-wrap elementor-element-populated\">\n\t\t\t\t\t\t<div class=\"elementor-element elementor-element-47d0a61 elementor-widget elementor-widget-text-editor\" data-id=\"47d0a61\" data-element_type=\"widget\" data-e-type=\"widget\" data-widget_type=\"text-editor.default\">\n\t\t\t\t<div class=\"elementor-widget-container\">\n\t\t\t\t\t\t\t\t\t<div><h3><strong>Welcome-Dinner-Abend<\/strong><\/h3><div>\u00a0<\/div><p>\u00a0<\/p><p><strong>Treffpunkt:\u00a0<\/strong>Expo Area<\/p><p>\u00a0<\/p><\/div>\t\t\t\t\t\t\t\t<\/div>\n\t\t\t\t<\/div>\n\t\t\t\t<div class=\"elementor-element elementor-element-127b346 elementor-align-center elementor-widget elementor-widget-button\" data-id=\"127b346\" data-element_type=\"widget\" data-e-type=\"widget\" data-widget_type=\"button.default\">\n\t\t\t\t<div class=\"elementor-widget-container\">\n\t\t\t\t\t\t\t\t\t<div class=\"elementor-button-wrapper\">\n\t\t\t\t\t<a class=\"elementor-button elementor-button-link elementor-size-lg\" href=\"https:\/\/www.sporting-women.de\/product\/29-06-23-29-06-23-welcome-dinner\/\" target=\"_blank\">\n\t\t\t\t\t\t<span class=\"elementor-button-content-wrapper\">\n\t\t\t\t\t\t\t\t\t<span class=\"elementor-button-text\">Donnerstag, ab 19.00 Uhr<\/span>\n\t\t\t\t\t<\/span>\n\t\t\t\t\t<\/a>\n\t\t\t\t<\/div>\n\t\t\t\t\t\t\t\t<\/div>\n\t\t\t\t<\/div>\n\t\t\t\t\t<\/div>\n\t\t<\/div>\n\t\t\t\t\t<\/div>\n\t\t<\/section>\n\t\t\t\t<section class=\"elementor-section elementor-top-section elementor-element elementor-element-0614557 elementor-section-boxed elementor-section-height-default elementor-section-height-default\" data-id=\"0614557\" data-element_type=\"section\" data-e-type=\"section\">\n\t\t\t\t\t\t<div class=\"elementor-container elementor-column-gap-default\">\n\t\t\t\t\t<div class=\"elementor-column elementor-col-50 elementor-top-column elementor-element elementor-element-3ca1490\" data-id=\"3ca1490\" data-element_type=\"column\" data-e-type=\"column\">\n\t\t\t<div class=\"elementor-widget-wrap elementor-element-populated\">\n\t\t\t\t\t\t<div class=\"elementor-element elementor-element-ee78562 elementor-widget elementor-widget-image\" data-id=\"ee78562\" data-element_type=\"widget\" data-e-type=\"widget\" data-widget_type=\"image.default\">\n\t\t\t\t<div class=\"elementor-widget-container\">\n\t\t\t\t\t\t\t\t\t\t\t\t\t\t\t<img decoding=\"async\" width=\"800\" height=\"534\" src=\"https:\/\/www.sporting-women.de\/womens-summer-festival\/wp-content\/uploads\/sites\/17\/2023\/03\/WomensSummerFestival22-502-1024x683.jpg\" class=\"attachment-large size-large wp-image-35606\" alt=\"\" srcset=\"https:\/\/www.sporting-women.de\/womens-summer-festival\/wp-content\/uploads\/sites\/17\/2023\/03\/WomensSummerFestival22-502-1024x683.jpg 1024w, https:\/\/www.sporting-women.de\/womens-summer-festival\/wp-content\/uploads\/sites\/17\/2023\/03\/WomensSummerFestival22-502-300x200.jpg 300w, https:\/\/www.sporting-women.de\/womens-summer-festival\/wp-content\/uploads\/sites\/17\/2023\/03\/WomensSummerFestival22-502-768x512.jpg 768w, https:\/\/www.sporting-women.de\/womens-summer-festival\/wp-content\/uploads\/sites\/17\/2023\/03\/WomensSummerFestival22-502-391x260.jpg 391w, https:\/\/www.sporting-women.de\/womens-summer-festival\/wp-content\/uploads\/sites\/17\/2023\/03\/WomensSummerFestival22-502-1536x1024.jpg 1536w, https:\/\/www.sporting-women.de\/womens-summer-festival\/wp-content\/uploads\/sites\/17\/2023\/03\/WomensSummerFestival22-502-2048x1365.jpg 2048w, https:\/\/www.sporting-women.de\/womens-summer-festival\/wp-content\/uploads\/sites\/17\/2023\/03\/WomensSummerFestival22-502-600x400.jpg 600w\" sizes=\"(max-width: 800px) 100vw, 800px\" \/>\t\t\t\t\t\t\t\t\t\t\t\t\t\t\t<\/div>\n\t\t\t\t<\/div>\n\t\t\t\t\t<\/div>\n\t\t<\/div>\n\t\t\t\t<div class=\"elementor-column elementor-col-50 elementor-top-column elementor-element elementor-element-3641e4c\" data-id=\"3641e4c\" data-element_type=\"column\" data-e-type=\"column\">\n\t\t\t<div class=\"elementor-widget-wrap elementor-element-populated\">\n\t\t\t\t\t\t<div class=\"elementor-element elementor-element-5cecb46 elementor-widget elementor-widget-text-editor\" data-id=\"5cecb46\" data-element_type=\"widget\" data-e-type=\"widget\" data-widget_type=\"text-editor.default\">\n\t\t\t\t<div class=\"elementor-widget-container\">\n\t\t\t\t\t\t\t\t\t<div><h3><strong>H\u00fcttenabend presented by Osprey<br \/><\/strong><\/h3><div>Der H\u00fcttenabend findet auf der gem\u00fctlichen Gamsalm statt. Angefangen bei einem Aperitif<b><i> <\/i><\/b>mit herrlichem Ausblick<b><i>, <\/i><\/b>\u00fcber ein 3-G\u00e4nge-Men\u00fc bishin zu einer ausgelassen Party mit DJ &#8211; am H\u00fcttenabend k\u00f6nnt ihr einen gelungenen Festivaltag ausklingen lassen. <b><i><br \/><\/i><\/b><\/div><div>\u00a0<\/div><p><strong>Treffpunkt:\u00a0<\/strong>Expo Area<\/p><\/div>\t\t\t\t\t\t\t\t<\/div>\n\t\t\t\t<\/div>\n\t\t\t\t<div class=\"elementor-element elementor-element-e90549f elementor-align-center elementor-widget elementor-widget-button\" data-id=\"e90549f\" data-element_type=\"widget\" data-e-type=\"widget\" data-widget_type=\"button.default\">\n\t\t\t\t<div class=\"elementor-widget-container\">\n\t\t\t\t\t\t\t\t\t<div class=\"elementor-button-wrapper\">\n\t\t\t\t\t<a class=\"elementor-button elementor-button-link elementor-size-lg\" href=\"https:\/\/www.sporting-women.de\/product\/01-07-2023-huettenabend\/\">\n\t\t\t\t\t\t<span class=\"elementor-button-content-wrapper\">\n\t\t\t\t\t\t\t\t\t<span class=\"elementor-button-text\">Samstag, ab 19.00 Uhr<\/span>\n\t\t\t\t\t<\/span>\n\t\t\t\t\t<\/a>\n\t\t\t\t<\/div>\n\t\t\t\t\t\t\t\t<\/div>\n\t\t\t\t<\/div>\n\t\t\t\t\t<\/div>\n\t\t<\/div>\n\t\t\t\t\t<\/div>\n\t\t<\/section>\n\t\t\t\t<section class=\"elementor-section elementor-top-section elementor-element elementor-element-0843fe2 elementor-section-boxed elementor-section-height-default elementor-section-height-default\" data-id=\"0843fe2\" data-element_type=\"section\" data-e-type=\"section\">\n\t\t\t\t\t\t<div class=\"elementor-container elementor-column-gap-default\">\n\t\t\t\t\t<div class=\"elementor-column elementor-col-100 elementor-top-column elementor-element elementor-element-7b3ba82\" data-id=\"7b3ba82\" data-element_type=\"column\" data-e-type=\"column\">\n\t\t\t<div class=\"elementor-widget-wrap elementor-element-populated\">\n\t\t\t\t\t\t<div class=\"elementor-element elementor-element-f7b48f2 elementor-widget elementor-widget-spacer\" data-id=\"f7b48f2\" data-element_type=\"widget\" data-e-type=\"widget\" data-widget_type=\"spacer.default\">\n\t\t\t\t<div class=\"elementor-widget-container\">\n\t\t\t\t\t\t\t<div class=\"elementor-spacer\">\n\t\t\t<div class=\"elementor-spacer-inner\"><\/div>\n\t\t<\/div>\n\t\t\t\t\t\t<\/div>\n\t\t\t\t<\/div>\n\t\t\t\t\t<\/div>\n\t\t<\/div>\n\t\t\t\t\t<\/div>\n\t\t<\/section>\n\t\t\t\t<\/div>\n\t\t","protected":false},"excerpt":{"rendered":"<p>Side-Events Das Welcome-Dinner ist in allen Packages inklusive, der H\u00fcttenabend kann von allen Teilnehmerinnen mit Basic-Package gerne dazu gebucht werden, f\u00fcr Teilnehmerinen mit Premium- bzw. Luxuspackage ist auch dieser inkludiert. Bitte vergi\u00df nicht, dir dein Package zu buchen. Hier geht es zu den Tickets Welcome-Dinner-Abend \u00a0 \u00a0 Treffpunkt:\u00a0Expo Area \u00a0 Donnerstag, ab 19.00 Uhr H\u00fcttenabend [&hellip;]<\/p>\n","protected":false},"author":2,"featured_media":0,"parent":0,"menu_order":0,"comment_status":"closed","ping_status":"closed","template":"","meta":{"_acf_changed":false,"_exactmetrics_skip_tracking":false,"_exactmetrics_sitenote_active":false,"_exactmetrics_sitenote_note":"","_exactmetrics_sitenote_category":0,"footnotes":""},"class_list":["post-35571","page","type-page","status-publish","hentry"],"acf":[],"yoast_head":"<!-- This site is optimized with the Yoast SEO Premium plugin v20.8 (Yoast SEO v27.6) - https:\/\/yoast.com\/product\/yoast-seo-premium-wordpress\/ -->\n<title>Side-Events - Women&#039;s Summer Festival<\/title>\n<meta name=\"robots\" content=\"noindex, follow, max-snippet:-1, max-image-preview:large, max-video-preview:-1\" \/>\n<meta property=\"og:locale\" content=\"de_DE\" \/>\n<meta property=\"og:type\" content=\"article\" \/>\n<meta property=\"og:title\" content=\"Side-Events\" \/>\n<meta property=\"og:description\" content=\"Side-Events Das Welcome-Dinner ist in allen Packages inklusive, der H\u00fcttenabend kann von allen Teilnehmerinnen mit Basic-Package gerne dazu gebucht werden, f\u00fcr Teilnehmerinen mit Premium- bzw. Luxuspackage ist auch dieser inkludiert. Bitte vergi\u00df nicht, dir dein Package zu buchen. Hier geht es zu den Tickets Welcome-Dinner-Abend \u00a0 \u00a0 Treffpunkt:\u00a0Expo Area \u00a0 Donnerstag, ab 19.00 Uhr H\u00fcttenabend [&hellip;]\" \/>\n<meta property=\"og:url\" content=\"https:\/\/www.sporting-women.de\/womens-summer-festival\/side-events\/\" \/>\n<meta property=\"og:site_name\" content=\"Women&#039;s Summer Festival\" \/>\n<meta property=\"article:modified_time\" content=\"2023-06-10T17:07:50+00:00\" \/>\n<meta property=\"og:image\" content=\"https:\/\/www.sporting-women.de\/womens-summer-festival\/wp-content\/uploads\/sites\/17\/2023\/03\/WomensSummerFestival22-40-1024x684.jpeg\" \/>\n<meta name=\"twitter:card\" content=\"summary_large_image\" \/>\n<meta name=\"twitter:label1\" content=\"Gesch\u00e4tzte Lesezeit\" \/>\n\t<meta name=\"twitter:data1\" content=\"1\u00a0Minute\" \/>\n<script type=\"application\/ld+json\" class=\"yoast-schema-graph\">{\"@context\":\"https:\\\/\\\/schema.org\",\"@graph\":[{\"@type\":\"WebPage\",\"@id\":\"https:\\\/\\\/www.sporting-women.de\\\/womens-summer-festival\\\/side-events\\\/\",\"url\":\"https:\\\/\\\/www.sporting-women.de\\\/womens-summer-festival\\\/side-events\\\/\",\"name\":\"Side-Events - Women&#039;s Summer Festival\",\"isPartOf\":{\"@id\":\"https:\\\/\\\/www.sporting-women.de\\\/womens-summer-festival\\\/#website\"},\"primaryImageOfPage\":{\"@id\":\"https:\\\/\\\/www.sporting-women.de\\\/womens-summer-festival\\\/side-events\\\/#primaryimage\"},\"image\":{\"@id\":\"https:\\\/\\\/www.sporting-women.de\\\/womens-summer-festival\\\/side-events\\\/#primaryimage\"},\"thumbnailUrl\":\"https:\\\/\\\/www.sporting-women.de\\\/womens-summer-festival\\\/wp-content\\\/uploads\\\/sites\\\/17\\\/2023\\\/03\\\/WomensSummerFestival22-40-1024x684.jpeg\",\"datePublished\":\"2022-08-05T11:07:54+00:00\",\"dateModified\":\"2023-06-10T17:07:50+00:00\",\"breadcrumb\":{\"@id\":\"https:\\\/\\\/www.sporting-women.de\\\/womens-summer-festival\\\/side-events\\\/#breadcrumb\"},\"inLanguage\":\"de\",\"potentialAction\":[{\"@type\":\"ReadAction\",\"target\":[\"https:\\\/\\\/www.sporting-women.de\\\/womens-summer-festival\\\/side-events\\\/\"]}]},{\"@type\":\"ImageObject\",\"inLanguage\":\"de\",\"@id\":\"https:\\\/\\\/www.sporting-women.de\\\/womens-summer-festival\\\/side-events\\\/#primaryimage\",\"url\":\"https:\\\/\\\/www.sporting-women.de\\\/womens-summer-festival\\\/wp-content\\\/uploads\\\/sites\\\/17\\\/2023\\\/03\\\/WomensSummerFestival22-40-scaled.jpeg\",\"contentUrl\":\"https:\\\/\\\/www.sporting-women.de\\\/womens-summer-festival\\\/wp-content\\\/uploads\\\/sites\\\/17\\\/2023\\\/03\\\/WomensSummerFestival22-40-scaled.jpeg\",\"width\":2560,\"height\":1709},{\"@type\":\"BreadcrumbList\",\"@id\":\"https:\\\/\\\/www.sporting-women.de\\\/womens-summer-festival\\\/side-events\\\/#breadcrumb\",\"itemListElement\":[{\"@type\":\"ListItem\",\"position\":1,\"name\":\"Startseite\",\"item\":\"https:\\\/\\\/www.sporting-women.de\\\/womens-summer-festival\\\/\"},{\"@type\":\"ListItem\",\"position\":2,\"name\":\"Side-Events\"}]},{\"@type\":\"WebSite\",\"@id\":\"https:\\\/\\\/www.sporting-women.de\\\/womens-summer-festival\\\/#website\",\"url\":\"https:\\\/\\\/www.sporting-women.de\\\/womens-summer-festival\\\/\",\"name\":\"Women&#039;s Summer Festival\",\"description\":\"\",\"publisher\":{\"@id\":\"https:\\\/\\\/www.sporting-women.de\\\/womens-summer-festival\\\/#organization\"},\"potentialAction\":[{\"@type\":\"SearchAction\",\"target\":{\"@type\":\"EntryPoint\",\"urlTemplate\":\"https:\\\/\\\/www.sporting-women.de\\\/womens-summer-festival\\\/?s={search_term_string}\"},\"query-input\":{\"@type\":\"PropertyValueSpecification\",\"valueRequired\":true,\"valueName\":\"search_term_string\"}}],\"inLanguage\":\"de\"},{\"@type\":\"Organization\",\"@id\":\"https:\\\/\\\/www.sporting-women.de\\\/womens-summer-festival\\\/#organization\",\"name\":\"Women&#039;s Summer Festival\",\"url\":\"https:\\\/\\\/www.sporting-women.de\\\/womens-summer-festival\\\/\",\"logo\":{\"@type\":\"ImageObject\",\"inLanguage\":\"de\",\"@id\":\"https:\\\/\\\/www.sporting-women.de\\\/womens-summer-festival\\\/#\\\/schema\\\/logo\\\/image\\\/\",\"url\":\"https:\\\/\\\/www.sporting-women.de\\\/womens-summer-festival\\\/wp-content\\\/uploads\\\/sites\\\/17\\\/2021\\\/06\\\/Schrift_SPRTNGWMN_Vollversion_black.png\",\"contentUrl\":\"https:\\\/\\\/www.sporting-women.de\\\/womens-summer-festival\\\/wp-content\\\/uploads\\\/sites\\\/17\\\/2021\\\/06\\\/Schrift_SPRTNGWMN_Vollversion_black.png\",\"width\":743,\"height\":461,\"caption\":\"Women&#039;s Summer Festival\"},\"image\":{\"@id\":\"https:\\\/\\\/www.sporting-women.de\\\/womens-summer-festival\\\/#\\\/schema\\\/logo\\\/image\\\/\"}}]}<\/script>\n<!-- \/ Yoast SEO Premium plugin. -->","yoast_head_json":{"title":"Side-Events - Women&#039;s Summer Festival","robots":{"index":"noindex","follow":"follow","max-snippet":"max-snippet:-1","max-image-preview":"max-image-preview:large","max-video-preview":"max-video-preview:-1"},"og_locale":"de_DE","og_type":"article","og_title":"Side-Events","og_description":"Side-Events Das Welcome-Dinner ist in allen Packages inklusive, der H\u00fcttenabend kann von allen Teilnehmerinnen mit Basic-Package gerne dazu gebucht werden, f\u00fcr Teilnehmerinen mit Premium- bzw. Luxuspackage ist auch dieser inkludiert. Bitte vergi\u00df nicht, dir dein Package zu buchen. Hier geht es zu den Tickets Welcome-Dinner-Abend \u00a0 \u00a0 Treffpunkt:\u00a0Expo Area \u00a0 Donnerstag, ab 19.00 Uhr H\u00fcttenabend [&hellip;]","og_url":"https:\/\/www.sporting-women.de\/womens-summer-festival\/side-events\/","og_site_name":"Women&#039;s Summer Festival","article_modified_time":"2023-06-10T17:07:50+00:00","og_image":[{"url":"https:\/\/www.sporting-women.de\/womens-summer-festival\/wp-content\/uploads\/sites\/17\/2023\/03\/WomensSummerFestival22-40-1024x684.jpeg","type":"","width":"","height":""}],"twitter_card":"summary_large_image","twitter_misc":{"Gesch\u00e4tzte Lesezeit":"1\u00a0Minute"},"schema":{"@context":"https:\/\/schema.org","@graph":[{"@type":"WebPage","@id":"https:\/\/www.sporting-women.de\/womens-summer-festival\/side-events\/","url":"https:\/\/www.sporting-women.de\/womens-summer-festival\/side-events\/","name":"Side-Events - Women&#039;s Summer Festival","isPartOf":{"@id":"https:\/\/www.sporting-women.de\/womens-summer-festival\/#website"},"primaryImageOfPage":{"@id":"https:\/\/www.sporting-women.de\/womens-summer-festival\/side-events\/#primaryimage"},"image":{"@id":"https:\/\/www.sporting-women.de\/womens-summer-festival\/side-events\/#primaryimage"},"thumbnailUrl":"https:\/\/www.sporting-women.de\/womens-summer-festival\/wp-content\/uploads\/sites\/17\/2023\/03\/WomensSummerFestival22-40-1024x684.jpeg","datePublished":"2022-08-05T11:07:54+00:00","dateModified":"2023-06-10T17:07:50+00:00","breadcrumb":{"@id":"https:\/\/www.sporting-women.de\/womens-summer-festival\/side-events\/#breadcrumb"},"inLanguage":"de","potentialAction":[{"@type":"ReadAction","target":["https:\/\/www.sporting-women.de\/womens-summer-festival\/side-events\/"]}]},{"@type":"ImageObject","inLanguage":"de","@id":"https:\/\/www.sporting-women.de\/womens-summer-festival\/side-events\/#primaryimage","url":"https:\/\/www.sporting-women.de\/womens-summer-festival\/wp-content\/uploads\/sites\/17\/2023\/03\/WomensSummerFestival22-40-scaled.jpeg","contentUrl":"https:\/\/www.sporting-women.de\/womens-summer-festival\/wp-content\/uploads\/sites\/17\/2023\/03\/WomensSummerFestival22-40-scaled.jpeg","width":2560,"height":1709},{"@type":"BreadcrumbList","@id":"https:\/\/www.sporting-women.de\/womens-summer-festival\/side-events\/#breadcrumb","itemListElement":[{"@type":"ListItem","position":1,"name":"Startseite","item":"https:\/\/www.sporting-women.de\/womens-summer-festival\/"},{"@type":"ListItem","position":2,"name":"Side-Events"}]},{"@type":"WebSite","@id":"https:\/\/www.sporting-women.de\/womens-summer-festival\/#website","url":"https:\/\/www.sporting-women.de\/womens-summer-festival\/","name":"Women&#039;s Summer Festival","description":"","publisher":{"@id":"https:\/\/www.sporting-women.de\/womens-summer-festival\/#organization"},"potentialAction":[{"@type":"SearchAction","target":{"@type":"EntryPoint","urlTemplate":"https:\/\/www.sporting-women.de\/womens-summer-festival\/?s={search_term_string}"},"query-input":{"@type":"PropertyValueSpecification","valueRequired":true,"valueName":"search_term_string"}}],"inLanguage":"de"},{"@type":"Organization","@id":"https:\/\/www.sporting-women.de\/womens-summer-festival\/#organization","name":"Women&#039;s Summer Festival","url":"https:\/\/www.sporting-women.de\/womens-summer-festival\/","logo":{"@type":"ImageObject","inLanguage":"de","@id":"https:\/\/www.sporting-women.de\/womens-summer-festival\/#\/schema\/logo\/image\/","url":"https:\/\/www.sporting-women.de\/womens-summer-festival\/wp-content\/uploads\/sites\/17\/2021\/06\/Schrift_SPRTNGWMN_Vollversion_black.png","contentUrl":"https:\/\/www.sporting-women.de\/womens-summer-festival\/wp-content\/uploads\/sites\/17\/2021\/06\/Schrift_SPRTNGWMN_Vollversion_black.png","width":743,"height":461,"caption":"Women&#039;s Summer Festival"},"image":{"@id":"https:\/\/www.sporting-women.de\/womens-summer-festival\/#\/schema\/logo\/image\/"}}]}},"_links":{"self":[{"href":"https:\/\/www.sporting-women.de\/womens-summer-festival\/wp-json\/wp\/v2\/pages\/35571","targetHints":{"allow":["GET"]}}],"collection":[{"href":"https:\/\/www.sporting-women.de\/womens-summer-festival\/wp-json\/wp\/v2\/pages"}],"about":[{"href":"https:\/\/www.sporting-women.de\/womens-summer-festival\/wp-json\/wp\/v2\/types\/page"}],"author":[{"embeddable":true,"href":"https:\/\/www.sporting-women.de\/womens-summer-festival\/wp-json\/wp\/v2\/users\/2"}],"replies":[{"embeddable":true,"href":"https:\/\/www.sporting-women.de\/womens-summer-festival\/wp-json\/wp\/v2\/comments?post=35571"}],"version-history":[{"count":0,"href":"https:\/\/www.sporting-women.de\/womens-summer-festival\/wp-json\/wp\/v2\/pages\/35571\/revisions"}],"wp:attachment":[{"href":"https:\/\/www.sporting-women.de\/womens-summer-festival\/wp-json\/wp\/v2\/media?parent=35571"}],"curies":[{"name":"wp","href":"https:\/\/api.w.org\/{rel}","templated":true}]}}