
{"id":32631,"date":"2022-08-05T13:00:32","date_gmt":"2022-08-05T11:00:32","guid":{"rendered":"https:\/\/www.sporting-women.de\/womens-triathlon-camp\/?page_id=32631"},"modified":"2025-08-13T15:12:14","modified_gmt":"2025-08-13T13:12:14","slug":"region","status":"publish","type":"page","link":"https:\/\/www.sporting-women.de\/womens-triathlon-camp\/region\/","title":{"rendered":"Region"},"content":{"rendered":"\t\t<div data-elementor-type=\"wp-page\" data-elementor-id=\"32631\" class=\"elementor elementor-32631\" data-elementor-post-type=\"page\">\n\t\t\t\t\t\t<section class=\"elementor-section elementor-top-section elementor-element elementor-element-f0e0bea elementor-section-boxed elementor-section-height-default elementor-section-height-default\" data-id=\"f0e0bea\" data-element_type=\"section\" data-e-type=\"section\">\n\t\t\t\t\t\t<div class=\"elementor-container elementor-column-gap-default\">\n\t\t\t\t\t<div class=\"elementor-column elementor-col-100 elementor-top-column elementor-element elementor-element-e50bded\" data-id=\"e50bded\" data-element_type=\"column\" data-e-type=\"column\">\n\t\t\t<div class=\"elementor-widget-wrap elementor-element-populated\">\n\t\t\t\t\t\t<div class=\"elementor-element elementor-element-c353925 elementor-widget elementor-widget-heading\" data-id=\"c353925\" data-element_type=\"widget\" data-e-type=\"widget\" data-widget_type=\"heading.default\">\n\t\t\t\t<div class=\"elementor-widget-container\">\n\t\t\t\t\t<h2 class=\"elementor-heading-title elementor-size-default\">Zell am See-Kaprun<\/h2>\t\t\t\t<\/div>\n\t\t\t\t<\/div>\n\t\t\t\t\t<\/div>\n\t\t<\/div>\n\t\t\t\t\t<\/div>\n\t\t<\/section>\n\t\t\t\t<section class=\"elementor-section elementor-top-section elementor-element elementor-element-22ac453 elementor-section-boxed elementor-section-height-default elementor-section-height-default\" data-id=\"22ac453\" data-element_type=\"section\" data-e-type=\"section\">\n\t\t\t\t\t\t<div class=\"elementor-container elementor-column-gap-default\">\n\t\t\t\t\t<div class=\"elementor-column elementor-col-100 elementor-top-column elementor-element elementor-element-2e7f18d\" data-id=\"2e7f18d\" data-element_type=\"column\" data-e-type=\"column\">\n\t\t\t<div class=\"elementor-widget-wrap elementor-element-populated\">\n\t\t\t\t\t\t<div class=\"elementor-element elementor-element-b6c1cff elementor-widget elementor-widget-heading\" data-id=\"b6c1cff\" data-element_type=\"widget\" data-e-type=\"widget\" data-widget_type=\"heading.default\">\n\t\t\t\t<div class=\"elementor-widget-container\">\n\t\t\t\t\t<h2 class=\"elementor-heading-title elementor-size-default\">Die Ferienregion Zell am See-Kaprun\n<\/h2>\t\t\t\t<\/div>\n\t\t\t\t<\/div>\n\t\t\t\t<div class=\"elementor-element elementor-element-0029476 elementor-widget elementor-widget-text-editor\" data-id=\"0029476\" data-element_type=\"widget\" data-e-type=\"widget\" data-widget_type=\"text-editor.default\">\n\t\t\t\t<div class=\"elementor-widget-container\">\n\t\t\t\t\t\t\t\t\t<p class=\"p2\">Die alpenweit einzigartige Kombination von Gletscher, Berg und See macht Zell am See-Kaprun zum Erlebnisreich f\u00fcr alle. Der Urlaub beginnt im glasklaren Wasser des Zeller Sees auf 750 Metern Seeh\u00f6he und reicht bis auf \u00fcber 3.000 Meter am Gletscher Kitzsteinhorn. Ob Genie\u00dfer oder Sportler, ob Jung oder Alt \u2013 der Dreiklang aus Gletscher, Berg und See klingt f\u00fcr alle harmonisch. Getreu dem Motto von Zell am See-Kaprun: Von Alpen das Beste!<\/p><p class=\"p2\">Zell am See-Kaprun lockt mit Natur, Sportm\u00f6glichkeiten, Ausflugszielen, Traditionen und Lifestyle ins SalzburgerLand und mitten ins Herz der \u00f6sterreichischen Alpen.<\/p><p>Perfekte Bedingungen also f\u00fcr unser Women\u2019s Triathlon Camp!<\/p><p><span style=\"color: #ba8978;\"><a style=\"color: #ba8978;\" href=\"https:\/\/www.zellamsee-kaprun.com\/de\" target=\"_blank\" rel=\"noopener\">Hier erf\u00e4hrst du mehr \u00fcber die Region Zell am See-Kaprun!<\/a><\/span><\/p>\t\t\t\t\t\t\t\t<\/div>\n\t\t\t\t<\/div>\n\t\t\t\t\t<\/div>\n\t\t<\/div>\n\t\t\t\t\t<\/div>\n\t\t<\/section>\n\t\t\t\t<section class=\"elementor-section elementor-top-section elementor-element elementor-element-f8ce1db elementor-section-boxed elementor-section-height-default elementor-section-height-default\" data-id=\"f8ce1db\" data-element_type=\"section\" data-e-type=\"section\">\n\t\t\t\t\t\t<div class=\"elementor-container elementor-column-gap-default\">\n\t\t\t\t\t<div class=\"elementor-column elementor-col-100 elementor-top-column elementor-element elementor-element-56fc771\" data-id=\"56fc771\" data-element_type=\"column\" data-e-type=\"column\">\n\t\t\t<div class=\"elementor-widget-wrap elementor-element-populated\">\n\t\t\t\t\t\t<div class=\"elementor-element elementor-element-db82055 elementor-skin-carousel elementor-arrows-yes elementor-pagination-type-bullets elementor-pagination-position-outside elementor-widget elementor-widget-media-carousel\" data-id=\"db82055\" data-element_type=\"widget\" data-e-type=\"widget\" data-settings=\"{&quot;skin&quot;:&quot;carousel&quot;,&quot;effect&quot;:&quot;slide&quot;,&quot;show_arrows&quot;:&quot;yes&quot;,&quot;pagination&quot;:&quot;bullets&quot;,&quot;speed&quot;:500,&quot;autoplay&quot;:&quot;yes&quot;,&quot;autoplay_speed&quot;:5000,&quot;loop&quot;:&quot;yes&quot;,&quot;pause_on_hover&quot;:&quot;yes&quot;,&quot;pause_on_interaction&quot;:&quot;yes&quot;,&quot;space_between&quot;:{&quot;unit&quot;:&quot;px&quot;,&quot;size&quot;:10,&quot;sizes&quot;:[]},&quot;space_between_tablet&quot;:{&quot;unit&quot;:&quot;px&quot;,&quot;size&quot;:10,&quot;sizes&quot;:[]},&quot;space_between_mobile&quot;:{&quot;unit&quot;:&quot;px&quot;,&quot;size&quot;:10,&quot;sizes&quot;:[]}}\" data-widget_type=\"media-carousel.default\">\n\t\t\t\t<div class=\"elementor-widget-container\">\n\t\t\t\t\t\t\t\t\t<div class=\"elementor-swiper\">\n\t\t\t\t\t<div class=\"elementor-main-swiper swiper\" role=\"region\" aria-roledescription=\"carousel\" aria-label=\"Slider\">\n\t\t\t\t<div class=\"swiper-wrapper\">\n\t\t\t\t\t\t\t\t\t\t\t<div class=\"swiper-slide\" role=\"group\" aria-roledescription=\"slide\">\n\t\t\t\t\t\t\t\t\t<div class=\"elementor-carousel-image\" role=\"img\" aria-label=\"Badeausflug im Sommer mit dem Ruderboot am Zeller See - Swimming trip in summer with a rowing boat on lake Zell (c) Zell am See-Kaprun Tourismus\" style=\"background-image: url(&#039;https:\/\/www.sporting-women.de\/womens-triathlon-camp\/wp-content\/uploads\/sites\/13\/2024\/10\/Badeausflug-im-Sommer-mit-dem-Ruderboot-am-Zeller-See-Swimming-trip-in-summer-with-a-rowing-boat-on-lake-Zell-c-Zell-am-See-Kaprun-Tourismus-scaled.jpg&#039;)\">\n\n\t\t\t\n\t\t\t\t\t<\/div>\n\t\t\t\t\t\t\t\t<\/div>\n\t\t\t\t\t\t\t\t\t\t\t<div class=\"swiper-slide\" role=\"group\" aria-roledescription=\"slide\">\n\t\t\t\t\t\t\t\t\t<div class=\"elementor-carousel-image\" role=\"img\" aria-label=\"3K K-onnection, Blick Richtung Kitzsteinhorn - 3K K-onnection, view of Kitzsteinhorn (c) Kitzsteinhorn\" style=\"background-image: url(&#039;https:\/\/www.sporting-women.de\/womens-triathlon-camp\/wp-content\/uploads\/sites\/13\/2024\/10\/3K-K-onnection-Blick-Richtung-Kitzsteinhorn-3K-K-onnection-view-of-Kitzsteinhorn-c-Kitzsteinhorn.jpg&#039;)\">\n\n\t\t\t\n\t\t\t\t\t<\/div>\n\t\t\t\t\t\t\t\t<\/div>\n\t\t\t\t\t\t\t\t\t\t\t<div class=\"swiper-slide\" role=\"group\" aria-roledescription=\"slide\">\n\t\t\t\t\t\t\t\t\t<div class=\"elementor-carousel-image\" role=\"img\" aria-label=\"Zell am See Insel von Oben - Zell am See from above (c) Zell am See-Kaprun Tourismus\" style=\"background-image: url(&#039;https:\/\/www.sporting-women.de\/womens-triathlon-camp\/wp-content\/uploads\/sites\/13\/2024\/10\/Zell-am-See-Insel-von-Oben-Zell-am-See-from-above-c-Zell-am-See-Kaprun-Tourismus-scaled.jpg&#039;)\">\n\n\t\t\t\n\t\t\t\t\t<\/div>\n\t\t\t\t\t\t\t\t<\/div>\n\t\t\t\t\t\t\t\t\t\t\t<div class=\"swiper-slide\" role=\"group\" aria-roledescription=\"slide\">\n\t\t\t\t\t\t\t\t\t<div class=\"elementor-carousel-image\" role=\"img\" aria-label=\"Trailrunning (c) Jakob Edholm\" style=\"background-image: url(&#039;https:\/\/www.sporting-women.de\/womens-triathlon-camp\/wp-content\/uploads\/sites\/13\/2024\/10\/Trailrunning-c-Jakob-Edholm-scaled.jpg&#039;)\">\n\n\t\t\t\n\t\t\t\t\t<\/div>\n\t\t\t\t\t\t\t\t<\/div>\n\t\t\t\t\t\t\t\t\t<\/div>\n\t\t\t\t\t\t\t\t\t\t\t\t\t\t\t<div class=\"elementor-swiper-button elementor-swiper-button-prev\" role=\"button\" tabindex=\"0\" aria-label=\"Voriger\">\n\t\t\t\t\t\t\t<i aria-hidden=\"true\" class=\"eicon-chevron-left\"><\/i>\t\t\t\t\t\t<\/div>\n\t\t\t\t\t\t<div class=\"elementor-swiper-button elementor-swiper-button-next\" role=\"button\" tabindex=\"0\" aria-label=\"N\u00e4chster\">\n\t\t\t\t\t\t\t<i aria-hidden=\"true\" class=\"eicon-chevron-right\"><\/i>\t\t\t\t\t\t<\/div>\n\t\t\t\t\t\t\t\t\t\t\t\t\t\t\t\t<div class=\"swiper-pagination\"><\/div>\n\t\t\t\t\t\t\t\t\t\t\t\t<\/div>\n\t\t\t\t<\/div>\n\t\t\t\t\t\t\t\t<\/div>\n\t\t\t\t<\/div>\n\t\t\t\t<div class=\"elementor-element elementor-element-3c09c4c elementor-widget elementor-widget-text-editor\" data-id=\"3c09c4c\" data-element_type=\"widget\" data-e-type=\"widget\" data-widget_type=\"text-editor.default\">\n\t\t\t\t<div class=\"elementor-widget-container\">\n\t\t\t\t\t\t\t\t\t<p style=\"text-align: right;\">\u00a9 Zell am See-Kaprun Tourismus GmbH<\/p>\t\t\t\t\t\t\t\t<\/div>\n\t\t\t\t<\/div>\n\t\t\t\t\t<\/div>\n\t\t<\/div>\n\t\t\t\t\t<\/div>\n\t\t<\/section>\n\t\t\t\t<section class=\"elementor-section elementor-top-section elementor-element elementor-element-de5300d elementor-section-boxed elementor-section-height-default elementor-section-height-default\" data-id=\"de5300d\" data-element_type=\"section\" data-e-type=\"section\">\n\t\t\t\t\t\t<div class=\"elementor-container elementor-column-gap-default\">\n\t\t\t\t\t<div class=\"elementor-column elementor-col-100 elementor-top-column elementor-element elementor-element-f533eaa\" data-id=\"f533eaa\" data-element_type=\"column\" data-e-type=\"column\">\n\t\t\t<div class=\"elementor-widget-wrap elementor-element-populated\">\n\t\t\t\t\t\t<div class=\"elementor-element elementor-element-3b099a2 elementor-widget elementor-widget-heading\" data-id=\"3b099a2\" data-element_type=\"widget\" data-e-type=\"widget\" data-widget_type=\"heading.default\">\n\t\t\t\t<div class=\"elementor-widget-container\">\n\t\t\t\t\t<h2 class=\"elementor-heading-title elementor-size-default\">Das erwartet dich in der Region Zell am See-Kaprun<\/h2>\t\t\t\t<\/div>\n\t\t\t\t<\/div>\n\t\t\t\t<div class=\"elementor-element elementor-element-0dbcc9b elementor-widget elementor-widget-text-editor\" data-id=\"0dbcc9b\" data-element_type=\"widget\" data-e-type=\"widget\" data-widget_type=\"text-editor.default\">\n\t\t\t\t<div class=\"elementor-widget-container\">\n\t\t\t\t\t\t\t\t\t<p>Die Region im SalzburgerLand hei\u00dft uns vom 14. bis 17. Mai 2026 herzlich Willkommen. Schwimmen mit Blick auf die herrliche Berglandschaft, Radfahren auf abwechslungsreichen Routen, laufen mit der frischen Bergluft in der Nase \u2013 wir k\u00f6nnen es kaum erwarten, unsere Leidenschaft zum Triathlon in der \u00f6sterreichischen Top-Sommerregion zu zelebrieren!<\/p><p>\u00dcbrigens: Das Herzst\u00fcck der Region ist der idyllische\u00a0<span style=\"color: #ba8978;\"><a style=\"color: #ba8978;\" href=\"https:\/\/www.zellamsee-kaprun.com\/de\/sport\/sommer\/urlaub-am-see\" target=\"_blank\" rel=\"noopener\">Zeller See<\/a><\/span>, der eingebettet zwischen\u00a0<a href=\"https:\/\/www.zellamsee-kaprun.com\/de\/erleben\/ausflugsziele\/kitzsteinhorn\/der-gletscher-im-sommer\" target=\"_blank\" rel=\"noopener\"><span style=\"color: #ba8978;\">Kitzsteinhorn<\/span><\/a>\u00a0und\u00a0<a href=\"https:\/\/www.zellamsee-kaprun.com\/de\/erleben\/ausflugsziele\/schmittenhoehe\" target=\"_blank\" rel=\"noopener\"><span style=\"color: #ba8978;\">Schmittenh\u00f6he<\/span><\/a> liegt. Mit 23 Grad Wassertemperatur verspricht er angenehme Abk\u00fchlung in deinem Sommerurlaub.<\/p><h5>Von Aktiv bis Wellness: Die Ferienregion Zell am See-Kaprun bietet die besten Genuss-Highlights<\/h5><p><a href=\"https:\/\/www.zellamsee-kaprun.com\/de\/genuss\" target=\"_blank\" rel=\"noopener\"><span style=\"color: #b07b6c;\"><span style=\"color: #b16416;\"><span style=\"color: #ba8978;\">Hier erf\u00e4hrst du mehr \u00fcber die Genussmoment in Zell am See-Kaprun!<\/span><\/span><\/span><\/a><\/p>\t\t\t\t\t\t\t\t<\/div>\n\t\t\t\t<\/div>\n\t\t\t\t\t<\/div>\n\t\t<\/div>\n\t\t\t\t\t<\/div>\n\t\t<\/section>\n\t\t\t\t<section class=\"elementor-section elementor-top-section elementor-element elementor-element-5c25958 elementor-section-boxed elementor-section-height-default elementor-section-height-default\" data-id=\"5c25958\" data-element_type=\"section\" data-e-type=\"section\">\n\t\t\t\t\t\t<div class=\"elementor-container elementor-column-gap-default\">\n\t\t\t\t\t<div class=\"elementor-column elementor-col-100 elementor-top-column elementor-element elementor-element-ee72e0f\" data-id=\"ee72e0f\" data-element_type=\"column\" data-e-type=\"column\">\n\t\t\t<div class=\"elementor-widget-wrap elementor-element-populated\">\n\t\t\t\t\t\t<div class=\"elementor-element elementor-element-5f5422b elementor-widget elementor-widget-image\" data-id=\"5f5422b\" data-element_type=\"widget\" data-e-type=\"widget\" data-widget_type=\"image.default\">\n\t\t\t\t<div class=\"elementor-widget-container\">\n\t\t\t\t\t\t\t\t\t\t\t\t\t\t\t<img fetchpriority=\"high\" decoding=\"async\" width=\"2560\" height=\"1707\" src=\"https:\/\/www.sporting-women.de\/womens-triathlon-camp\/wp-content\/uploads\/sites\/13\/2024\/10\/Hochgebirgsstauseen-Kaprun-II-High-Altitude-Reservoires-Kaprun-II-c-Verbund-scaled.jpg\" class=\"attachment-full size-full wp-image-35552\" alt=\"\" srcset=\"https:\/\/www.sporting-women.de\/womens-triathlon-camp\/wp-content\/uploads\/sites\/13\/2024\/10\/Hochgebirgsstauseen-Kaprun-II-High-Altitude-Reservoires-Kaprun-II-c-Verbund-scaled.jpg 2560w, https:\/\/www.sporting-women.de\/womens-triathlon-camp\/wp-content\/uploads\/sites\/13\/2024\/10\/Hochgebirgsstauseen-Kaprun-II-High-Altitude-Reservoires-Kaprun-II-c-Verbund-300x200.jpg 300w, https:\/\/www.sporting-women.de\/womens-triathlon-camp\/wp-content\/uploads\/sites\/13\/2024\/10\/Hochgebirgsstauseen-Kaprun-II-High-Altitude-Reservoires-Kaprun-II-c-Verbund-1024x683.jpg 1024w, https:\/\/www.sporting-women.de\/womens-triathlon-camp\/wp-content\/uploads\/sites\/13\/2024\/10\/Hochgebirgsstauseen-Kaprun-II-High-Altitude-Reservoires-Kaprun-II-c-Verbund-768x512.jpg 768w, https:\/\/www.sporting-women.de\/womens-triathlon-camp\/wp-content\/uploads\/sites\/13\/2024\/10\/Hochgebirgsstauseen-Kaprun-II-High-Altitude-Reservoires-Kaprun-II-c-Verbund-391x260.jpg 391w, https:\/\/www.sporting-women.de\/womens-triathlon-camp\/wp-content\/uploads\/sites\/13\/2024\/10\/Hochgebirgsstauseen-Kaprun-II-High-Altitude-Reservoires-Kaprun-II-c-Verbund-1536x1024.jpg 1536w, https:\/\/www.sporting-women.de\/womens-triathlon-camp\/wp-content\/uploads\/sites\/13\/2024\/10\/Hochgebirgsstauseen-Kaprun-II-High-Altitude-Reservoires-Kaprun-II-c-Verbund-2048x1365.jpg 2048w, https:\/\/www.sporting-women.de\/womens-triathlon-camp\/wp-content\/uploads\/sites\/13\/2024\/10\/Hochgebirgsstauseen-Kaprun-II-High-Altitude-Reservoires-Kaprun-II-c-Verbund-600x400.jpg 600w\" sizes=\"(max-width: 2560px) 100vw, 2560px\" \/>\t\t\t\t\t\t\t\t\t\t\t\t\t\t\t<\/div>\n\t\t\t\t<\/div>\n\t\t\t\t\t<\/div>\n\t\t<\/div>\n\t\t\t\t\t<\/div>\n\t\t<\/section>\n\t\t\t\t<section class=\"elementor-section elementor-top-section elementor-element elementor-element-59ff2f0 elementor-section-boxed elementor-section-height-default elementor-section-height-default\" data-id=\"59ff2f0\" data-element_type=\"section\" data-e-type=\"section\">\n\t\t\t\t\t\t<div class=\"elementor-container elementor-column-gap-default\">\n\t\t\t\t\t<div class=\"elementor-column elementor-col-100 elementor-top-column elementor-element elementor-element-be2d6ee\" data-id=\"be2d6ee\" data-element_type=\"column\" data-e-type=\"column\">\n\t\t\t<div class=\"elementor-widget-wrap elementor-element-populated\">\n\t\t\t\t\t\t<div class=\"elementor-element elementor-element-abbd302 elementor-widget elementor-widget-heading\" data-id=\"abbd302\" data-element_type=\"widget\" data-e-type=\"widget\" data-widget_type=\"heading.default\">\n\t\t\t\t<div class=\"elementor-widget-container\">\n\t\t\t\t\t<h2 class=\"elementor-heading-title elementor-size-default\">Anfahrtsbeschreibung<\/h2>\t\t\t\t<\/div>\n\t\t\t\t<\/div>\n\t\t\t\t<div class=\"elementor-element elementor-element-e69be58 elementor-widget elementor-widget-text-editor\" data-id=\"e69be58\" data-element_type=\"widget\" data-e-type=\"widget\" data-widget_type=\"text-editor.default\">\n\t\t\t\t<div class=\"elementor-widget-container\">\n\t\t\t\t\t\t\t\t\t<p>Damit deine Anreise entspannt erfolgen kann, m\u00f6chten wir dir ein paar Informationen auf die Reise mitgeben:<\/p><p>In \u00d6sterreich ben\u00f6tigt man eine Autobahn-Vignette!<\/p><p>Weitere Infos \u00fcber die Anreise finden Sie <span style=\"color: #ba8978;\"><a style=\"color: #ba8978;\" href=\"https:\/\/www.zellamsee-kaprun.com\/de\/service\/anreise\" target=\"_blank\" rel=\"noopener\">hier<\/a><\/span>!<\/p>\t\t\t\t\t\t\t\t<\/div>\n\t\t\t\t<\/div>\n\t\t\t\t\t<\/div>\n\t\t<\/div>\n\t\t\t\t\t<\/div>\n\t\t<\/section>\n\t\t\t\t<section class=\"elementor-section elementor-top-section elementor-element elementor-element-bffdc01 elementor-section-boxed elementor-section-height-default elementor-section-height-default\" data-id=\"bffdc01\" data-element_type=\"section\" data-e-type=\"section\">\n\t\t\t\t\t\t<div class=\"elementor-container elementor-column-gap-default\">\n\t\t\t\t\t<div class=\"elementor-column elementor-col-100 elementor-top-column elementor-element elementor-element-aa2ec0c\" data-id=\"aa2ec0c\" data-element_type=\"column\" data-e-type=\"column\">\n\t\t\t<div class=\"elementor-widget-wrap elementor-element-populated\">\n\t\t\t\t\t\t<div class=\"elementor-element elementor-element-f3c88af elementor-widget-divider--separator-type-pattern elementor-widget-divider--view-line elementor-widget elementor-widget-divider\" data-id=\"f3c88af\" data-element_type=\"widget\" data-e-type=\"widget\" data-widget_type=\"divider.default\">\n\t\t\t\t<div class=\"elementor-widget-container\">\n\t\t\t\t\t\t\t<div class=\"elementor-divider\" style=\"--divider-pattern-url: url(&quot;data:image\/svg+xml,%3Csvg xmlns=&#039;http:\/\/www.w3.org\/2000\/svg&#039; preserveAspectRatio=&#039;none&#039; overflow=&#039;visible&#039; height=&#039;100%&#039; viewBox=&#039;0 0 24 24&#039; fill=&#039;none&#039; stroke=&#039;black&#039; stroke-width=&#039;1&#039; stroke-linecap=&#039;square&#039; stroke-miterlimit=&#039;10&#039;%3E%3Cpath d=&#039;M0,6c6,0,0.9,11.1,6.9,11.1S18,6,24,6&#039;\/%3E%3C\/svg%3E&quot;);\">\n\t\t\t<span class=\"elementor-divider-separator\">\n\t\t\t\t\t\t<\/span>\n\t\t<\/div>\n\t\t\t\t\t\t<\/div>\n\t\t\t\t<\/div>\n\t\t\t\t\t<\/div>\n\t\t<\/div>\n\t\t\t\t\t<\/div>\n\t\t<\/section>\n\t\t\t\t<section class=\"elementor-section elementor-top-section elementor-element elementor-element-5930f1e elementor-section-boxed elementor-section-height-default elementor-section-height-default\" data-id=\"5930f1e\" data-element_type=\"section\" data-e-type=\"section\">\n\t\t\t\t\t\t<div class=\"elementor-container elementor-column-gap-default\">\n\t\t\t\t\t<div class=\"elementor-column elementor-col-50 elementor-top-column elementor-element elementor-element-6d33a61\" data-id=\"6d33a61\" data-element_type=\"column\" data-e-type=\"column\">\n\t\t\t<div class=\"elementor-widget-wrap elementor-element-populated\">\n\t\t\t\t\t\t<div class=\"elementor-element elementor-element-0b17af0 elementor-absolute elementor-widget elementor-widget-image\" data-id=\"0b17af0\" data-element_type=\"widget\" data-e-type=\"widget\" data-settings=\"{&quot;_position&quot;:&quot;absolute&quot;}\" data-widget_type=\"image.default\">\n\t\t\t\t<div class=\"elementor-widget-container\">\n\t\t\t\t\t\t\t\t\t\t\t\t\t\t\t<img decoding=\"async\" width=\"1988\" height=\"556\" src=\"https:\/\/www.sporting-women.de\/womens-triathlon-camp\/wp-content\/uploads\/sites\/13\/2024\/10\/Zell-am-See-Kaprun-logo-RGB-positive-1.png\" class=\"attachment-full size-full wp-image-35545\" alt=\"\" srcset=\"https:\/\/www.sporting-women.de\/womens-triathlon-camp\/wp-content\/uploads\/sites\/13\/2024\/10\/Zell-am-See-Kaprun-logo-RGB-positive-1.png 1988w, https:\/\/www.sporting-women.de\/womens-triathlon-camp\/wp-content\/uploads\/sites\/13\/2024\/10\/Zell-am-See-Kaprun-logo-RGB-positive-1-300x84.png 300w, https:\/\/www.sporting-women.de\/womens-triathlon-camp\/wp-content\/uploads\/sites\/13\/2024\/10\/Zell-am-See-Kaprun-logo-RGB-positive-1-1024x286.png 1024w, https:\/\/www.sporting-women.de\/womens-triathlon-camp\/wp-content\/uploads\/sites\/13\/2024\/10\/Zell-am-See-Kaprun-logo-RGB-positive-1-768x215.png 768w, https:\/\/www.sporting-women.de\/womens-triathlon-camp\/wp-content\/uploads\/sites\/13\/2024\/10\/Zell-am-See-Kaprun-logo-RGB-positive-1-1536x430.png 1536w, https:\/\/www.sporting-women.de\/womens-triathlon-camp\/wp-content\/uploads\/sites\/13\/2024\/10\/Zell-am-See-Kaprun-logo-RGB-positive-1-600x168.png 600w\" sizes=\"(max-width: 1988px) 100vw, 1988px\" \/>\t\t\t\t\t\t\t\t\t\t\t\t\t\t\t<\/div>\n\t\t\t\t<\/div>\n\t\t\t\t\t<\/div>\n\t\t<\/div>\n\t\t\t\t<div class=\"elementor-column elementor-col-50 elementor-top-column elementor-element elementor-element-a930b78\" data-id=\"a930b78\" data-element_type=\"column\" data-e-type=\"column\">\n\t\t\t<div class=\"elementor-widget-wrap elementor-element-populated\">\n\t\t\t\t\t\t<div class=\"elementor-element elementor-element-1fd12ea elementor-widget elementor-widget-heading\" data-id=\"1fd12ea\" data-element_type=\"widget\" data-e-type=\"widget\" data-widget_type=\"heading.default\">\n\t\t\t\t<div class=\"elementor-widget-container\">\n\t\t\t\t\t<h2 class=\"elementor-heading-title elementor-size-default\">Zell am See-Kaprun Tourismus GmbH<\/h2>\t\t\t\t<\/div>\n\t\t\t\t<\/div>\n\t\t\t\t<div class=\"elementor-element elementor-element-ad90424 elementor-widget elementor-widget-text-editor\" data-id=\"ad90424\" data-element_type=\"widget\" data-e-type=\"widget\" data-widget_type=\"text-editor.default\">\n\t\t\t\t<div class=\"elementor-widget-container\">\n\t\t\t\t\t\t\t\t\t<p>Brucker Bundesstra\u00dfe 1a<br \/>A-5700 Zell am See<\/p><p>Tel: +43 6542 770<br \/>Fax: +43 6542 72032<\/p><p>E-Mail: <span style=\"color: #ba8978;\"><a style=\"color: #ba8978;\" href=\"mailto:welcome@zellamsee-kaprun.com\" target=\"_blank\" rel=\"noopener\">welcome@zellamsee-kaprun.com<\/a><\/span><br \/>Webseite: <span style=\"color: #b16416;\"><a style=\"color: #b16416;\" href=\"https:\/\/www.zellamsee-kaprun.com\/de\" target=\"_blank\" rel=\"noopener\"><span style=\"color: #ba8978;\">https:\/\/www.zellamsee-kaprun.com\/de<\/span><\/a><\/span><\/p>\t\t\t\t\t\t\t\t<\/div>\n\t\t\t\t<\/div>\n\t\t\t\t\t<\/div>\n\t\t<\/div>\n\t\t\t\t\t<\/div>\n\t\t<\/section>\n\t\t\t\t<section class=\"elementor-section elementor-top-section elementor-element elementor-element-6b094da elementor-section-boxed elementor-section-height-default elementor-section-height-default\" data-id=\"6b094da\" data-element_type=\"section\" data-e-type=\"section\" data-settings=\"{&quot;background_background&quot;:&quot;classic&quot;}\">\n\t\t\t\t\t\t<div class=\"elementor-container elementor-column-gap-default\">\n\t\t\t\t\t<div class=\"elementor-column elementor-col-100 elementor-top-column elementor-element elementor-element-f032599\" data-id=\"f032599\" data-element_type=\"column\" data-e-type=\"column\" data-settings=\"{&quot;background_background&quot;:&quot;classic&quot;}\">\n\t\t\t<div class=\"elementor-widget-wrap elementor-element-populated\">\n\t\t\t\t\t\t<div class=\"elementor-element elementor-element-91cdd51 elementor-widget elementor-widget-google_maps\" data-id=\"91cdd51\" data-element_type=\"widget\" data-e-type=\"widget\" data-widget_type=\"google_maps.default\">\n\t\t\t\t<div class=\"elementor-widget-container\">\n\t\t\t\t\t\t\t<div class=\"elementor-custom-embed\">\n\t\t\t<iframe loading=\"lazy\"\n\t\t\t\t\tsrc=\"https:\/\/maps.google.com\/maps?q=Zell%20am%20See-Kaprun%20Tourismus&#038;t=m&#038;z=14&#038;output=embed&#038;iwloc=near\"\n\t\t\t\t\ttitle=\"Zell am See-Kaprun Tourismus\"\n\t\t\t\t\taria-label=\"Zell am See-Kaprun Tourismus\"\n\t\t\t><\/iframe>\n\t\t<\/div>\n\t\t\t\t\t\t<\/div>\n\t\t\t\t<\/div>\n\t\t\t\t\t<\/div>\n\t\t<\/div>\n\t\t\t\t\t<\/div>\n\t\t<\/section>\n\t\t\t\t<section class=\"elementor-section elementor-top-section elementor-element elementor-element-975578e elementor-section-boxed elementor-section-height-default elementor-section-height-default\" data-id=\"975578e\" data-element_type=\"section\" data-e-type=\"section\">\n\t\t\t\t\t\t<div class=\"elementor-container elementor-column-gap-default\">\n\t\t\t\t\t<div class=\"elementor-column elementor-col-100 elementor-top-column elementor-element elementor-element-582ab41\" data-id=\"582ab41\" data-element_type=\"column\" data-e-type=\"column\">\n\t\t\t<div class=\"elementor-widget-wrap elementor-element-populated\">\n\t\t\t\t\t\t<div class=\"elementor-element elementor-element-b0d1b91 elementor-widget elementor-widget-spacer\" data-id=\"b0d1b91\" data-element_type=\"widget\" data-e-type=\"widget\" data-widget_type=\"spacer.default\">\n\t\t\t\t<div class=\"elementor-widget-container\">\n\t\t\t\t\t\t\t<div class=\"elementor-spacer\">\n\t\t\t<div class=\"elementor-spacer-inner\"><\/div>\n\t\t<\/div>\n\t\t\t\t\t\t<\/div>\n\t\t\t\t<\/div>\n\t\t\t\t\t<\/div>\n\t\t<\/div>\n\t\t\t\t\t<\/div>\n\t\t<\/section>\n\t\t\t\t<\/div>\n\t\t","protected":false},"excerpt":{"rendered":"<p>Zell am See-Kaprun Die Ferienregion Zell am See-Kaprun Die alpenweit einzigartige Kombination von Gletscher, Berg und See macht Zell am See-Kaprun zum Erlebnisreich f\u00fcr alle. Der Urlaub beginnt im glasklaren Wasser des Zeller Sees auf 750 Metern Seeh\u00f6he und reicht bis auf \u00fcber 3.000 Meter am Gletscher Kitzsteinhorn. Ob Genie\u00dfer oder Sportler, ob Jung oder [&hellip;]<\/p>\n","protected":false},"author":2,"featured_media":0,"parent":0,"menu_order":0,"comment_status":"closed","ping_status":"closed","template":"","meta":{"_acf_changed":false,"footnotes":""},"class_list":["post-32631","page","type-page","status-publish","hentry"],"acf":[],"_links":{"self":[{"href":"https:\/\/www.sporting-women.de\/womens-triathlon-camp\/wp-json\/wp\/v2\/pages\/32631","targetHints":{"allow":["GET"]}}],"collection":[{"href":"https:\/\/www.sporting-women.de\/womens-triathlon-camp\/wp-json\/wp\/v2\/pages"}],"about":[{"href":"https:\/\/www.sporting-women.de\/womens-triathlon-camp\/wp-json\/wp\/v2\/types\/page"}],"author":[{"embeddable":true,"href":"https:\/\/www.sporting-women.de\/womens-triathlon-camp\/wp-json\/wp\/v2\/users\/2"}],"replies":[{"embeddable":true,"href":"https:\/\/www.sporting-women.de\/womens-triathlon-camp\/wp-json\/wp\/v2\/comments?post=32631"}],"version-history":[{"count":0,"href":"https:\/\/www.sporting-women.de\/womens-triathlon-camp\/wp-json\/wp\/v2\/pages\/32631\/revisions"}],"wp:attachment":[{"href":"https:\/\/www.sporting-women.de\/womens-triathlon-camp\/wp-json\/wp\/v2\/media?parent=32631"}],"curies":[{"name":"wp","href":"https:\/\/api.w.org\/{rel}","templated":true}]}}