
{"id":31551,"date":"2022-08-05T13:07:03","date_gmt":"2022-08-05T11:07:03","guid":{"rendered":"https:\/\/www.sporting-women.de\/womens-winter-camp\/?page_id=31551"},"modified":"2024-09-23T14:50:56","modified_gmt":"2024-09-23T12:50:56","slug":"teilnahmevoraussetzungen","status":"publish","type":"page","link":"https:\/\/www.sporting-women.de\/womens-winter-camp\/teilnahmevoraussetzungen\/","title":{"rendered":"Teilnahmevoraussetzungen"},"content":{"rendered":"\t\t<div data-elementor-type=\"wp-page\" data-elementor-id=\"31551\" class=\"elementor elementor-31551\" data-elementor-post-type=\"page\">\n\t\t\t\t\t\t<section class=\"elementor-section elementor-top-section elementor-element elementor-element-d972bc4 elementor-section-boxed elementor-section-height-default elementor-section-height-default\" data-id=\"d972bc4\" data-element_type=\"section\" data-e-type=\"section\">\n\t\t\t\t\t\t<div class=\"elementor-container elementor-column-gap-default\">\n\t\t\t\t\t<div class=\"elementor-column elementor-col-100 elementor-top-column elementor-element elementor-element-651b827\" data-id=\"651b827\" data-element_type=\"column\" data-e-type=\"column\">\n\t\t\t<div class=\"elementor-widget-wrap elementor-element-populated\">\n\t\t\t\t\t\t<div class=\"elementor-element elementor-element-7854858 elementor-widget elementor-widget-heading\" data-id=\"7854858\" data-element_type=\"widget\" data-e-type=\"widget\" data-widget_type=\"heading.default\">\n\t\t\t\t<div class=\"elementor-widget-container\">\n\t\t\t\t\t<h2 class=\"elementor-heading-title elementor-size-default\">Teilnahmevoraussetzungen<\/h2>\t\t\t\t<\/div>\n\t\t\t\t<\/div>\n\t\t\t\t\t<\/div>\n\t\t<\/div>\n\t\t\t\t\t<\/div>\n\t\t<\/section>\n\t\t\t\t<section class=\"elementor-section elementor-top-section elementor-element elementor-element-697cbab elementor-section-boxed elementor-section-height-default elementor-section-height-default\" data-id=\"697cbab\" data-element_type=\"section\" data-e-type=\"section\">\n\t\t\t\t\t\t<div class=\"elementor-container elementor-column-gap-default\">\n\t\t\t\t\t<div class=\"elementor-column elementor-col-100 elementor-top-column elementor-element elementor-element-1f88dc2\" data-id=\"1f88dc2\" data-element_type=\"column\" data-e-type=\"column\">\n\t\t\t<div class=\"elementor-widget-wrap elementor-element-populated\">\n\t\t\t\t\t\t<div class=\"elementor-element elementor-element-dd47b69 elementor-widget elementor-widget-text-editor\" data-id=\"dd47b69\" data-element_type=\"widget\" data-e-type=\"widget\" data-widget_type=\"text-editor.default\">\n\t\t\t\t<div class=\"elementor-widget-container\">\n\t\t\t\t\t\t\t\t\t<p><strong>Damit du an unseren Women\u2019s Winter Camps teilnehmen kannst, m\u00fcssen folgende Teilnahmevoraussetzungen gegeben sein:<\/strong><\/p>\t\t\t\t\t\t\t\t<\/div>\n\t\t\t\t<\/div>\n\t\t\t\t<div class=\"elementor-element elementor-element-16d4443 elementor-widget elementor-widget-text-editor\" data-id=\"16d4443\" data-element_type=\"widget\" data-e-type=\"widget\" data-widget_type=\"text-editor.default\">\n\t\t\t\t<div class=\"elementor-widget-container\">\n\t\t\t\t\t\t\t\t\t<ul><li><strong>Bitte bringe dein eigenes Material mit.<\/strong> Dazu geh\u00f6ren Tourenski un\/oder Freerideski inkl. Bindung und Skischuhe sowie am besten Teleskopst\u00f6cke. Eine Lawinenausr\u00fcstung, besthend aus LVS-Ger\u00e4t (Pieps), Sonde und Schaufel, ist Pflicht, sowohl beim Freeriden als auch beim Skitourengehen. Testmaterial unserer Partner steht nur bedingt zur Verf\u00fcgung und es gibt keine Garantie, dass du dir f\u00fcr alle Camptage Material ausleihen kannst. Solltest du kein eigenes Material haben, kannst du dies gerne vor Ort gegen Geb\u00fchr bei einem H\u00e4ndler leihen.<\/li><li>Es sind keine Vorkenntnisse im Gel\u00e4nde (Freeriden oder Skitourengehen) notwendig, aber <strong>du solltest sicher Skifahren und problemlos und z\u00fcgig eine schwarze Piste bew\u00e4ltigen k\u00f6nnen.<\/strong> Bitte w\u00e4hle \u00fcberlegt, deine Leistungsgruppe, damit alle Teilnehmerinnen ihren Spa\u00df haben k\u00f6nnen.<\/li><li>Wichtiger Hinweis zum <strong>Freeride<\/strong>: Reines Freeriden (ohne Aufstieg\/Skitour) ist nur m\u00f6glich, wenn die Bedingungen und Schneeverh\u00e4ltnisse ausreichend sind. Sollte dies nicht der Fall sein, behalten wir uns vor, Ort kurzfristig \u00c4nderungen in der Tourenplanung und ggf. Gruppeneinteilung vorzunehmen. <\/li><\/ul>\t\t\t\t\t\t\t\t<\/div>\n\t\t\t\t<\/div>\n\t\t\t\t<div class=\"elementor-element elementor-element-9a241c0 elementor-widget elementor-widget-spacer\" data-id=\"9a241c0\" data-element_type=\"widget\" data-e-type=\"widget\" data-widget_type=\"spacer.default\">\n\t\t\t\t<div class=\"elementor-widget-container\">\n\t\t\t\t\t\t\t<div class=\"elementor-spacer\">\n\t\t\t<div class=\"elementor-spacer-inner\"><\/div>\n\t\t<\/div>\n\t\t\t\t\t\t<\/div>\n\t\t\t\t<\/div>\n\t\t\t\t<div class=\"elementor-element elementor-element-cd3e758 elementor-widget elementor-widget-heading\" data-id=\"cd3e758\" data-element_type=\"widget\" data-e-type=\"widget\" data-widget_type=\"heading.default\">\n\t\t\t\t<div class=\"elementor-widget-container\">\n\t\t\t\t\t<h2 class=\"elementor-heading-title elementor-size-medium\">Unsere Leistungsgruppen bei den Women's Winter Camps<\/h2>\t\t\t\t<\/div>\n\t\t\t\t<\/div>\n\t\t\t\t<section class=\"elementor-section elementor-inner-section elementor-element elementor-element-c389a60 elementor-section-boxed elementor-section-height-default elementor-section-height-default\" data-id=\"c389a60\" data-element_type=\"section\" data-e-type=\"section\">\n\t\t\t\t\t\t<div class=\"elementor-container elementor-column-gap-default\">\n\t\t\t\t\t<div class=\"elementor-column elementor-col-50 elementor-inner-column elementor-element elementor-element-0e0432f\" data-id=\"0e0432f\" data-element_type=\"column\" data-e-type=\"column\">\n\t\t\t<div class=\"elementor-widget-wrap elementor-element-populated\">\n\t\t\t\t\t\t<div class=\"elementor-element elementor-element-b29ee51 elementor-widget elementor-widget-text-editor\" data-id=\"b29ee51\" data-element_type=\"widget\" data-e-type=\"widget\" data-widget_type=\"text-editor.default\">\n\t\t\t\t<div class=\"elementor-widget-container\">\n\t\t\t\t\t\t\t\t\t<h3><span style=\"color: #454545\"><strong>Einsteiger (gr\u00fcn) Skitour \/ Freeride \/ Mixed:<br \/><\/strong><\/span><\/h3><ul><li><span style=\"color: #454545\">Du bist noch nie eine Skitour gegangen oder warst abseits der Piste im Gel\u00e4nde auf Ski unterwegs.<\/span><\/li><li><span style=\"color: #454545\">Du beherrscht sicheres, paralleles und rhythmisches Kurvenfahren auf roten Pisten und kannst solide und fl\u00fcssig im normalen Grundtempo abfahren, auch bei schlechteren Pistenverh\u00e4ltnissen (eisig, sulzig, zerfahren). <\/span><\/li><li><span style=\"color: #454545\">Du hast eine durchschnittliche Grundfitness, z.B. vom wandern, laufen etc. und machst regelm\u00e4\u00dfig Sport.<\/span><\/li><li><span style=\"color: #454545\">Du f\u00fchlst dich sicher und fit um einen Aufstieg am Berg bis zu max. 2 Stunden in einem normalen Grundtempo zu bew\u00e4ltigen mit anschlie\u00dfender Abfahrt im Gel\u00e4nde oder auf der Piste.<\/span><\/li><li><span style=\"color: #454545\">Du hast Kraft und Kondition f\u00fcr bis zu max. 4 Stunden Skifahren pro Tag.<\/span><\/li><\/ul><p><span style=\"color: #454545\"><strong>Ziele und Lerninhalte:<\/strong><\/span><\/p><ul><li><span style=\"color: #454545\">Lawinenversch\u00fcttetensuche<\/span><\/li><li><span style=\"color: #454545\">Lawinenlagebericht lesen lernen<\/span><\/li><li><span style=\"color: #454545\">Materialkunde<\/span><\/li><li><span style=\"color: #454545\">Richtige Gehtechnik im Aufstieg<\/span><\/li><li><span style=\"color: #454545\">Richtig auf- und abfellen<\/span><\/li><li><span style=\"color: #454545\">Fahrtechnikschulung auf der Piste und im Gel\u00e4nde<\/span><\/li><\/ul>\t\t\t\t\t\t\t\t<\/div>\n\t\t\t\t<\/div>\n\t\t\t\t<div class=\"elementor-element elementor-element-6b9c003 elementor-widget elementor-widget-text-editor\" data-id=\"6b9c003\" data-element_type=\"widget\" data-e-type=\"widget\" data-widget_type=\"text-editor.default\">\n\t\t\t\t<div class=\"elementor-widget-container\">\n\t\t\t\t\t\t\t\t\t<h3><span style=\"color: #454545\"><b>K\u00f6nner (rot) Skitour \/ Freeride \/ Mixed:<\/b><\/span><\/h3><ul><li><span style=\"color: #454545\">Du machst \u00f6fter eigenst\u00e4ndige oder gef\u00fchrte Skitouren im mittelsteilen Gel\u00e4nde (Schwierigkeit WS = wenig schwierig bis 35\u00b0).<\/span><\/li><li><span style=\"color: #454545\">Du kannst m\u00f6gliche alpine Gefahren teilweise erkennen und beurteilen.<\/span><\/li><li><span style=\"color: #454545\">Du beherrscht sicheres, paralleles und rhythmisches Kurvenfahren auf schwarzen Pisten und kannst diese sicher, solide und fl\u00fcssig in sportlichem Tempo abfahren.<\/span><\/li><li><span style=\"color: #454545\">Du kannst dies und auch den Stemmschwung beim fahren im Gel\u00e4nde und bei verschiedenen Schneearten umsetzen.<\/span><\/li><li><span style=\"color: #454545\">Du hast eine gute Grundfitness, z.B. vom laufen, trailrunning, Skitouren gehen etc. und machst regelm\u00e4\u00dfig Ausdauersport.<\/span><\/li><li><span style=\"color: #454545\">Skitour: Du beherrscht die Spitzkehrentechnik, auch im mittelsteilen Gel\u00e4nde.<\/span><\/li><li><span style=\"color: #454545\">Skitour: Du f\u00fchlst dich sicher und fit um einen Aufstieg bis zu max. 4 Stunden in einem sportlichen Grundtempo (ca. 300 hm &#8211; 350 hm pro Stunde) zu bew\u00e4ltigen mit anschlie\u00dfender Abfahrt im Gel\u00e4nde.<\/span><\/li><li><span style=\"color: #454545\">Freeride: Du hast Kraft und Kondition f\u00fcr bis zu max. 5 Stunden Skifahren pro Tag.<\/span><\/li><\/ul><p><span style=\"color: #454545\"><strong>Ziele und Lerninhalte:<\/strong><\/span><\/p><ul><li><span style=\"color: #454545\">LVS Training<\/span><\/li><li><span style=\"color: #454545\">Lawinenlagebericht analysieren und Anwendung im Gel\u00e4nde<\/span><\/li><li><span style=\"color: #454545\">Materialkunde<\/span><\/li><li><span style=\"color: #454545\">Entscheidungen im Gel\u00e4nde treffen<\/span><\/li><li><span style=\"color: #454545\">Richtige Spuranlage<\/span><\/li><li><span style=\"color: #454545\">Fahrtechnikschulung<\/span><\/li><\/ul>\t\t\t\t\t\t\t\t<\/div>\n\t\t\t\t<\/div>\n\t\t\t\t\t<\/div>\n\t\t<\/div>\n\t\t\t\t<div class=\"elementor-column elementor-col-50 elementor-inner-column elementor-element elementor-element-51dc153\" data-id=\"51dc153\" data-element_type=\"column\" data-e-type=\"column\">\n\t\t\t<div class=\"elementor-widget-wrap elementor-element-populated\">\n\t\t\t\t\t\t<div class=\"elementor-element elementor-element-b64100b elementor-widget elementor-widget-text-editor\" data-id=\"b64100b\" data-element_type=\"widget\" data-e-type=\"widget\" data-widget_type=\"text-editor.default\">\n\t\t\t\t<div class=\"elementor-widget-container\">\n\t\t\t\t\t\t\t\t\t<div><div><div><h3><span style=\"color: #454545\"><b>Fortgeschritten (blau) Skitour \/ Freeride \/ Mixed:<\/b><\/span><\/h3><\/div><\/div><\/div><ul><li><span style=\"color: #454545\">Du hast bereits eigenst\u00e4ndige oder gef\u00fchrte Skitouren gemacht, entweder auf einer Piste im Skigebiet oder auch leichte Skitouren im Gel\u00e4nde.<\/span><\/li><li><span style=\"color: #454545\">Du beherrscht sicheres, paralleles und rhythmisches Kurvenfahren auf schwarzen Pisten und kannst solide und fl\u00fcssig im mittleren Tempo abfahren.<\/span><\/li><li><span style=\"color: #454545\">Du hast schon die ersten Erfahrungen beim fahren im Gel\u00e4nde bei verschiedenen Schneearten gesammelt.<\/span><\/li><li><span style=\"color: #454545\">Du hast eine gute Grundfitness, z.B. vom wandern, laufen, trailrunning etc. und machst regelm\u00e4\u00dfig Sport.<\/span><\/li><li><span style=\"color: #454545\">Skitour: Du kannst selbstst\u00e4ndig auf- und abfellen.<\/span><\/li><li><span style=\"color: #454545\">Skitour: Du hast schon mal von der Spitzkehrentechnik geh\u00f6rt und m\u00f6chtest diese erlernen bzw. vertiefen.<\/span><\/li><li><span style=\"color: #454545\">Skitour: Du f\u00fchlst dich sicher und fit um einen Aufstieg am Berg bis zu max. 3 Stunden in einem normalen Grundtempo (ca. 300 hm pro Stunde) zu bew\u00e4ltigen mit anschlie\u00dfender Abfahrt im Gel\u00e4nde.<\/span><\/li><li><span style=\"color: #454545\">Freeride: Du hast Kraft und Kondition f\u00fcr bis zu max. 5 Stunden Skifahren pro Tag.<\/span><\/li><\/ul><p><span style=\"color: #454545\"><strong>Ziele und Lerninhalte:<\/strong><\/span><\/p><ul><li><span style=\"color: #454545\">LVS Training<\/span><\/li><li><span style=\"color: #454545\">Lawinenlagebericht analysieren und Anwendung im Gel\u00e4nde<\/span><\/li><li><span style=\"color: #454545\">Materialkunde<\/span><\/li><li><span style=\"color: #454545\">Erste Spitzkehren und Technikschulung<\/span><\/li><li><span style=\"color: #454545\">Fahrtechnikschulung<\/span><\/li><\/ul>\t\t\t\t\t\t\t\t<\/div>\n\t\t\t\t<\/div>\n\t\t\t\t<div class=\"elementor-element elementor-element-716d347 elementor-widget elementor-widget-text-editor\" data-id=\"716d347\" data-element_type=\"widget\" data-e-type=\"widget\" data-widget_type=\"text-editor.default\">\n\t\t\t\t<div class=\"elementor-widget-container\">\n\t\t\t\t\t\t\t\t\t<h3><span style=\"color: #454545\"><b>Expertin (schwarz) Skitour \/ Freeride \/ Mixed:<\/b><\/span><\/h3><ul><li><span style=\"color: #454545\">Du machst regelm\u00e4\u00dfig eigenst\u00e4ndige oder gef\u00fchrte Skitouren im mittelsteilen bis steilen Gel\u00e4nde (Schwierigkeit ZS = ziemlich schwierig bis 40\u00b0).<\/span><\/li><li><span style=\"color: #454545\">Du kannst m\u00f6gliche alpine Gefahren erkennen und beurteilen.<\/span><\/li><li><span style=\"color: #454545\">Du f\u00e4hrst souver\u00e4n, schnell und sportlich im freien Gel\u00e4nde bei allen Schneeverh\u00e4ltnissen (Powder, Eis, Harsch, windverpresster Schnee).<\/span><\/li><li><span style=\"color: #454545\">Du hast eine sehr gute Grundfitness und machst regelm\u00e4\u00dfig Ausdauersport.<\/span><\/li><li><span style=\"color: #454545\">Skitour: Du beherrscht eine gute Spitzkehrentechnik, auch im steilen Gel\u00e4nde.<\/span><\/li><li><span style=\"color: #454545\">Skitour: Du f\u00fchlst dich sicher und fit um einen Aufstieg mehr als 4 Stunden in einem sportlichen Grundtempo (ca. 350 hm &#8211; 400 hm pro Stunde) zu bew\u00e4ltigen mit anschlie\u00dfender Abfahrt im Gel\u00e4nde.<\/span><\/li><li><span style=\"color: #454545\">Freeride: Du hast Kraft und Kondition f\u00fcr mehr als evtl. 5 Stunden Skifahren pro Tag.<\/span><\/li><\/ul><p><span style=\"color: #454545\"><strong>Ziele und Lerninhalte:<\/strong><\/span><\/p><ul><li><span style=\"color: #454545\">LVS Training<\/span><\/li><li><span style=\"color: #454545\">Lawinenlagebericht analysieren und Anwendung im Gel\u00e4nde<\/span><\/li><li><span style=\"color: #454545\">Materialkunde<\/span><\/li><li><span style=\"color: #454545\">Entscheidungen im Gel\u00e4nde treffen<\/span><\/li><li><span style=\"color: #454545\">Richtige Spuranlage<\/span><\/li><li><span style=\"color: #454545\">Fahrtechnikschulung<\/span><\/li><\/ul>\t\t\t\t\t\t\t\t<\/div>\n\t\t\t\t<\/div>\n\t\t\t\t\t<\/div>\n\t\t<\/div>\n\t\t\t\t\t<\/div>\n\t\t<\/section>\n\t\t\t\t\t<\/div>\n\t\t<\/div>\n\t\t\t\t\t<\/div>\n\t\t<\/section>\n\t\t\t\t<section class=\"elementor-section elementor-top-section elementor-element elementor-element-c7b4d6b elementor-section-boxed elementor-section-height-default elementor-section-height-default\" data-id=\"c7b4d6b\" data-element_type=\"section\" data-e-type=\"section\">\n\t\t\t\t\t\t<div class=\"elementor-container elementor-column-gap-default\">\n\t\t\t\t\t<div class=\"elementor-column elementor-col-100 elementor-top-column elementor-element elementor-element-22abf5d\" data-id=\"22abf5d\" data-element_type=\"column\" data-e-type=\"column\">\n\t\t\t<div class=\"elementor-widget-wrap elementor-element-populated\">\n\t\t\t\t\t\t<div class=\"elementor-element elementor-element-582b455 elementor-widget elementor-widget-text-editor\" data-id=\"582b455\" data-element_type=\"widget\" data-e-type=\"widget\" data-widget_type=\"text-editor.default\">\n\t\t\t\t<div class=\"elementor-widget-container\">\n\t\t\t\t\t\t\t\t\t<p><span style=\"color: #454545\"><b>Bitte beachte:<\/b> es handelt sich nicht um einen Skikurs. Sicheres Skifahren laut Teilnehmervoraussetzung ist zu beachten! Teilnahme mit Splitboard ist m\u00f6glich, wenn Umbau und Handhabung des Bindungssystems selbstst\u00e4ndig beherrscht werden. Bitte bei Buchung angeben, wenn die Teilnahme mit Splitboard erfolgt. <\/span><\/p><p><span style=\"color: #454545\"><b>Wichtiger Hinweis zum Programm<\/b>: Das Programm ist eine Richtlinie. Wir sind in den Bergen und der Natur unterwegs und das Wetter kann sich sehr schnell \u00e4ndern. Wir sind auf deine h\u00f6chstm\u00f6gliche Sicherheit bedacht und Programmpunkte k\u00f6nnen kurzfristig durch die Guides bzw. Verantwortlichen ge\u00e4ndert werden, wenn diese Sicherheit wegen z.B. eines Wetterumbruchs nicht erbracht werden kann. Bei nicht beachten der Anweisungen und Sicherheitsgef\u00e4hrdung der restlichen Gruppe und des Guides, ist der Guide berechtigt einzelne Teilnehmer auszuschlie\u00dfen.<\/span><\/p>\t\t\t\t\t\t\t\t<\/div>\n\t\t\t\t<\/div>\n\t\t\t\t<section class=\"elementor-section elementor-inner-section elementor-element elementor-element-039cfd2 elementor-section-boxed elementor-section-height-default elementor-section-height-default\" data-id=\"039cfd2\" data-element_type=\"section\" data-e-type=\"section\">\n\t\t\t\t\t\t<div class=\"elementor-container elementor-column-gap-default\">\n\t\t\t\t\t<div class=\"elementor-column elementor-col-50 elementor-inner-column elementor-element elementor-element-ed27d18\" data-id=\"ed27d18\" data-element_type=\"column\" data-e-type=\"column\">\n\t\t\t<div class=\"elementor-widget-wrap elementor-element-populated\">\n\t\t\t\t\t\t<div class=\"elementor-element elementor-element-720903f elementor-align-center elementor-widget__width-inherit elementor-widget elementor-widget-button\" data-id=\"720903f\" data-element_type=\"widget\" data-e-type=\"widget\" data-widget_type=\"button.default\">\n\t\t\t\t<div class=\"elementor-widget-container\">\n\t\t\t\t\t\t\t\t\t<div class=\"elementor-button-wrapper\">\n\t\t\t\t\t<a class=\"elementor-button elementor-button-link elementor-size-lg\" href=\"https:\/\/www.sporting-women.de\/womens-winter-camp\/anmeldung-pitztal\/\">\n\t\t\t\t\t\t<span class=\"elementor-button-content-wrapper\">\n\t\t\t\t\t\t\t\t\t<span class=\"elementor-button-text\">Hier geht's zur Buchung Pitztal<\/span>\n\t\t\t\t\t<\/span>\n\t\t\t\t\t<\/a>\n\t\t\t\t<\/div>\n\t\t\t\t\t\t\t\t<\/div>\n\t\t\t\t<\/div>\n\t\t\t\t\t<\/div>\n\t\t<\/div>\n\t\t\t\t<div class=\"elementor-column elementor-col-50 elementor-inner-column elementor-element elementor-element-34a4b27\" data-id=\"34a4b27\" data-element_type=\"column\" data-e-type=\"column\">\n\t\t\t<div class=\"elementor-widget-wrap elementor-element-populated\">\n\t\t\t\t\t\t<div class=\"elementor-element elementor-element-d3b50b9 elementor-align-center elementor-widget__width-inherit elementor-widget elementor-widget-button\" data-id=\"d3b50b9\" data-element_type=\"widget\" data-e-type=\"widget\" data-widget_type=\"button.default\">\n\t\t\t\t<div class=\"elementor-widget-container\">\n\t\t\t\t\t\t\t\t\t<div class=\"elementor-button-wrapper\">\n\t\t\t\t\t<a class=\"elementor-button elementor-button-link elementor-size-lg\" href=\"https:\/\/www.sporting-women.de\/womens-winter-camp\/anmeldung-nauders\/\">\n\t\t\t\t\t\t<span class=\"elementor-button-content-wrapper\">\n\t\t\t\t\t\t\t\t\t<span class=\"elementor-button-text\">Hier geht's zur Buchung Nauders<\/span>\n\t\t\t\t\t<\/span>\n\t\t\t\t\t<\/a>\n\t\t\t\t<\/div>\n\t\t\t\t\t\t\t\t<\/div>\n\t\t\t\t<\/div>\n\t\t\t\t\t<\/div>\n\t\t<\/div>\n\t\t\t\t\t<\/div>\n\t\t<\/section>\n\t\t\t\t<div class=\"elementor-element elementor-element-b73ae42 elementor-widget elementor-widget-spacer\" data-id=\"b73ae42\" data-element_type=\"widget\" data-e-type=\"widget\" data-widget_type=\"spacer.default\">\n\t\t\t\t<div class=\"elementor-widget-container\">\n\t\t\t\t\t\t\t<div class=\"elementor-spacer\">\n\t\t\t<div class=\"elementor-spacer-inner\"><\/div>\n\t\t<\/div>\n\t\t\t\t\t\t<\/div>\n\t\t\t\t<\/div>\n\t\t\t\t\t<\/div>\n\t\t<\/div>\n\t\t\t\t\t<\/div>\n\t\t<\/section>\n\t\t\t\t<\/div>\n\t\t","protected":false},"excerpt":{"rendered":"<p>Teilnahmevoraussetzungen Damit du an unseren Women\u2019s Winter Camps teilnehmen kannst, m\u00fcssen folgende Teilnahmevoraussetzungen gegeben sein: Bitte bringe dein eigenes Material mit. Dazu geh\u00f6ren Tourenski un\/oder Freerideski inkl. Bindung und Skischuhe sowie am besten Teleskopst\u00f6cke. Eine Lawinenausr\u00fcstung, besthend aus LVS-Ger\u00e4t (Pieps), Sonde und Schaufel, ist Pflicht, sowohl beim Freeriden als auch beim Skitourengehen. Testmaterial unserer Partner [&hellip;]<\/p>\n","protected":false},"author":2,"featured_media":0,"parent":0,"menu_order":0,"comment_status":"closed","ping_status":"closed","template":"","meta":{"_acf_changed":false,"_exactmetrics_skip_tracking":false,"_exactmetrics_sitenote_active":false,"_exactmetrics_sitenote_note":"","_exactmetrics_sitenote_category":0,"footnotes":""},"class_list":["post-31551","page","type-page","status-publish","hentry"],"acf":[],"_links":{"self":[{"href":"https:\/\/www.sporting-women.de\/womens-winter-camp\/wp-json\/wp\/v2\/pages\/31551","targetHints":{"allow":["GET"]}}],"collection":[{"href":"https:\/\/www.sporting-women.de\/womens-winter-camp\/wp-json\/wp\/v2\/pages"}],"about":[{"href":"https:\/\/www.sporting-women.de\/womens-winter-camp\/wp-json\/wp\/v2\/types\/page"}],"author":[{"embeddable":true,"href":"https:\/\/www.sporting-women.de\/womens-winter-camp\/wp-json\/wp\/v2\/users\/2"}],"replies":[{"embeddable":true,"href":"https:\/\/www.sporting-women.de\/womens-winter-camp\/wp-json\/wp\/v2\/comments?post=31551"}],"version-history":[{"count":0,"href":"https:\/\/www.sporting-women.de\/womens-winter-camp\/wp-json\/wp\/v2\/pages\/31551\/revisions"}],"wp:attachment":[{"href":"https:\/\/www.sporting-women.de\/womens-winter-camp\/wp-json\/wp\/v2\/media?parent=31551"}],"curies":[{"name":"wp","href":"https:\/\/api.w.org\/{rel}","templated":true}]}}