
{"id":33278,"date":"2022-08-05T13:00:32","date_gmt":"2022-08-05T11:00:32","guid":{"rendered":"https:\/\/www.sporting-women.de\/womens-winter-camp\/?page_id=33278"},"modified":"2025-09-25T14:24:14","modified_gmt":"2025-09-25T12:24:14","slug":"region-nauders","status":"publish","type":"page","link":"https:\/\/www.sporting-women.de\/womens-winter-camp\/region-nauders\/","title":{"rendered":"Region Nauders"},"content":{"rendered":"\t\t<div data-elementor-type=\"wp-page\" data-elementor-id=\"33278\" class=\"elementor elementor-33278\" data-elementor-post-type=\"page\">\n\t\t\t\t\t\t<section class=\"elementor-section elementor-top-section elementor-element elementor-element-f0e0bea elementor-section-boxed elementor-section-height-default elementor-section-height-default\" data-id=\"f0e0bea\" data-element_type=\"section\" data-e-type=\"section\">\n\t\t\t\t\t\t<div class=\"elementor-container elementor-column-gap-default\">\n\t\t\t\t\t<div class=\"elementor-column elementor-col-100 elementor-top-column elementor-element elementor-element-e50bded\" data-id=\"e50bded\" data-element_type=\"column\" data-e-type=\"column\">\n\t\t\t<div class=\"elementor-widget-wrap elementor-element-populated\">\n\t\t\t\t\t\t<div class=\"elementor-element elementor-element-c353925 elementor-widget elementor-widget-heading\" data-id=\"c353925\" data-element_type=\"widget\" data-e-type=\"widget\" data-widget_type=\"heading.default\">\n\t\t\t\t<div class=\"elementor-widget-container\">\n\t\t\t\t\t<h2 class=\"elementor-heading-title elementor-size-default\">Die Urlaubs-Region Nauders<\/h2>\t\t\t\t<\/div>\n\t\t\t\t<\/div>\n\t\t\t\t\t<\/div>\n\t\t<\/div>\n\t\t\t\t\t<\/div>\n\t\t<\/section>\n\t\t\t\t<section class=\"elementor-section elementor-top-section elementor-element elementor-element-425eeb5 elementor-section-boxed elementor-section-height-default elementor-section-height-default\" data-id=\"425eeb5\" data-element_type=\"section\" data-e-type=\"section\">\n\t\t\t\t\t\t<div class=\"elementor-container elementor-column-gap-default\">\n\t\t\t\t\t<div class=\"elementor-column elementor-col-100 elementor-top-column elementor-element elementor-element-94ddf1d\" data-id=\"94ddf1d\" data-element_type=\"column\" data-e-type=\"column\">\n\t\t\t<div class=\"elementor-widget-wrap elementor-element-populated\">\n\t\t\t\t\t\t<section class=\"elementor-section elementor-inner-section elementor-element elementor-element-81f9548 elementor-section-boxed elementor-section-height-default elementor-section-height-default\" data-id=\"81f9548\" data-element_type=\"section\" data-e-type=\"section\">\n\t\t\t\t\t\t<div class=\"elementor-container elementor-column-gap-default\">\n\t\t\t\t\t<div class=\"elementor-column elementor-col-100 elementor-inner-column elementor-element elementor-element-05598f8\" data-id=\"05598f8\" data-element_type=\"column\" data-e-type=\"column\">\n\t\t\t<div class=\"elementor-widget-wrap elementor-element-populated\">\n\t\t\t\t\t\t<div class=\"elementor-element elementor-element-dd183d3 elementor-widget elementor-widget-heading\" data-id=\"dd183d3\" data-element_type=\"widget\" data-e-type=\"widget\" data-widget_type=\"heading.default\">\n\t\t\t\t<div class=\"elementor-widget-container\">\n\t\t\t\t\t<h2 class=\"elementor-heading-title elementor-size-default\">Du liebst den Winter und kannst es kaum erwarten, die ersten Schw\u00fcnge im frischen Pulverschnee zu ziehen?<\/h2>\t\t\t\t<\/div>\n\t\t\t\t<\/div>\n\t\t\t\t<div class=\"elementor-element elementor-element-2d93bec elementor-widget elementor-widget-text-editor\" data-id=\"2d93bec\" data-element_type=\"widget\" data-e-type=\"widget\" data-widget_type=\"text-editor.default\">\n\t\t\t\t<div class=\"elementor-widget-container\">\n\t\t\t\t\t\t\t\t\t<p>Pssst, hier kommt ein echter <strong>Geheimtipp<\/strong>! In Nauders in Tirol erlebt man den Winter n\u00e4mlich noch wie aus dem Bilderbuch. Breite Pisten, jede Menge Schnee und wenig Andrang an den Liften \u2013 klingt das nicht einfach <strong>traumhaft<\/strong>?<\/p><p>In Nauders finden K\u00f6nner ihre Herausforderungen auf einigen steilen Abfahrten und den markierten Skirouten. Viel offenes Gel\u00e4nde l\u00e4dt bei guten Schneeverh\u00e4ltnissen zu Abstechern in den Tiefschnee ein. Vom Gueser Kopf (2750 m) finden Freerider interessante schwere Abfahrten und tolle Skirouten. Auch die vielen breiten Abfahrten im Skigebiet sind zum rasanten Carven nicht zu verachten.<\/p><p>Das gro\u00dfe Plus des Wintersportgebiets? Seine privilegierte H\u00f6henlage! In Kombination mit einem l\u00fcckenlosen Beschneiungssystem genie\u00dfen Sie so absolute Schneegarantie. Das bange Hoffen auf Schneefall kann man sich in Nauders also sparen \u2013 und stattdessen gleich loswedeln!<\/p>\t\t\t\t\t\t\t\t<\/div>\n\t\t\t\t<\/div>\n\t\t\t\t<div class=\"elementor-element elementor-element-229094d elementor-widget elementor-widget-image\" data-id=\"229094d\" data-element_type=\"widget\" data-e-type=\"widget\" data-widget_type=\"image.default\">\n\t\t\t\t<div class=\"elementor-widget-container\">\n\t\t\t\t\t\t\t\t\t\t\t\t\t\t\t<img fetchpriority=\"high\" decoding=\"async\" width=\"2560\" height=\"1067\" src=\"https:\/\/www.sporting-women.de\/womens-winter-camp\/wp-content\/uploads\/sites\/6\/2024\/08\/Region-Nauders-scaled.jpg\" class=\"attachment-full size-full wp-image-35346\" alt=\"\" srcset=\"https:\/\/www.sporting-women.de\/womens-winter-camp\/wp-content\/uploads\/sites\/6\/2024\/08\/Region-Nauders-scaled.jpg 2560w, https:\/\/www.sporting-women.de\/womens-winter-camp\/wp-content\/uploads\/sites\/6\/2024\/08\/Region-Nauders-300x125.jpg 300w, https:\/\/www.sporting-women.de\/womens-winter-camp\/wp-content\/uploads\/sites\/6\/2024\/08\/Region-Nauders-1024x427.jpg 1024w, https:\/\/www.sporting-women.de\/womens-winter-camp\/wp-content\/uploads\/sites\/6\/2024\/08\/Region-Nauders-768x320.jpg 768w, https:\/\/www.sporting-women.de\/womens-winter-camp\/wp-content\/uploads\/sites\/6\/2024\/08\/Region-Nauders-1536x640.jpg 1536w, https:\/\/www.sporting-women.de\/womens-winter-camp\/wp-content\/uploads\/sites\/6\/2024\/08\/Region-Nauders-2048x853.jpg 2048w, https:\/\/www.sporting-women.de\/womens-winter-camp\/wp-content\/uploads\/sites\/6\/2024\/08\/Region-Nauders-600x250.jpg 600w\" sizes=\"(max-width: 2560px) 100vw, 2560px\" \/>\t\t\t\t\t\t\t\t\t\t\t\t\t\t\t<\/div>\n\t\t\t\t<\/div>\n\t\t\t\t<div class=\"elementor-element elementor-element-a0abec2 elementor-widget elementor-widget-heading\" data-id=\"a0abec2\" data-element_type=\"widget\" data-e-type=\"widget\" data-widget_type=\"heading.default\">\n\t\t\t\t<div class=\"elementor-widget-container\">\n\t\t\t\t\t<h2 class=\"elementor-heading-title elementor-size-default\">Schneeverliebt in Nauders<\/h2>\t\t\t\t<\/div>\n\t\t\t\t<\/div>\n\t\t\t\t<div class=\"elementor-element elementor-element-51b501c elementor-widget elementor-widget-text-editor\" data-id=\"51b501c\" data-element_type=\"widget\" data-e-type=\"widget\" data-widget_type=\"text-editor.default\">\n\t\t\t\t<div class=\"elementor-widget-container\">\n\t\t\t\t\t\t\t\t\t<p>Ob Carven, Freeriden, Buckelpiste oder Genussskilauf \u2013 im <strong>Skigebiet Nauders<\/strong> gibt es genug Schnee f\u00fcr alle Vorlieben. Die perfekte H\u00f6henlage zwischen 1.400 und 2.750 Metern beschert dem quirligen Skigebiet in Tirol wei\u00dfe Pisten soweit das Auge reicht \u2013 und das garantiert bis ins Fr\u00fchjahr!!<\/p><p>Mit <strong>13 top-modernen Liftanlagen<\/strong> starten Sie entspannt ins Pistenabenteuer, egal, ob Sie dabei eine der drei g\u00e4nzlich beschneiten Talabfahren, den Snowpark oder das Kinderland im Visier haben. Dazu noch jede Menge urige Skih\u00fctten und kinderfreundliche Panoramarestaurants und fertig ist der perfekte Tag im Schnee!<\/p>\t\t\t\t\t\t\t\t<\/div>\n\t\t\t\t<\/div>\n\t\t\t\t\t<\/div>\n\t\t<\/div>\n\t\t\t\t\t<\/div>\n\t\t<\/section>\n\t\t\t\t<section class=\"elementor-section elementor-inner-section elementor-element elementor-element-52a855f elementor-section-boxed elementor-section-height-default elementor-section-height-default\" data-id=\"52a855f\" data-element_type=\"section\" data-e-type=\"section\">\n\t\t\t\t\t\t<div class=\"elementor-container elementor-column-gap-default\">\n\t\t\t\t\t<div class=\"elementor-column elementor-col-100 elementor-inner-column elementor-element elementor-element-b8b8445\" data-id=\"b8b8445\" data-element_type=\"column\" data-e-type=\"column\">\n\t\t\t<div class=\"elementor-widget-wrap elementor-element-populated\">\n\t\t\t\t\t\t<div class=\"elementor-element elementor-element-c69156e elementor-arrows-position-inside elementor-pagination-position-outside elementor-widget elementor-widget-image-carousel\" data-id=\"c69156e\" data-element_type=\"widget\" data-e-type=\"widget\" data-settings=\"{&quot;slides_to_show&quot;:&quot;4&quot;,&quot;image_spacing_custom&quot;:{&quot;unit&quot;:&quot;px&quot;,&quot;size&quot;:13,&quot;sizes&quot;:[]},&quot;navigation&quot;:&quot;both&quot;,&quot;autoplay&quot;:&quot;yes&quot;,&quot;pause_on_hover&quot;:&quot;yes&quot;,&quot;pause_on_interaction&quot;:&quot;yes&quot;,&quot;autoplay_speed&quot;:5000,&quot;infinite&quot;:&quot;yes&quot;,&quot;speed&quot;:500,&quot;image_spacing_custom_tablet&quot;:{&quot;unit&quot;:&quot;px&quot;,&quot;size&quot;:&quot;&quot;,&quot;sizes&quot;:[]},&quot;image_spacing_custom_mobile&quot;:{&quot;unit&quot;:&quot;px&quot;,&quot;size&quot;:&quot;&quot;,&quot;sizes&quot;:[]}}\" data-widget_type=\"image-carousel.default\">\n\t\t\t\t<div class=\"elementor-widget-container\">\n\t\t\t\t\t\t\t<div class=\"elementor-image-carousel-wrapper swiper\" role=\"region\" aria-roledescription=\"carousel\" aria-label=\"Bild Karussell\" dir=\"ltr\">\n\t\t\t<div class=\"elementor-image-carousel swiper-wrapper\" aria-live=\"off\">\n\t\t\t\t\t\t\t\t<div class=\"swiper-slide\" role=\"group\" aria-roledescription=\"slide\" aria-label=\"1 von 4\"><figure class=\"swiper-slide-inner\"><img decoding=\"async\" class=\"swiper-slide-image lazyload\" data-src=\"https:\/\/www.sporting-women.de\/womens-winter-camp\/wp-content\/uploads\/sites\/6\/2024\/08\/2-1-1024x1024.jpg\" alt=\"2\" src=\"data:image\/svg+xml;base64,PHN2ZyB3aWR0aD0iMSIgaGVpZ2h0PSIxIiB4bWxucz0iaHR0cDovL3d3dy53My5vcmcvMjAwMC9zdmciPjwvc3ZnPg==\" style=\"--smush-placeholder-width: 1024px; --smush-placeholder-aspect-ratio: 1024\/1024;\" \/><\/figure><\/div><div class=\"swiper-slide\" role=\"group\" aria-roledescription=\"slide\" aria-label=\"2 von 4\"><figure class=\"swiper-slide-inner\"><img decoding=\"async\" class=\"swiper-slide-image lazyload\" data-src=\"https:\/\/www.sporting-women.de\/womens-winter-camp\/wp-content\/uploads\/sites\/6\/2024\/08\/3-1-1024x1024.jpg\" alt=\"3\" src=\"data:image\/svg+xml;base64,PHN2ZyB3aWR0aD0iMSIgaGVpZ2h0PSIxIiB4bWxucz0iaHR0cDovL3d3dy53My5vcmcvMjAwMC9zdmciPjwvc3ZnPg==\" style=\"--smush-placeholder-width: 1024px; --smush-placeholder-aspect-ratio: 1024\/1024;\" \/><\/figure><\/div><div class=\"swiper-slide\" role=\"group\" aria-roledescription=\"slide\" aria-label=\"3 von 4\"><figure class=\"swiper-slide-inner\"><img decoding=\"async\" class=\"swiper-slide-image lazyload\" data-src=\"https:\/\/www.sporting-women.de\/womens-winter-camp\/wp-content\/uploads\/sites\/6\/2024\/08\/6-1-1024x1024.jpg\" alt=\"6\" src=\"data:image\/svg+xml;base64,PHN2ZyB3aWR0aD0iMSIgaGVpZ2h0PSIxIiB4bWxucz0iaHR0cDovL3d3dy53My5vcmcvMjAwMC9zdmciPjwvc3ZnPg==\" style=\"--smush-placeholder-width: 1024px; --smush-placeholder-aspect-ratio: 1024\/1024;\" \/><\/figure><\/div><div class=\"swiper-slide\" role=\"group\" aria-roledescription=\"slide\" aria-label=\"4 von 4\"><figure class=\"swiper-slide-inner\"><img decoding=\"async\" class=\"swiper-slide-image lazyload\" data-src=\"https:\/\/www.sporting-women.de\/womens-winter-camp\/wp-content\/uploads\/sites\/6\/2024\/08\/7-1024x1024.jpg\" alt=\"7\" src=\"data:image\/svg+xml;base64,PHN2ZyB3aWR0aD0iMSIgaGVpZ2h0PSIxIiB4bWxucz0iaHR0cDovL3d3dy53My5vcmcvMjAwMC9zdmciPjwvc3ZnPg==\" style=\"--smush-placeholder-width: 1024px; --smush-placeholder-aspect-ratio: 1024\/1024;\" \/><\/figure><\/div>\t\t\t<\/div>\n\t\t\t\t\t\t\t\t\t\t\t\t<div class=\"elementor-swiper-button elementor-swiper-button-prev\" role=\"button\" tabindex=\"0\">\n\t\t\t\t\t\t<i aria-hidden=\"true\" class=\"eicon-chevron-left\"><\/i>\t\t\t\t\t<\/div>\n\t\t\t\t\t<div class=\"elementor-swiper-button elementor-swiper-button-next\" role=\"button\" tabindex=\"0\">\n\t\t\t\t\t\t<i aria-hidden=\"true\" class=\"eicon-chevron-right\"><\/i>\t\t\t\t\t<\/div>\n\t\t\t\t\n\t\t\t\t\t\t\t\t\t<div class=\"swiper-pagination\"><\/div>\n\t\t\t\t\t\t\t\t\t<\/div>\n\t\t\t\t\t\t<\/div>\n\t\t\t\t<\/div>\n\t\t\t\t<div class=\"elementor-element elementor-element-e0aca85 elementor-widget elementor-widget-text-editor\" data-id=\"e0aca85\" data-element_type=\"widget\" data-e-type=\"widget\" data-widget_type=\"text-editor.default\">\n\t\t\t\t<div class=\"elementor-widget-container\">\n\t\t\t\t\t\t\t\t\t<h3><strong><span style=\"color: #6188af;\">Anfahrtsbeschreibung\u00a0<\/span><\/strong><\/h3><p>Damit deine Anreise entspannt erfolgen kann, m\u00f6chten wir dir ein paar Informationen auf die Reise mitgeben:<\/p><p><span style=\"color: #454545;\">Winterausr\u00fcstung wie <strong>Winterreifen<\/strong> und <strong>Schneeketten<\/strong> sollten als \u201eStandard\u201c betrachtet werden. Allradfahrzeuge sollten normalerweise keine Probleme haben. Auf der Stra\u00dfe wird Split und Salz gestreut, mit Wetterumst\u00fcrzen muss aber immer gerechnet werden.<\/span><\/p><p><span style=\"color: #454545;\">In \u00d6sterreich ben\u00f6tigt man eine <strong>Autobahn-Vignette<\/strong>!<\/span><\/p><p>Weitere Infos \u00fcber die Anreise findest du <span style=\"text-decoration: underline; color: #6188af;\"><a style=\"color: #6188af; text-decoration: underline;\" href=\"https:\/\/www.nauders.com\/de\/Service\/Anreise-nach-Nauders\" target=\"_blank\" rel=\"noopener\">hier<\/a><\/span>!<\/p>\t\t\t\t\t\t\t\t<\/div>\n\t\t\t\t<\/div>\n\t\t\t\t\t<\/div>\n\t\t<\/div>\n\t\t\t\t\t<\/div>\n\t\t<\/section>\n\t\t\t\t\t<\/div>\n\t\t<\/div>\n\t\t\t\t\t<\/div>\n\t\t<\/section>\n\t\t\t\t<section class=\"elementor-section elementor-top-section elementor-element elementor-element-bffdc01 elementor-section-boxed elementor-section-height-default elementor-section-height-default\" data-id=\"bffdc01\" data-element_type=\"section\" data-e-type=\"section\">\n\t\t\t\t\t\t<div class=\"elementor-container elementor-column-gap-default\">\n\t\t\t\t\t<div class=\"elementor-column elementor-col-100 elementor-top-column elementor-element elementor-element-aa2ec0c\" data-id=\"aa2ec0c\" data-element_type=\"column\" data-e-type=\"column\">\n\t\t\t<div class=\"elementor-widget-wrap elementor-element-populated\">\n\t\t\t\t\t\t<div class=\"elementor-element elementor-element-f3c88af elementor-widget-divider--separator-type-pattern elementor-widget-divider--view-line elementor-widget elementor-widget-divider\" data-id=\"f3c88af\" data-element_type=\"widget\" data-e-type=\"widget\" data-widget_type=\"divider.default\">\n\t\t\t\t<div class=\"elementor-widget-container\">\n\t\t\t\t\t\t\t<div class=\"elementor-divider\" style=\"--divider-pattern-url: url(&quot;data:image\/svg+xml,%3Csvg xmlns=&#039;http:\/\/www.w3.org\/2000\/svg&#039; preserveAspectRatio=&#039;none&#039; overflow=&#039;visible&#039; height=&#039;100%&#039; viewBox=&#039;0 0 24 24&#039; fill=&#039;none&#039; stroke=&#039;black&#039; stroke-width=&#039;1&#039; stroke-linecap=&#039;square&#039; stroke-miterlimit=&#039;10&#039;%3E%3Cpath d=&#039;M0,6c6,0,0.9,11.1,6.9,11.1S18,6,24,6&#039;\/%3E%3C\/svg%3E&quot;);\">\n\t\t\t<span class=\"elementor-divider-separator\">\n\t\t\t\t\t\t<\/span>\n\t\t<\/div>\n\t\t\t\t\t\t<\/div>\n\t\t\t\t<\/div>\n\t\t\t\t\t<\/div>\n\t\t<\/div>\n\t\t\t\t\t<\/div>\n\t\t<\/section>\n\t\t\t\t<section class=\"elementor-section elementor-top-section elementor-element elementor-element-c2ae829 elementor-section-boxed elementor-section-height-default elementor-section-height-default\" data-id=\"c2ae829\" data-element_type=\"section\" data-e-type=\"section\">\n\t\t\t\t\t\t<div class=\"elementor-container elementor-column-gap-default\">\n\t\t\t\t\t<div class=\"elementor-column elementor-col-33 elementor-top-column elementor-element elementor-element-b7aba21\" data-id=\"b7aba21\" data-element_type=\"column\" data-e-type=\"column\">\n\t\t\t<div class=\"elementor-widget-wrap elementor-element-populated\">\n\t\t\t\t\t\t<div class=\"elementor-element elementor-element-30949f3 elementor-widget elementor-widget-image\" data-id=\"30949f3\" data-element_type=\"widget\" data-e-type=\"widget\" data-widget_type=\"image.default\">\n\t\t\t\t<div class=\"elementor-widget-container\">\n\t\t\t\t\t\t\t\t\t\t\t\t\t\t\t<img decoding=\"async\" width=\"800\" height=\"426\" data-src=\"https:\/\/www.sporting-women.de\/womens-winter-camp\/wp-content\/uploads\/sites\/6\/2024\/12\/Nauders_Logo-1024x545.png\" class=\"attachment-large size-large wp-image-36118 lazyload\" alt=\"\" data-srcset=\"https:\/\/www.sporting-women.de\/womens-winter-camp\/wp-content\/uploads\/sites\/6\/2024\/12\/Nauders_Logo-1024x545.png 1024w, https:\/\/www.sporting-women.de\/womens-winter-camp\/wp-content\/uploads\/sites\/6\/2024\/12\/Nauders_Logo-300x160.png 300w, https:\/\/www.sporting-women.de\/womens-winter-camp\/wp-content\/uploads\/sites\/6\/2024\/12\/Nauders_Logo-768x409.png 768w, https:\/\/www.sporting-women.de\/womens-winter-camp\/wp-content\/uploads\/sites\/6\/2024\/12\/Nauders_Logo-1536x818.png 1536w, https:\/\/www.sporting-women.de\/womens-winter-camp\/wp-content\/uploads\/sites\/6\/2024\/12\/Nauders_Logo-2048x1091.png 2048w, https:\/\/www.sporting-women.de\/womens-winter-camp\/wp-content\/uploads\/sites\/6\/2024\/12\/Nauders_Logo-600x320.png 600w\" data-sizes=\"(max-width: 800px) 100vw, 800px\" src=\"data:image\/svg+xml;base64,PHN2ZyB3aWR0aD0iMSIgaGVpZ2h0PSIxIiB4bWxucz0iaHR0cDovL3d3dy53My5vcmcvMjAwMC9zdmciPjwvc3ZnPg==\" style=\"--smush-placeholder-width: 800px; --smush-placeholder-aspect-ratio: 800\/426;\" \/>\t\t\t\t\t\t\t\t\t\t\t\t\t\t\t<\/div>\n\t\t\t\t<\/div>\n\t\t\t\t\t<\/div>\n\t\t<\/div>\n\t\t\t\t<div class=\"elementor-column elementor-col-33 elementor-top-column elementor-element elementor-element-7c5682a\" data-id=\"7c5682a\" data-element_type=\"column\" data-e-type=\"column\">\n\t\t\t<div class=\"elementor-widget-wrap elementor-element-populated\">\n\t\t\t\t\t\t<div class=\"elementor-element elementor-element-300503a elementor-widget elementor-widget-heading\" data-id=\"300503a\" data-element_type=\"widget\" data-e-type=\"widget\" data-widget_type=\"heading.default\">\n\t\t\t\t<div class=\"elementor-widget-container\">\n\t\t\t\t\t<h2 class=\"elementor-heading-title elementor-size-default\">Region Nauders<\/h2>\t\t\t\t<\/div>\n\t\t\t\t<\/div>\n\t\t\t\t<div class=\"elementor-element elementor-element-1a35c91 elementor-widget elementor-widget-text-editor\" data-id=\"1a35c91\" data-element_type=\"widget\" data-e-type=\"widget\" data-widget_type=\"text-editor.default\">\n\t\t\t\t<div class=\"elementor-widget-container\">\n\t\t\t\t\t\t\t\t\t<div class=\"col-md-4\"><div class=\"embed-responsive-1by1\">Tourismusverband Tiroler Oberland<\/div><\/div><p>Nauders 66<br \/>6543 Nauders<br \/>\u00d6sterreich<\/p><p>Tel: <span style=\"color: #6188af;\">+43 50 225 400<\/span><\/p><p><span style=\"color: #000000;\"> E-Mail: <\/span><a href=\"mailto:office@nauders.com\"><span style=\"color: #6188af;\">office@nauders.com<\/span><\/a><\/p><p>Webseite: <a href=\"https:\/\/www.nauders.com\/de\" target=\"_blank\" rel=\"noopener\"><span style=\"color: #6188af;\">www.nauders.com\/de<\/span><\/a><\/p>\t\t\t\t\t\t\t\t<\/div>\n\t\t\t\t<\/div>\n\t\t\t\t\t<\/div>\n\t\t<\/div>\n\t\t\t\t<div class=\"elementor-column elementor-col-33 elementor-top-column elementor-element elementor-element-78adbf5\" data-id=\"78adbf5\" data-element_type=\"column\" data-e-type=\"column\">\n\t\t\t<div class=\"elementor-widget-wrap elementor-element-populated\">\n\t\t\t\t\t\t<div class=\"elementor-element elementor-element-0f5cd3e elementor-widget elementor-widget-google_maps\" data-id=\"0f5cd3e\" data-element_type=\"widget\" data-e-type=\"widget\" data-widget_type=\"google_maps.default\">\n\t\t\t\t<div class=\"elementor-widget-container\">\n\t\t\t\t\t\t\t<div class=\"elementor-custom-embed\">\n\t\t\t<iframe\n\t\t\t\t\tdata-src=\"https:\/\/maps.google.com\/maps?q=Tourismusverband%20Nauders&#038;t=m&#038;z=10&#038;output=embed&#038;iwloc=near\"\n\t\t\t\t\ttitle=\"Tourismusverband Nauders\"\n\t\t\t\t\taria-label=\"Tourismusverband Nauders\"\n\t\t\t src=\"data:image\/svg+xml;base64,PHN2ZyB3aWR0aD0iMSIgaGVpZ2h0PSIxIiB4bWxucz0iaHR0cDovL3d3dy53My5vcmcvMjAwMC9zdmciPjwvc3ZnPg==\" class=\"lazyload\" data-load-mode=\"1\"><\/iframe>\n\t\t<\/div>\n\t\t\t\t\t\t<\/div>\n\t\t\t\t<\/div>\n\t\t\t\t\t<\/div>\n\t\t<\/div>\n\t\t\t\t\t<\/div>\n\t\t<\/section>\n\t\t\t\t<section class=\"elementor-section elementor-top-section elementor-element elementor-element-ba372cb elementor-section-boxed elementor-section-height-default elementor-section-height-default\" data-id=\"ba372cb\" data-element_type=\"section\" data-e-type=\"section\">\n\t\t\t\t\t\t<div class=\"elementor-container elementor-column-gap-default\">\n\t\t\t\t\t<div class=\"elementor-column elementor-col-100 elementor-top-column elementor-element elementor-element-83c40c3\" data-id=\"83c40c3\" data-element_type=\"column\" data-e-type=\"column\">\n\t\t\t<div class=\"elementor-widget-wrap elementor-element-populated\">\n\t\t\t\t\t\t<div class=\"elementor-element elementor-element-dc33942 elementor-widget elementor-widget-spacer\" data-id=\"dc33942\" data-element_type=\"widget\" data-e-type=\"widget\" data-widget_type=\"spacer.default\">\n\t\t\t\t<div class=\"elementor-widget-container\">\n\t\t\t\t\t\t\t<div class=\"elementor-spacer\">\n\t\t\t<div class=\"elementor-spacer-inner\"><\/div>\n\t\t<\/div>\n\t\t\t\t\t\t<\/div>\n\t\t\t\t<\/div>\n\t\t\t\t\t<\/div>\n\t\t<\/div>\n\t\t\t\t\t<\/div>\n\t\t<\/section>\n\t\t\t\t<\/div>\n\t\t","protected":false},"excerpt":{"rendered":"<p>Die Urlaubs-Region Nauders Du liebst den Winter und kannst es kaum erwarten, die ersten Schw\u00fcnge im frischen Pulverschnee zu ziehen? Pssst, hier kommt ein echter Geheimtipp! In Nauders in Tirol erlebt man den Winter n\u00e4mlich noch wie aus dem Bilderbuch. Breite Pisten, jede Menge Schnee und wenig Andrang an den Liften \u2013 klingt das nicht [&hellip;]<\/p>\n","protected":false},"author":2,"featured_media":0,"parent":0,"menu_order":0,"comment_status":"closed","ping_status":"closed","template":"","meta":{"_acf_changed":false,"_exactmetrics_skip_tracking":false,"_exactmetrics_sitenote_active":false,"_exactmetrics_sitenote_note":"","_exactmetrics_sitenote_category":0,"footnotes":""},"class_list":["post-33278","page","type-page","status-publish","hentry"],"acf":[],"_links":{"self":[{"href":"https:\/\/www.sporting-women.de\/womens-winter-camp\/wp-json\/wp\/v2\/pages\/33278","targetHints":{"allow":["GET"]}}],"collection":[{"href":"https:\/\/www.sporting-women.de\/womens-winter-camp\/wp-json\/wp\/v2\/pages"}],"about":[{"href":"https:\/\/www.sporting-women.de\/womens-winter-camp\/wp-json\/wp\/v2\/types\/page"}],"author":[{"embeddable":true,"href":"https:\/\/www.sporting-women.de\/womens-winter-camp\/wp-json\/wp\/v2\/users\/2"}],"replies":[{"embeddable":true,"href":"https:\/\/www.sporting-women.de\/womens-winter-camp\/wp-json\/wp\/v2\/comments?post=33278"}],"version-history":[{"count":0,"href":"https:\/\/www.sporting-women.de\/womens-winter-camp\/wp-json\/wp\/v2\/pages\/33278\/revisions"}],"wp:attachment":[{"href":"https:\/\/www.sporting-women.de\/womens-winter-camp\/wp-json\/wp\/v2\/media?parent=33278"}],"curies":[{"name":"wp","href":"https:\/\/api.w.org\/{rel}","templated":true}]}}